{"id":5467,"date":"2026-01-14T12:03:42","date_gmt":"2026-01-14T12:03:42","guid":{"rendered":"https:\/\/turkishtrade.co\/product\/mens-black-patent-loafers\/"},"modified":"2026-04-09T19:33:28","modified_gmt":"2026-04-09T19:33:28","slug":"mens-black-patent-loafers","status":"publish","type":"product","link":"https:\/\/turkishtrade.co\/tr\/shop\/mens-black-patent-loafers\/","title":{"rendered":"Alt\u0131n U\u00e7lu Erkek Siyah Rugan Loafer"},"content":{"rendered":"<p><strong>Erkek Siyah Patent Loafer<\/strong><\/p>\n<p>Enfes \u00fcr\u00fcnlerimizle benzersiz bir zarafet d\u00fcnyas\u0131na ad\u0131m at\u0131n <b>Erkek Siyah Patent Loafer<\/b>. Bu l\u00fcks ayakkab\u0131lar bir ayakkab\u0131dan \u00e7ok daha fazlas\u0131d\u0131r; modern beyefendiler i\u00e7in titizlikle tasarlanm\u0131\u015f rafine bir zevkin ve sofistike bir tarz\u0131n ifadesidir. \u0130nce detaylar\u0131 takdir edenler i\u00e7in m\u00fckemmel olan bu <b>Erkek Siyah Patent Loafer<\/b> her se\u00e7kin gard\u0131rop i\u00e7in olmazsa olmaz bir eklentidir.<\/p>\n<h3>Benzersiz \u0130\u015f\u00e7ilik ve Malzemeler<\/h3>\n<p>Her bir \u00e7iftimiz <b>Erkek Siyah Patent Loafer<\/b> \u00fcst\u00fcn i\u015f\u00e7ili\u011fin bir kan\u0131t\u0131d\u0131r. D\u0131\u015f y\u00fczeyi, l\u00fcks g\u00f6r\u00fcn\u00fcm\u00fc ve ola\u011fan\u00fcst\u00fc dayan\u0131kl\u0131l\u0131\u011f\u0131yla tan\u0131nan \u00e7arp\u0131c\u0131, y\u00fcksek parlakl\u0131kta rugan dana derisine sahiptir. Bu birinci s\u0131n\u0131f dana derisi, \u0131\u015f\u0131\u011f\u0131 g\u00fczel bir \u015fekilde yakalayan \u015f\u0131k, cilal\u0131 bir y\u00fczey sa\u011flar ve bu mokasenleri resmi etkinlikler, i\u015f toplant\u0131lar\u0131 veya kal\u0131c\u0131 bir izlenim b\u0131rakman\u0131n \u00f6nemli oldu\u011fu herhangi bir durum i\u00e7in ideal hale getirir. \u0130\u00e7 k\u0131sm\u0131 son derece yumu\u015fak ve esnek ke\u00e7i derisiyle astarlanm\u0131\u015ft\u0131r ve uzun s\u00fcreli kullan\u0131mlarda bile ayaklar\u0131n\u0131z i\u00e7in nefes alabilen ve rahat bir ortam sa\u011flar. Bu \u00f6zenli malzeme kombinasyonu hem estetik \u00e7ekicilik hem de \u00fcst\u00fcn konfor sa\u011flar.<\/p>\n<h3>Konfor ve Stil i\u00e7in Tasarland\u0131<\/h3>\n<p>\u00c7arp\u0131c\u0131 g\u00f6r\u00fcn\u00fcmlerinin \u00f6tesinde, bu <b>Erkek Siyah Patent Loafer<\/b> konfor i\u00e7in tasarlanm\u0131\u015ft\u0131r. Hafif Microlight taban\u0131 m\u00fckemmel yast\u0131klama ve esneklik sunarak yorgunlu\u011fu azalt\u0131r ve g\u00fcn boyunca giymeyi inan\u0131lmaz derecede keyifli hale getirir. \u0130nce 1-3 cm topuk y\u00fcksekli\u011fi, dengeden \u00f6d\u00fcn vermeden rahat bir y\u00fckselme sa\u011flar. Ayakkab\u0131n\u0131n vampir k\u0131sm\u0131n\u0131 s\u00fcsleyen alt\u0131n rengi toka, klasik sofistike bir dokunu\u015f ve patent kaplamay\u0131 m\u00fckemmel bir \u015fekilde tamamlayan g\u00f6rsel bir ilgi katar. Geleneksel tasar\u0131m\u0131 \u00e7a\u011fda\u015f zarafetle kusursuz bir \u015fekilde harmanlayan bu mokasen ayakkab\u0131lar son derece \u00e7ok y\u00f6nl\u00fcd\u00fcr.<\/p>\n<h3>Her Durum \u0130\u00e7in \u00c7ok Y\u00f6nl\u00fc \u015e\u0131kl\u0131k<\/h3>\n<p>\u0130ster siyah kravatl\u0131 bir etkinli\u011fe, ister kurumsal bir galaya kat\u0131l\u0131yor olun, ister sadece \u015f\u0131k g\u00fcndelik k\u0131yafetlerinizi y\u00fckseltiyor olun, bizim <b>Erkek Siyah Patent Loafer<\/b> m\u00fckemmel bir se\u00e7imdir. Zamans\u0131z tasar\u0131mlar\u0131, \u015f\u0131k bir tak\u0131m elbise, \u00f6zel dikim pantolonlar ve hatta \u015f\u0131k ve rahat bir g\u00f6r\u00fcn\u00fcm i\u00e7in birinci s\u0131n\u0131f kot pantolonlarla zahmetsizce e\u015fle\u015fmelerini sa\u011flar. 39 ila 45 beden aras\u0131nda mevcut olan bu modeller, geni\u015f bir yelpazedeki se\u00e7ici m\u00fc\u015fterilerimiz i\u00e7in m\u00fckemmel bir uyum sa\u011flar. Bu l\u00fcks ayakkab\u0131lardan bir \u00e7ifte yat\u0131r\u0131m yap\u0131n <b>Erkek Siyah Patent Loafer<\/b> ve stil, konfor ve kal\u0131c\u0131 kalitenin m\u00fckemmel kar\u0131\u015f\u0131m\u0131n\u0131 deneyimleyin.<\/p>\n<h3>Toptan Sat\u0131\u015f Avantaj\u0131 &amp; G\u00fcvenilir Teslimat<\/h3>\n<p>Ticari m\u00fc\u015fterilerimizin ihtiya\u00e7lar\u0131n\u0131 anl\u0131yoruz, i\u015fte bu y\u00fczden bu premium <b>Erkek Siyah Patent Loafer<\/b> toptan al\u0131m i\u00e7in mevcuttur. Minimum sipari\u015f miktar\u0131 sadece 8 \u00e7ift oldu\u011fundan, bu pop\u00fcler ve zarif ayakkab\u0131y\u0131 kolayca stoklayabilirsiniz. Verimli s\u00fcrecimiz, yakla\u015f\u0131k 12 g\u00fcnl\u00fck teslimat s\u00fcresi ve nakliye ile envanterinizi g\u00fcvenle planlaman\u0131za olanak tan\u0131r. M\u00fc\u015fterilerinize zarif malzemeler ve kusursuz tasar\u0131mla karakterize edilen erkek ayakkab\u0131lar\u0131n\u0131n en iyisini sunmak i\u00e7in bizimle ortak olun.<\/p>","protected":false},"excerpt":{"rendered":"<ul>\n<li><b>Premium Malzemeler:<\/b> Hakiki dana derisi d\u0131\u015f y\u00fczeyi ve yumu\u015fak, nefes alabilen ke\u00e7i derisi i\u00e7 k\u0131sm\u0131 ile ustal\u0131kla \u00fcretilmi\u015ftir.<\/li>\n<li><b>Zarif Tasar\u0131m:<\/b> \u015e\u0131k rugan kaplamas\u0131 ve sofistike alt\u0131n u\u00e7 detay\u0131yla resmi veya \u015f\u0131k g\u00fcndelik davetler i\u00e7in m\u00fckemmeldir.<\/li>\n<li><b>Konfor ve Dayan\u0131kl\u0131l\u0131k:<\/b> G\u00fcn boyu konfor ve uzun s\u00fcreli kullan\u0131m i\u00e7in hafif Microlight taban ile donat\u0131lm\u0131\u015ft\u0131r.<\/li>\n<li><b>Mevcut Boyutlar:<\/b> EU 39'dan 45'e kadar kapsaml\u0131 bir yelpazede sunulmaktad\u0131r.<\/li>\n<li><b>Toptan Sat\u0131\u015fa Haz\u0131r:<\/b> Minimum 8 \u00e7ift sipari\u015f ile toplu al\u0131m i\u00e7in mevcuttur.<\/li>\n<\/ul>","protected":false},"featured_media":3674,"template":"","meta":{"_acf_changed":false,"_uag_custom_page_level_css":"","site-sidebar-layout":"default","site-content-layout":"","ast-site-content-layout":"default","site-content-style":"default","site-sidebar-style":"default","ast-global-header-display":"","ast-banner-title-visibility":"","ast-main-header-display":"","ast-hfb-above-header-display":"","ast-hfb-below-header-display":"","ast-hfb-mobile-header-display":"","site-post-title":"","ast-breadcrumbs-content":"","ast-featured-img":"","footer-sml-layout":"","ast-disable-related-posts":"","theme-transparent-header-meta":"default","adv-header-id-meta":"","stick-header-meta":"","header-above-stick-meta":"","header-main-stick-meta":"","header-below-stick-meta":"","astra-migrate-meta-layouts":"set","ast-page-background-enabled":"default","ast-page-background-meta":{"desktop":{"background-color":"var(--ast-global-color-4)","background-image":"","background-repeat":"repeat","background-position":"center center","background-size":"auto","background-attachment":"scroll","background-type":"","background-media":"","overlay-type":"","overlay-color":"","overlay-opacity":"","overlay-gradient":""},"tablet":{"background-color":"","background-image":"","background-repeat":"repeat","background-position":"center center","background-size":"auto","background-attachment":"scroll","background-type":"","background-media":"","overlay-type":"","overlay-color":"","overlay-opacity":"","overlay-gradient":""},"mobile":{"background-color":"","background-image":"","background-repeat":"repeat","background-position":"center center","background-size":"auto","background-attachment":"scroll","background-type":"","background-media":"","overlay-type":"","overlay-color":"","overlay-opacity":"","overlay-gradient":""}},"ast-content-background-meta":{"desktop":{"background-color":"var(--ast-global-color-5)","background-image":"","background-repeat":"repeat","background-position":"center center","background-size":"auto","background-attachment":"scroll","background-type":"","background-media":"","overlay-type":"","overlay-color":"","overlay-opacity":"","overlay-gradient":""},"tablet":{"background-color":"var(--ast-global-color-5)","background-image":"","background-repeat":"repeat","background-position":"center center","background-size":"auto","background-attachment":"scroll","background-type":"","background-media":"","overlay-type":"","overlay-color":"","overlay-opacity":"","overlay-gradient":""},"mobile":{"background-color":"var(--ast-global-color-5)","background-image":"","background-repeat":"repeat","background-position":"center center","background-size":"auto","background-attachment":"scroll","background-type":"","background-media":"","overlay-type":"","overlay-color":"","overlay-opacity":"","overlay-gradient":""}}},"product_brand":[],"product_cat":[48,47,49,430,40],"product_tag":[295,405,202,544,251,437,938,217,198,186,466,657,280,281],"class_list":{"0":"post-5467","1":"product","2":"type-product","3":"status-publish","4":"has-post-thumbnail","6":"product_cat-casual","7":"product_cat-classic","8":"product_cat-loafer","9":"product_cat-men","10":"product_cat-mens-shoes","11":"product_tag-black-dress-shoes","12":"product_tag-business-shoes","13":"product_tag-calf-leather","14":"product_tag-elegant-loafers","15":"product_tag-formal-shoes","16":"product_tag-goat-leather","17":"product_tag-gold-buckle-loafers","18":"product_tag-luxury-footwear","19":"product_tag-mens-fashion","20":"product_tag-mens-loafers","21":"product_tag-microlight-sole","22":"product_tag-patent-leather-shoes","23":"product_tag-smart-casual-shoes","24":"product_tag-wholesale-shoes","25":"desktop-align-center","26":"tablet-align-center","27":"mobile-align-center","29":"first","30":"instock","31":"shipping-taxable","32":"purchasable","33":"product-type-variable","34":"has-default-attributes"},"acf":[],"uagb_featured_image_src":{"full":["https:\/\/turkishtrade.co\/wp-content\/uploads\/2026\/01\/2400EJOMN00191-BLACK-3SL_01.png",453,250,false],"thumbnail":["https:\/\/turkishtrade.co\/wp-content\/uploads\/2026\/01\/2400EJOMN00191-BLACK-3SL_01-150x150.png",150,150,true],"medium":["https:\/\/turkishtrade.co\/wp-content\/uploads\/2026\/01\/2400EJOMN00191-BLACK-3SL_01-300x166.png",300,166,true],"medium_large":["https:\/\/turkishtrade.co\/wp-content\/uploads\/2026\/01\/2400EJOMN00191-BLACK-3SL_01.png",453,250,false],"large":["https:\/\/turkishtrade.co\/wp-content\/uploads\/2026\/01\/2400EJOMN00191-BLACK-3SL_01.png",453,250,false],"1536x1536":["https:\/\/turkishtrade.co\/wp-content\/uploads\/2026\/01\/2400EJOMN00191-BLACK-3SL_01.png",453,250,false],"2048x2048":["https:\/\/turkishtrade.co\/wp-content\/uploads\/2026\/01\/2400EJOMN00191-BLACK-3SL_01.png",453,250,false],"trp-custom-language-flag":["https:\/\/turkishtrade.co\/wp-content\/uploads\/2026\/01\/2400EJOMN00191-BLACK-3SL_01-18x10.png",18,10,true],"woocommerce_thumbnail":["https:\/\/turkishtrade.co\/wp-content\/uploads\/2026\/01\/2400EJOMN00191-BLACK-3SL_01-400x250.png",400,250,true],"woocommerce_single":["https:\/\/turkishtrade.co\/wp-content\/uploads\/2026\/01\/2400EJOMN00191-BLACK-3SL_01.png",453,250,false],"woocommerce_gallery_thumbnail":["https:\/\/turkishtrade.co\/wp-content\/uploads\/2026\/01\/2400EJOMN00191-BLACK-3SL_01-100x100.png",100,100,true]},"uagb_author_info":{"display_name":"yaser olabi","author_link":"https:\/\/turkishtrade.co\/tr\/author\/"},"uagb_comment_info":0,"uagb_excerpt":"Premium Materials: Expertly crafted with a genuine calf leather exterior and a soft, breathable goat leather interior. Elegant Design: Features a sleek patent finish and a sophisticated gold bit detail, perfect for formal or smart-casual occasions. Comfort &amp; Durability: Equipped with a lightweight Microlight sole for all-day comfort and lasting wear. Available Sizes: Offered in&hellip;","_links":{"self":[{"href":"https:\/\/turkishtrade.co\/tr\/wp-json\/wp\/v2\/product\/5467","targetHints":{"allow":["GET"]}}],"collection":[{"href":"https:\/\/turkishtrade.co\/tr\/wp-json\/wp\/v2\/product"}],"about":[{"href":"https:\/\/turkishtrade.co\/tr\/wp-json\/wp\/v2\/types\/product"}],"wp:featuredmedia":[{"embeddable":true,"href":"https:\/\/turkishtrade.co\/tr\/wp-json\/wp\/v2\/media\/3674"}],"wp:attachment":[{"href":"https:\/\/turkishtrade.co\/tr\/wp-json\/wp\/v2\/media?parent=5467"}],"wp:term":[{"taxonomy":"product_brand","embeddable":true,"href":"https:\/\/turkishtrade.co\/tr\/wp-json\/wp\/v2\/product_brand?post=5467"},{"taxonomy":"product_cat","embeddable":true,"href":"https:\/\/turkishtrade.co\/tr\/wp-json\/wp\/v2\/product_cat?post=5467"},{"taxonomy":"product_tag","embeddable":true,"href":"https:\/\/turkishtrade.co\/tr\/wp-json\/wp\/v2\/product_tag?post=5467"}],"curies":[{"name":"wp","href":"https:\/\/api.w.org\/{rel}","templated":true}]}}