{"id":5465,"date":"2026-01-14T12:03:23","date_gmt":"2026-01-14T12:03:23","guid":{"rendered":"https:\/\/turkishtrade.co\/product\/mens-black-leather-loafers-6\/"},"modified":"2026-04-09T19:33:30","modified_gmt":"2026-04-09T19:33:30","slug":"mens-black-leather-loafers-6","status":"publish","type":"product","link":"https:\/\/turkishtrade.co\/tr\/shop\/mens-black-leather-loafers-6\/","title":{"rendered":"Alt\u0131n Amblemli Zarif Erkek Siyah Dana Derisi Loafer"},"content":{"rendered":"<p><strong>Erkek Siyah Deri Loafer<\/strong><\/p>\n<p>Zarif tasar\u0131ml\u0131 ayakkab\u0131 koleksiyonumuzla ayakkab\u0131 koleksiyonunuzu y\u00fckseltin <strong>Erkek Siyah Deri Loafer<\/strong>, zamans\u0131z \u015f\u0131kl\u0131\u011f\u0131n ve \u00fcst\u00fcn i\u015f\u00e7ili\u011fin ger\u00e7ek bir kan\u0131t\u0131d\u0131r. Hem benzersiz bir stil hem de ola\u011fan\u00fcst\u00fc bir konfor sunmak i\u00e7in titizlikle \u00fcretilen bu l\u00fcks loaferlar, sofistike gard\u0131roplar\u0131n vazge\u00e7ilmez bir par\u00e7as\u0131d\u0131r.<\/p>\n<p>D\u0131\u015f y\u00fczeyi i\u00e7in en iyi dana derisinden \u00fcretilen bu mokasen ayakkab\u0131lar, zengin, koyu siyah bir renk tonuna ve zarafeti yans\u0131tan p\u00fcr\u00fczs\u00fcz, cilal\u0131 bir y\u00fczeye sahiptir. Dana derisinin do\u011fal parlakl\u0131\u011f\u0131 dayan\u0131kl\u0131l\u0131k ve se\u00e7kin bir g\u00f6r\u00fcn\u00fcm sa\u011flar; resmi etkinlikler, i\u015f toplant\u0131lar\u0131 veya l\u00fcks g\u00fcndelik geziler i\u00e7in m\u00fckemmeldir. Sa\u011flam d\u0131\u015f y\u00fczeyi tamamlayan son derece yumu\u015fak ke\u00e7i derisi i\u00e7 k\u0131s\u0131m, g\u00fcn boyu kullan\u0131m i\u00e7in nefes alabilen ve rahat bir deneyim sunar. Ke\u00e7i derisi astar\u0131n aya\u011f\u0131n\u0131z\u0131 nazik\u00e7e sarmas\u0131, bu ola\u011fan\u00fcst\u00fc ayakkab\u0131larla att\u0131\u011f\u0131n\u0131z her ad\u0131mda konforu art\u0131r\u0131r. <strong>Erkek Siyah Deri Loafer<\/strong>.<\/p>\n<h3>Rakipsiz Konfor ve Farkl\u0131 Tasar\u0131m<\/h3>\n<p>L\u00fcks malzemelerinin \u00f6tesinde, bunlar <strong>Erkek Siyah Deri Loafer<\/strong> optimum esneklik ve yast\u0131klama i\u00e7in tasarlanm\u0131\u015f hafif Microlight tabana sahiptir. Bu geli\u015fmi\u015f taban teknolojisi, ola\u011fan\u00fcst\u00fc \u015fok emilimi ve daha az yorgunluk sa\u011flayarak g\u00fcn\u00fcn\u00fcz\u00fc kolayl\u0131kla ve zarafetle ge\u00e7irmenize olanak tan\u0131r. \u0130nce 1-3 cm topuk, konfordan \u00f6d\u00fcn vermeden sofistike bir dokunu\u015f katarak dengeli ve kendinden emin bir ad\u0131m sa\u011flar.<\/p>\n<p>S\u0131rt k\u0131sm\u0131n\u0131 s\u00fcsleyen ay\u0131rt edici alt\u0131n amblem, bu mokasen ayakkab\u0131lar\u0131n odak noktas\u0131d\u0131r ve onlar\u0131 di\u011ferlerinden ay\u0131ran muhte\u015fem bir dokunu\u015f katar. Bu karma\u015f\u0131k detay sadece ayakkab\u0131n\u0131n estetik \u00e7ekicili\u011fini artt\u0131rmakla kalmaz, ayn\u0131 zamanda benzersiz ve y\u00fcksek kaliteli tasar\u0131ma olan ba\u011fl\u0131l\u0131\u011f\u0131 da yans\u0131t\u0131r. \u0130ster \u00f6zel dikim tak\u0131m elbiseler, ister \u015f\u0131k pantolonlar ve hatta birinci s\u0131n\u0131f denimlerle e\u015fle\u015ftirilsin, bu mokasen ayakkab\u0131lar \u00e7e\u015fitli topluluklar aras\u0131nda zahmetsizce ge\u00e7i\u015f yaparak modern beyefendiler i\u00e7in \u00e7ok y\u00f6nl\u00fcl\u00fck sunar.<\/p>\n<p>De\u011ferli toptan m\u00fc\u015fterilerimiz i\u00e7in bu premium <strong>Erkek Siyah Deri Loafer<\/strong> minimum 8 \u00e7ift sat\u0131n alma gereksinimi ile toplu sipari\u015fler i\u00e7in mevcuttur. Sipari\u015finizin bekledi\u011finiz kalite ve hassasiyetle ula\u015fmas\u0131n\u0131 sa\u011flamak i\u00e7in l\u00fctfen standart sevkiyat s\u00fcrelerine ek olarak \u00fcretim i\u00e7in yakla\u015f\u0131k 12 g\u00fcn bekleyin. Bu sofistike mokasen ayakkab\u0131lara yat\u0131r\u0131m yap\u0131n ve geleneksel sanat ile \u00e7a\u011fda\u015f tasar\u0131m\u0131n m\u00fckemmel birle\u015fimini deneyimleyin.<\/p>","protected":false},"excerpt":{"rendered":"<ul>\n<li>\u015e\u0131k bir g\u00f6r\u00fcn\u00fcm i\u00e7in Premium Dana Derisi D\u0131\u015f Y\u00fczey<\/li>\n<li>\u00dcst\u00fcn konfor i\u00e7in yumu\u015fak ke\u00e7i derisi i\u00e7 astar<\/li>\n<li>Esnek destek i\u00e7in hafif Microlight Taban<\/li>\n<li>Zarif duru\u015f i\u00e7in ince 1-3 cm Topuk<\/li>\n<li>Geni\u015f bir beden yelpazesinde mevcuttur: 39-45<\/li>\n<li>Toptan Sat\u0131\u015f Mevcuttur: Minimum 8 \u00e7ift sipari\u015f gereklidir<\/li>\n<\/ul>","protected":false},"featured_media":3673,"template":"","meta":{"_acf_changed":false,"_uag_custom_page_level_css":"","site-sidebar-layout":"default","site-content-layout":"","ast-site-content-layout":"default","site-content-style":"default","site-sidebar-style":"default","ast-global-header-display":"","ast-banner-title-visibility":"","ast-main-header-display":"","ast-hfb-above-header-display":"","ast-hfb-below-header-display":"","ast-hfb-mobile-header-display":"","site-post-title":"","ast-breadcrumbs-content":"","ast-featured-img":"","footer-sml-layout":"","ast-disable-related-posts":"","theme-transparent-header-meta":"default","adv-header-id-meta":"","stick-header-meta":"","header-above-stick-meta":"","header-main-stick-meta":"","header-below-stick-meta":"","astra-migrate-meta-layouts":"set","ast-page-background-enabled":"default","ast-page-background-meta":{"desktop":{"background-color":"var(--ast-global-color-4)","background-image":"","background-repeat":"repeat","background-position":"center center","background-size":"auto","background-attachment":"scroll","background-type":"","background-media":"","overlay-type":"","overlay-color":"","overlay-opacity":"","overlay-gradient":""},"tablet":{"background-color":"","background-image":"","background-repeat":"repeat","background-position":"center center","background-size":"auto","background-attachment":"scroll","background-type":"","background-media":"","overlay-type":"","overlay-color":"","overlay-opacity":"","overlay-gradient":""},"mobile":{"background-color":"","background-image":"","background-repeat":"repeat","background-position":"center center","background-size":"auto","background-attachment":"scroll","background-type":"","background-media":"","overlay-type":"","overlay-color":"","overlay-opacity":"","overlay-gradient":""}},"ast-content-background-meta":{"desktop":{"background-color":"var(--ast-global-color-5)","background-image":"","background-repeat":"repeat","background-position":"center center","background-size":"auto","background-attachment":"scroll","background-type":"","background-media":"","overlay-type":"","overlay-color":"","overlay-opacity":"","overlay-gradient":""},"tablet":{"background-color":"var(--ast-global-color-5)","background-image":"","background-repeat":"repeat","background-position":"center center","background-size":"auto","background-attachment":"scroll","background-type":"","background-media":"","overlay-type":"","overlay-color":"","overlay-opacity":"","overlay-gradient":""},"mobile":{"background-color":"var(--ast-global-color-5)","background-image":"","background-repeat":"repeat","background-position":"center center","background-size":"auto","background-attachment":"scroll","background-type":"","background-media":"","overlay-type":"","overlay-color":"","overlay-opacity":"","overlay-gradient":""}}},"product_brand":[],"product_cat":[48,47,49,430,40],"product_tag":[196,202,284,544,251,437,937,217,198,186,466,374,184,262],"class_list":{"0":"post-5465","1":"product","2":"type-product","3":"status-publish","4":"has-post-thumbnail","6":"product_cat-casual","7":"product_cat-classic","8":"product_cat-loafer","9":"product_cat-men","10":"product_cat-mens-shoes","11":"product_tag-black-leather-shoes","12":"product_tag-calf-leather","13":"product_tag-dress-shoes","14":"product_tag-elegant-loafers","15":"product_tag-formal-shoes","16":"product_tag-goat-leather","17":"product_tag-gold-emblem-loafers","18":"product_tag-luxury-footwear","19":"product_tag-mens-fashion","20":"product_tag-mens-loafers","21":"product_tag-microlight-sole","22":"product_tag-premium-loafers","23":"product_tag-slip-on-shoes","24":"product_tag-wholesale-mens-shoes","25":"desktop-align-center","26":"tablet-align-center","27":"mobile-align-center","29":"first","30":"instock","31":"shipping-taxable","32":"purchasable","33":"product-type-variable","34":"has-default-attributes"},"acf":[],"uagb_featured_image_src":{"full":["https:\/\/turkishtrade.co\/wp-content\/uploads\/2026\/01\/2400EJOMN00190-BLACK-2SL_01.png",453,250,false],"thumbnail":["https:\/\/turkishtrade.co\/wp-content\/uploads\/2026\/01\/2400EJOMN00190-BLACK-2SL_01.png",150,83,false],"medium":["https:\/\/turkishtrade.co\/wp-content\/uploads\/2026\/01\/2400EJOMN00190-BLACK-2SL_01.png",300,166,false],"medium_large":["https:\/\/turkishtrade.co\/wp-content\/uploads\/2026\/01\/2400EJOMN00190-BLACK-2SL_01.png",453,250,false],"large":["https:\/\/turkishtrade.co\/wp-content\/uploads\/2026\/01\/2400EJOMN00190-BLACK-2SL_01.png",453,250,false],"1536x1536":["https:\/\/turkishtrade.co\/wp-content\/uploads\/2026\/01\/2400EJOMN00190-BLACK-2SL_01.png",453,250,false],"2048x2048":["https:\/\/turkishtrade.co\/wp-content\/uploads\/2026\/01\/2400EJOMN00190-BLACK-2SL_01.png",453,250,false],"trp-custom-language-flag":["https:\/\/turkishtrade.co\/wp-content\/uploads\/2026\/01\/2400EJOMN00190-BLACK-2SL_01.png",18,10,false],"woocommerce_thumbnail":["https:\/\/turkishtrade.co\/wp-content\/uploads\/2026\/01\/2400EJOMN00190-BLACK-2SL_01-400x250.png",400,250,true],"woocommerce_single":["https:\/\/turkishtrade.co\/wp-content\/uploads\/2026\/01\/2400EJOMN00190-BLACK-2SL_01.png",453,250,false],"woocommerce_gallery_thumbnail":["https:\/\/turkishtrade.co\/wp-content\/uploads\/2026\/01\/2400EJOMN00190-BLACK-2SL_01-100x100.png",100,100,true]},"uagb_author_info":{"display_name":"yaser olabi","author_link":"https:\/\/turkishtrade.co\/tr\/author\/"},"uagb_comment_info":0,"uagb_excerpt":"Premium Calf Leather Exterior for a sleek finish Soft Goat Leather Interior lining for ultimate comfort Lightweight Microlight Sole for flexible support Subtle 1-3cm Heel for refined posture Available in a wide range of sizes: 39-45 Wholesale Availability: Minimum order of 8 pairs required","_links":{"self":[{"href":"https:\/\/turkishtrade.co\/tr\/wp-json\/wp\/v2\/product\/5465","targetHints":{"allow":["GET"]}}],"collection":[{"href":"https:\/\/turkishtrade.co\/tr\/wp-json\/wp\/v2\/product"}],"about":[{"href":"https:\/\/turkishtrade.co\/tr\/wp-json\/wp\/v2\/types\/product"}],"wp:featuredmedia":[{"embeddable":true,"href":"https:\/\/turkishtrade.co\/tr\/wp-json\/wp\/v2\/media\/3673"}],"wp:attachment":[{"href":"https:\/\/turkishtrade.co\/tr\/wp-json\/wp\/v2\/media?parent=5465"}],"wp:term":[{"taxonomy":"product_brand","embeddable":true,"href":"https:\/\/turkishtrade.co\/tr\/wp-json\/wp\/v2\/product_brand?post=5465"},{"taxonomy":"product_cat","embeddable":true,"href":"https:\/\/turkishtrade.co\/tr\/wp-json\/wp\/v2\/product_cat?post=5465"},{"taxonomy":"product_tag","embeddable":true,"href":"https:\/\/turkishtrade.co\/tr\/wp-json\/wp\/v2\/product_tag?post=5465"}],"curies":[{"name":"wp","href":"https:\/\/api.w.org\/{rel}","templated":true}]}}