{"id":5463,"date":"2026-01-14T12:03:05","date_gmt":"2026-01-14T12:03:05","guid":{"rendered":"https:\/\/turkishtrade.co\/product\/mens-black-leather-loafers-5\/"},"modified":"2026-04-09T19:33:33","modified_gmt":"2026-04-09T19:33:33","slug":"mens-black-leather-loafers-5","status":"publish","type":"product","link":"https:\/\/turkishtrade.co\/tr\/shop\/mens-black-leather-loafers-5\/","title":{"rendered":"Microlight Tabanl\u0131 Zarif Erkek Siyah Dana Derisi Loafer"},"content":{"rendered":"<p><strong>Erkek Siyah Deri Loafer<\/strong><\/p>\n<p>Ayakkab\u0131 koleksiyonunuzu se\u00e7kin \u00fcr\u00fcnlerimizle geli\u015ftirin <b>Erkek Siyah Deri Loafer<\/b>, Hem stil hem de konfora de\u011fer veren se\u00e7ici beyefendiler i\u00e7in tasarland\u0131. \u00dcst\u00fcn i\u015f\u00e7ilik ve l\u00fcks malzemelerin bir kan\u0131t\u0131 olan bu birinci s\u0131n\u0131f slip-on ayakkab\u0131lar, her gard\u0131rop i\u00e7in vazge\u00e7ilmez bir eklentidir. \u0130ster resmi bir etkinli\u011fe kat\u0131l\u0131n, ister ofise gidin ya da d\u0131\u015far\u0131da sofistike bir ak\u015fam\u0131n tad\u0131n\u0131 \u00e7\u0131kar\u0131n, bu sofistike <b>Erkek Siyah Deri Loafer<\/b> e\u015fsiz bir \u015f\u0131kl\u0131k ve \u00e7ok y\u00f6nl\u00fcl\u00fck sunar.<\/p>\n<p>Detaylara titizlikle \u00f6zen g\u00f6sterilerek \u00fcretilen bu \u00e7arp\u0131c\u0131 d\u0131\u015f <b>Erkek Siyah Deri Loafer<\/b> p\u00fcr\u00fczs\u00fcz y\u00fczeyi, dayan\u0131kl\u0131l\u0131\u011f\u0131 ve zengin g\u00f6r\u00fcn\u00fcm\u00fcyle tan\u0131nan esnek, y\u00fcksek kaliteli dana derisine sahiptir. Bu d\u0131\u015f malzeme se\u00e7imi, genel \u00e7ekicili\u011fini art\u0131ran sofistike bir parlakl\u0131k sa\u011flar. Sa\u011flam d\u0131\u015f y\u00fczeyi tamamlayan i\u00e7 k\u0131s\u0131m, her ad\u0131mda ola\u011fan\u00fcst\u00fc konfor ve l\u00fcks bir his sa\u011flayan yumu\u015fak, nefes alabilen ke\u00e7i derisiyle astarlanm\u0131\u015ft\u0131r. Bu birinci s\u0131n\u0131f derilerin kombinasyonu, sadece muhte\u015fem g\u00f6r\u00fcnmekle kalmayan, ayn\u0131 zamanda g\u00fcn boyunca giymek i\u00e7in inan\u0131lmaz bir his veren bir ayakkab\u0131y\u0131 garanti eder. Ba\u015fka hi\u00e7bir ayakkab\u0131da daha iyi kalite bulamazs\u0131n\u0131z. <b>Erkek Siyah Deri Loafer<\/b>.<\/p>\n<h3>Premium Erkek Siyah Deri Loafer'lar\u0131m\u0131z ile Benzersiz Konforu Ya\u015fay\u0131n<\/h3>\n<p>Bu ola\u011fan\u00fcst\u00fc ayakkab\u0131n\u0131n temel \u00f6zelli\u011fi olan yenilik\u00e7i Microlight taban ile ger\u00e7ek y\u00fcr\u00fcy\u00fc\u015f keyfini ya\u015fay\u0131n <b>Erkek Siyah Deri Loafer<\/b>. Microlight teknolojisi, destek veya dayan\u0131kl\u0131l\u0131ktan \u00f6d\u00fcn vermeden ayakkab\u0131n\u0131n a\u011f\u0131rl\u0131\u011f\u0131n\u0131 \u00f6nemli \u00f6l\u00e7\u00fcde azaltarak son derece hafif bir his sunar. Bu geli\u015fmi\u015f taban, aya\u011f\u0131n\u0131z\u0131n do\u011fal hareketine uyum sa\u011flayarak m\u00fckemmel kavrama ve esneklik sunar. Ayr\u0131ca, 1-3 cm aras\u0131nda \u00f6l\u00e7\u00fclen, \u00f6zenle tasarlanm\u0131\u015f al\u00e7ak topuk, optimum denge ve konforu korurken ince bir kald\u0131rma sa\u011flar ve bu \u00f6zel ayakkab\u0131y\u0131 <b>Erkek Siyah Deri Loafer<\/b> uzun s\u00fcreli kullan\u0131m i\u00e7in m\u00fckemmel. Koleksiyonumuzda \u00f6zenli tasar\u0131m\u0131n yaratt\u0131\u011f\u0131 fark\u0131 ke\u015ffedin <b>Erkek Siyah Deri Loafer<\/b>.<\/p>\n<p>Bu klasik <b>Erkek Siyah Deri Loafer<\/b> 39'dan 45'e kadar kapsaml\u0131 bir beden yelpazesinde mevcuttur ve geni\u015f bir m\u00fc\u015fteri yelpazesi i\u00e7in m\u00fckemmel bir uyum sa\u011flar. \u015e\u0131k bir siluete ve zarif detaylara sahip zamans\u0131z tasar\u0131m, bu ayakkab\u0131lar\u0131 <b>Erkek Siyah Deri Loafer<\/b> \u00d6zel dikim tak\u0131m elbiselerle e\u015fle\u015ftirmekten \u015f\u0131k g\u00fcndelik tak\u0131mlar\u0131 y\u00fckseltmeye kadar \u00e7e\u015fitli durumlar i\u00e7in uygundur. Y\u00fcksek kaliteli ayakkab\u0131lar stoklamak isteyen i\u015fletmeler ve perakendeciler i\u00e7in bu premium <b>Erkek Siyah Deri Loafer<\/b> minimum 8 \u00e7ift sipari\u015f miktar\u0131 ile temin edilebilir. M\u00fc\u015fterilerinize geleneksel \u015f\u0131kl\u0131\u011f\u0131 modern konfor ve dayan\u0131kl\u0131l\u0131kla m\u00fckemmel bir \u015fekilde harmanlayan bir \u00fcr\u00fcn sunun ve ma\u011fazan\u0131z\u0131 bu \u00fcst d\u00fczey \u00fcr\u00fcnlerle di\u011ferlerinden ay\u0131r\u0131n <b>Erkek Siyah Deri Loafer<\/b>.<\/p>\n<p>Bir \u00e7ift sofistike \u00fcr\u00fcn\u00fcm\u00fcze yat\u0131r\u0131m yap\u0131n <b>Erkek Siyah Deri Loafer<\/b> ve l\u00fcks, konfor ve kal\u0131c\u0131 stilin m\u00fckemmel birle\u015fimini ke\u015ffedin. Ayakkab\u0131dan daha fazlas\u0131d\u0131rlar; s\u0131n\u0131f\u0131n ve rafine zevkin ifadesidirler.<\/p>","protected":false},"excerpt":{"rendered":"<ul>\n<li>\u015e\u0131k ve g\u00f6steri\u015fli bir g\u00f6r\u00fcn\u00fcm i\u00e7in birinci s\u0131n\u0131f dana derisi d\u0131\u015f y\u00fczey<\/li>\n<li>\u00dcst\u00fcn konfor ve nefes alabilirlik i\u00e7in l\u00fcks ke\u00e7i derisi i\u00e7 astar<\/li>\n<li>M\u00fckemmel kavrama ve esneklik i\u00e7in ultra hafif Microlight taban<\/li>\n<li>T\u00fcm g\u00fcn kullan\u0131m i\u00e7in rahat al\u00e7ak topuk (1-3 cm)<\/li>\n<li>39-45 Avrupa bedenlerinde mevcuttur<\/li>\n<li>Minimum sipari\u015f miktar\u0131: 8 \u00e7ift<\/li>\n<li>Tahmini teslimat: 12 g\u00fcn + nakliye<\/li>\n<\/ul>","protected":false},"featured_media":3672,"template":"","meta":{"_acf_changed":false,"_uag_custom_page_level_css":"","site-sidebar-layout":"default","site-content-layout":"","ast-site-content-layout":"default","site-content-style":"default","site-sidebar-style":"default","ast-global-header-display":"","ast-banner-title-visibility":"","ast-main-header-display":"","ast-hfb-above-header-display":"","ast-hfb-below-header-display":"","ast-hfb-mobile-header-display":"","site-post-title":"","ast-breadcrumbs-content":"","ast-featured-img":"","footer-sml-layout":"","ast-disable-related-posts":"","theme-transparent-header-meta":"default","adv-header-id-meta":"","stick-header-meta":"","header-above-stick-meta":"","header-main-stick-meta":"","header-below-stick-meta":"","astra-migrate-meta-layouts":"set","ast-page-background-enabled":"default","ast-page-background-meta":{"desktop":{"background-color":"var(--ast-global-color-4)","background-image":"","background-repeat":"repeat","background-position":"center center","background-size":"auto","background-attachment":"scroll","background-type":"","background-media":"","overlay-type":"","overlay-color":"","overlay-opacity":"","overlay-gradient":""},"tablet":{"background-color":"","background-image":"","background-repeat":"repeat","background-position":"center center","background-size":"auto","background-attachment":"scroll","background-type":"","background-media":"","overlay-type":"","overlay-color":"","overlay-opacity":"","overlay-gradient":""},"mobile":{"background-color":"","background-image":"","background-repeat":"repeat","background-position":"center center","background-size":"auto","background-attachment":"scroll","background-type":"","background-media":"","overlay-type":"","overlay-color":"","overlay-opacity":"","overlay-gradient":""}},"ast-content-background-meta":{"desktop":{"background-color":"var(--ast-global-color-5)","background-image":"","background-repeat":"repeat","background-position":"center center","background-size":"auto","background-attachment":"scroll","background-type":"","background-media":"","overlay-type":"","overlay-color":"","overlay-opacity":"","overlay-gradient":""},"tablet":{"background-color":"var(--ast-global-color-5)","background-image":"","background-repeat":"repeat","background-position":"center center","background-size":"auto","background-attachment":"scroll","background-type":"","background-media":"","overlay-type":"","overlay-color":"","overlay-opacity":"","overlay-gradient":""},"mobile":{"background-color":"var(--ast-global-color-5)","background-image":"","background-repeat":"repeat","background-position":"center center","background-size":"auto","background-attachment":"scroll","background-type":"","background-media":"","overlay-type":"","overlay-color":"","overlay-opacity":"","overlay-gradient":""}}},"product_brand":[],"product_cat":[48,47,49,430,40],"product_tag":[814,513,185,457,220,935,189,384,324,186,466,936,184,456],"class_list":{"0":"post-5463","1":"product","2":"type-product","3":"status-publish","4":"has-post-thumbnail","6":"product_cat-casual","7":"product_cat-classic","8":"product_cat-loafer","9":"product_cat-men","10":"product_cat-mens-shoes","11":"product_tag-black-leather-loafers","12":"product_tag-business-casual-shoes","13":"product_tag-calf-leather-shoes","14":"product_tag-classic-loafers","15":"product_tag-comfortable-loafers","16":"product_tag-formal-shoes-men","17":"product_tag-goat-leather-lining","18":"product_tag-luxury-loafers","19":"product_tag-mens-dress-shoes","20":"product_tag-mens-loafers","21":"product_tag-microlight-sole","22":"product_tag-premium-mens-footwear","23":"product_tag-slip-on-shoes","24":"product_tag-wholesale-loafers","25":"desktop-align-center","26":"tablet-align-center","27":"mobile-align-center","29":"first","30":"instock","31":"shipping-taxable","32":"purchasable","33":"product-type-variable","34":"has-default-attributes"},"acf":[],"uagb_featured_image_src":{"full":["https:\/\/turkishtrade.co\/wp-content\/uploads\/2026\/01\/2400EJOMN00189-BLACK-1SL_01.png",453,250,false],"thumbnail":["https:\/\/turkishtrade.co\/wp-content\/uploads\/2026\/01\/2400EJOMN00189-BLACK-1SL_01-150x150.png",150,150,true],"medium":["https:\/\/turkishtrade.co\/wp-content\/uploads\/2026\/01\/2400EJOMN00189-BLACK-1SL_01-300x166.png",300,166,true],"medium_large":["https:\/\/turkishtrade.co\/wp-content\/uploads\/2026\/01\/2400EJOMN00189-BLACK-1SL_01.png",453,250,false],"large":["https:\/\/turkishtrade.co\/wp-content\/uploads\/2026\/01\/2400EJOMN00189-BLACK-1SL_01.png",453,250,false],"1536x1536":["https:\/\/turkishtrade.co\/wp-content\/uploads\/2026\/01\/2400EJOMN00189-BLACK-1SL_01.png",453,250,false],"2048x2048":["https:\/\/turkishtrade.co\/wp-content\/uploads\/2026\/01\/2400EJOMN00189-BLACK-1SL_01.png",453,250,false],"trp-custom-language-flag":["https:\/\/turkishtrade.co\/wp-content\/uploads\/2026\/01\/2400EJOMN00189-BLACK-1SL_01-18x10.png",18,10,true],"woocommerce_thumbnail":["https:\/\/turkishtrade.co\/wp-content\/uploads\/2026\/01\/2400EJOMN00189-BLACK-1SL_01-400x250.png",400,250,true],"woocommerce_single":["https:\/\/turkishtrade.co\/wp-content\/uploads\/2026\/01\/2400EJOMN00189-BLACK-1SL_01.png",453,250,false],"woocommerce_gallery_thumbnail":["https:\/\/turkishtrade.co\/wp-content\/uploads\/2026\/01\/2400EJOMN00189-BLACK-1SL_01-100x100.png",100,100,true]},"uagb_author_info":{"display_name":"yaser olabi","author_link":"https:\/\/turkishtrade.co\/tr\/author\/"},"uagb_comment_info":0,"uagb_excerpt":"Premium calf leather exterior for a sleek, polished look Luxurious goat leather interior lining for superior comfort and breathability Ultra-lightweight Microlight sole for excellent grip and flexibility Comfortable low heel (1-3 cm) for all-day wear Available in European sizes 39-45 Minimum order quantity: 8 pairs Estimated delivery: 12 days + shipping","_links":{"self":[{"href":"https:\/\/turkishtrade.co\/tr\/wp-json\/wp\/v2\/product\/5463","targetHints":{"allow":["GET"]}}],"collection":[{"href":"https:\/\/turkishtrade.co\/tr\/wp-json\/wp\/v2\/product"}],"about":[{"href":"https:\/\/turkishtrade.co\/tr\/wp-json\/wp\/v2\/types\/product"}],"wp:featuredmedia":[{"embeddable":true,"href":"https:\/\/turkishtrade.co\/tr\/wp-json\/wp\/v2\/media\/3672"}],"wp:attachment":[{"href":"https:\/\/turkishtrade.co\/tr\/wp-json\/wp\/v2\/media?parent=5463"}],"wp:term":[{"taxonomy":"product_brand","embeddable":true,"href":"https:\/\/turkishtrade.co\/tr\/wp-json\/wp\/v2\/product_brand?post=5463"},{"taxonomy":"product_cat","embeddable":true,"href":"https:\/\/turkishtrade.co\/tr\/wp-json\/wp\/v2\/product_cat?post=5463"},{"taxonomy":"product_tag","embeddable":true,"href":"https:\/\/turkishtrade.co\/tr\/wp-json\/wp\/v2\/product_tag?post=5463"}],"curies":[{"name":"wp","href":"https:\/\/api.w.org\/{rel}","templated":true}]}}