{"id":5461,"date":"2026-01-14T12:02:44","date_gmt":"2026-01-14T12:02:44","guid":{"rendered":"https:\/\/turkishtrade.co\/product\/men-patent-leather-loafers\/"},"modified":"2026-04-09T19:33:35","modified_gmt":"2026-04-09T19:33:35","slug":"mens-patent-leather-loafers-dress-shoes","status":"publish","type":"product","link":"https:\/\/turkishtrade.co\/tr\/shop\/mens-patent-leather-loafers-dress-shoes\/","title":{"rendered":"Erkek Premium Siyah Rugan Tokal\u0131 Loafer"},"content":{"rendered":"<p><strong>Erkek Rugan Loafer'lar<\/strong><\/p>\n<p>Modern beyefendiler i\u00e7in \u00f6zenle tasarlanm\u0131\u015f Premium Siyah Rugan Tokal\u0131 Loafer'lar\u0131m\u0131zla benzersiz bir sofistikeli\u011fe ad\u0131m at\u0131n. Bu \u00e7arp\u0131c\u0131 <strong>erkek rugan mokasen<\/strong> ayakkab\u0131dan \u00e7ok daha fazlas\u0131d\u0131r; rafine bir zevkin ve zamans\u0131z bir zarafetin ifadesidir. En iyi malzemelerden \u00fcretilen bu ayakkab\u0131lar, klasik tasar\u0131m\u0131 \u00e7a\u011fda\u015f bir yetenekle kusursuz bir \u015fekilde harmanlayarak her se\u00e7kin gard\u0131robun vazge\u00e7ilmez bir par\u00e7as\u0131 haline gelir.<\/p>\n<h3>Rakipsiz \u0130\u015f\u00e7ilik ve L\u00fcks Malzemeler<\/h3>\n<p>Bu zarif mokasen ayakkab\u0131lar\u0131n her bir \u00e7ifti \u00fcst\u00fcn i\u015f\u00e7ilik sergiler. D\u0131\u015f y\u00fczey, l\u00fcks\u00fc yans\u0131tan ve dikkat \u00e7eken g\u00f6z kama\u015ft\u0131r\u0131c\u0131 bir rugan kaplama elde etmek i\u00e7in i\u015flenmi\u015f birinci s\u0131n\u0131f dana derisinden yap\u0131lm\u0131\u015ft\u0131r. Bu y\u00fcksek parlakl\u0131ktaki d\u0131\u015f y\u00fczey <strong>erkek rugan mokasen<\/strong> g\u00f6rkemli ve yumu\u015fak ke\u00e7i derisi i\u00e7 astar ile m\u00fckemmel bir \u015fekilde tamamlan\u0131r ve her ad\u0131mda nefes alabilen bir konfor ve pel\u00fc\u015f bir his sa\u011flar. Dayan\u0131kl\u0131 dana derisi ve yumu\u015fak ke\u00e7i derisinin kombinasyonu, hem uzun \u00f6m\u00fcrl\u00fcl\u00fc\u011f\u00fc hem de ola\u011fan\u00fcst\u00fc bir kullan\u0131m deneyimini garanti ederek bu ayakkab\u0131lar\u0131 ger\u00e7ekten farkl\u0131 k\u0131lar.<\/p>\n<h3>Zarif Tasar\u0131m G\u00fcnl\u00fck Konforla Bulu\u015fuyor<\/h3>\n<p>Bu tokal\u0131 mokasen ayakkab\u0131lar \u00e7arp\u0131c\u0131 g\u00f6r\u00fcn\u00fcmlerinin \u00f6tesinde konfor ve pratiklik i\u00e7in tasarlanm\u0131\u015ft\u0131r. M\u00fckemmel tutu\u015f sa\u011flayan ve ayak yorgunlu\u011funu azaltan hafif ve sa\u011flam Microlight tabana sahip bu ayakkab\u0131lar, uzun g\u00fcnler veya ak\u015fam etkinlikleri i\u00e7in idealdir. \u0130nce 1-3 cm topuk y\u00fcksekli\u011fi, konfordan \u00f6d\u00fcn vermeden kendinden emin bir ad\u0131m i\u00e7in do\u011fru miktarda y\u00fckselme sa\u011flar. S\u0131rt k\u0131sm\u0131ndaki se\u00e7kin g\u00fcm\u00fc\u015f tonlu toka detay\u0131, geleneksel loafer tasar\u0131m\u0131n\u0131 y\u00fckselterek benzersiz bir karakter ve modern bir sofistike dokunu\u015f kat\u0131yor. \u0130ster siyah kravatl\u0131 bir etkinli\u011fe, ister bir i\u015f toplant\u0131s\u0131na kat\u0131l\u0131yor olun, ister sadece \u015f\u0131k g\u00fcndelik k\u0131yafetlerinizi y\u00fckseltmek istiyor olun, bu <strong>erkek rugan mokasen<\/strong> m\u00fckemmel arkada\u015f\u0131n\u0131zd\u0131r.<\/p>\n<h3>Her Durum i\u00e7in \u00c7ok Y\u00f6nl\u00fc Stil<\/h3>\n<p>Premium Siyah Rugan Tokal\u0131 Loafer'lar\u0131m\u0131z muazzam bir \u00e7ok y\u00f6nl\u00fcl\u00fck sunar. \u015e\u0131k siyah y\u00fczeyi ve cilal\u0131 rugan dokusuyla resmi davetler i\u00e7in ideal bir se\u00e7imdir; tak\u0131m elbise ve smokinlerle kusursuz bir uyum sa\u011flar. Bununla birlikte, do\u011fal zarafetleri, chino pantolonlar veya blazer ceketli \u00f6zel pantolonlar gibi ak\u0131ll\u0131 g\u00fcndelik kombinleri zahmetsizce geli\u015ftirmelerine de olanak tan\u0131r. EU 39'dan 45'e kadar kapsaml\u0131 bir beden yelpazesinde mevcut olup, geni\u015f bir ayak yelpazesi i\u00e7in m\u00fckemmel bir uyum sa\u011fl\u0131yoruz. Yaln\u0131zca birinci s\u0131n\u0131f deri ayakkab\u0131lar\u0131n sunabilece\u011fi stil, konfor ve dayan\u0131kl\u0131l\u0131\u011f\u0131n m\u00fckemmel kar\u0131\u015f\u0131m\u0131n\u0131 deneyimleyin.<\/p>\n<h3>Toptan Sat\u0131\u015f F\u0131rsat\u0131 ve G\u00fcvenilir Hizmet<\/h3>\n<p>Perakendeciler ve i\u015fletmeler i\u00e7in bu ola\u011fan\u00fcst\u00fc <strong>erkek rugan mokasen<\/strong> minimum 8 \u00e7ift miktar\u0131nda toplu sipari\u015fler i\u00e7in mevcuttur. \u00c7ift ba\u015f\u0131na rekabet\u00e7i toptan USD fiyatland\u0131rmas\u0131 sunuyoruz (bunun \u00e7izme fiyatland\u0131rmas\u0131n\u0131 i\u00e7ermedi\u011fini l\u00fctfen unutmay\u0131n). Verimli \u00fcretim ve teslimat s\u00fcrecimiz, sipari\u015finizin yakla\u015f\u0131k 12 g\u00fcn ve nakliye s\u00fcresi i\u00e7inde g\u00f6nderime haz\u0131r olmas\u0131n\u0131 sa\u011flayarak bu pop\u00fcler ve \u015f\u0131k ayakkab\u0131 se\u00e7ene\u011fini g\u00fcvenle stoklaman\u0131za olanak tan\u0131r.<\/p>","protected":false},"excerpt":{"rendered":"<ul>\n<li><b>Enfes Malzeme:<\/b> \u015e\u0131k patent kaplamal\u0131 Hakiki Dana Derisi d\u0131\u015f y\u00fczey, \u00fcst\u00fcn konfor i\u00e7in esnek Ke\u00e7i Derisi astar.<\/li>\n<li><b>Sofistike Tasar\u0131m:<\/b> Zarif g\u00fcm\u00fc\u015f tonlu toka detayl\u0131 klasik loafer silueti.<\/li>\n<li><b>Konfor Taban:<\/b> T\u00fcm g\u00fcn kullan\u0131m i\u00e7in hafif ve dayan\u0131kl\u0131 Microlight taban.<\/li>\n<li><b>Al\u00e7ak topuk:<\/b> Zarif bir profil i\u00e7in ince 1-3 cm topuk y\u00fcksekli\u011fi.<\/li>\n<li><b>Mevcut Boyutlar:<\/b> AB 39, 40, 41, 42, 43, 44, 45.<\/li>\n<li><b>Toplu Bulunabilirlik:<\/b> Minimum 8 \u00e7ift sipari\u015f.<\/li>\n<li><b>Teslim S\u00fcresi:<\/b> Yakla\u015f\u0131k 12 g\u00fcn + nakliye.<\/li>\n<li><b>Toptan Sat\u0131\u015f Fiyat\u0131:<\/b> \u00c7ift ba\u015f\u0131na USD (botlar hari\u00e7).<\/li>\n<\/ul>","protected":false},"featured_media":3671,"template":"","meta":{"_acf_changed":false,"_uag_custom_page_level_css":"","site-sidebar-layout":"default","site-content-layout":"","ast-site-content-layout":"default","site-content-style":"default","site-sidebar-style":"default","ast-global-header-display":"","ast-banner-title-visibility":"","ast-main-header-display":"","ast-hfb-above-header-display":"","ast-hfb-below-header-display":"","ast-hfb-mobile-header-display":"","site-post-title":"","ast-breadcrumbs-content":"","ast-featured-img":"","footer-sml-layout":"","ast-disable-related-posts":"","theme-transparent-header-meta":"default","adv-header-id-meta":"","stick-header-meta":"","header-above-stick-meta":"","header-main-stick-meta":"","header-below-stick-meta":"","astra-migrate-meta-layouts":"set","ast-page-background-enabled":"default","ast-page-background-meta":{"desktop":{"background-color":"var(--ast-global-color-4)","background-image":"","background-repeat":"repeat","background-position":"center center","background-size":"auto","background-attachment":"scroll","background-type":"","background-media":"","overlay-type":"","overlay-color":"","overlay-opacity":"","overlay-gradient":""},"tablet":{"background-color":"","background-image":"","background-repeat":"repeat","background-position":"center center","background-size":"auto","background-attachment":"scroll","background-type":"","background-media":"","overlay-type":"","overlay-color":"","overlay-opacity":"","overlay-gradient":""},"mobile":{"background-color":"","background-image":"","background-repeat":"repeat","background-position":"center center","background-size":"auto","background-attachment":"scroll","background-type":"","background-media":"","overlay-type":"","overlay-color":"","overlay-opacity":"","overlay-gradient":""}},"ast-content-background-meta":{"desktop":{"background-color":"var(--ast-global-color-5)","background-image":"","background-repeat":"repeat","background-position":"center center","background-size":"auto","background-attachment":"scroll","background-type":"","background-media":"","overlay-type":"","overlay-color":"","overlay-opacity":"","overlay-gradient":""},"tablet":{"background-color":"var(--ast-global-color-5)","background-image":"","background-repeat":"repeat","background-position":"center center","background-size":"auto","background-attachment":"scroll","background-type":"","background-media":"","overlay-type":"","overlay-color":"","overlay-opacity":"","overlay-gradient":""},"mobile":{"background-color":"var(--ast-global-color-5)","background-image":"","background-repeat":"repeat","background-position":"center center","background-size":"auto","background-attachment":"scroll","background-type":"","background-media":"","overlay-type":"","overlay-color":"","overlay-opacity":"","overlay-gradient":""}}},"product_brand":[],"product_cat":[48,47,49,430,40],"product_tag":[605,315,202,284,480,251,437,215,148,466,934,362,210,456],"class_list":{"0":"post-5461","1":"product","2":"type-product","3":"status-publish","4":"has-post-thumbnail","6":"product_cat-casual","7":"product_cat-classic","8":"product_cat-loafer","9":"product_cat-men","10":"product_cat-mens-shoes","11":"product_tag-black-shoes","12":"product_tag-buckle-loafers","13":"product_tag-calf-leather","14":"product_tag-dress-shoes","15":"product_tag-elegant-shoes","16":"product_tag-formal-shoes","17":"product_tag-goat-leather","18":"product_tag-leather-loafers","19":"product_tag-loafers","20":"product_tag-microlight-sole","21":"product_tag-patent-leather","22":"product_tag-premium-footwear","23":"product_tag-smart-casual","24":"product_tag-wholesale-loafers","25":"desktop-align-center","26":"tablet-align-center","27":"mobile-align-center","29":"first","30":"instock","31":"shipping-taxable","32":"purchasable","33":"product-type-variable","34":"has-default-attributes"},"acf":[],"uagb_featured_image_src":{"full":["https:\/\/turkishtrade.co\/wp-content\/uploads\/2026\/01\/2400EJOMN00188-BLACK-X_12574.png",453,250,false],"thumbnail":["https:\/\/turkishtrade.co\/wp-content\/uploads\/2026\/01\/2400EJOMN00188-BLACK-X_12574-150x150.png",150,150,true],"medium":["https:\/\/turkishtrade.co\/wp-content\/uploads\/2026\/01\/2400EJOMN00188-BLACK-X_12574-300x166.png",300,166,true],"medium_large":["https:\/\/turkishtrade.co\/wp-content\/uploads\/2026\/01\/2400EJOMN00188-BLACK-X_12574.png",453,250,false],"large":["https:\/\/turkishtrade.co\/wp-content\/uploads\/2026\/01\/2400EJOMN00188-BLACK-X_12574.png",453,250,false],"1536x1536":["https:\/\/turkishtrade.co\/wp-content\/uploads\/2026\/01\/2400EJOMN00188-BLACK-X_12574.png",453,250,false],"2048x2048":["https:\/\/turkishtrade.co\/wp-content\/uploads\/2026\/01\/2400EJOMN00188-BLACK-X_12574.png",453,250,false],"trp-custom-language-flag":["https:\/\/turkishtrade.co\/wp-content\/uploads\/2026\/01\/2400EJOMN00188-BLACK-X_12574-18x10.png",18,10,true],"woocommerce_thumbnail":["https:\/\/turkishtrade.co\/wp-content\/uploads\/2026\/01\/2400EJOMN00188-BLACK-X_12574-400x250.png",400,250,true],"woocommerce_single":["https:\/\/turkishtrade.co\/wp-content\/uploads\/2026\/01\/2400EJOMN00188-BLACK-X_12574.png",453,250,false],"woocommerce_gallery_thumbnail":["https:\/\/turkishtrade.co\/wp-content\/uploads\/2026\/01\/2400EJOMN00188-BLACK-X_12574-100x100.png",100,100,true]},"uagb_author_info":{"display_name":"yaser olabi","author_link":"https:\/\/turkishtrade.co\/tr\/author\/"},"uagb_comment_info":0,"uagb_excerpt":"Exquisite Material: Genuine Calf Leather outer with a sleek patent finish, supple Goat Leather lining for ultimate comfort. Sophisticated Design: Classic loafer silhouette with elegant silver-tone buckle detail. Comfort Sole: Lightweight and durable Microlight sole for all-day wear. Low Heel: Subtle 1-3 cm heel height for a refined profile. Available Sizes: EU 39, 40, 41,&hellip;","_links":{"self":[{"href":"https:\/\/turkishtrade.co\/tr\/wp-json\/wp\/v2\/product\/5461","targetHints":{"allow":["GET"]}}],"collection":[{"href":"https:\/\/turkishtrade.co\/tr\/wp-json\/wp\/v2\/product"}],"about":[{"href":"https:\/\/turkishtrade.co\/tr\/wp-json\/wp\/v2\/types\/product"}],"wp:featuredmedia":[{"embeddable":true,"href":"https:\/\/turkishtrade.co\/tr\/wp-json\/wp\/v2\/media\/3671"}],"wp:attachment":[{"href":"https:\/\/turkishtrade.co\/tr\/wp-json\/wp\/v2\/media?parent=5461"}],"wp:term":[{"taxonomy":"product_brand","embeddable":true,"href":"https:\/\/turkishtrade.co\/tr\/wp-json\/wp\/v2\/product_brand?post=5461"},{"taxonomy":"product_cat","embeddable":true,"href":"https:\/\/turkishtrade.co\/tr\/wp-json\/wp\/v2\/product_cat?post=5461"},{"taxonomy":"product_tag","embeddable":true,"href":"https:\/\/turkishtrade.co\/tr\/wp-json\/wp\/v2\/product_tag?post=5461"}],"curies":[{"name":"wp","href":"https:\/\/api.w.org\/{rel}","templated":true}]}}