{"id":5452,"date":"2026-01-14T12:01:26","date_gmt":"2026-01-14T12:01:26","guid":{"rendered":"https:\/\/turkishtrade.co\/product\/mens-leather-tassel-loafers-3\/"},"modified":"2026-04-09T19:33:48","modified_gmt":"2026-04-09T19:33:48","slug":"mens-leather-tassel-loafers-3","status":"publish","type":"product","link":"https:\/\/turkishtrade.co\/tr\/shop\/mens-leather-tassel-loafers-3\/","title":{"rendered":"Premium El Yap\u0131m\u0131 Erkek Deri P\u00fcsk\u00fcll\u00fc Loafer"},"content":{"rendered":"<p><strong>Erkek Deri P\u00fcsk\u00fcll\u00fc Loafer<\/strong><\/p>\n<p>Premium El Yap\u0131m\u0131 Erkek Deri P\u00fcsk\u00fcll\u00fc Loafer'lar\u0131m\u0131zla benzersiz bir sofistikeli\u011fe ad\u0131m at\u0131n. Se\u00e7kin beyefendiler i\u00e7in tasarlanan bu zarif ayakkab\u0131lar, klasik zarafeti modern konforla kusursuz bir \u015fekilde harmanlayarak her t\u00fcrl\u00fc se\u00e7kin gard\u0131robun vazge\u00e7ilmez bir par\u00e7as\u0131 haline geliyor. Bu l\u00fcks erkek deri p\u00fcsk\u00fcll\u00fc mokasenlerin her bir \u00e7ifti, \u00fcst\u00fcn i\u015f\u00e7ili\u011fin ve detaylara g\u00f6sterilen titiz \u00f6zenin bir kan\u0131t\u0131d\u0131r.<\/p>\n<h3>Rakipsiz Kalite ve Malzemeler<\/h3>\n<p>D\u0131\u015f y\u00fczeyden ba\u015flayarak birinci s\u0131n\u0131f malzemelerin fark\u0131n\u0131 ya\u015fay\u0131n. D\u0131\u015f y\u00fczey, esnek dokusu, dayan\u0131kl\u0131l\u0131\u011f\u0131 ve zengin cilas\u0131yla tan\u0131nan y\u00fcksek kaliteli dana derisinden \u00fcretilmi\u015ftir. Bu zarif dana derisi sadece muhte\u015fem g\u00f6r\u00fcnmekle kalmaz, ayn\u0131 zamanda zamanla aya\u011f\u0131n\u0131za uyum sa\u011flayarak ki\u015fiselle\u015ftirilmi\u015f bir uyum sa\u011flar. Sa\u011flam d\u0131\u015f y\u00fczeyi tamamlayan i\u00e7 k\u0131s\u0131m, son derece yumu\u015fak ve nefes alabilen ke\u00e7i derisiyle astarlanm\u0131\u015ft\u0131r. Bu i\u00e7 astar ola\u011fan\u00fcst\u00fc konfor sa\u011flar, nemi uzakla\u015ft\u0131r\u0131r ve ayaklar\u0131n\u0131z\u0131n g\u00fcn boyunca serin ve kuru kalmas\u0131n\u0131 sa\u011flar.<\/p>\n<h3>Konfor ve Stil i\u00e7in Tasarland\u0131<\/h3>\n<p>Erkek deri p\u00fcsk\u00fcll\u00fc mokasen ayakkab\u0131m\u0131z, maksimum esneklik ve g\u00fcn boyu konfor i\u00e7in tasarlanm\u0131\u015f hafif Microlight tabana sahiptir. Microlight teknolojisi ayakkab\u0131n\u0131n toplam a\u011f\u0131rl\u0131\u011f\u0131n\u0131 \u00f6nemli \u00f6l\u00e7\u00fcde azaltarak her ad\u0131m\u0131n zahmetsizce at\u0131lmas\u0131n\u0131 sa\u011flar. \u0130nce ama zarif 1-3 cm topuk y\u00fcksekli\u011fine sahip bu loafer ayakkab\u0131lar, denge veya konfordan \u00f6d\u00fcn vermeden zarif bir y\u00fckseli\u015f sunar. \u0130konik p\u00fcsk\u00fcl detay\u0131, geleneksel cazibeye bir dokunu\u015f katarak bu ayakkab\u0131lar\u0131 bir ayakkab\u0131dan daha fazlas\u0131 haline getirir - sofistike bir zevkin ifadesidir. \u00c7ok y\u00f6nl\u00fc Lacivert ve klasik Koyu Kahverengi renkleri bulunan bu erkek deri p\u00fcsk\u00fcll\u00fc loaferlar, ki\u015fisel tarz\u0131n\u0131za m\u00fckemmel uyum sa\u011flayacak se\u00e7enekler sunar.<\/p>\n<p>&nbsp;<\/p>","protected":false},"excerpt":{"rendered":"<ul>\n<li>L\u00fcks dana derisi d\u0131\u015f y\u00fczey ve yumu\u015fak, nefes alabilen ke\u00e7i derisi i\u00e7 k\u0131s\u0131mdan \u00fcretilmi\u015ftir.<\/li>\n<li>Ola\u011fan\u00fcst\u00fc konfor ve esneklik i\u00e7in hafif Microlight tabana sahiptir.<\/li>\n<li>Zarif 1-3 cm topuk y\u00fcksekli\u011fi rafine ve sofistike bir profil sa\u011flar.<\/li>\n<li>Her gard\u0131robu tamamlamak i\u00e7in zamans\u0131z Lacivert ve zengin Koyu Kahverengi renkleri mevcuttur.<\/li>\n<li>Kapsaml\u0131 beden aral\u0131\u011f\u0131: AB 39, 40, 41, 42, 43, 44, 45.<\/li>\n<li>Minimum sipari\u015f miktar\u0131: 8 \u00e7ift.<\/li>\n<li>Toplu sipari\u015f teslim s\u00fcresi: 12 g\u00fcn art\u0131 nakliye.<\/li>\n<\/ul>","protected":false},"featured_media":3667,"template":"","meta":{"_acf_changed":false,"_uag_custom_page_level_css":"","site-sidebar-layout":"default","site-content-layout":"","ast-site-content-layout":"default","site-content-style":"default","site-sidebar-style":"default","ast-global-header-display":"","ast-banner-title-visibility":"","ast-main-header-display":"","ast-hfb-above-header-display":"","ast-hfb-below-header-display":"","ast-hfb-mobile-header-display":"","site-post-title":"","ast-breadcrumbs-content":"","ast-featured-img":"","footer-sml-layout":"","ast-disable-related-posts":"","theme-transparent-header-meta":"default","adv-header-id-meta":"","stick-header-meta":"","header-above-stick-meta":"","header-main-stick-meta":"","header-below-stick-meta":"","astra-migrate-meta-layouts":"set","ast-page-background-enabled":"default","ast-page-background-meta":{"desktop":{"background-color":"var(--ast-global-color-4)","background-image":"","background-repeat":"repeat","background-position":"center center","background-size":"auto","background-attachment":"scroll","background-type":"","background-media":"","overlay-type":"","overlay-color":"","overlay-opacity":"","overlay-gradient":""},"tablet":{"background-color":"","background-image":"","background-repeat":"repeat","background-position":"center center","background-size":"auto","background-attachment":"scroll","background-type":"","background-media":"","overlay-type":"","overlay-color":"","overlay-opacity":"","overlay-gradient":""},"mobile":{"background-color":"","background-image":"","background-repeat":"repeat","background-position":"center center","background-size":"auto","background-attachment":"scroll","background-type":"","background-media":"","overlay-type":"","overlay-color":"","overlay-opacity":"","overlay-gradient":""}},"ast-content-background-meta":{"desktop":{"background-color":"var(--ast-global-color-5)","background-image":"","background-repeat":"repeat","background-position":"center center","background-size":"auto","background-attachment":"scroll","background-type":"","background-media":"","overlay-type":"","overlay-color":"","overlay-opacity":"","overlay-gradient":""},"tablet":{"background-color":"var(--ast-global-color-5)","background-image":"","background-repeat":"repeat","background-position":"center center","background-size":"auto","background-attachment":"scroll","background-type":"","background-media":"","overlay-type":"","overlay-color":"","overlay-opacity":"","overlay-gradient":""},"mobile":{"background-color":"var(--ast-global-color-5)","background-image":"","background-repeat":"repeat","background-position":"center center","background-size":"auto","background-attachment":"scroll","background-type":"","background-media":"","overlay-type":"","overlay-color":"","overlay-opacity":"","overlay-gradient":""}}},"product_brand":[],"product_cat":[48,47,49,430,40],"product_tag":[635,147,513,566,457,189,450,215,384,324,930,466,374,642,349],"class_list":{"0":"post-5452","1":"product","2":"type-product","3":"status-publish","4":"has-post-thumbnail","6":"product_cat-casual","7":"product_cat-classic","8":"product_cat-loafer","9":"product_cat-men","10":"product_cat-mens-shoes","11":"product_tag-blue-loafers","12":"product_tag-brown-loafers","13":"product_tag-business-casual-shoes","14":"product_tag-calfskin-shoes","15":"product_tag-classic-loafers","16":"product_tag-goat-leather-lining","17":"product_tag-handcrafted-shoes","18":"product_tag-leather-loafers","19":"product_tag-luxury-loafers","20":"product_tag-mens-dress-shoes","21":"product_tag-mens-leather-tassel-loafers","22":"product_tag-microlight-sole","23":"product_tag-premium-loafers","24":"product_tag-semi-formal-shoes","25":"product_tag-tassel-loafers","26":"desktop-align-center","27":"tablet-align-center","28":"mobile-align-center","30":"first","31":"instock","32":"shipping-taxable","33":"purchasable","34":"product-type-variable","35":"has-default-attributes"},"acf":[],"uagb_featured_image_src":{"full":["https:\/\/turkishtrade.co\/wp-content\/uploads\/2026\/01\/2400EJOMN00175-DARK-BROWN-K_0068.png",453,250,false],"thumbnail":["https:\/\/turkishtrade.co\/wp-content\/uploads\/2026\/01\/2400EJOMN00175-DARK-BROWN-K_0068-150x150.png",150,150,true],"medium":["https:\/\/turkishtrade.co\/wp-content\/uploads\/2026\/01\/2400EJOMN00175-DARK-BROWN-K_0068-300x166.png",300,166,true],"medium_large":["https:\/\/turkishtrade.co\/wp-content\/uploads\/2026\/01\/2400EJOMN00175-DARK-BROWN-K_0068.png",453,250,false],"large":["https:\/\/turkishtrade.co\/wp-content\/uploads\/2026\/01\/2400EJOMN00175-DARK-BROWN-K_0068.png",453,250,false],"1536x1536":["https:\/\/turkishtrade.co\/wp-content\/uploads\/2026\/01\/2400EJOMN00175-DARK-BROWN-K_0068.png",453,250,false],"2048x2048":["https:\/\/turkishtrade.co\/wp-content\/uploads\/2026\/01\/2400EJOMN00175-DARK-BROWN-K_0068.png",453,250,false],"trp-custom-language-flag":["https:\/\/turkishtrade.co\/wp-content\/uploads\/2026\/01\/2400EJOMN00175-DARK-BROWN-K_0068-18x10.png",18,10,true],"woocommerce_thumbnail":["https:\/\/turkishtrade.co\/wp-content\/uploads\/2026\/01\/2400EJOMN00175-DARK-BROWN-K_0068-400x250.png",400,250,true],"woocommerce_single":["https:\/\/turkishtrade.co\/wp-content\/uploads\/2026\/01\/2400EJOMN00175-DARK-BROWN-K_0068.png",453,250,false],"woocommerce_gallery_thumbnail":["https:\/\/turkishtrade.co\/wp-content\/uploads\/2026\/01\/2400EJOMN00175-DARK-BROWN-K_0068-100x100.png",100,100,true]},"uagb_author_info":{"display_name":"yaser olabi","author_link":"https:\/\/turkishtrade.co\/tr\/author\/"},"uagb_comment_info":0,"uagb_excerpt":"Crafted from luxurious calfskin exterior and soft, breathable goat leather interior. Features a lightweight Microlight sole for exceptional comfort and flexibility. Elegant 1-3 cm heel height provides a refined and sophisticated profile. Available in timeless Navy Blue and rich Dark Brown to complement any wardrobe. Comprehensive size range: EU 39, 40, 41, 42, 43, 44,&hellip;","_links":{"self":[{"href":"https:\/\/turkishtrade.co\/tr\/wp-json\/wp\/v2\/product\/5452","targetHints":{"allow":["GET"]}}],"collection":[{"href":"https:\/\/turkishtrade.co\/tr\/wp-json\/wp\/v2\/product"}],"about":[{"href":"https:\/\/turkishtrade.co\/tr\/wp-json\/wp\/v2\/types\/product"}],"wp:featuredmedia":[{"embeddable":true,"href":"https:\/\/turkishtrade.co\/tr\/wp-json\/wp\/v2\/media\/3667"}],"wp:attachment":[{"href":"https:\/\/turkishtrade.co\/tr\/wp-json\/wp\/v2\/media?parent=5452"}],"wp:term":[{"taxonomy":"product_brand","embeddable":true,"href":"https:\/\/turkishtrade.co\/tr\/wp-json\/wp\/v2\/product_brand?post=5452"},{"taxonomy":"product_cat","embeddable":true,"href":"https:\/\/turkishtrade.co\/tr\/wp-json\/wp\/v2\/product_cat?post=5452"},{"taxonomy":"product_tag","embeddable":true,"href":"https:\/\/turkishtrade.co\/tr\/wp-json\/wp\/v2\/product_tag?post=5452"}],"curies":[{"name":"wp","href":"https:\/\/api.w.org\/{rel}","templated":true}]}}