{"id":5445,"date":"2026-01-14T12:00:41","date_gmt":"2026-01-14T12:00:41","guid":{"rendered":"https:\/\/turkishtrade.co\/product\/mens-leather-buckle-loafers-3\/"},"modified":"2026-04-09T19:34:01","modified_gmt":"2026-04-09T19:34:01","slug":"mens-leather-buckle-loafers-3","status":"publish","type":"product","link":"https:\/\/turkishtrade.co\/tr\/shop\/mens-leather-buckle-loafers-3\/","title":{"rendered":"Erkek Dana Derisi Tokal\u0131 P\u00fcsk\u00fcll\u00fc Loafer"},"content":{"rendered":"<p><strong>Erkek Deri Tokal\u0131 Loafer<\/strong><\/p>\n<p>Enfes tasar\u0131m\u0131m\u0131zla zamans\u0131z \u015f\u0131kl\u0131\u011fa ad\u0131m at\u0131n <strong>Erkek Deri Tokal\u0131 Loafer<\/strong>. Hem benzersiz bir stil hem de kal\u0131c\u0131 bir konfor sunmak i\u00e7in titizlikle haz\u0131rlanan bu mokasen ayakkab\u0131lar, se\u00e7ici beyefendiler i\u00e7in olmazsa olmazd\u0131r. Bizim <strong>Erkek Deri Tokal\u0131 Loafer<\/strong> ince i\u015f\u00e7ili\u011fi ve sofistike esteti\u011fi takdir edenler i\u00e7in tasarlanm\u0131\u015ft\u0131r ve i\u015f toplant\u0131lar\u0131ndan zarif sosyal toplant\u0131lara kadar \u00e7e\u015fitli durumlar i\u00e7in uygundur. Bu l\u00fcks <strong>Erkek Deri Tokal\u0131 Loafer<\/strong> geleneksel tasar\u0131m\u0131 modern giyilebilirlikle harmanlayarak klasik ayakkab\u0131lar\u0131n zirvesini temsil eder.<\/p>\n<h3>\u00dcst\u00fcn \u0130\u015f\u00e7ilik ve Malzemeler<\/h3>\n<p>Bu \u00e7arp\u0131c\u0131 \u00e7iftlerin her biri <strong>Erkek Deri Tokal\u0131 Loafer<\/strong> p\u00fcr\u00fczs\u00fcz dokusu, ola\u011fan\u00fcst\u00fc dayan\u0131kl\u0131l\u0131\u011f\u0131 ve zarif y\u00fczeyiyle bilinen en iyi Dana Derisinden yap\u0131lm\u0131\u015f l\u00fcks bir d\u0131\u015f y\u00fczeye sahiptir. \u0130\u00e7 k\u0131sm\u0131 son derece yumu\u015fak Ke\u00e7i Derisi ile titizlikle astarlanm\u0131\u015ft\u0131r ve her ad\u0131mda nefes alabilir ve rahat bir deneyim sa\u011flar. Birinci s\u0131n\u0131f derilerin bu kombinasyonu yaln\u0131zca zarif bir g\u00f6r\u00fcn\u00fcm de\u011fil, ayn\u0131 zamanda ola\u011fan\u00fcst\u00fc uzun \u00f6m\u00fcrl\u00fcl\u00fck de sa\u011flar. Kendine \u00f6zg\u00fc toka ve p\u00fcsk\u00fcl detaylar\u0131 klasik bir \u00e7ekicilik katarak bu ayakkab\u0131y\u0131 <strong>Erkek Deri Tokal\u0131 Loafer<\/strong> S\u0131radanl\u0131ktan uzakla\u015f\u0131r ve se\u00e7kin bir g\u00f6r\u00fcn\u00fcm sa\u011flar.<\/p>\n<h3>E\u015fsiz Konfor ve Destek<\/h3>\n<p>Tasar\u0131m felsefemizde konfor her \u015feyden \u00f6nemlidir. Bunlar <strong>Erkek Deri Tokal\u0131 Loafer<\/strong> \u00fcst\u00fcn yast\u0131klama ve esneklik sa\u011flamak i\u00e7in ustal\u0131kla tasarlanm\u0131\u015f hafif Microlight tabana sahiptir. Hafif 1-3 cm topuk, hafif bir y\u00fckselti sunarak konfordan \u00f6d\u00fcn vermeden duru\u015fu iyile\u015ftirir ve bu mokasenleri uzun s\u00fcreli kullan\u0131m i\u00e7in m\u00fckemmel hale getirir. 39'dan 45'e kadar kapsaml\u0131 bir beden yelpazesinde mevcut olan bu ayakkab\u0131lar, her aya\u011fa m\u00fckemmel uyum sa\u011flayarak yeni ayakkab\u0131n\u0131zla g\u00fcvenle ve kolayl\u0131kla y\u00fcr\u00fcmenizi sa\u011flar. <strong>Erkek Deri Tokal\u0131 Loafer<\/strong>. Tarz\u0131n\u0131zdan \u00f6d\u00fcn vermeden g\u00fcn boyu konforu ya\u015fay\u0131n.<\/p>\n<h3>Her Durum i\u00e7in \u00c7ok Y\u00f6nl\u00fc Stil<\/h3>\n<p>\u0130ster resmi bir etkinlik i\u00e7in giyiniyor olun, ister \u015f\u0131k g\u00fcndelik k\u0131yafetlerinizi daha da g\u00fczelle\u015ftirmek istiyor olun, bu <strong>Erkek Deri Tokal\u0131 Loafer<\/strong> ideal bir se\u00e7imdir. Klasik tasar\u0131mlar\u0131 sayesinde son derece \u00e7ok y\u00f6nl\u00fcd\u00fcr; tak\u0131m elbiseler, \u00f6zel dikim pantolonlar ve hatta birinci s\u0131n\u0131f kot pantolonlarla zahmetsizce e\u015fle\u015fir. Bir \u00e7ift bu modele yat\u0131r\u0131m yap\u0131n <strong>Erkek Deri Tokal\u0131 Loafer<\/strong> ve gard\u0131robunuza zarif bir sofistike dokunu\u015f katarak her zaman kal\u0131c\u0131 bir izlenim b\u0131rakman\u0131z\u0131 sa\u011flar. Geleneksel ve \u00e7a\u011fda\u015f tarz\u0131n m\u00fckemmel kar\u0131\u015f\u0131m\u0131n\u0131 bu temel par\u00e7alarla deneyimleyin <strong>Erkek Deri Tokal\u0131 Loafer<\/strong>, Moda bilincine sahip her birey i\u00e7in ger\u00e7ek bir elyaft\u0131r.<\/p>\n<h3>Toptan Sat\u0131\u015f F\u0131rsat\u0131<\/h3>\n<p>Perakendeciler ve i\u015fletmeler i\u00e7in bu ola\u011fan\u00fcst\u00fc <strong>Erkek Deri Tokal\u0131 Loafer<\/strong> toptan sat\u0131n al\u0131nabilir. Sadece 8 \u00e7iftlik minimum sipari\u015f miktar\u0131yla, envanterinizi sofistike bir m\u00fc\u015fteri kitlesine hitap eden y\u00fcksek kaliteli, talep g\u00f6ren ayakkab\u0131larla kolayca stoklayabilirsiniz. Her sipari\u015f verimli bir \u015fekilde i\u015flenir, teslimat s\u00fcresi yakla\u015f\u0131k 12 g\u00fcn art\u0131 nakliye ile m\u00fc\u015fterilerinizin l\u00fcks ayakkab\u0131lar\u0131n\u0131 teslim almas\u0131n\u0131 sa\u011flar. <strong>Erkek Deri Tokal\u0131 Loafer<\/strong> derhal. M\u00fc\u015fterilerinize kalite, konfor ve zamans\u0131z moday\u0131 \u00f6rnekleyen bir \u00fcr\u00fcn sunarak m\u00fc\u015fteri memnuniyetini ve i\u015f tekrar\u0131n\u0131 art\u0131r\u0131n.<\/p>","protected":false},"excerpt":{"rendered":"<ul>\n<li>Birinci s\u0131n\u0131f Dana Derisi d\u0131\u015f y\u00fczey ve yumu\u015fak Ke\u00e7i Derisi i\u00e7 k\u0131s\u0131mdan \u00fcretilmi\u015ftir.<\/li>\n<li>Sofistike bir g\u00f6r\u00fcn\u00fcm i\u00e7in \u015f\u0131k bir toka ve sa\u00e7ak tasar\u0131m\u0131na sahiptir.<\/li>\n<li>\u0130nce 1-3 cm topuk y\u00fcksekli\u011fine sahip rahat Microlight taban.<\/li>\n<li>M\u00fckemmel uyum i\u00e7in 39-45 aras\u0131 geni\u015f bir beden yelpazesinde mevcuttur.<\/li>\n<li>Minimum sipari\u015f miktar\u0131: 8 \u00e7ift, toptan ve toplu al\u0131mlar i\u00e7in idealdir.<\/li>\n<li>Bu zamans\u0131z ve \u00e7ok y\u00f6nl\u00fc elbise ayakkab\u0131lar\u0131yla gard\u0131robunuzu y\u00fckseltin.<\/li>\n<\/ul>","protected":false},"featured_media":3662,"template":"","meta":{"_acf_changed":false,"_uag_custom_page_level_css":"","site-sidebar-layout":"default","site-content-layout":"","ast-site-content-layout":"default","site-content-style":"default","site-sidebar-style":"default","ast-global-header-display":"","ast-banner-title-visibility":"","ast-main-header-display":"","ast-hfb-above-header-display":"","ast-hfb-below-header-display":"","ast-hfb-mobile-header-display":"","site-post-title":"","ast-breadcrumbs-content":"","ast-featured-img":"","footer-sml-layout":"","ast-disable-related-posts":"","theme-transparent-header-meta":"default","adv-header-id-meta":"","stick-header-meta":"","header-above-stick-meta":"","header-main-stick-meta":"","header-below-stick-meta":"","astra-migrate-meta-layouts":"set","ast-page-background-enabled":"default","ast-page-background-meta":{"desktop":{"background-color":"var(--ast-global-color-4)","background-image":"","background-repeat":"repeat","background-position":"center center","background-size":"auto","background-attachment":"scroll","background-type":"","background-media":"","overlay-type":"","overlay-color":"","overlay-opacity":"","overlay-gradient":""},"tablet":{"background-color":"","background-image":"","background-repeat":"repeat","background-position":"center center","background-size":"auto","background-attachment":"scroll","background-type":"","background-media":"","overlay-type":"","overlay-color":"","overlay-opacity":"","overlay-gradient":""},"mobile":{"background-color":"","background-image":"","background-repeat":"repeat","background-position":"center center","background-size":"auto","background-attachment":"scroll","background-type":"","background-media":"","overlay-type":"","overlay-color":"","overlay-opacity":"","overlay-gradient":""}},"ast-content-background-meta":{"desktop":{"background-color":"var(--ast-global-color-5)","background-image":"","background-repeat":"repeat","background-position":"center center","background-size":"auto","background-attachment":"scroll","background-type":"","background-media":"","overlay-type":"","overlay-color":"","overlay-opacity":"","overlay-gradient":""},"tablet":{"background-color":"var(--ast-global-color-5)","background-image":"","background-repeat":"repeat","background-position":"center center","background-size":"auto","background-attachment":"scroll","background-type":"","background-media":"","overlay-type":"","overlay-color":"","overlay-opacity":"","overlay-gradient":""},"mobile":{"background-color":"var(--ast-global-color-5)","background-image":"","background-repeat":"repeat","background-position":"center center","background-size":"auto","background-attachment":"scroll","background-type":"","background-media":"","overlay-type":"","overlay-color":"","overlay-opacity":"","overlay-gradient":""}}},"product_brand":[],"product_cat":[48,47,49,430,40],"product_tag":[635,147,315,202,284,251,483,437,227,217,198,186,466,250,546,281],"class_list":{"0":"post-5445","1":"product","2":"type-product","3":"status-publish","4":"has-post-thumbnail","6":"product_cat-casual","7":"product_cat-classic","8":"product_cat-loafer","9":"product_cat-men","10":"product_cat-mens-shoes","11":"product_tag-blue-loafers","12":"product_tag-brown-loafers","13":"product_tag-buckle-loafers","14":"product_tag-calf-leather","15":"product_tag-dress-shoes","16":"product_tag-formal-shoes","17":"product_tag-fringe-loafers","18":"product_tag-goat-leather","19":"product_tag-leather-shoes","20":"product_tag-luxury-footwear","21":"product_tag-mens-fashion","22":"product_tag-mens-loafers","23":"product_tag-microlight-sole","24":"product_tag-premium-leather","25":"product_tag-stylish-mens-shoes","26":"product_tag-wholesale-shoes","27":"desktop-align-center","28":"tablet-align-center","29":"mobile-align-center","31":"first","32":"instock","33":"shipping-taxable","34":"purchasable","35":"product-type-variable","36":"has-default-attributes"},"acf":[],"uagb_featured_image_src":{"full":["https:\/\/turkishtrade.co\/wp-content\/uploads\/2026\/01\/2400EJOMN00086-BROWN-Y_876.png",453,250,false],"thumbnail":["https:\/\/turkishtrade.co\/wp-content\/uploads\/2026\/01\/2400EJOMN00086-BROWN-Y_876-150x150.png",150,150,true],"medium":["https:\/\/turkishtrade.co\/wp-content\/uploads\/2026\/01\/2400EJOMN00086-BROWN-Y_876-300x166.png",300,166,true],"medium_large":["https:\/\/turkishtrade.co\/wp-content\/uploads\/2026\/01\/2400EJOMN00086-BROWN-Y_876.png",453,250,false],"large":["https:\/\/turkishtrade.co\/wp-content\/uploads\/2026\/01\/2400EJOMN00086-BROWN-Y_876.png",453,250,false],"1536x1536":["https:\/\/turkishtrade.co\/wp-content\/uploads\/2026\/01\/2400EJOMN00086-BROWN-Y_876.png",453,250,false],"2048x2048":["https:\/\/turkishtrade.co\/wp-content\/uploads\/2026\/01\/2400EJOMN00086-BROWN-Y_876.png",453,250,false],"trp-custom-language-flag":["https:\/\/turkishtrade.co\/wp-content\/uploads\/2026\/01\/2400EJOMN00086-BROWN-Y_876-18x10.png",18,10,true],"woocommerce_thumbnail":["https:\/\/turkishtrade.co\/wp-content\/uploads\/2026\/01\/2400EJOMN00086-BROWN-Y_876-400x250.png",400,250,true],"woocommerce_single":["https:\/\/turkishtrade.co\/wp-content\/uploads\/2026\/01\/2400EJOMN00086-BROWN-Y_876.png",453,250,false],"woocommerce_gallery_thumbnail":["https:\/\/turkishtrade.co\/wp-content\/uploads\/2026\/01\/2400EJOMN00086-BROWN-Y_876-100x100.png",100,100,true]},"uagb_author_info":{"display_name":"yaser olabi","author_link":"https:\/\/turkishtrade.co\/tr\/author\/"},"uagb_comment_info":0,"uagb_excerpt":"Crafted from premium Calf Leather exterior and soft Goat Leather interior. Features a stylish buckle and fringe design for a sophisticated look. Comfortable Microlight sole with a subtle 1-3 cm heel height. Available in a wide range of sizes from 39-45 for a perfect fit. Minimum order quantity: 8 pairs, ideal for wholesale and bulk&hellip;","_links":{"self":[{"href":"https:\/\/turkishtrade.co\/tr\/wp-json\/wp\/v2\/product\/5445","targetHints":{"allow":["GET"]}}],"collection":[{"href":"https:\/\/turkishtrade.co\/tr\/wp-json\/wp\/v2\/product"}],"about":[{"href":"https:\/\/turkishtrade.co\/tr\/wp-json\/wp\/v2\/types\/product"}],"wp:featuredmedia":[{"embeddable":true,"href":"https:\/\/turkishtrade.co\/tr\/wp-json\/wp\/v2\/media\/3662"}],"wp:attachment":[{"href":"https:\/\/turkishtrade.co\/tr\/wp-json\/wp\/v2\/media?parent=5445"}],"wp:term":[{"taxonomy":"product_brand","embeddable":true,"href":"https:\/\/turkishtrade.co\/tr\/wp-json\/wp\/v2\/product_brand?post=5445"},{"taxonomy":"product_cat","embeddable":true,"href":"https:\/\/turkishtrade.co\/tr\/wp-json\/wp\/v2\/product_cat?post=5445"},{"taxonomy":"product_tag","embeddable":true,"href":"https:\/\/turkishtrade.co\/tr\/wp-json\/wp\/v2\/product_tag?post=5445"}],"curies":[{"name":"wp","href":"https:\/\/api.w.org\/{rel}","templated":true}]}}