{"id":5442,"date":"2026-01-14T11:59:51","date_gmt":"2026-01-14T11:59:51","guid":{"rendered":"https:\/\/turkishtrade.co\/product\/mens-leather-tassel-loafers-2\/"},"modified":"2026-04-09T19:34:07","modified_gmt":"2026-04-09T19:34:07","slug":"mens-leather-tassel-loafers-2","status":"publish","type":"product","link":"https:\/\/turkishtrade.co\/tr\/shop\/mens-leather-tassel-loafers-2\/","title":{"rendered":"Premium El Yap\u0131m\u0131 Erkek Deri P\u00fcsk\u00fcll\u00fc Loafer"},"content":{"rendered":"<p><strong>Erkek Deri P\u00fcsk\u00fcll\u00fc Loafer<\/strong><\/p>\n<p>Enfes ayakkab\u0131 koleksiyonumuzla ayakkab\u0131 koleksiyonunuzu y\u00fckseltin <strong>Erkek Deri P\u00fcsk\u00fcll\u00fc Loafer<\/strong>, Hem stil hem de konfora \u00f6nem veren se\u00e7ici beyefendiler i\u00e7in tasarland\u0131. Zamans\u0131z tasar\u0131m\u0131n ve \u00fcst\u00fcn i\u015f\u00e7ili\u011fin ger\u00e7ek bir kan\u0131t\u0131 olan bu mokasen ayakkab\u0131lar, hem resmi hem de \u015f\u0131k g\u00fcndelik tak\u0131mlara sofistike bir dokunu\u015f katmak i\u00e7in m\u00fckemmeldir. Zengin kahverengi ve klasik lacivert renkleri bulunan bu el yap\u0131m\u0131 mokasen ayakkab\u0131lar bir ayakkab\u0131dan \u00e7ok daha fazlas\u0131d\u0131r; kal\u0131c\u0131 \u015f\u0131kl\u0131\u011fa yap\u0131lan bir yat\u0131r\u0131md\u0131r.<\/p>\n<h3>Benzersiz \u0130\u015f\u00e7ilik ve \u00dcst\u00fcn Kaliteli Malzemeler<\/h3>\n<p>Bu birinci s\u0131n\u0131f mokasenlerin her bir \u00e7ifti, yetenekli zanaatk\u00e2rlar taraf\u0131ndan titizlikle \u00fcretilerek ola\u011fan\u00fcst\u00fc kalite ve detaylara g\u00f6sterilen \u00f6zen sa\u011flan\u0131r. D\u0131\u015f y\u00fczeyi, p\u00fcr\u00fczs\u00fcz dokusu, dayan\u0131kl\u0131l\u0131\u011f\u0131 ve zaman i\u00e7inde g\u00fczel bir patine geli\u015ftirme yetene\u011fi ile bilinen l\u00fcks dana derisine sahiptir. Bu da bizim <strong>Erkek Deri P\u00fcsk\u00fcll\u00fc Loafer<\/strong> sadece \u015f\u0131k de\u011fil ayn\u0131 zamanda uzun \u00f6m\u00fcrl\u00fcd\u00fcr. Sa\u011flam d\u0131\u015f y\u00fczeyi tamamlayan i\u00e7 k\u0131s\u0131m, inan\u0131lmaz yumu\u015fak ke\u00e7i derisiyle astarlanm\u0131\u015ft\u0131r ve g\u00fcn boyunca ayaklar\u0131n\u0131z i\u00e7in nefes alabilir ve rahat bir ortam sa\u011flar. Bu kombinasyon her ad\u0131mda l\u00fcks bir his sa\u011flar.<\/p>\n<p>Bu ola\u011fan\u00fcst\u00fc ayakkab\u0131lar\u0131n temeli yenilik\u00e7i Microlight taband\u0131r. Bu hafif ama dayan\u0131kl\u0131 taban m\u00fckemmel esneklik ve destek sunarak zahmetsizce hareket etmeyi sa\u011flar ve yorgunlu\u011fu azalt\u0131r. 1-3 cm'lik ince topuk y\u00fcksekli\u011fi ile bu loafer ayakkab\u0131lar, konfordan \u00f6d\u00fcn vermeden do\u011fru miktarda y\u00fckselme sa\u011flayarak uzun s\u00fcreli kullan\u0131m i\u00e7in idealdir. S\u0131rt k\u0131sm\u0131ndaki zarif p\u00fcsk\u00fcl detay\u0131 klasik bir dokunu\u015f katarak \u00f6ne \u00e7\u0131kan rafine bir esteti\u011fi somutla\u015ft\u0131r\u0131r.<\/p>\n<h3>\u00c7ok Y\u00f6nl\u00fcl\u00fck ve Kullan\u0131labilirlik<\/h3>\n<p>\u0130ster bir i\u015f toplant\u0131s\u0131na, ister sofistike bir ak\u015fam etkinli\u011fine gidiyor olun, ister sadece keyifli bir hafta sonunun tad\u0131n\u0131 \u00e7\u0131kar\u0131n, bu <strong>Erkek Deri P\u00fcsk\u00fcll\u00fc Loafer<\/strong> \u00e7e\u015fitli durumlara sorunsuzca uyum sa\u011flar. Keskin ve profesyonel bir g\u00f6r\u00fcn\u00fcm i\u00e7in \u00f6zel dikim tak\u0131m elbiselerle e\u015fle\u015ftirin ya da g\u00fcndelik bir \u00e7ekicilik i\u00e7in chino pantolonlarla veya ak\u0131ll\u0131 pantolonlarla giydirin. Bu mokasen ayakkab\u0131lar\u0131n \u00e7ok y\u00f6nl\u00fcl\u00fc\u011f\u00fc, onlar\u0131 her modern erke\u011fin gard\u0131robuna \u00f6nemli bir katk\u0131 haline getiriyor.<\/p>\n<p>Bu zarif mokasen ayakkab\u0131lar\u0131 39'dan 45'e kadar kapsaml\u0131 bir beden yelpazesinde sunarak \u00e7ok \u00e7e\u015fitli m\u00fc\u015fteriler i\u00e7in m\u00fckemmel bir uyum sa\u011fl\u0131yoruz. Y\u00fcksek kaliteli erkek ayakkab\u0131s\u0131 stoklamak isteyen perakendeciler ve i\u015fletmeler i\u00e7in, bu mokasen ayakkab\u0131lar yaln\u0131zca 8 \u00e7iftlik minimum sipari\u015f miktar\u0131yla mevcuttur ve bu da onlar\u0131 toptan sat\u0131\u015f i\u00e7in m\u00fckemmel bir se\u00e7im haline getirir. \u00c7ift ba\u015f\u0131na rekabet\u00e7i USD fiyat\u0131 ve tahmini 12 g\u00fcn art\u0131 nakliye s\u00fcresi ile \u00fcr\u00fcn tekliflerinizi ger\u00e7ekten se\u00e7kin bir \u00fcr\u00fcnle h\u0131zl\u0131 ve verimli bir \u015fekilde geli\u015ftirebilirsiniz.<\/p>\n<p>Bug\u00fcn bir \u00e7ift el yap\u0131m\u0131 Erkek Deri P\u00fcsk\u00fcll\u00fc Loafer'\u0131m\u0131za yat\u0131r\u0131m yap\u0131n ve gelenek, kalite ve \u00e7a\u011fda\u015f stilin m\u00fckemmel kar\u0131\u015f\u0131m\u0131n\u0131 deneyimleyin.<\/p>","protected":false},"excerpt":{"rendered":"<ul>\n<li>Birinci s\u0131n\u0131f Dana Derisi d\u0131\u015f y\u00fczey ve yumu\u015fak Ke\u00e7i Derisi i\u00e7 k\u0131s\u0131mdan el yap\u0131m\u0131 olarak \u00fcretilmi\u015ftir.<\/li>\n<li>1-3 cm topu\u011fa sahip hafif ve rahat Microlight tabana sahiptir.<\/li>\n<li>Klasik ve zarif bir g\u00f6r\u00fcn\u00fcm i\u00e7in zarif p\u00fcsk\u00fcl detaylar\u0131.<\/li>\n<li>Geni\u015f bir beden yelpazesinde mevcuttur: 39, 40, 41, 42, 43, 44, 45.<\/li>\n<li>Minimum sipari\u015f miktar\u0131: 8 \u00e7ift, toptan ve perakendeciler i\u00e7in idealdir.<\/li>\n<li>Fiyat: \u00c7ift ba\u015f\u0131na USD.<\/li>\n<\/ul>","protected":false},"featured_media":3660,"template":"","meta":{"_acf_changed":false,"_uag_custom_page_level_css":"","site-sidebar-layout":"default","site-content-layout":"","ast-site-content-layout":"default","site-content-style":"default","site-sidebar-style":"default","ast-global-header-display":"","ast-banner-title-visibility":"","ast-main-header-display":"","ast-hfb-above-header-display":"","ast-hfb-below-header-display":"","ast-hfb-mobile-header-display":"","site-post-title":"","ast-breadcrumbs-content":"","ast-featured-img":"","footer-sml-layout":"","ast-disable-related-posts":"","theme-transparent-header-meta":"default","adv-header-id-meta":"","stick-header-meta":"","header-above-stick-meta":"","header-main-stick-meta":"","header-below-stick-meta":"","astra-migrate-meta-layouts":"set","ast-page-background-enabled":"default","ast-page-background-meta":{"desktop":{"background-color":"var(--ast-global-color-4)","background-image":"","background-repeat":"repeat","background-position":"center center","background-size":"auto","background-attachment":"scroll","background-type":"","background-media":"","overlay-type":"","overlay-color":"","overlay-opacity":"","overlay-gradient":""},"tablet":{"background-color":"","background-image":"","background-repeat":"repeat","background-position":"center center","background-size":"auto","background-attachment":"scroll","background-type":"","background-media":"","overlay-type":"","overlay-color":"","overlay-opacity":"","overlay-gradient":""},"mobile":{"background-color":"","background-image":"","background-repeat":"repeat","background-position":"center center","background-size":"auto","background-attachment":"scroll","background-type":"","background-media":"","overlay-type":"","overlay-color":"","overlay-opacity":"","overlay-gradient":""}},"ast-content-background-meta":{"desktop":{"background-color":"var(--ast-global-color-5)","background-image":"","background-repeat":"repeat","background-position":"center center","background-size":"auto","background-attachment":"scroll","background-type":"","background-media":"","overlay-type":"","overlay-color":"","overlay-opacity":"","overlay-gradient":""},"tablet":{"background-color":"var(--ast-global-color-5)","background-image":"","background-repeat":"repeat","background-position":"center center","background-size":"auto","background-attachment":"scroll","background-type":"","background-media":"","overlay-type":"","overlay-color":"","overlay-opacity":"","overlay-gradient":""},"mobile":{"background-color":"var(--ast-global-color-5)","background-image":"","background-repeat":"repeat","background-position":"center center","background-size":"auto","background-attachment":"scroll","background-type":"","background-media":"","overlay-type":"","overlay-color":"","overlay-opacity":"","overlay-gradient":""}}},"product_brand":[],"product_cat":[48,47,49,430,40],"product_tag":[635,147,202,449,284,251,437,450,227,148,217,466,349],"class_list":{"0":"post-5442","1":"product","2":"type-product","3":"status-publish","4":"has-post-thumbnail","6":"product_cat-casual","7":"product_cat-classic","8":"product_cat-loafer","9":"product_cat-men","10":"product_cat-mens-shoes","11":"product_tag-blue-loafers","12":"product_tag-brown-loafers","13":"product_tag-calf-leather","14":"product_tag-casual-shoes","15":"product_tag-dress-shoes","16":"product_tag-formal-shoes","17":"product_tag-goat-leather","18":"product_tag-handcrafted-shoes","19":"product_tag-leather-shoes","20":"product_tag-loafers","21":"product_tag-luxury-footwear","22":"product_tag-microlight-sole","23":"product_tag-tassel-loafers","24":"desktop-align-center","25":"tablet-align-center","26":"mobile-align-center","28":"first","29":"instock","30":"shipping-taxable","31":"purchasable","32":"product-type-variable","33":"has-default-attributes"},"acf":[],"uagb_featured_image_src":{"full":["https:\/\/turkishtrade.co\/wp-content\/uploads\/2026\/01\/2400EJOMN00084-DARK-BLUE-K_0069.png",453,250,false],"thumbnail":["https:\/\/turkishtrade.co\/wp-content\/uploads\/2026\/01\/2400EJOMN00084-DARK-BLUE-K_0069-150x150.png",150,150,true],"medium":["https:\/\/turkishtrade.co\/wp-content\/uploads\/2026\/01\/2400EJOMN00084-DARK-BLUE-K_0069-300x166.png",300,166,true],"medium_large":["https:\/\/turkishtrade.co\/wp-content\/uploads\/2026\/01\/2400EJOMN00084-DARK-BLUE-K_0069.png",453,250,false],"large":["https:\/\/turkishtrade.co\/wp-content\/uploads\/2026\/01\/2400EJOMN00084-DARK-BLUE-K_0069.png",453,250,false],"1536x1536":["https:\/\/turkishtrade.co\/wp-content\/uploads\/2026\/01\/2400EJOMN00084-DARK-BLUE-K_0069.png",453,250,false],"2048x2048":["https:\/\/turkishtrade.co\/wp-content\/uploads\/2026\/01\/2400EJOMN00084-DARK-BLUE-K_0069.png",453,250,false],"trp-custom-language-flag":["https:\/\/turkishtrade.co\/wp-content\/uploads\/2026\/01\/2400EJOMN00084-DARK-BLUE-K_0069-18x10.png",18,10,true],"woocommerce_thumbnail":["https:\/\/turkishtrade.co\/wp-content\/uploads\/2026\/01\/2400EJOMN00084-DARK-BLUE-K_0069-400x250.png",400,250,true],"woocommerce_single":["https:\/\/turkishtrade.co\/wp-content\/uploads\/2026\/01\/2400EJOMN00084-DARK-BLUE-K_0069.png",453,250,false],"woocommerce_gallery_thumbnail":["https:\/\/turkishtrade.co\/wp-content\/uploads\/2026\/01\/2400EJOMN00084-DARK-BLUE-K_0069-100x100.png",100,100,true]},"uagb_author_info":{"display_name":"yaser olabi","author_link":"https:\/\/turkishtrade.co\/tr\/author\/"},"uagb_comment_info":0,"uagb_excerpt":"Handcrafted from premium Calf Leather exterior and soft Goat Leather interior. Features a lightweight and comfortable Microlight sole with a 1-3 cm heel. Elegant tassel detailing for a classic and refined look. Available in a wide range of sizes: 39, 40, 41, 42, 43, 44, 45. Minimum order quantity: 8 pairs, ideal for wholesale and&hellip;","_links":{"self":[{"href":"https:\/\/turkishtrade.co\/tr\/wp-json\/wp\/v2\/product\/5442","targetHints":{"allow":["GET"]}}],"collection":[{"href":"https:\/\/turkishtrade.co\/tr\/wp-json\/wp\/v2\/product"}],"about":[{"href":"https:\/\/turkishtrade.co\/tr\/wp-json\/wp\/v2\/types\/product"}],"wp:featuredmedia":[{"embeddable":true,"href":"https:\/\/turkishtrade.co\/tr\/wp-json\/wp\/v2\/media\/3660"}],"wp:attachment":[{"href":"https:\/\/turkishtrade.co\/tr\/wp-json\/wp\/v2\/media?parent=5442"}],"wp:term":[{"taxonomy":"product_brand","embeddable":true,"href":"https:\/\/turkishtrade.co\/tr\/wp-json\/wp\/v2\/product_brand?post=5442"},{"taxonomy":"product_cat","embeddable":true,"href":"https:\/\/turkishtrade.co\/tr\/wp-json\/wp\/v2\/product_cat?post=5442"},{"taxonomy":"product_tag","embeddable":true,"href":"https:\/\/turkishtrade.co\/tr\/wp-json\/wp\/v2\/product_tag?post=5442"}],"curies":[{"name":"wp","href":"https:\/\/api.w.org\/{rel}","templated":true}]}}