{"id":5440,"date":"2026-01-14T11:59:32","date_gmt":"2026-01-14T11:59:32","guid":{"rendered":"https:\/\/turkishtrade.co\/product\/mens-luxury-leather-loafers\/"},"modified":"2026-04-09T19:34:09","modified_gmt":"2026-04-09T19:34:09","slug":"mens-luxury-leather-loafers","status":"publish","type":"product","link":"https:\/\/turkishtrade.co\/tr\/shop\/mens-luxury-leather-loafers\/","title":{"rendered":"Zarif Erkek Siyah L\u00fcks Deri Loafer'lar"},"content":{"rendered":"<p><strong>Erkek L\u00fcks Deri Loafer'lar<\/strong><\/p>\n<p>Elegant Erkek Siyah L\u00fcks Deri Loafer'lar\u0131m\u0131zla sofistikeli\u011fin \u00f6z\u00fcn\u00fc ke\u015ffedin. Se\u00e7ici beyefendiler i\u00e7in titizlikle haz\u0131rlanm\u0131\u015f bu <b>Erkek L\u00fcks Deri Loafer'lar<\/b> zamans\u0131z tasar\u0131m\u0131 modern konforla harmanl\u0131yor. Her bir \u00e7ift, \u00fcst\u00fcn i\u015f\u00e7ili\u011fin bir kan\u0131t\u0131d\u0131r ve ister resmi bir etkinlik, ister bir i\u015f toplant\u0131s\u0131 veya sofistike bir g\u00fcndelik toplant\u0131 olsun, \u015f\u0131k bir \u015fekilde d\u0131\u015far\u0131 \u00e7\u0131kman\u0131z\u0131 sa\u011flar. Bu birinci s\u0131n\u0131f mokasen ayakkab\u0131lar sadece ayakkab\u0131 de\u011fildir; kal\u0131c\u0131 \u015f\u0131kl\u0131\u011fa yap\u0131lan bir yat\u0131r\u0131md\u0131r.<\/p>\n<h3>Rakipsiz \u0130\u015f\u00e7ilik ve Birinci S\u0131n\u0131f Malzemeler<\/h3>\n<p>Bizim <b>Erkek L\u00fcks Deri Loafer'lar<\/b> p\u00fcr\u00fczs\u00fcz dokusu, ola\u011fan\u00fcst\u00fc dayan\u0131kl\u0131l\u0131\u011f\u0131 ve l\u00fcks parlakl\u0131\u011f\u0131 ile tan\u0131nan hakiki dana derisinden yap\u0131lm\u0131\u015f zarif bir d\u0131\u015f y\u00fczeye sahiptir. Derin, zengin siyah tonu, her gard\u0131rop i\u00e7in \u00e7ok y\u00f6nl\u00fc bir temel olu\u015fturarak bu <b>Erkek L\u00fcks Deri Loafer'lar<\/b> modern erkek i\u00e7in vazge\u00e7ilmez bir eklentidir. Sa\u011flam d\u0131\u015f y\u00fczeyi tamamlayan, son derece yumu\u015fak ke\u00e7i derisiyle astarlanm\u0131\u015f i\u00e7 k\u0131s\u0131m, her ad\u0131mda benzersiz bir nefes alabilirlik ve pel\u00fc\u015f bir his sunar. Bu \u00f6zenli kombinasyon, maksimum konfor sa\u011flayarak bu zarif ayakkab\u0131y\u0131 giymenize olanak tan\u0131r. <b>Erkek L\u00fcks Deri Loafer'lar<\/b> G\u00fcn boyu l\u00fcksten veya histen \u00f6d\u00fcn vermeden.<\/p>\n<p>Bu istisnai \u00e7al\u0131\u015fmalar\u0131n temeli <b>Erkek L\u00fcks Deri Loafer'lar<\/b> hafif ancak inan\u0131lmaz derecede dayan\u0131kl\u0131 Microlight taband\u0131r. Bu yenilik\u00e7i taban m\u00fckemmel tutu\u015f ve esneklik sa\u011flayarak ayakkab\u0131n\u0131n genel konforuna ve uzun \u00f6m\u00fcrl\u00fcl\u00fc\u011f\u00fcne \u00f6nemli \u00f6l\u00e7\u00fcde katk\u0131da bulunur. 1-3 cm'lik ince topuk y\u00fcksekli\u011fi ile bu <b>Erkek L\u00fcks Deri Loafer'lar<\/b> duru\u015funuzu ve varl\u0131\u011f\u0131n\u0131z\u0131 geli\u015ftiren, kal\u0131c\u0131 bir izlenim b\u0131rakmak i\u00e7in m\u00fckemmel olan zarif bir kald\u0131r\u0131\u015f sunar. 39'dan 45'e kadar geni\u015f bir beden yelpazesinde mevcut olan koleksiyonumuz aras\u0131ndan size en uygun olan\u0131 bulun <b>Erkek L\u00fcks Deri Loafer'lar<\/b> zahmetsizdir.<\/p>\n<h3>Stil ve \u00c7ok Y\u00f6nl\u00fcl\u00fc\u011f\u00fcn M\u00fckemmel Kar\u0131\u015f\u0131m\u0131<\/h3>\n<p>Bunlar <b>Erkek L\u00fcks Deri Loafer'lar<\/b> uyarlanabilir stilleriyle ortamlar\u0131n \u00f6tesine ge\u00e7mek i\u00e7in tasarlanm\u0131\u015ft\u0131r. \u015e\u0131k silueti ve vampir k\u0131sm\u0131ndaki se\u00e7kin alt\u0131n tonlu vurgu, ayr\u0131cal\u0131kl\u0131 ve sofistike bir dokunu\u015f katarak onlar\u0131 \u00e7ok \u00e7e\u015fitli ortamlar i\u00e7in uygun hale getirir. Y\u00fcksek riskli i\u015f toplant\u0131lar\u0131ndan \u015f\u0131k ak\u015fam suirelerine veya \u015f\u0131k g\u00fcndelik gezilere kadar, bu mokasen ayakkab\u0131lar kusursuz bir \u015fekilde giyinmenizi sa\u011flayacakt\u0131r. Bir \u00e7ift mokasene yat\u0131r\u0131m yap\u0131n <b>Erkek L\u00fcks Deri Loafer'lar<\/b> t\u00fcm tak\u0131m\u0131n\u0131z\u0131 y\u00fckseltmeyi ve kusursuz zevkinizi yans\u0131tmay\u0131 vaat ediyor.<\/p>\n<h3>Toplu Sipari\u015f Avantajlar\u0131 ve G\u00fcvenilir Teslimat<\/h3>\n<p>Y\u00fcksek kaliteli ayakkab\u0131 arayan perakendeciler ve i\u015fletmeler i\u00e7in <b>Erkek L\u00fcks Deri Loafer'lar<\/b> minimum 8 \u00e7ift sipari\u015fle toplu olarak sat\u0131n al\u0131nabilir. \u00c7ifti sadece USD olarak rekabet\u00e7i bir \u015fekilde fiyatland\u0131r\u0131lan bu mokasen ayakkab\u0131lar, l\u00fcks veya kaliteden \u00f6d\u00fcn vermeden m\u00fckemmel bir de\u011feri temsil eder. Tahmini teslimat s\u00fcresi 12 g\u00fcn, art\u0131 nakliye ile kolayla\u015ft\u0131r\u0131lm\u0131\u015f bir s\u00fcre\u00e7 sa\u011fl\u0131yoruz, b\u00f6ylece sipari\u015finiz <b>Erkek L\u00fcks Deri Loafer'lar<\/b> h\u0131zl\u0131 ve verimli bir \u015fekilde ula\u015f\u0131r. Bu birinci s\u0131n\u0131f mokasen ayakkab\u0131larla envanterinizi y\u00fckseltin ve m\u00fc\u015fterilerinize \u015f\u0131kl\u0131k, konfor ve \u00fcst\u00fcn i\u015f\u00e7ilik \u00f6rne\u011fi bir \u00fcr\u00fcn sunun.<\/p>","protected":false},"excerpt":{"rendered":"<ul>\n<li><b>D\u0131\u015f Malzeme:<\/b> \u015e\u0131k ve parlak bir y\u00fczey i\u00e7in Premium Dana Derisi<\/li>\n<li><b>\u0130\u00e7 Malzeme:<\/b> \u00dcst\u00fcn konfor ve nefes alabilirlik i\u00e7in yumu\u015fak ke\u00e7i derisi astar<\/li>\n<li><b>Taban:<\/b> Dayan\u0131kl\u0131l\u0131k ve hareket kolayl\u0131\u011f\u0131 sa\u011flayan hafif Microlight taban<\/li>\n<li><b>Topuk Y\u00fcksekli\u011fi:<\/b> Zarif ve zarif bir kald\u0131rma i\u00e7in 1-3 cm<\/li>\n<li><b>Mevcut Boyutlar:<\/b> 39, 40, 41, 42, 43, 44, 45<\/li>\n<li><b>Toptan Fiyatland\u0131rma:<\/b> \u00c7ift ba\u015f\u0131na rekabet\u00e7i USD fiyat\u0131<\/li>\n<li><b>Minimum Sipari\u015f:<\/b> En az 8 \u00e7ift olmak \u00fczere toplu al\u0131m i\u00e7in mevcuttur<\/li>\n<li><b>Teslimat:<\/b> T\u00fcm sipari\u015fler i\u00e7in tahmini 12 G\u00fcn + Kargo s\u00fcresi<\/li>\n<\/ul>","protected":false},"featured_media":3658,"template":"","meta":{"_acf_changed":false,"_uag_custom_page_level_css":"","site-sidebar-layout":"default","site-content-layout":"","ast-site-content-layout":"default","site-content-style":"default","site-sidebar-style":"default","ast-global-header-display":"","ast-banner-title-visibility":"","ast-main-header-display":"","ast-hfb-above-header-display":"","ast-hfb-below-header-display":"","ast-hfb-mobile-header-display":"","site-post-title":"","ast-breadcrumbs-content":"","ast-featured-img":"","footer-sml-layout":"","ast-disable-related-posts":"","theme-transparent-header-meta":"default","adv-header-id-meta":"","stick-header-meta":"","header-above-stick-meta":"","header-main-stick-meta":"","header-below-stick-meta":"","astra-migrate-meta-layouts":"set","ast-page-background-enabled":"default","ast-page-background-meta":{"desktop":{"background-color":"var(--ast-global-color-4)","background-image":"","background-repeat":"repeat","background-position":"center center","background-size":"auto","background-attachment":"scroll","background-type":"","background-media":"","overlay-type":"","overlay-color":"","overlay-opacity":"","overlay-gradient":""},"tablet":{"background-color":"","background-image":"","background-repeat":"repeat","background-position":"center center","background-size":"auto","background-attachment":"scroll","background-type":"","background-media":"","overlay-type":"","overlay-color":"","overlay-opacity":"","overlay-gradient":""},"mobile":{"background-color":"","background-image":"","background-repeat":"repeat","background-position":"center center","background-size":"auto","background-attachment":"scroll","background-type":"","background-media":"","overlay-type":"","overlay-color":"","overlay-opacity":"","overlay-gradient":""}},"ast-content-background-meta":{"desktop":{"background-color":"var(--ast-global-color-5)","background-image":"","background-repeat":"repeat","background-position":"center center","background-size":"auto","background-attachment":"scroll","background-type":"","background-media":"","overlay-type":"","overlay-color":"","overlay-opacity":"","overlay-gradient":""},"tablet":{"background-color":"var(--ast-global-color-5)","background-image":"","background-repeat":"repeat","background-position":"center center","background-size":"auto","background-attachment":"scroll","background-type":"","background-media":"","overlay-type":"","overlay-color":"","overlay-opacity":"","overlay-gradient":""},"mobile":{"background-color":"var(--ast-global-color-5)","background-image":"","background-repeat":"repeat","background-position":"center center","background-size":"auto","background-attachment":"scroll","background-type":"","background-media":"","overlay-type":"","overlay-color":"","overlay-opacity":"","overlay-gradient":""}}},"product_brand":[],"product_cat":[48,47,49,430,40],"product_tag":[370,185,737,609,251,189,928,215,217,198,186,466,374,184,456],"class_list":{"0":"post-5440","1":"product","2":"type-product","3":"status-publish","4":"has-post-thumbnail","6":"product_cat-casual","7":"product_cat-classic","8":"product_cat-loafer","9":"product_cat-men","10":"product_cat-mens-shoes","11":"product_tag-black-loafers","12":"product_tag-calf-leather-shoes","13":"product_tag-dress-loafers","14":"product_tag-elegant-mens-shoes","15":"product_tag-formal-shoes","16":"product_tag-goat-leather-lining","17":"product_tag-gold-accent-shoes","18":"product_tag-leather-loafers","19":"product_tag-luxury-footwear","20":"product_tag-mens-fashion","21":"product_tag-mens-loafers","22":"product_tag-microlight-sole","23":"product_tag-premium-loafers","24":"product_tag-slip-on-shoes","25":"product_tag-wholesale-loafers","26":"desktop-align-center","27":"tablet-align-center","28":"mobile-align-center","30":"first","31":"instock","32":"shipping-taxable","33":"purchasable","34":"product-type-variable","35":"has-default-attributes"},"acf":[],"uagb_featured_image_src":{"full":["https:\/\/turkishtrade.co\/wp-content\/uploads\/2026\/01\/2400EJOMN00021-BLACK-SL_07.png",453,250,false],"thumbnail":["https:\/\/turkishtrade.co\/wp-content\/uploads\/2026\/01\/2400EJOMN00021-BLACK-SL_07-150x150.png",150,150,true],"medium":["https:\/\/turkishtrade.co\/wp-content\/uploads\/2026\/01\/2400EJOMN00021-BLACK-SL_07-300x166.png",300,166,true],"medium_large":["https:\/\/turkishtrade.co\/wp-content\/uploads\/2026\/01\/2400EJOMN00021-BLACK-SL_07.png",453,250,false],"large":["https:\/\/turkishtrade.co\/wp-content\/uploads\/2026\/01\/2400EJOMN00021-BLACK-SL_07.png",453,250,false],"1536x1536":["https:\/\/turkishtrade.co\/wp-content\/uploads\/2026\/01\/2400EJOMN00021-BLACK-SL_07.png",453,250,false],"2048x2048":["https:\/\/turkishtrade.co\/wp-content\/uploads\/2026\/01\/2400EJOMN00021-BLACK-SL_07.png",453,250,false],"trp-custom-language-flag":["https:\/\/turkishtrade.co\/wp-content\/uploads\/2026\/01\/2400EJOMN00021-BLACK-SL_07-18x10.png",18,10,true],"woocommerce_thumbnail":["https:\/\/turkishtrade.co\/wp-content\/uploads\/2026\/01\/2400EJOMN00021-BLACK-SL_07-400x250.png",400,250,true],"woocommerce_single":["https:\/\/turkishtrade.co\/wp-content\/uploads\/2026\/01\/2400EJOMN00021-BLACK-SL_07.png",453,250,false],"woocommerce_gallery_thumbnail":["https:\/\/turkishtrade.co\/wp-content\/uploads\/2026\/01\/2400EJOMN00021-BLACK-SL_07-100x100.png",100,100,true]},"uagb_author_info":{"display_name":"yaser olabi","author_link":"https:\/\/turkishtrade.co\/tr\/author\/"},"uagb_comment_info":0,"uagb_excerpt":"Outer Material: Premium Calf Leather for a sleek and lustrous finish Inner Material: Soft Goat Leather lining for superior comfort and breathability Sole: Lightweight Microlight sole ensuring durability and ease of movement Heel Height: Subtle 1-3 cm for an elegant and refined lift Available Sizes: 39, 40, 41, 42, 43, 44, 45 Wholesale Pricing: Competitively&hellip;","_links":{"self":[{"href":"https:\/\/turkishtrade.co\/tr\/wp-json\/wp\/v2\/product\/5440","targetHints":{"allow":["GET"]}}],"collection":[{"href":"https:\/\/turkishtrade.co\/tr\/wp-json\/wp\/v2\/product"}],"about":[{"href":"https:\/\/turkishtrade.co\/tr\/wp-json\/wp\/v2\/types\/product"}],"wp:featuredmedia":[{"embeddable":true,"href":"https:\/\/turkishtrade.co\/tr\/wp-json\/wp\/v2\/media\/3658"}],"wp:attachment":[{"href":"https:\/\/turkishtrade.co\/tr\/wp-json\/wp\/v2\/media?parent=5440"}],"wp:term":[{"taxonomy":"product_brand","embeddable":true,"href":"https:\/\/turkishtrade.co\/tr\/wp-json\/wp\/v2\/product_brand?post=5440"},{"taxonomy":"product_cat","embeddable":true,"href":"https:\/\/turkishtrade.co\/tr\/wp-json\/wp\/v2\/product_cat?post=5440"},{"taxonomy":"product_tag","embeddable":true,"href":"https:\/\/turkishtrade.co\/tr\/wp-json\/wp\/v2\/product_tag?post=5440"}],"curies":[{"name":"wp","href":"https:\/\/api.w.org\/{rel}","templated":true}]}}