{"id":5436,"date":"2026-01-14T11:58:32","date_gmt":"2026-01-14T11:58:32","guid":{"rendered":"https:\/\/turkishtrade.co\/product\/mens-black-leather-loafers-4\/"},"modified":"2026-04-09T19:34:15","modified_gmt":"2026-04-09T19:34:15","slug":"mens-black-leather-loafers-4","status":"publish","type":"product","link":"https:\/\/turkishtrade.co\/tr\/shop\/mens-black-leather-loafers-4\/","title":{"rendered":"Metal U\u00e7lu Premium Siyah Dana Derisi Loaferlar"},"content":{"rendered":"<p><strong>erkek si\u0307yah deri\u0307 mokasen<\/strong><\/p>\n<p>Ayakkab\u0131 koleksiyonunuzu se\u00e7kin \u00fcr\u00fcnlerimizle geli\u015ftirin <strong>erkek si\u0307yah deri\u0307 mokasen<\/strong>, modern beyefendiler i\u00e7in zamans\u0131z bir elyaf. Sofistike ve benzersiz konfor i\u00e7in tasarlanan bu birinci s\u0131n\u0131f <strong>erkek si\u0307yah deri\u0307 mokasen<\/strong> i\u015f toplant\u0131lar\u0131ndan zarif ak\u015fam etkinliklerine kadar say\u0131s\u0131z durum i\u00e7in uygun olan stilin \u00f6z\u00fcd\u00fcr. Her bir \u00e7ift, hem estetik \u00e7ekicilik hem de uzun s\u00fcreli dayan\u0131kl\u0131l\u0131k sa\u011flamak i\u00e7in titizlikle \u00fcretilmi\u015ftir, bu da onlar\u0131 her se\u00e7kin gard\u0131rop i\u00e7in vazge\u00e7ilmez bir eklenti haline getirir. Ger\u00e7ek i\u015f\u00e7ili\u011fin yaratt\u0131\u011f\u0131 fark\u0131 bu s\u0131ra d\u0131\u015f\u0131 ayakkab\u0131larla ya\u015fay\u0131n <strong>erkek si\u0307yah deri\u0307 mokasen<\/strong>.<\/p>\n<h3>Rakipsiz \u0130\u015f\u00e7ilik ve Birinci S\u0131n\u0131f Malzemeler<\/h3>\n<p>Erkek siyah deri mokasen ayakkab\u0131lar\u0131m\u0131z, g\u00f6steri\u015fli bir g\u00f6r\u00fcn\u00fcm, m\u00fckemmel esneklik ve aya\u011f\u0131n\u0131z\u0131 saran rahat bir uyum i\u00e7in hakiki dana derisi d\u0131\u015f y\u00fczeyiyle \u00fcst\u00fcn bir yap\u0131ya sahiptir. Yumu\u015fak ke\u00e7i derisi astar nefes alabilirlik ve rahatl\u0131k sa\u011flarken, hafif Microlight taban ve 1-3 cm'lik ince topuk stilden \u00f6d\u00fcn vermeden destek ve denge sa\u011flar. Birinci s\u0131n\u0131f malzemelerden olu\u015fan bu kombinasyon, her bir \u00e7iftin kalitesini ve detaylara g\u00f6sterilen \u00f6zeni vurgular.<\/p>\n<h3>Sofistike Tasar\u0131m ve \u00c7ok Y\u00f6nl\u00fcl\u00fck<\/h3>\n<p>Rafine bir zevkin ve \u00e7a\u011fda\u015f bir zarafetin ifadesi olan bu erkek siyah deri mokasen ayakkab\u0131, \u00e7arp\u0131c\u0131 siyah kaplamas\u0131 ve modern sofistike bir g\u00f6r\u00fcn\u00fcm i\u00e7in metal aksan\u0131yla dikkat \u00e7ekiyor. Parlak rugan ve s\u00fcet benzeri ince bir panelin birle\u015fimi g\u00f6rsel ilgi yarat\u0131r ve resmi k\u0131yafetlerden \u015f\u0131k g\u00fcndelik g\u00f6r\u00fcn\u00fcmlere ge\u00e7i\u015f yapacak kadar \u00e7ok y\u00f6nl\u00fc olmas\u0131n\u0131 sa\u011flar. 39 ila 45 bedenleri mevcuttur, m\u00fckemmel uyumu bulmak kolayd\u0131r.<\/p>\n<p>&nbsp;<\/p>\n<h3>Toptan Sat\u0131\u015f F\u0131rsat\u0131 ve G\u00fcvenilir Hizmet<\/h3>\n<p>\u00dcst\u00fcn kaliteli ayakkab\u0131lar sunmak isteyen perakendeciler ve i\u015fletmeler i\u00e7in ola\u011fan\u00fcst\u00fc <strong>erkek si\u0307yah deri\u0307 mokasen<\/strong> toplu al\u0131m i\u00e7in mevcuttur. Sadece 8 \u00e7iftlik uygun bir minimum sipari\u015f miktar\u0131n\u0131 koruyoruz, bu da talep g\u00f6ren bu \u00fcr\u00fcnleri verimli bir \u015fekilde stoklaman\u0131za olanak tan\u0131yor <strong>erkek si\u0307yah deri\u0307 mokasen<\/strong>. Verimli \u00fcretimimiz ve lojisti\u011fimiz, 12 g\u00fcnl\u00fck h\u0131zl\u0131 teslimat s\u00fcresi ve standart nakliye sa\u011flar. \u00c7ift ba\u015f\u0131na sadece USD gibi son derece rekabet\u00e7i bir toptan sat\u0131\u015f fiyat\u0131yla m\u00fc\u015fterilerinize l\u00fcks kalitede \u00fcr\u00fcnler sunabilirsiniz. <strong>erkek si\u0307yah deri\u0307 mokasen<\/strong> premium fiyat etiketi olmadan. Bu ola\u011fan\u00fcst\u00fc makosen ayakkab\u0131lara yat\u0131r\u0131m yap\u0131n ve m\u00fc\u015fterilerinize klasik stil, \u00fcst\u00fcn konfor ve kal\u0131c\u0131 kaliteyi kusursuz bir \u015fekilde bir araya getiren bir \u00fcr\u00fcn sunun.<\/p>","protected":false},"excerpt":{"rendered":"<ul>\n<li>\u00dcst\u00fcn konfor i\u00e7in l\u00fcks dana derisi d\u0131\u015f y\u00fczey ve yumu\u015fak ke\u00e7i derisi i\u00e7 k\u0131s\u0131mdan \u00fcretilmi\u015ftir.<\/li>\n<li>Dayan\u0131kl\u0131 Microlight tabana ve hafif bir y\u00fckselme i\u00e7in 1-3 cm'lik rahat bir topu\u011fa sahiptir.<\/li>\n<li>Parlak ve mat dokular\u0131n kar\u0131\u015f\u0131m\u0131ndan olu\u015fan, kendine \u00f6zg\u00fc metal aksan\u0131yla sofistike bir tasar\u0131m.<\/li>\n<li>Geni\u015f bir beden yelpazesinde mevcuttur: 39, 40, 41, 42, 43, 44, 45.<\/li>\n<li>Toplu sipari\u015fler kabul edilir: Minimum sipari\u015f miktar\u0131 8 \u00e7ifttir.<\/li>\n<li>Tahmini teslimat: 12 g\u00fcn art\u0131 standart nakliye s\u00fcresi.<\/li>\n<li>Toptan Sat\u0131\u015f Fiyat\u0131: \u00c7ift ba\u015f\u0131na USD (bot olmayan stiller i\u00e7in).<\/li>\n<\/ul>","protected":false},"featured_media":3656,"template":"","meta":{"_acf_changed":false,"_uag_custom_page_level_css":"","site-sidebar-layout":"default","site-content-layout":"","ast-site-content-layout":"default","site-content-style":"default","site-sidebar-style":"default","ast-global-header-display":"","ast-banner-title-visibility":"","ast-main-header-display":"","ast-hfb-above-header-display":"","ast-hfb-below-header-display":"","ast-hfb-mobile-header-display":"","site-post-title":"","ast-breadcrumbs-content":"","ast-featured-img":"","footer-sml-layout":"","ast-disable-related-posts":"","theme-transparent-header-meta":"default","adv-header-id-meta":"","stick-header-meta":"","header-above-stick-meta":"","header-main-stick-meta":"","header-below-stick-meta":"","astra-migrate-meta-layouts":"set","ast-page-background-enabled":"default","ast-page-background-meta":{"desktop":{"background-color":"var(--ast-global-color-4)","background-image":"","background-repeat":"repeat","background-position":"center center","background-size":"auto","background-attachment":"scroll","background-type":"","background-media":"","overlay-type":"","overlay-color":"","overlay-opacity":"","overlay-gradient":""},"tablet":{"background-color":"","background-image":"","background-repeat":"repeat","background-position":"center center","background-size":"auto","background-attachment":"scroll","background-type":"","background-media":"","overlay-type":"","overlay-color":"","overlay-opacity":"","overlay-gradient":""},"mobile":{"background-color":"","background-image":"","background-repeat":"repeat","background-position":"center center","background-size":"auto","background-attachment":"scroll","background-type":"","background-media":"","overlay-type":"","overlay-color":"","overlay-opacity":"","overlay-gradient":""}},"ast-content-background-meta":{"desktop":{"background-color":"var(--ast-global-color-5)","background-image":"","background-repeat":"repeat","background-position":"center center","background-size":"auto","background-attachment":"scroll","background-type":"","background-media":"","overlay-type":"","overlay-color":"","overlay-opacity":"","overlay-gradient":""},"tablet":{"background-color":"var(--ast-global-color-5)","background-image":"","background-repeat":"repeat","background-position":"center center","background-size":"auto","background-attachment":"scroll","background-type":"","background-media":"","overlay-type":"","overlay-color":"","overlay-opacity":"","overlay-gradient":""},"mobile":{"background-color":"var(--ast-global-color-5)","background-image":"","background-repeat":"repeat","background-position":"center center","background-size":"auto","background-attachment":"scroll","background-type":"","background-media":"","overlay-type":"","overlay-color":"","overlay-opacity":"","overlay-gradient":""}}},"product_brand":[],"product_cat":[48,47,49,430,40],"product_tag":[196,555,284,352,189,416,198,186,926,466,362,709,280,281],"class_list":{"0":"post-5436","1":"product","2":"type-product","3":"status-publish","4":"has-post-thumbnail","6":"product_cat-casual","7":"product_cat-classic","8":"product_cat-loafer","9":"product_cat-men","10":"product_cat-mens-shoes","11":"product_tag-black-leather-shoes","12":"product_tag-calfskin-loafers","13":"product_tag-dress-shoes","14":"product_tag-formal-loafers","15":"product_tag-goat-leather-lining","16":"product_tag-luxury-shoes","17":"product_tag-mens-fashion","18":"product_tag-mens-loafers","19":"product_tag-metal-bit-loafers","20":"product_tag-microlight-sole","21":"product_tag-premium-footwear","22":"product_tag-quality-footwear","23":"product_tag-smart-casual-shoes","24":"product_tag-wholesale-shoes","25":"desktop-align-center","26":"tablet-align-center","27":"mobile-align-center","29":"first","30":"instock","31":"shipping-taxable","32":"purchasable","33":"product-type-variable","34":"has-default-attributes"},"acf":[],"uagb_featured_image_src":{"full":["https:\/\/turkishtrade.co\/wp-content\/uploads\/2026\/01\/2400EJOMN00019-BLACK-SL_05.png",453,250,false],"thumbnail":["https:\/\/turkishtrade.co\/wp-content\/uploads\/2026\/01\/2400EJOMN00019-BLACK-SL_05-150x150.png",150,150,true],"medium":["https:\/\/turkishtrade.co\/wp-content\/uploads\/2026\/01\/2400EJOMN00019-BLACK-SL_05-300x166.png",300,166,true],"medium_large":["https:\/\/turkishtrade.co\/wp-content\/uploads\/2026\/01\/2400EJOMN00019-BLACK-SL_05.png",453,250,false],"large":["https:\/\/turkishtrade.co\/wp-content\/uploads\/2026\/01\/2400EJOMN00019-BLACK-SL_05.png",453,250,false],"1536x1536":["https:\/\/turkishtrade.co\/wp-content\/uploads\/2026\/01\/2400EJOMN00019-BLACK-SL_05.png",453,250,false],"2048x2048":["https:\/\/turkishtrade.co\/wp-content\/uploads\/2026\/01\/2400EJOMN00019-BLACK-SL_05.png",453,250,false],"trp-custom-language-flag":["https:\/\/turkishtrade.co\/wp-content\/uploads\/2026\/01\/2400EJOMN00019-BLACK-SL_05-18x10.png",18,10,true],"woocommerce_thumbnail":["https:\/\/turkishtrade.co\/wp-content\/uploads\/2026\/01\/2400EJOMN00019-BLACK-SL_05-400x250.png",400,250,true],"woocommerce_single":["https:\/\/turkishtrade.co\/wp-content\/uploads\/2026\/01\/2400EJOMN00019-BLACK-SL_05.png",453,250,false],"woocommerce_gallery_thumbnail":["https:\/\/turkishtrade.co\/wp-content\/uploads\/2026\/01\/2400EJOMN00019-BLACK-SL_05-100x100.png",100,100,true]},"uagb_author_info":{"display_name":"yaser olabi","author_link":"https:\/\/turkishtrade.co\/tr\/author\/"},"uagb_comment_info":0,"uagb_excerpt":"Crafted from luxurious calf leather exterior and soft goat leather interior for ultimate comfort. Features a durable Microlight sole and a comfortable 1-3 cm heel for subtle elevation. Sophisticated design with a distinctive metal bit accent and a blend of glossy and matte textures. Available in a wide range of sizes: 39, 40, 41, 42,&hellip;","_links":{"self":[{"href":"https:\/\/turkishtrade.co\/tr\/wp-json\/wp\/v2\/product\/5436","targetHints":{"allow":["GET"]}}],"collection":[{"href":"https:\/\/turkishtrade.co\/tr\/wp-json\/wp\/v2\/product"}],"about":[{"href":"https:\/\/turkishtrade.co\/tr\/wp-json\/wp\/v2\/types\/product"}],"wp:featuredmedia":[{"embeddable":true,"href":"https:\/\/turkishtrade.co\/tr\/wp-json\/wp\/v2\/media\/3656"}],"wp:attachment":[{"href":"https:\/\/turkishtrade.co\/tr\/wp-json\/wp\/v2\/media?parent=5436"}],"wp:term":[{"taxonomy":"product_brand","embeddable":true,"href":"https:\/\/turkishtrade.co\/tr\/wp-json\/wp\/v2\/product_brand?post=5436"},{"taxonomy":"product_cat","embeddable":true,"href":"https:\/\/turkishtrade.co\/tr\/wp-json\/wp\/v2\/product_cat?post=5436"},{"taxonomy":"product_tag","embeddable":true,"href":"https:\/\/turkishtrade.co\/tr\/wp-json\/wp\/v2\/product_tag?post=5436"}],"curies":[{"name":"wp","href":"https:\/\/api.w.org\/{rel}","templated":true}]}}