{"id":5419,"date":"2026-01-14T11:56:49","date_gmt":"2026-01-14T11:56:49","guid":{"rendered":"https:\/\/turkishtrade.co\/product\/mens-suede-tassel-loafers\/"},"modified":"2026-04-09T19:34:52","modified_gmt":"2026-04-09T19:34:52","slug":"mens-suede-tassel-loafers","status":"publish","type":"product","link":"https:\/\/turkishtrade.co\/tr\/shop\/mens-suede-tassel-loafers\/","title":{"rendered":"Microlight Tabanl\u0131 Premium Erkek Dana S\u00fcet P\u00fcsk\u00fcll\u00fc Loafer"},"content":{"rendered":"<p><strong>Erkek S\u00fcet P\u00fcsk\u00fcll\u00fc Loafer<\/strong><\/p>\n<p>Ola\u011fan\u00fcst\u00fc ayakkab\u0131 koleksiyonumuzla ayakkab\u0131 koleksiyonunuzu y\u00fckseltin <b>Erkek S\u00fcet P\u00fcsk\u00fcll\u00fc Loafer<\/b>, Klasik tasar\u0131m\u0131n benzersiz konforla bulu\u015ftu\u011fu yer. Se\u00e7kin beyefendiler i\u00e7in \u00fcretilen bu mokasen ayakkab\u0131lar, \u00fcst\u00fcn sanat\u0131n ve l\u00fcks malzemelerin bir kan\u0131t\u0131d\u0131r. \u0130ster resmi bir etkinlik i\u00e7in ister \u015f\u0131k ve g\u00fcndelik bir gezi i\u00e7in giyiniyor olun, bu <b>Erkek S\u00fcet P\u00fcsk\u00fcll\u00fc Loafer<\/b> stil ve pratikli\u011fin m\u00fckemmel bir kar\u0131\u015f\u0131m\u0131n\u0131 sunar.<\/p>\n<h3>Rakipsiz \u0130\u015f\u00e7ilik ve Birinci S\u0131n\u0131f Malzemeler<\/h3>\n<p>Bu zarif mokasenlerin her bir \u00e7ifti, d\u0131\u015f y\u00fczey i\u00e7in birinci s\u0131n\u0131f dana s\u00fcet deri se\u00e7imiyle ba\u015flar. Bu se\u00e7im, yaln\u0131zca sofistike g\u00f6r\u00fcnmekle kalmay\u0131p ayn\u0131 zamanda zamanla aya\u011f\u0131n\u0131za g\u00fczel bir \u015fekilde uyum sa\u011flayan yumu\u015fak, esnek bir doku sa\u011flar. \u0130\u00e7 k\u0131sm\u0131 tam ke\u00e7i derisi astarl\u0131d\u0131r ve her ad\u0131mda p\u00fcr\u00fczs\u00fcz, nefes alabilen ve inan\u0131lmaz rahat bir deneyim sunar. Bu ayakkab\u0131lardaki titiz diki\u015fler ve zarif p\u00fcsk\u00fcl detaylar\u0131 <b>Erkek S\u00fcet P\u00fcsk\u00fcll\u00fc Loafer<\/b> detaylara g\u00f6sterilen \u00f6zeni ve geleneksel ayakkab\u0131c\u0131l\u0131k uzmanl\u0131\u011f\u0131n\u0131 vurgulamaktad\u0131r.<\/p>\n<h3>\u00dcst\u00fcn Konfor ve Dayan\u0131kl\u0131l\u0131k i\u00e7in Tasarland\u0131<\/h3>\n<p>Konfor her \u015feyden \u00f6nemlidir ve mokasen ayakkab\u0131lar\u0131m\u0131z son teknoloji microlight taban\u0131yla bunu sa\u011flar. Bu yenilik\u00e7i taban malzemesi inan\u0131lmaz derecede hafif olacak \u015fekilde tasarlanm\u0131\u015ft\u0131r ve dayan\u0131kl\u0131l\u0131ktan \u00f6d\u00fcn vermeden m\u00fckemmel yast\u0131klama ve esneklik sunar. Topuk y\u00fcksekli\u011fi 1-3 cm aras\u0131nda de\u011fi\u015fen bu ayakkab\u0131lar, sofistike bir siluet i\u00e7in do\u011fru y\u00fckseltiyi sa\u011flarken dengeyi ve kullan\u0131m kolayl\u0131\u011f\u0131n\u0131 da korur. Esnek dana s\u00fcet ve sa\u011flam microlight taban\u0131n birle\u015fimi, bu mokasen ayakkab\u0131lar\u0131n uzun \u00f6m\u00fcrl\u00fc olmas\u0131n\u0131 sa\u011flar ve her sezon kal\u0131c\u0131 bir stil ve konfor sunar.<\/p>\n<h3>Her Durum i\u00e7in \u00c7ok Y\u00f6nl\u00fc Stil<\/h3>\n<p>Bunlar\u0131n zamans\u0131z tasar\u0131m\u0131 <b>Erkek S\u00fcet P\u00fcsk\u00fcll\u00fc Loafer<\/b> inan\u0131lmaz derecede \u00e7ok y\u00f6nl\u00fc olmas\u0131n\u0131 sa\u011flar. Keskin bir i\u015f g\u00f6r\u00fcn\u00fcm\u00fc i\u00e7in \u00f6zel dikim tak\u0131m elbiselerle, zarif bir g\u00fcndelik topluluk i\u00e7in chino pantolonlarla ve hatta y\u00fcksek bir yaz stili i\u00e7in \u015fortlarla e\u015fle\u015ftirin. 39'dan 45'e kadar \u00e7e\u015fitli bedenlerde mevcut oldu\u011fundan, m\u00fckemmel uyumunuzu bulmak zahmetsizdir. Yaln\u0131zca \u00f6zenle haz\u0131rlanm\u0131\u015f bir \u00e7ift s\u00fcet p\u00fcsk\u00fcll\u00fc mokasenin sa\u011flayabilece\u011fi \u00e7ekicili\u011fi ve sofistikeli\u011fi kucaklay\u0131n.<\/p>\n<h3>\u0130\u015fletmeler i\u00e7in Toptan Sat\u0131\u015f F\u0131rsat\u0131<\/h3>\n<p>Y\u00fcksek kaliteli ayakkab\u0131lar sunmak isteyen perakendeciler ve i\u015fletmeler i\u00e7in bu <b>Erkek S\u00fcet P\u00fcsk\u00fcll\u00fc Loafer<\/b> toptan sat\u0131n al\u0131nabilir. Minimum 8 \u00e7ift sipari\u015f miktar\u0131 ve 12 g\u00fcn teslim s\u00fcresi art\u0131 nakliye ile envanterinizi \u00fcst\u00fcn malzemeleri ve i\u015f\u00e7ili\u011fi ile bilinen bir \u00fcr\u00fcnle verimli bir \u015fekilde stoklayabilirsiniz. Bu mokasen ayakkab\u0131lara yat\u0131r\u0131m yap\u0131n ve m\u00fc\u015fterilerinize l\u00fcks, konfor ve kal\u0131c\u0131 stilin bir kar\u0131\u015f\u0131m\u0131n\u0131 sunun.<\/p>","protected":false},"excerpt":{"rendered":"<ul>\n<li>Zarif bir g\u00f6r\u00fcn\u00fcm i\u00e7in Zarif Dana S\u00fcet Deri Saya<\/li>\n<li>\u00dcst\u00fcn konfor i\u00e7in Yumu\u015fak ve Nefes Alabilir Ke\u00e7i Derisi \u0130\u00e7 Astar<\/li>\n<li>G\u00fcn boyu rahatl\u0131k ve esneklik sa\u011flayan hafif Microlight Taban<\/li>\n<li>Zarif P\u00fcsk\u00fcl Detay\u0131 klasik bir dokunu\u015f katar<\/li>\n<li>Kapsaml\u0131 bir beden aral\u0131\u011f\u0131nda mevcuttur: 39, 40, 41, 42, 43, 44, 45<\/li>\n<li>Minimum 8 \u00e7iftlik toptan sipari\u015fler i\u00e7in m\u00fckemmeldir<\/li>\n<li>Toptan Sat\u0131\u015f Teslim S\u00fcresi: 12 g\u00fcn + nakliye<\/li>\n<\/ul>","protected":false},"featured_media":3645,"template":"","meta":{"_acf_changed":false,"_uag_custom_page_level_css":"","site-sidebar-layout":"default","site-content-layout":"","ast-site-content-layout":"default","site-content-style":"default","site-sidebar-style":"default","ast-global-header-display":"","ast-banner-title-visibility":"","ast-main-header-display":"","ast-hfb-above-header-display":"","ast-hfb-below-header-display":"","ast-hfb-mobile-header-display":"","site-post-title":"","ast-breadcrumbs-content":"","ast-featured-img":"","footer-sml-layout":"","ast-disable-related-posts":"","theme-transparent-header-meta":"default","adv-header-id-meta":"","stick-header-meta":"","header-above-stick-meta":"","header-main-stick-meta":"","header-below-stick-meta":"","astra-migrate-meta-layouts":"set","ast-page-background-enabled":"default","ast-page-background-meta":{"desktop":{"background-color":"var(--ast-global-color-4)","background-image":"","background-repeat":"repeat","background-position":"center center","background-size":"auto","background-attachment":"scroll","background-type":"","background-media":"","overlay-type":"","overlay-color":"","overlay-opacity":"","overlay-gradient":""},"tablet":{"background-color":"","background-image":"","background-repeat":"repeat","background-position":"center center","background-size":"auto","background-attachment":"scroll","background-type":"","background-media":"","overlay-type":"","overlay-color":"","overlay-opacity":"","overlay-gradient":""},"mobile":{"background-color":"","background-image":"","background-repeat":"repeat","background-position":"center center","background-size":"auto","background-attachment":"scroll","background-type":"","background-media":"","overlay-type":"","overlay-color":"","overlay-opacity":"","overlay-gradient":""}},"ast-content-background-meta":{"desktop":{"background-color":"var(--ast-global-color-5)","background-image":"","background-repeat":"repeat","background-position":"center center","background-size":"auto","background-attachment":"scroll","background-type":"","background-media":"","overlay-type":"","overlay-color":"","overlay-opacity":"","overlay-gradient":""},"tablet":{"background-color":"var(--ast-global-color-5)","background-image":"","background-repeat":"repeat","background-position":"center center","background-size":"auto","background-attachment":"scroll","background-type":"","background-media":"","overlay-type":"","overlay-color":"","overlay-opacity":"","overlay-gradient":""},"mobile":{"background-color":"var(--ast-global-color-5)","background-image":"","background-repeat":"repeat","background-position":"center center","background-size":"auto","background-attachment":"scroll","background-type":"","background-media":"","overlay-type":"","overlay-color":"","overlay-opacity":"","overlay-gradient":""}}},"product_brand":[],"product_cat":[48,47,49,430,40],"product_tag":[919,185,512,220,284,189,217,198,186,466,149,349,281],"class_list":{"0":"post-5419","1":"product","2":"type-product","3":"status-publish","4":"has-post-thumbnail","6":"product_cat-casual","7":"product_cat-classic","8":"product_cat-loafer","9":"product_cat-men","10":"product_cat-mens-shoes","11":"product_tag-bespoke-style","12":"product_tag-calf-leather-shoes","13":"product_tag-casual-loafers","14":"product_tag-comfortable-loafers","15":"product_tag-dress-shoes","16":"product_tag-goat-leather-lining","17":"product_tag-luxury-footwear","18":"product_tag-mens-fashion","19":"product_tag-mens-loafers","20":"product_tag-microlight-sole","21":"product_tag-suede-loafers","22":"product_tag-tassel-loafers","23":"product_tag-wholesale-shoes","24":"desktop-align-center","25":"tablet-align-center","26":"mobile-align-center","28":"first","29":"instock","30":"shipping-taxable","31":"purchasable","32":"product-type-variable","33":"has-default-attributes"},"acf":[],"uagb_featured_image_src":{"full":["https:\/\/turkishtrade.co\/wp-content\/uploads\/2026\/01\/2400EJOMN00003-CAMEL-SL_07.png",453,250,false],"thumbnail":["https:\/\/turkishtrade.co\/wp-content\/uploads\/2026\/01\/2400EJOMN00003-CAMEL-SL_07-150x150.png",150,150,true],"medium":["https:\/\/turkishtrade.co\/wp-content\/uploads\/2026\/01\/2400EJOMN00003-CAMEL-SL_07-300x166.png",300,166,true],"medium_large":["https:\/\/turkishtrade.co\/wp-content\/uploads\/2026\/01\/2400EJOMN00003-CAMEL-SL_07.png",453,250,false],"large":["https:\/\/turkishtrade.co\/wp-content\/uploads\/2026\/01\/2400EJOMN00003-CAMEL-SL_07.png",453,250,false],"1536x1536":["https:\/\/turkishtrade.co\/wp-content\/uploads\/2026\/01\/2400EJOMN00003-CAMEL-SL_07.png",453,250,false],"2048x2048":["https:\/\/turkishtrade.co\/wp-content\/uploads\/2026\/01\/2400EJOMN00003-CAMEL-SL_07.png",453,250,false],"trp-custom-language-flag":["https:\/\/turkishtrade.co\/wp-content\/uploads\/2026\/01\/2400EJOMN00003-CAMEL-SL_07-18x10.png",18,10,true],"woocommerce_thumbnail":["https:\/\/turkishtrade.co\/wp-content\/uploads\/2026\/01\/2400EJOMN00003-CAMEL-SL_07-400x250.png",400,250,true],"woocommerce_single":["https:\/\/turkishtrade.co\/wp-content\/uploads\/2026\/01\/2400EJOMN00003-CAMEL-SL_07.png",453,250,false],"woocommerce_gallery_thumbnail":["https:\/\/turkishtrade.co\/wp-content\/uploads\/2026\/01\/2400EJOMN00003-CAMEL-SL_07-100x100.png",100,100,true]},"uagb_author_info":{"display_name":"yaser olabi","author_link":"https:\/\/turkishtrade.co\/tr\/author\/"},"uagb_comment_info":0,"uagb_excerpt":"Exquisite Calf Suede Leather Upper for a refined look Soft and Breathable Goat Leather Inner Lining for superior comfort Lightweight Microlight Sole ensuring all-day ease and flexibility Elegant Tassel Detailing adds a classic touch Available in a comprehensive size range: 39, 40, 41, 42, 43, 44, 45 Perfect for wholesale orders with a minimum of&hellip;","_links":{"self":[{"href":"https:\/\/turkishtrade.co\/tr\/wp-json\/wp\/v2\/product\/5419","targetHints":{"allow":["GET"]}}],"collection":[{"href":"https:\/\/turkishtrade.co\/tr\/wp-json\/wp\/v2\/product"}],"about":[{"href":"https:\/\/turkishtrade.co\/tr\/wp-json\/wp\/v2\/types\/product"}],"wp:featuredmedia":[{"embeddable":true,"href":"https:\/\/turkishtrade.co\/tr\/wp-json\/wp\/v2\/media\/3645"}],"wp:attachment":[{"href":"https:\/\/turkishtrade.co\/tr\/wp-json\/wp\/v2\/media?parent=5419"}],"wp:term":[{"taxonomy":"product_brand","embeddable":true,"href":"https:\/\/turkishtrade.co\/tr\/wp-json\/wp\/v2\/product_brand?post=5419"},{"taxonomy":"product_cat","embeddable":true,"href":"https:\/\/turkishtrade.co\/tr\/wp-json\/wp\/v2\/product_cat?post=5419"},{"taxonomy":"product_tag","embeddable":true,"href":"https:\/\/turkishtrade.co\/tr\/wp-json\/wp\/v2\/product_tag?post=5419"}],"curies":[{"name":"wp","href":"https:\/\/api.w.org\/{rel}","templated":true}]}}