{"id":5415,"date":"2026-01-14T11:55:37","date_gmt":"2026-01-14T11:55:37","guid":{"rendered":"https:\/\/turkishtrade.co\/product\/black-calf-leather-dress-shoes\/"},"modified":"2026-04-09T19:34:58","modified_gmt":"2026-04-09T19:34:58","slug":"black-calf-leather-dress-shoes","status":"publish","type":"product","link":"https:\/\/turkishtrade.co\/tr\/shop\/black-calf-leather-dress-shoes\/","title":{"rendered":"Erkekler i\u00e7in Zarif Siyah Dana Derisi Elbise Ayakkab\u0131s\u0131"},"content":{"rendered":"<p><strong>Siyah Dana Derisi Elbise Ayakkab\u0131s\u0131<\/strong><\/p>\n<p>Zamans\u0131z zarafetin \u00f6z\u00fcn\u00fc bizim ile ke\u015ffedin <b>Siyah Dana Derisi Elbise Ayakkab\u0131s\u0131<\/b>. Se\u00e7kin beyefendiler i\u00e7in titizlikle tasarlanan bu ayakkab\u0131lar, klasik sofistikeli\u011fi modern konforla harmanl\u0131yor. Birinci s\u0131n\u0131f dana derisinden \u00fcretilen d\u0131\u015f y\u00fczey, her t\u00fcrl\u00fc resmi veya i\u015f ortam\u0131nda dikkat \u00e7eken \u015f\u0131k ve cilal\u0131 bir y\u00fczeye sahiptir. Kaliteye olan ba\u011fl\u0131l\u0131\u011f\u0131m\u0131z, bu ayakkab\u0131lar\u0131n her bir \u00e7iftinin <b>Siyah Dana Derisi Elbise Ayakkab\u0131s\u0131<\/b> sadece bir ayakkab\u0131 de\u011fil, ayn\u0131 zamanda profesyonel ve \u00f6zel g\u00fcnlerdeki k\u0131yafetlerinizi benzersiz bir zarafetle zenginle\u015ftiren bir ifade par\u00e7as\u0131d\u0131r. Stiliniz hakk\u0131nda \u00e7ok \u015fey anlatan bir \u00e7ift ile gard\u0131robunuzu y\u00fckseltin.<\/p>\n<p>Bu ola\u011fan\u00fcst\u00fc tasar\u0131m\u0131n \u00f6zenli yap\u0131s\u0131 sayesinde her ad\u0131mda \u00fcst\u00fcn konforu ya\u015fay\u0131n <b>Siyah Dana Derisi Elbise Ayakkab\u0131s\u0131<\/b>. D\u0131\u015f y\u00fczeyi, dayan\u0131kl\u0131l\u0131\u011f\u0131, l\u00fcks dokusu ve muhte\u015fem parlakl\u0131\u011f\u0131 i\u00e7in se\u00e7ilen 100% hakiki dana derisinden yap\u0131lm\u0131\u015ft\u0131r. Aya\u011f\u0131n\u0131z\u0131 saran yumu\u015fak ve nefes alabilen ke\u00e7i derisi astar, g\u00fcn boyu konfor ve optimum ayak sa\u011fl\u0131\u011f\u0131 sa\u011flar. Yenilik\u00e7i Microlight taban hafif esneklik ve m\u00fckemmel \u015fok emilimi sa\u011flarken, ince 1-3 cm topuk, denge veya konfordan \u00f6d\u00fcn vermeden do\u011fru miktarda y\u00fckseklik katar. Uzun \u00f6m\u00fcrl\u00fc ve maksimum giyilebilirlik i\u00e7in tasarlanan bu ayakkab\u0131lar, sofistike gard\u0131roplar i\u00e7in ak\u0131ll\u0131ca bir yat\u0131r\u0131md\u0131r.<\/p>\n<h3>E\u015fsiz Stil ve \u00c7ok Y\u00f6nl\u00fcl\u00fck<\/h3>\n<p>Bu \u00e7ok y\u00f6nl\u00fc <b>Siyah Dana Derisi Elbise Ayakkab\u0131s\u0131<\/b> her erkek i\u00e7in bir gard\u0131rop vazge\u00e7ilmezidir. \u0130ster \u00f6nemli bir i\u015f toplant\u0131s\u0131na, ister resmi bir galaya veya sofistike bir ak\u015fam yeme\u011fine gidiyor olun, ince delikli detaylara sahip klasik tasar\u0131mlar\u0131 \u00e7ok \u00e7e\u015fitli k\u0131yafetleri tamamlayan zarif bir dokunu\u015f sunar. G\u0131c\u0131r g\u0131c\u0131r tak\u0131m elbiselerden \u00f6zel dikim pantolonlara kadar, bu ayakkab\u0131lar tak\u0131m\u0131n\u0131z\u0131 zahmetsizce y\u00fckseltir, kendinizden emin ve g\u00f6steri\u015fli hissetmenizi sa\u011flar. Zengin siyah tonu, neredeyse her renkle e\u015fle\u015ftirilebilmesini sa\u011flayarak \u00e7e\u015fitli durumlar i\u00e7in inan\u0131lmaz derecede uyarlanabilir bir se\u00e7im haline getirir. Her t\u00fcrl\u00fc zarif g\u00f6r\u00fcn\u00fcm\u00fc tamamlamak i\u00e7in m\u00fckemmel bir ayakkab\u0131d\u0131r.<\/p>\n<h3>Kaliteli Perakendeciler i\u00e7in Toptan Sat\u0131\u015f F\u0131rsat\u0131<\/h3>\n<p>M\u00fc\u015fterilerine birinci s\u0131n\u0131f ayakkab\u0131lar sunmak isteyen i\u015fletmeler i\u00e7in <b>Siyah Dana Derisi Elbise Ayakkab\u0131s\u0131<\/b> ola\u011fan\u00fcst\u00fc bir toptan sat\u0131\u015f f\u0131rsat\u0131 sunuyor. Y\u00fcksek kaliteli, \u015f\u0131k erkek ayakkab\u0131lar\u0131na olan talebin fark\u0131nday\u0131z ve bu se\u00e7kin \u00e7iftleri rekabet\u00e7i toptan fiyatlarla sunmaktan gurur duyuyoruz. Sadece 8 \u00e7iftlik minimum sipari\u015f miktar\u0131yla, perakendeciler bu en \u00e7ok satan ayakkab\u0131lar\u0131 kolayca stoklayabilirler. \u0130\u015fletmeniz i\u00e7in sorunsuz ve verimli bir tedarik s\u00fcreci sa\u011flayarak, yakla\u015f\u0131k 12 g\u00fcn art\u0131 nakliye gibi g\u00fcvenilir bir teslimat s\u00fcresi sa\u011fl\u0131yoruz. M\u00fc\u015fterilerinize hem l\u00fcks\u00fc hem de kal\u0131c\u0131 stili temsil eden ayakkab\u0131lar sunmak ve \u00fcst d\u00fczey erkek elbise ayakkab\u0131s\u0131 arayan se\u00e7ici m\u00fc\u015fterileri \u00e7ekmek i\u00e7in bizimle ortak olun.<\/p>","protected":false},"excerpt":{"rendered":"<ul>\n<li>\u015e\u0131k ve g\u00f6steri\u015fli bir g\u00f6r\u00fcn\u00fcm i\u00e7in birinci s\u0131n\u0131f dana derisinden \u00fcretilmi\u015ftir.<\/li>\n<li>\u00dcst\u00fcn konfor i\u00e7in yumu\u015fak ve nefes alabilen ke\u00e7i derisi i\u00e7 astara sahiptir.<\/li>\n<li>Hafif, dayan\u0131kl\u0131 Microlight taban ve 1-3 cm'lik ince bir topuk ile donat\u0131lm\u0131\u015ft\u0131r.<\/li>\n<li>Kapsaml\u0131 bir beden aral\u0131\u011f\u0131nda mevcuttur: AB 39, 40, 41, 42, 43, 44, 45.<\/li>\n<li>Minimum 8 \u00e7ift sipari\u015f ile toptan al\u0131c\u0131lar i\u00e7in idealdir.<\/li>\n<li>Art\u0131 nakliye s\u00fcresi 12 g\u00fcn i\u00e7inde g\u00fcvenilir teslimat.<\/li>\n<\/ul>","protected":false},"featured_media":3641,"template":"","meta":{"_acf_changed":false,"_uag_custom_page_level_css":"","site-sidebar-layout":"default","site-content-layout":"","ast-site-content-layout":"default","site-content-style":"default","site-sidebar-style":"default","ast-global-header-display":"","ast-banner-title-visibility":"","ast-main-header-display":"","ast-hfb-above-header-display":"","ast-hfb-below-header-display":"","ast-hfb-mobile-header-display":"","site-post-title":"","ast-breadcrumbs-content":"","ast-featured-img":"","footer-sml-layout":"","ast-disable-related-posts":"","theme-transparent-header-meta":"default","adv-header-id-meta":"","stick-header-meta":"","header-above-stick-meta":"","header-main-stick-meta":"","header-below-stick-meta":"","astra-migrate-meta-layouts":"set","ast-page-background-enabled":"default","ast-page-background-meta":{"desktop":{"background-color":"var(--ast-global-color-4)","background-image":"","background-repeat":"repeat","background-position":"center center","background-size":"auto","background-attachment":"scroll","background-type":"","background-media":"","overlay-type":"","overlay-color":"","overlay-opacity":"","overlay-gradient":""},"tablet":{"background-color":"","background-image":"","background-repeat":"repeat","background-position":"center center","background-size":"auto","background-attachment":"scroll","background-type":"","background-media":"","overlay-type":"","overlay-color":"","overlay-opacity":"","overlay-gradient":""},"mobile":{"background-color":"","background-image":"","background-repeat":"repeat","background-position":"center center","background-size":"auto","background-attachment":"scroll","background-type":"","background-media":"","overlay-type":"","overlay-color":"","overlay-opacity":"","overlay-gradient":""}},"ast-content-background-meta":{"desktop":{"background-color":"var(--ast-global-color-5)","background-image":"","background-repeat":"repeat","background-position":"center center","background-size":"auto","background-attachment":"scroll","background-type":"","background-media":"","overlay-type":"","overlay-color":"","overlay-opacity":"","overlay-gradient":""},"tablet":{"background-color":"var(--ast-global-color-5)","background-image":"","background-repeat":"repeat","background-position":"center center","background-size":"auto","background-attachment":"scroll","background-type":"","background-media":"","overlay-type":"","overlay-color":"","overlay-opacity":"","overlay-gradient":""},"mobile":{"background-color":"var(--ast-global-color-5)","background-image":"","background-repeat":"repeat","background-position":"center center","background-size":"auto","background-attachment":"scroll","background-type":"","background-media":"","overlay-type":"","overlay-color":"","overlay-opacity":"","overlay-gradient":""}}},"product_brand":[],"product_cat":[47,430,40],"product_tag":[196,405,202,212,480,201,251,189,416,324,198,820,466,204,889,281],"class_list":{"0":"post-5415","1":"product","2":"type-product","3":"status-publish","4":"has-post-thumbnail","6":"product_cat-classic","7":"product_cat-men","8":"product_cat-mens-shoes","9":"product_tag-black-leather-shoes","10":"product_tag-business-shoes","11":"product_tag-calf-leather","12":"product_tag-derby-shoes","13":"product_tag-elegant-shoes","14":"product_tag-formal-footwear","15":"product_tag-formal-shoes","16":"product_tag-goat-leather-lining","17":"product_tag-luxury-shoes","18":"product_tag-mens-dress-shoes","19":"product_tag-mens-fashion","20":"product_tag-mens-formal-wear","21":"product_tag-microlight-sole","22":"product_tag-oxford-shoes","23":"product_tag-polished-leather-shoes","24":"product_tag-wholesale-shoes","25":"desktop-align-center","26":"tablet-align-center","27":"mobile-align-center","29":"first","30":"instock","31":"shipping-taxable","32":"purchasable","33":"product-type-variable","34":"has-default-attributes"},"acf":[],"uagb_featured_image_src":{"full":["https:\/\/turkishtrade.co\/wp-content\/uploads\/2026\/01\/2400EJOMN00429-BLACK-X_442_1.png",453,250,false],"thumbnail":["https:\/\/turkishtrade.co\/wp-content\/uploads\/2026\/01\/2400EJOMN00429-BLACK-X_442_1.png",150,83,false],"medium":["https:\/\/turkishtrade.co\/wp-content\/uploads\/2026\/01\/2400EJOMN00429-BLACK-X_442_1.png",300,166,false],"medium_large":["https:\/\/turkishtrade.co\/wp-content\/uploads\/2026\/01\/2400EJOMN00429-BLACK-X_442_1.png",453,250,false],"large":["https:\/\/turkishtrade.co\/wp-content\/uploads\/2026\/01\/2400EJOMN00429-BLACK-X_442_1.png",453,250,false],"1536x1536":["https:\/\/turkishtrade.co\/wp-content\/uploads\/2026\/01\/2400EJOMN00429-BLACK-X_442_1.png",453,250,false],"2048x2048":["https:\/\/turkishtrade.co\/wp-content\/uploads\/2026\/01\/2400EJOMN00429-BLACK-X_442_1.png",453,250,false],"trp-custom-language-flag":["https:\/\/turkishtrade.co\/wp-content\/uploads\/2026\/01\/2400EJOMN00429-BLACK-X_442_1.png",18,10,false],"woocommerce_thumbnail":["https:\/\/turkishtrade.co\/wp-content\/uploads\/2026\/01\/2400EJOMN00429-BLACK-X_442_1-400x250.png",400,250,true],"woocommerce_single":["https:\/\/turkishtrade.co\/wp-content\/uploads\/2026\/01\/2400EJOMN00429-BLACK-X_442_1.png",453,250,false],"woocommerce_gallery_thumbnail":["https:\/\/turkishtrade.co\/wp-content\/uploads\/2026\/01\/2400EJOMN00429-BLACK-X_442_1-100x100.png",100,100,true]},"uagb_author_info":{"display_name":"yaser olabi","author_link":"https:\/\/turkishtrade.co\/tr\/author\/"},"uagb_comment_info":0,"uagb_excerpt":"Crafted from premium calf leather exterior for a sleek, polished finish. Features a soft and breathable goat leather interior lining for superior comfort. Equipped with a lightweight, durable Microlight sole and a subtle 1-3cm heel. Available in a comprehensive size range: EU 39, 40, 41, 42, 43, 44, 45. Ideal for wholesale buyers with a&hellip;","_links":{"self":[{"href":"https:\/\/turkishtrade.co\/tr\/wp-json\/wp\/v2\/product\/5415","targetHints":{"allow":["GET"]}}],"collection":[{"href":"https:\/\/turkishtrade.co\/tr\/wp-json\/wp\/v2\/product"}],"about":[{"href":"https:\/\/turkishtrade.co\/tr\/wp-json\/wp\/v2\/types\/product"}],"wp:featuredmedia":[{"embeddable":true,"href":"https:\/\/turkishtrade.co\/tr\/wp-json\/wp\/v2\/media\/3641"}],"wp:attachment":[{"href":"https:\/\/turkishtrade.co\/tr\/wp-json\/wp\/v2\/media?parent=5415"}],"wp:term":[{"taxonomy":"product_brand","embeddable":true,"href":"https:\/\/turkishtrade.co\/tr\/wp-json\/wp\/v2\/product_brand?post=5415"},{"taxonomy":"product_cat","embeddable":true,"href":"https:\/\/turkishtrade.co\/tr\/wp-json\/wp\/v2\/product_cat?post=5415"},{"taxonomy":"product_tag","embeddable":true,"href":"https:\/\/turkishtrade.co\/tr\/wp-json\/wp\/v2\/product_tag?post=5415"}],"curies":[{"name":"wp","href":"https:\/\/api.w.org\/{rel}","templated":true}]}}