{"id":5411,"date":"2026-01-14T11:54:59","date_gmt":"2026-01-14T11:54:59","guid":{"rendered":"https:\/\/turkishtrade.co\/product\/mens-black-leather-derby-shoes-3\/"},"modified":"2026-04-09T19:35:07","modified_gmt":"2026-04-09T19:35:07","slug":"mens-black-leather-derby-shoes-3","status":"publish","type":"product","link":"https:\/\/turkishtrade.co\/tr\/shop\/mens-black-leather-derby-shoes-3\/","title":{"rendered":"Erkek Siyah Delikli Dana Derisi Derby Ayakkab\u0131"},"content":{"rendered":"<p><strong>Erkek Siyah Deri Derby Ayakkab\u0131<\/strong><\/p>\n<p>Ayakkab\u0131 koleksiyonunuzu se\u00e7kin \u00fcr\u00fcnlerimizle geli\u015ftirin <strong>Erkek Siyah Deri Derby Ayakkab\u0131<\/strong>, klasik zarafet ve modern konforun m\u00fckemmel bir kar\u0131\u015f\u0131m\u0131d\u0131r. Bu sofistike <strong>Erkek Siyah Deri Derby Ayakkab\u0131<\/strong> se\u00e7kin beyefendiler i\u00e7in benzersiz bir stil ve dayan\u0131kl\u0131l\u0131k sa\u011flamak \u00fczere titizlikle \u00fcretilmi\u015ftir. Resmi davetler, i\u015f toplant\u0131lar\u0131 veya \u015f\u0131k g\u00fcndelik k\u0131yafetler i\u00e7in ideal olan <strong>Erkek Siyah Deri Derby Ayakkab\u0131<\/strong> kal\u0131c\u0131 bir etki b\u0131rakmak \u00fczere tasarlanm\u0131\u015f olup, ger\u00e7ekten temel resmi ayakkab\u0131lar olarak kabul g\u00f6rmektedir. Bu ola\u011fan\u00fcst\u00fc ayakkab\u0131lar\u0131n \u00fcst\u00fcn kalitesini ve zamans\u0131z \u00e7ekicili\u011fini ke\u015ffedin <strong>Erkek Siyah Deri Derby Ayakkab\u0131<\/strong>.<\/p>\n<p>&nbsp;<\/p>\n<h3>Neden Siyah Deri Derby Ayakkab\u0131lar\u0131m\u0131z\u0131 Se\u00e7melisiniz?<\/h3>\n<p>Yat\u0131r\u0131mlar\u0131m\u0131z <strong>Erkek Siyah Deri Derby Ayakkab\u0131<\/strong> kalite, stil ve de\u011feri se\u00e7mek anlam\u0131na gelir. Birinci s\u0131n\u0131f dana derisi ve ke\u00e7i derisi kombinasyonu, geli\u015fmi\u015f Microlight taban ile birle\u015fti\u011finde, hem moda hem de i\u015flev a\u00e7\u0131s\u0131ndan zaman\u0131n testine dayanan bir \u00fcr\u00fcn\u00fc garanti eder. \u00dcr\u00fcn tekliflerinizi veya ki\u015fisel gard\u0131robunuzu g\u00fcven ve \u015f\u0131kl\u0131k yans\u0131tan ayakkab\u0131larla geli\u015ftirin. Bug\u00fcn toplu sipari\u015finizi verin ve geleneksel i\u015f\u00e7ilik ile \u00e7a\u011fda\u015f tasar\u0131m\u0131n kar\u0131\u015f\u0131m\u0131n\u0131 \u00fcst\u00fcn kaliteli ayakkab\u0131lar\u0131m\u0131zla deneyimleyin. <strong>Erkek Siyah Deri Derby Ayakkab\u0131<\/strong>. En iyi erkek resmi ayakkab\u0131lar\u0131 i\u00e7in bu <strong>Erkek Siyah Deri Derby Ayakkab\u0131<\/strong> nihai se\u00e7imdir.<\/p>","protected":false},"excerpt":{"rendered":"<ul>\n<li>D\u0131\u015f y\u00fczeyi birinci s\u0131n\u0131f dana derisinden \u00fcretilmi\u015ftir.<\/li>\n<li>\u00dcst\u00fcn konfor i\u00e7in l\u00fcks Ke\u00e7i Derisi i\u00e7 astar.<\/li>\n<li>Ola\u011fan\u00fcst\u00fc esneklik ve dayan\u0131kl\u0131l\u0131k i\u00e7in hafif Microlight taban.<\/li>\n<li>Zarif bir profil i\u00e7in ince 1-3 cm topuk y\u00fcksekli\u011fi.<\/li>\n<li>Kapsaml\u0131 bir beden aral\u0131\u011f\u0131nda mevcuttur: AB 39, 40, 41, 42, 43, 44, 45.<\/li>\n<li>Minimum sipari\u015f miktar\u0131: 8 \u00e7ift.<\/li>\n<li>Tahmini teslim s\u00fcresi: 12 g\u00fcn + nakliye.<\/li>\n<li>Toplu sipari\u015fler i\u00e7in \u00e7ift ba\u015f\u0131na rekabet\u00e7i toptan sat\u0131\u015f fiyat\u0131 USD.<\/li>\n<\/ul>","protected":false},"featured_media":3639,"template":"","meta":{"_acf_changed":false,"_uag_custom_page_level_css":"","site-sidebar-layout":"default","site-content-layout":"","ast-site-content-layout":"default","site-content-style":"default","site-sidebar-style":"default","ast-global-header-display":"","ast-banner-title-visibility":"","ast-main-header-display":"","ast-hfb-above-header-display":"","ast-hfb-below-header-display":"","ast-hfb-mobile-header-display":"","site-post-title":"","ast-breadcrumbs-content":"","ast-featured-img":"","footer-sml-layout":"","ast-disable-related-posts":"","theme-transparent-header-meta":"default","adv-header-id-meta":"","stick-header-meta":"","header-above-stick-meta":"","header-main-stick-meta":"","header-below-stick-meta":"","astra-migrate-meta-layouts":"set","ast-page-background-enabled":"default","ast-page-background-meta":{"desktop":{"background-color":"var(--ast-global-color-4)","background-image":"","background-repeat":"repeat","background-position":"center center","background-size":"auto","background-attachment":"scroll","background-type":"","background-media":"","overlay-type":"","overlay-color":"","overlay-opacity":"","overlay-gradient":""},"tablet":{"background-color":"","background-image":"","background-repeat":"repeat","background-position":"center center","background-size":"auto","background-attachment":"scroll","background-type":"","background-media":"","overlay-type":"","overlay-color":"","overlay-opacity":"","overlay-gradient":""},"mobile":{"background-color":"","background-image":"","background-repeat":"repeat","background-position":"center center","background-size":"auto","background-attachment":"scroll","background-type":"","background-media":"","overlay-type":"","overlay-color":"","overlay-opacity":"","overlay-gradient":""}},"ast-content-background-meta":{"desktop":{"background-color":"var(--ast-global-color-5)","background-image":"","background-repeat":"repeat","background-position":"center center","background-size":"auto","background-attachment":"scroll","background-type":"","background-media":"","overlay-type":"","overlay-color":"","overlay-opacity":"","overlay-gradient":""},"tablet":{"background-color":"var(--ast-global-color-5)","background-image":"","background-repeat":"repeat","background-position":"center center","background-size":"auto","background-attachment":"scroll","background-type":"","background-media":"","overlay-type":"","overlay-color":"","overlay-opacity":"","overlay-gradient":""},"mobile":{"background-color":"var(--ast-global-color-5)","background-image":"","background-repeat":"repeat","background-position":"center center","background-size":"auto","background-attachment":"scroll","background-type":"","background-media":"","overlay-type":"","overlay-color":"","overlay-opacity":"","overlay-gradient":""}}},"product_brand":[],"product_cat":[47,430,40],"product_tag":[435,196,915,854,405,566,212,609,251,189,324,565,466,686,632,281],"class_list":{"0":"post-5411","1":"product","2":"type-product","3":"status-publish","4":"has-post-thumbnail","6":"product_cat-classic","7":"product_cat-men","8":"product_cat-mens-shoes","9":"product_tag-black-derby","10":"product_tag-black-leather-shoes","11":"product_tag-brogue-derby","12":"product_tag-bulk-leather-shoes","13":"product_tag-business-shoes","14":"product_tag-calfskin-shoes","15":"product_tag-derby-shoes","16":"product_tag-elegant-mens-shoes","17":"product_tag-formal-shoes","18":"product_tag-goat-leather-lining","19":"product_tag-mens-dress-shoes","20":"product_tag-mens-formal-shoes","21":"product_tag-microlight-sole","22":"product_tag-perforated-shoes","23":"product_tag-premium-leather-shoes","24":"product_tag-wholesale-shoes","25":"desktop-align-center","26":"tablet-align-center","27":"mobile-align-center","29":"first","30":"instock","31":"shipping-taxable","32":"purchasable","33":"product-type-variable","34":"has-default-attributes"},"acf":[],"uagb_featured_image_src":{"full":["https:\/\/turkishtrade.co\/wp-content\/uploads\/2026\/01\/2400EJOMN00427-BLACK-X_440.png",453,250,false],"thumbnail":["https:\/\/turkishtrade.co\/wp-content\/uploads\/2026\/01\/2400EJOMN00427-BLACK-X_440-150x150.png",150,150,true],"medium":["https:\/\/turkishtrade.co\/wp-content\/uploads\/2026\/01\/2400EJOMN00427-BLACK-X_440-300x166.png",300,166,true],"medium_large":["https:\/\/turkishtrade.co\/wp-content\/uploads\/2026\/01\/2400EJOMN00427-BLACK-X_440.png",453,250,false],"large":["https:\/\/turkishtrade.co\/wp-content\/uploads\/2026\/01\/2400EJOMN00427-BLACK-X_440.png",453,250,false],"1536x1536":["https:\/\/turkishtrade.co\/wp-content\/uploads\/2026\/01\/2400EJOMN00427-BLACK-X_440.png",453,250,false],"2048x2048":["https:\/\/turkishtrade.co\/wp-content\/uploads\/2026\/01\/2400EJOMN00427-BLACK-X_440.png",453,250,false],"trp-custom-language-flag":["https:\/\/turkishtrade.co\/wp-content\/uploads\/2026\/01\/2400EJOMN00427-BLACK-X_440-18x10.png",18,10,true],"woocommerce_thumbnail":["https:\/\/turkishtrade.co\/wp-content\/uploads\/2026\/01\/2400EJOMN00427-BLACK-X_440-400x250.png",400,250,true],"woocommerce_single":["https:\/\/turkishtrade.co\/wp-content\/uploads\/2026\/01\/2400EJOMN00427-BLACK-X_440.png",453,250,false],"woocommerce_gallery_thumbnail":["https:\/\/turkishtrade.co\/wp-content\/uploads\/2026\/01\/2400EJOMN00427-BLACK-X_440-100x100.png",100,100,true]},"uagb_author_info":{"display_name":"yaser olabi","author_link":"https:\/\/turkishtrade.co\/tr\/author\/"},"uagb_comment_info":0,"uagb_excerpt":"Crafted from premium Calfskin Leather exterior. Luxurious Goat Leather interior lining for ultimate comfort. Lightweight Microlight sole for exceptional flexibility and durability. Subtle 1-3 cm heel height for a refined profile. Available in a comprehensive size range: EU 39, 40, 41, 42, 43, 44, 45. Minimum order quantity: 8 pairs. Estimated delivery time: 12 days&hellip;","_links":{"self":[{"href":"https:\/\/turkishtrade.co\/tr\/wp-json\/wp\/v2\/product\/5411","targetHints":{"allow":["GET"]}}],"collection":[{"href":"https:\/\/turkishtrade.co\/tr\/wp-json\/wp\/v2\/product"}],"about":[{"href":"https:\/\/turkishtrade.co\/tr\/wp-json\/wp\/v2\/types\/product"}],"wp:featuredmedia":[{"embeddable":true,"href":"https:\/\/turkishtrade.co\/tr\/wp-json\/wp\/v2\/media\/3639"}],"wp:attachment":[{"href":"https:\/\/turkishtrade.co\/tr\/wp-json\/wp\/v2\/media?parent=5411"}],"wp:term":[{"taxonomy":"product_brand","embeddable":true,"href":"https:\/\/turkishtrade.co\/tr\/wp-json\/wp\/v2\/product_brand?post=5411"},{"taxonomy":"product_cat","embeddable":true,"href":"https:\/\/turkishtrade.co\/tr\/wp-json\/wp\/v2\/product_cat?post=5411"},{"taxonomy":"product_tag","embeddable":true,"href":"https:\/\/turkishtrade.co\/tr\/wp-json\/wp\/v2\/product_tag?post=5411"}],"curies":[{"name":"wp","href":"https:\/\/api.w.org\/{rel}","templated":true}]}}