{"id":5409,"date":"2026-01-14T11:54:32","date_gmt":"2026-01-14T11:54:32","guid":{"rendered":"https:\/\/turkishtrade.co\/product\/mens-black-leather-dress-shoes\/"},"modified":"2026-04-09T19:35:10","modified_gmt":"2026-04-09T19:35:10","slug":"mens-black-leather-dress-shoes","status":"publish","type":"product","link":"https:\/\/turkishtrade.co\/tr\/shop\/mens-black-leather-dress-shoes\/","title":{"rendered":"Zarif Erkek Siyah Deri Cap-Toe Derby Ayakkab\u0131"},"content":{"rendered":"<p><strong>Erkek Siyah Deri Elbise Ayakkab\u0131s\u0131<\/strong><\/p>\n<p>Titizlikle haz\u0131rlanm\u0131\u015f \u00fcr\u00fcnlerimizle zamans\u0131z bir sofistikeli\u011fe ad\u0131m at\u0131n <strong>Erkek Siyah Deri Elbise Ayakkab\u0131s\u0131<\/strong>. Se\u00e7kin beyefendiler i\u00e7in tasarlanan bu zarif <strong>erkek siyah deri elbise ayakkab\u0131s\u0131<\/strong> zamans\u0131z zarafetin \u00f6z\u00fcd\u00fcr ve her t\u00fcrl\u00fc resmi veya i\u015f k\u0131yafetine \u015f\u0131k bir dokunu\u015f katmak i\u00e7in m\u00fckemmeldir. Her bir \u00e7ift, hem benzersiz bir stil hem de kal\u0131c\u0131 konfor sunmak i\u00e7in ustal\u0131kla \u00fcretilmi\u015ftir ve ayakkab\u0131 koleksiyonunuza \u00f6nemli bir katk\u0131 sa\u011flar.<\/p>\n<h3>\u00dcst\u00fcn \u0130\u015f\u00e7ilik ve Birinci S\u0131n\u0131f Malzemeler<\/h3>\n<p>Bizim <strong>Erkek Siyah Deri Elbise Ayakkab\u0131s\u0131<\/strong> en iyi malzemelerden ba\u015flayarak kalitenin bir kan\u0131t\u0131d\u0131r. D\u0131\u015f y\u00fczeyi, p\u00fcr\u00fczs\u00fcz y\u00fczeyi, dayan\u0131kl\u0131l\u0131\u011f\u0131 ve g\u00fczel bir \u015fekilde eskime kabiliyetiyle bilinen esnek, y\u00fcksek kaliteli dana derisinden \u00fcretilmi\u015ftir. Bu l\u00fcks d\u0131\u015f katman, dikkat \u00e7eken g\u00f6steri\u015fli bir g\u00f6r\u00fcn\u00fcm sa\u011flar. \u0130ster ofiste, ister d\u00fc\u011f\u00fcnde veya \u00f6zel bir etkinlikte olun, ayaklar\u0131n\u0131z inan\u0131lmaz yumu\u015fak ve nefes alabilen ke\u00e7i derisi astarla sar\u0131lacak ve g\u00fcn boyunca ola\u011fan\u00fcst\u00fc konfor sa\u011flayacakt\u0131r. Ke\u00e7i derisi i\u00e7 k\u0131s\u0131m, s\u0131cakl\u0131\u011f\u0131 d\u00fczenlemeye yard\u0131mc\u0131 olur ve eldiven benzeri bir uyum sunarak bu birinci s\u0131n\u0131f ayakkab\u0131larla uzun s\u00fcreli kullan\u0131m s\u0131ras\u0131nda rahats\u0131zl\u0131\u011f\u0131 \u00f6nler. <strong>siyah deri elbise ayakkab\u0131s\u0131<\/strong>.<\/p>\n<p>Zarif brogue detaylar\u0131yla incelikle vurgulanan klasik burnu a\u00e7\u0131k tasar\u0131m, ayakkab\u0131n\u0131n sofistike profilini geli\u015ftiriyor. Bu zamans\u0131z estetik, bu ayakkab\u0131lar\u0131n <strong>erkek si\u0307yah deri\u0307 ayakkabi<\/strong> kurumsal toplant\u0131lardan kutlama toplant\u0131lar\u0131na kadar \u00e7e\u015fitli resmi durumlar i\u00e7in yeterince \u00e7ok y\u00f6nl\u00fcd\u00fcr. \u015e\u0131k siyah kaplamas\u0131 keskin bir kontrast sa\u011flayarak \u00e7ok \u00e7e\u015fitli tak\u0131m elbiseler ve \u00f6zel dikim pantolonlarla kolayca e\u015fle\u015ftirilebilmesini sa\u011flar. <strong>erkekler i\u00e7in siyah deri elbise ayakkab\u0131s\u0131<\/strong>.<\/p>\n<h3>Konfor ve Dayan\u0131kl\u0131l\u0131k i\u00e7in Tasarland\u0131<\/h3>\n<p>Tasar\u0131m felsefemizde konfor her \u015feyden \u00f6nemlidir. Bu zarif <strong>erkekler i\u00e7in siyah deri elbise ayakkab\u0131s\u0131<\/strong> dayan\u0131kl\u0131 ancak hafif Microlight tabana sahiptir. Bu geli\u015fmi\u015f taban teknolojisi m\u00fckemmel tutu\u015f ve esneklik sunarak ayak yorgunlu\u011funu azalt\u0131r ve \u00e7e\u015fitli y\u00fczeylerde dengeli bir duru\u015f sa\u011flar. Rahat 1-3 cm topuk y\u00fcksekli\u011fi ile e\u015fle\u015ftirilen bu ayakkab\u0131lar, m\u00fckemmel bir y\u00fckseklik ve ergonomik destek dengesi sa\u011flayarak g\u00fcvenle ve kolayl\u0131kla hareket etmenizi sa\u011flar. Birinci s\u0131n\u0131f deri ve Microlight taban\u0131n birle\u015fimi, sadece \u015f\u0131k de\u011fil ayn\u0131 zamanda g\u00fcnl\u00fck kullan\u0131m\u0131n zorluklar\u0131na dayanacak ve zaman i\u00e7inde bozulmam\u0131\u015f g\u00f6r\u00fcn\u00fcm\u00fcn\u00fc koruyacak \u015fekilde \u00fcretilmi\u015f bir ayakkab\u0131y\u0131 garanti eder.<\/p>\n<p>39'dan 45'e kadar kapsaml\u0131 bir Avrupa beden yelpazesinde mevcut olan bu ola\u011fan\u00fcst\u00fc <strong>erkek siyah deri elbise ayakkab\u0131s\u0131<\/strong> m\u00fckemmel uyum sa\u011flayacak \u015fekilde tasarlanm\u0131\u015ft\u0131r. Toptan m\u00fc\u015fterilerimiz i\u00e7in, tahmini teslimat s\u00fcresi 12 g\u00fcn art\u0131 nakliye ile minimum 8 \u00e7ift sipari\u015f miktar\u0131 sunuyoruz. Envanterinizi bu zarif \u00fcr\u00fcnlerle y\u00fckseltin <strong>erkek resmi\u0307 ayakkabi<\/strong>, kalite ve klasik stile odaklanan her koleksiyon i\u00e7in temel bir \u00fcr\u00fcnd\u00fcr. Geleneksel i\u015f\u00e7ili\u011fi modern konforla birle\u015ftiren ve y\u0131llar boyunca rafine bir g\u00f6r\u00fcn\u00fcm vaat eden bir \u00e7ifte yat\u0131r\u0131m yap\u0131n.<\/p>","protected":false},"excerpt":{"rendered":"<ul>\n<li>Premium Dana Derisi D\u0131\u015f Y\u00fczey<\/li>\n<li>L\u00fcks Ke\u00e7i Derisi \u0130\u00e7 Astar<\/li>\n<li>Dayan\u0131kl\u0131 ve Hafif Microlight Taban<\/li>\n<li>Rahat 1-3 cm Topuk Y\u00fcksekli\u011fi<\/li>\n<li>39-45 Avrupa Bedenlerinde Mevcuttur<\/li>\n<li>Minimum Sipari\u015f Miktar\u0131: 8 \u00c7ift<\/li>\n<li>Tahmini Teslim S\u00fcresi: 12 G\u00fcn + Kargo<\/li>\n<\/ul>","protected":false},"featured_media":3638,"template":"","meta":{"_acf_changed":false,"_uag_custom_page_level_css":"","site-sidebar-layout":"default","site-content-layout":"","ast-site-content-layout":"default","site-content-style":"default","site-sidebar-style":"default","ast-global-header-display":"","ast-banner-title-visibility":"","ast-main-header-display":"","ast-hfb-above-header-display":"","ast-hfb-below-header-display":"","ast-hfb-mobile-header-display":"","site-post-title":"","ast-breadcrumbs-content":"","ast-featured-img":"","footer-sml-layout":"","ast-disable-related-posts":"","theme-transparent-header-meta":"default","adv-header-id-meta":"","stick-header-meta":"","header-above-stick-meta":"","header-main-stick-meta":"","header-below-stick-meta":"","astra-migrate-meta-layouts":"set","ast-page-background-enabled":"default","ast-page-background-meta":{"desktop":{"background-color":"var(--ast-global-color-4)","background-image":"","background-repeat":"repeat","background-position":"center center","background-size":"auto","background-attachment":"scroll","background-type":"","background-media":"","overlay-type":"","overlay-color":"","overlay-opacity":"","overlay-gradient":""},"tablet":{"background-color":"","background-image":"","background-repeat":"repeat","background-position":"center center","background-size":"auto","background-attachment":"scroll","background-type":"","background-media":"","overlay-type":"","overlay-color":"","overlay-opacity":"","overlay-gradient":""},"mobile":{"background-color":"","background-image":"","background-repeat":"repeat","background-position":"center center","background-size":"auto","background-attachment":"scroll","background-type":"","background-media":"","overlay-type":"","overlay-color":"","overlay-opacity":"","overlay-gradient":""}},"ast-content-background-meta":{"desktop":{"background-color":"var(--ast-global-color-5)","background-image":"","background-repeat":"repeat","background-position":"center center","background-size":"auto","background-attachment":"scroll","background-type":"","background-media":"","overlay-type":"","overlay-color":"","overlay-opacity":"","overlay-gradient":""},"tablet":{"background-color":"var(--ast-global-color-5)","background-image":"","background-repeat":"repeat","background-position":"center center","background-size":"auto","background-attachment":"scroll","background-type":"","background-media":"","overlay-type":"","overlay-color":"","overlay-opacity":"","overlay-gradient":""},"mobile":{"background-color":"var(--ast-global-color-5)","background-image":"","background-repeat":"repeat","background-position":"center center","background-size":"auto","background-attachment":"scroll","background-type":"","background-media":"","overlay-type":"","overlay-color":"","overlay-opacity":"","overlay-gradient":""}}},"product_brand":[],"product_cat":[47,430,40],"product_tag":[196,654,629,405,451,212,480,251,556,324,666,466,632,914],"class_list":{"0":"post-5409","1":"product","2":"type-product","3":"status-publish","4":"has-post-thumbnail","6":"product_cat-classic","7":"product_cat-men","8":"product_cat-mens-shoes","9":"product_tag-black-leather-shoes","10":"product_tag-brogue-shoes","11":"product_tag-bulk-order-shoes","12":"product_tag-business-shoes","13":"product_tag-calfskin-leather","14":"product_tag-derby-shoes","15":"product_tag-elegant-shoes","16":"product_tag-formal-shoes","17":"product_tag-goatskin-lining","18":"product_tag-mens-dress-shoes","19":"product_tag-mens-formal-footwear","20":"product_tag-microlight-sole","21":"product_tag-premium-leather-shoes","22":"product_tag-professional-shoes","23":"desktop-align-center","24":"tablet-align-center","25":"mobile-align-center","27":"first","28":"instock","29":"shipping-taxable","30":"purchasable","31":"product-type-variable","32":"has-default-attributes"},"acf":[],"uagb_featured_image_src":{"full":["https:\/\/turkishtrade.co\/wp-content\/uploads\/2026\/01\/2400EJOMN00426-BLACK-X_80.png",453,250,false],"thumbnail":["https:\/\/turkishtrade.co\/wp-content\/uploads\/2026\/01\/2400EJOMN00426-BLACK-X_80-150x150.png",150,150,true],"medium":["https:\/\/turkishtrade.co\/wp-content\/uploads\/2026\/01\/2400EJOMN00426-BLACK-X_80-300x166.png",300,166,true],"medium_large":["https:\/\/turkishtrade.co\/wp-content\/uploads\/2026\/01\/2400EJOMN00426-BLACK-X_80.png",453,250,false],"large":["https:\/\/turkishtrade.co\/wp-content\/uploads\/2026\/01\/2400EJOMN00426-BLACK-X_80.png",453,250,false],"1536x1536":["https:\/\/turkishtrade.co\/wp-content\/uploads\/2026\/01\/2400EJOMN00426-BLACK-X_80.png",453,250,false],"2048x2048":["https:\/\/turkishtrade.co\/wp-content\/uploads\/2026\/01\/2400EJOMN00426-BLACK-X_80.png",453,250,false],"trp-custom-language-flag":["https:\/\/turkishtrade.co\/wp-content\/uploads\/2026\/01\/2400EJOMN00426-BLACK-X_80-18x10.png",18,10,true],"woocommerce_thumbnail":["https:\/\/turkishtrade.co\/wp-content\/uploads\/2026\/01\/2400EJOMN00426-BLACK-X_80-400x250.png",400,250,true],"woocommerce_single":["https:\/\/turkishtrade.co\/wp-content\/uploads\/2026\/01\/2400EJOMN00426-BLACK-X_80.png",453,250,false],"woocommerce_gallery_thumbnail":["https:\/\/turkishtrade.co\/wp-content\/uploads\/2026\/01\/2400EJOMN00426-BLACK-X_80-100x100.png",100,100,true]},"uagb_author_info":{"display_name":"yaser olabi","author_link":"https:\/\/turkishtrade.co\/tr\/author\/"},"uagb_comment_info":0,"uagb_excerpt":"Premium Calfskin Leather Exterior Luxurious Goatskin Leather Interior Lining Durable and Lightweight Microlight Sole Comfortable 1-3 cm Heel Height Available in European Sizes 39-45 Minimum Order Quantity: 8 Pairs Estimated Delivery Time: 12 Days + Shipping","_links":{"self":[{"href":"https:\/\/turkishtrade.co\/tr\/wp-json\/wp\/v2\/product\/5409","targetHints":{"allow":["GET"]}}],"collection":[{"href":"https:\/\/turkishtrade.co\/tr\/wp-json\/wp\/v2\/product"}],"about":[{"href":"https:\/\/turkishtrade.co\/tr\/wp-json\/wp\/v2\/types\/product"}],"wp:featuredmedia":[{"embeddable":true,"href":"https:\/\/turkishtrade.co\/tr\/wp-json\/wp\/v2\/media\/3638"}],"wp:attachment":[{"href":"https:\/\/turkishtrade.co\/tr\/wp-json\/wp\/v2\/media?parent=5409"}],"wp:term":[{"taxonomy":"product_brand","embeddable":true,"href":"https:\/\/turkishtrade.co\/tr\/wp-json\/wp\/v2\/product_brand?post=5409"},{"taxonomy":"product_cat","embeddable":true,"href":"https:\/\/turkishtrade.co\/tr\/wp-json\/wp\/v2\/product_cat?post=5409"},{"taxonomy":"product_tag","embeddable":true,"href":"https:\/\/turkishtrade.co\/tr\/wp-json\/wp\/v2\/product_tag?post=5409"}],"curies":[{"name":"wp","href":"https:\/\/api.w.org\/{rel}","templated":true}]}}