{"id":5400,"date":"2026-01-14T11:52:52","date_gmt":"2026-01-14T11:52:52","guid":{"rendered":"https:\/\/turkishtrade.co\/product\/mens-black-leather-dress-shoe\/"},"modified":"2026-04-09T19:35:20","modified_gmt":"2026-04-09T19:35:20","slug":"mens-black-leather-dress-shoe","status":"publish","type":"product","link":"https:\/\/turkishtrade.co\/tr\/shop\/mens-black-leather-dress-shoe\/","title":{"rendered":"Elegant Erkek Siyah Dana Derisi Elbise Ayakkab\u0131s\u0131"},"content":{"rendered":"<p><strong>Erkek Siyah Deri Elbise Ayakkab\u0131s\u0131<\/strong><\/p>\n<p>Elegant Erkek Siyah Dana Derisi Elbise Ayakkab\u0131m\u0131zla benzersiz bir sofistikeli\u011fe ad\u0131m at\u0131n. Se\u00e7kin beyefendiler i\u00e7in tasarlanan bu zarif ayakkab\u0131lar, zamans\u0131z stili modern konforla harmanlayarak her t\u00fcrl\u00fc resmi veya i\u015f gard\u0131robuna vazge\u00e7ilmez bir katk\u0131 sa\u011fl\u0131yor. En iyi malzemelerden \u00fcretilen bu <b>erkek siyah deri elbise ayakkab\u0131s\u0131<\/b> hem kal\u0131c\u0131 kalite hem de se\u00e7kin bir g\u00f6r\u00fcn\u00fcm vaat ediyor.<\/p>\n<h3>Rakipsiz \u0130\u015f\u00e7ilik ve Birinci S\u0131n\u0131f Malzemeler<\/h3>\n<p>Bu zarif elbise ayakkab\u0131lar\u0131n\u0131n her bir \u00e7ifti \u00fcst\u00fcn i\u015f\u00e7ili\u011fin bir kan\u0131t\u0131d\u0131r. D\u0131\u015f y\u00fczeyi, p\u00fcr\u00fczs\u00fcz dokusu, dayan\u0131kl\u0131l\u0131\u011f\u0131 ve l\u00fcks hissiyle tan\u0131nan esnek dana derisinden titizlikle \u00fcretilmi\u015ftir. Bu birinci s\u0131n\u0131f malzeme, ayakkab\u0131n\u0131z\u0131n <b>erkek siyah deri elbise ayakkab\u0131s\u0131<\/b> sadece ola\u011fan\u00fcst\u00fc g\u00f6r\u00fcnmekle kalmaz, ayn\u0131 zamanda a\u015f\u0131nma ile zengin bir patina geli\u015ftirerek zaman\u0131n testine de dayan\u0131r. Sa\u011flam d\u0131\u015f y\u00fczeyi tamamlayan i\u00e7 k\u0131s\u0131m yumu\u015fak ke\u00e7i derisiyle astarlanm\u0131\u015ft\u0131r ve g\u00fcn boyunca ayaklar\u0131n\u0131z i\u00e7in inan\u0131lmaz rahat ve nefes alabilir bir ortam sa\u011flar.<\/p>\n<h3>Microlight Taban ile Geli\u015fmi\u015f Konfor<\/h3>\n<p>Konfor her \u015feyden \u00f6nemlidir ve <b>erkek siyah deri elbise ayakkab\u0131s\u0131<\/b> sunar. Yenilik\u00e7i Microlight tabana sahip bu ayakkab\u0131lar, destek veya dayan\u0131kl\u0131l\u0131ktan \u00f6d\u00fcn vermeden ola\u011fan\u00fcst\u00fc hafiflik ve esneklik sunar. Microlight taban, yorgunlu\u011fu azaltarak ister toplant\u0131 odalar\u0131nda geziniyor ister \u00f6zel etkinliklere kat\u0131l\u0131yor olun, aya\u011f\u0131n\u0131zda ge\u00e7irece\u011finiz uzun g\u00fcnler i\u00e7in idealdir. \u0130nce 1-3 cm topuk, rafine bir duru\u015f katarak siluetinizi geli\u015ftirirken dengeli bir konfor sa\u011flar. Bunlar sadece herhangi bir resmi ayakkab\u0131 de\u011fil; sa\u011fl\u0131\u011f\u0131n\u0131z i\u00e7in tasarland\u0131lar.<\/p>\n<h3>Her Durum i\u00e7in \u00c7ok Y\u00f6nl\u00fcl\u00fck<\/h3>\n<p>Klasik siyah tonu ve zarif tasar\u0131m\u0131 ile bu <b>erkek siyah deri elbise ayakkab\u0131s\u0131<\/b> inan\u0131lmaz derecede \u00e7ok y\u00f6nl\u00fcd\u00fcr. Keskin bir i\u015f k\u0131yafeti i\u00e7in m\u00fckemmel bir tamamlay\u0131c\u0131d\u0131r, d\u00fc\u011f\u00fcnler veya galalar i\u00e7in resmi k\u0131yafetlere cilal\u0131 bir g\u00f6r\u00fcn\u00fcm katar ve hatta ak\u0131ll\u0131 g\u00fcndelik topluluklar\u0131 y\u00fckseltebilir. Sofistike ama rahat bir ayakkab\u0131 arayanlar i\u00e7in bu \u00f6zel ayakkab\u0131 <b>erkek siyah deri elbise ayakkab\u0131s\u0131<\/b> ideal bir se\u00e7imdir. 39'dan 45'e kadar kapsaml\u0131 bir beden yelpazesinde mevcut olan bu \u00fcr\u00fcn, \u00e7ok \u00e7e\u015fitli tercihler i\u00e7in m\u00fckemmel bir uyum sa\u011flar.<\/p>\n<h3>Toptan Sat\u0131\u015f F\u0131rsatlar\u0131 ve G\u00fcvenilir Teslimat<\/h3>\n<p>Perakendeciler ve i\u015fletmeler i\u00e7in bu premium <b>erkek siyah deri elbise ayakkab\u0131s\u0131<\/b> minimum 8 \u00e7ift sipari\u015f ile toptan sat\u0131n al\u0131nabilir. Teslimat s\u00fcresi sadece 12 g\u00fcn art\u0131 nakliye ile verimli hizmetten gurur duyuyoruz. Envanterinizi kalite, stil ve konforla yank\u0131lanan bir \u00fcr\u00fcnle y\u00fckseltin. Zarif \u00fcr\u00fcnlerimizle en iyisine yat\u0131r\u0131m yap\u0131n <b>erkek siyah deri elbise ayakkab\u0131s\u0131<\/b> ve m\u00fc\u015fterilerinize unutamayacaklar\u0131 bir ayakkab\u0131 deneyimi sunun.<\/p>","protected":false},"excerpt":{"rendered":"<ul>\n<li>Premium Dana Derisi D\u0131\u015f Y\u00fczey ve L\u00fcks Ke\u00e7i Derisi \u0130\u00e7 Y\u00fczey<\/li>\n<li>G\u00fcn Boyu Konfor ve Dayan\u0131kl\u0131l\u0131k i\u00e7in Hafif Microlight Taban<\/li>\n<li>Zarif Duru\u015f ve Destek i\u00e7in \u0130nce 1-3 cm Topuk<\/li>\n<li>Zarif Siyah Tasar\u0131m, Resmi ve \u0130\u015f K\u0131yafetleri i\u00e7in \u0130deal<\/li>\n<li>M\u00fckemmel uyum i\u00e7in 39-45 bedenleri mevcuttur<\/li>\n<li>Minimum 8 \u00e7ift sipari\u015f; toptan fiyatland\u0131rma ve toplu sipari\u015fler i\u00e7in bilgi al\u0131n<\/li>\n<\/ul>","protected":false},"featured_media":3633,"template":"","meta":{"_acf_changed":false,"_uag_custom_page_level_css":"","site-sidebar-layout":"default","site-content-layout":"","ast-site-content-layout":"default","site-content-style":"default","site-sidebar-style":"default","ast-global-header-display":"","ast-banner-title-visibility":"","ast-main-header-display":"","ast-hfb-above-header-display":"","ast-hfb-below-header-display":"","ast-hfb-mobile-header-display":"","site-post-title":"","ast-breadcrumbs-content":"","ast-featured-img":"","footer-sml-layout":"","ast-disable-related-posts":"","theme-transparent-header-meta":"default","adv-header-id-meta":"","stick-header-meta":"","header-above-stick-meta":"","header-main-stick-meta":"","header-below-stick-meta":"","astra-migrate-meta-layouts":"set","ast-page-background-enabled":"default","ast-page-background-meta":{"desktop":{"background-color":"var(--ast-global-color-4)","background-image":"","background-repeat":"repeat","background-position":"center center","background-size":"auto","background-attachment":"scroll","background-type":"","background-media":"","overlay-type":"","overlay-color":"","overlay-opacity":"","overlay-gradient":""},"tablet":{"background-color":"","background-image":"","background-repeat":"repeat","background-position":"center center","background-size":"auto","background-attachment":"scroll","background-type":"","background-media":"","overlay-type":"","overlay-color":"","overlay-opacity":"","overlay-gradient":""},"mobile":{"background-color":"","background-image":"","background-repeat":"repeat","background-position":"center center","background-size":"auto","background-attachment":"scroll","background-type":"","background-media":"","overlay-type":"","overlay-color":"","overlay-opacity":"","overlay-gradient":""}},"ast-content-background-meta":{"desktop":{"background-color":"var(--ast-global-color-5)","background-image":"","background-repeat":"repeat","background-position":"center center","background-size":"auto","background-attachment":"scroll","background-type":"","background-media":"","overlay-type":"","overlay-color":"","overlay-opacity":"","overlay-gradient":""},"tablet":{"background-color":"var(--ast-global-color-5)","background-image":"","background-repeat":"repeat","background-position":"center center","background-size":"auto","background-attachment":"scroll","background-type":"","background-media":"","overlay-type":"","overlay-color":"","overlay-opacity":"","overlay-gradient":""},"mobile":{"background-color":"var(--ast-global-color-5)","background-image":"","background-repeat":"repeat","background-position":"center center","background-size":"auto","background-attachment":"scroll","background-type":"","background-media":"","overlay-type":"","overlay-color":"","overlay-opacity":"","overlay-gradient":""}}},"product_brand":[],"product_cat":[47,430,40],"product_tag":[196,405,202,754,454,251,437,324,466,632,281],"class_list":{"0":"post-5400","1":"product","2":"type-product","3":"status-publish","4":"has-post-thumbnail","6":"product_cat-classic","7":"product_cat-men","8":"product_cat-mens-shoes","9":"product_tag-black-leather-shoes","10":"product_tag-business-shoes","11":"product_tag-calf-leather","12":"product_tag-classic-mens-shoes","13":"product_tag-elegant-footwear","14":"product_tag-formal-shoes","15":"product_tag-goat-leather","16":"product_tag-mens-dress-shoes","17":"product_tag-microlight-sole","18":"product_tag-premium-leather-shoes","19":"product_tag-wholesale-shoes","20":"desktop-align-center","21":"tablet-align-center","22":"mobile-align-center","24":"first","25":"instock","26":"shipping-taxable","27":"purchasable","28":"product-type-variable","29":"has-default-attributes"},"acf":[],"uagb_featured_image_src":{"full":["https:\/\/turkishtrade.co\/wp-content\/uploads\/2026\/01\/2400EJOMN00420-BLACK-Y_301.png",453,250,false],"thumbnail":["https:\/\/turkishtrade.co\/wp-content\/uploads\/2026\/01\/2400EJOMN00420-BLACK-Y_301.png",150,83,false],"medium":["https:\/\/turkishtrade.co\/wp-content\/uploads\/2026\/01\/2400EJOMN00420-BLACK-Y_301.png",300,166,false],"medium_large":["https:\/\/turkishtrade.co\/wp-content\/uploads\/2026\/01\/2400EJOMN00420-BLACK-Y_301.png",453,250,false],"large":["https:\/\/turkishtrade.co\/wp-content\/uploads\/2026\/01\/2400EJOMN00420-BLACK-Y_301.png",453,250,false],"1536x1536":["https:\/\/turkishtrade.co\/wp-content\/uploads\/2026\/01\/2400EJOMN00420-BLACK-Y_301.png",453,250,false],"2048x2048":["https:\/\/turkishtrade.co\/wp-content\/uploads\/2026\/01\/2400EJOMN00420-BLACK-Y_301.png",453,250,false],"trp-custom-language-flag":["https:\/\/turkishtrade.co\/wp-content\/uploads\/2026\/01\/2400EJOMN00420-BLACK-Y_301.png",18,10,false],"woocommerce_thumbnail":["https:\/\/turkishtrade.co\/wp-content\/uploads\/2026\/01\/2400EJOMN00420-BLACK-Y_301-400x250.png",400,250,true],"woocommerce_single":["https:\/\/turkishtrade.co\/wp-content\/uploads\/2026\/01\/2400EJOMN00420-BLACK-Y_301.png",453,250,false],"woocommerce_gallery_thumbnail":["https:\/\/turkishtrade.co\/wp-content\/uploads\/2026\/01\/2400EJOMN00420-BLACK-Y_301-100x100.png",100,100,true]},"uagb_author_info":{"display_name":"yaser olabi","author_link":"https:\/\/turkishtrade.co\/tr\/author\/"},"uagb_comment_info":0,"uagb_excerpt":"Premium Calf Leather Exterior &amp; Luxurious Goat Leather Interior Lightweight Microlight Sole for All-Day Comfort and Durability Subtle 1-3 cm Heel for Refined Posture and Support Elegant Black Design, Ideal for Formal &amp; Business Wear Available in Sizes 39-45 for a perfect fit Minimum order of 8 pairs; inquire for wholesale pricing and bulk orders","_links":{"self":[{"href":"https:\/\/turkishtrade.co\/tr\/wp-json\/wp\/v2\/product\/5400","targetHints":{"allow":["GET"]}}],"collection":[{"href":"https:\/\/turkishtrade.co\/tr\/wp-json\/wp\/v2\/product"}],"about":[{"href":"https:\/\/turkishtrade.co\/tr\/wp-json\/wp\/v2\/types\/product"}],"wp:featuredmedia":[{"embeddable":true,"href":"https:\/\/turkishtrade.co\/tr\/wp-json\/wp\/v2\/media\/3633"}],"wp:attachment":[{"href":"https:\/\/turkishtrade.co\/tr\/wp-json\/wp\/v2\/media?parent=5400"}],"wp:term":[{"taxonomy":"product_brand","embeddable":true,"href":"https:\/\/turkishtrade.co\/tr\/wp-json\/wp\/v2\/product_brand?post=5400"},{"taxonomy":"product_cat","embeddable":true,"href":"https:\/\/turkishtrade.co\/tr\/wp-json\/wp\/v2\/product_cat?post=5400"},{"taxonomy":"product_tag","embeddable":true,"href":"https:\/\/turkishtrade.co\/tr\/wp-json\/wp\/v2\/product_tag?post=5400"}],"curies":[{"name":"wp","href":"https:\/\/api.w.org\/{rel}","templated":true}]}}