{"id":5398,"date":"2026-01-14T11:52:29","date_gmt":"2026-01-14T11:52:29","guid":{"rendered":"https:\/\/turkishtrade.co\/product\/navy-calf-leather-loafers\/"},"modified":"2026-04-09T19:35:22","modified_gmt":"2026-04-09T19:35:22","slug":"navy-calf-leather-loafers","status":"publish","type":"product","link":"https:\/\/turkishtrade.co\/tr\/shop\/navy-calf-leather-loafers\/","title":{"rendered":"Dokulu Detaylara Sahip Erkek Premium Lacivert Dana Derisi Loafer"},"content":{"rendered":"<p><strong>Lacivert Dana Derisi Loafer<\/strong><\/p>\n<p>Zamans\u0131z \u015f\u0131kl\u0131\u011fa ve e\u015fsiz konfora ad\u0131m at\u0131n <b>Premium Lacivert Dana Derisi Loaferlar<\/b>. Modern beyefendiler i\u00e7in tasarlanan bu zarif mokasen ayakkab\u0131lar, sofistike stili \u00fcst\u00fcn i\u015f\u00e7ilikle kusursuz bir \u015fekilde harmanl\u0131yor. Bunlar\u0131n her bir \u00e7ifti <b>laci\u0307vert dana deri\u0307si\u0307 mokasen<\/b> m\u00fckemmel uyum ve uzun s\u00fcreli dayan\u0131kl\u0131l\u0131k sa\u011flamak i\u00e7in titizlikle \u00fcretilmi\u015ftir ve ayakkab\u0131 koleksiyonunuza vazge\u00e7ilmez bir katk\u0131 sa\u011flar.<\/p>\n<h3>Rakipsiz Kalite ve \u0130\u015f\u00e7ilik<\/h3>\n<p>D\u0131\u015f y\u00fczeyi en iyi hakiki dana derisinden \u00fcretilen bu <b>erkek laci\u0307vert mokasen<\/b> zengin bir dokuya ve l\u00fcks bir hisse sahiptir. \u00c7arp\u0131c\u0131 lacivert tonu hem \u00e7ok y\u00f6nl\u00fc hem de ay\u0131rt edici olup ince ama g\u00fc\u00e7l\u00fc bir stil ifadesi olu\u015fturman\u0131za olanak tan\u0131r. Sa\u011flam dana derisi d\u0131\u015f y\u00fczeyi tamamlayan i\u00e7 k\u0131s\u0131m, ola\u011fan\u00fcst\u00fc yumu\u015fakl\u0131\u011f\u0131 ve nefes alabilirli\u011fi ile bilinen hakiki ke\u00e7i derisi ile g\u00f6rkemli bir \u015fekilde astarlanm\u0131\u015ft\u0131r. Bu \u00f6zenli kombinasyon, uzun s\u00fcreli kullan\u0131mlarda bile benzersiz bir konfor sa\u011flar. \u00dcst k\u0131s\u0131mdaki benzersiz dokulu detay, \u0131smarlama bir cazibe dokunu\u015fu katarak bu <b>birinci s\u0131n\u0131f deri mokasen ayakkab\u0131lar<\/b> s\u0131radanl\u0131\u011f\u0131n d\u0131\u015f\u0131nda.<\/p>\n<h3>G\u00fcn Boyu Kullan\u0131m i\u00e7in \u00dcst\u00fcn Konfor<\/h3>\n<p>Esneklik ve yast\u0131klama i\u00e7in tasarlanan yenilik\u00e7i Microlight taban ile hafif deste\u011fi deneyimleyin. Bu geli\u015fmi\u015f taban teknolojisi, 1-3 cm'lik ince topuk y\u00fcksekli\u011fiyle bir araya gelerek stilden \u00f6d\u00fcn vermeden optimum konfor sa\u011flar. \u0130ster yo\u011fun bir i\u015f g\u00fcn\u00fc ge\u00e7iriyor olun ister rahat bir hafta sonunun tad\u0131n\u0131 \u00e7\u0131kar\u0131n, bu <b>laci\u0307vert dana deri\u0307si\u0307 mokasen<\/b> sizi rahat ve \u00f6zg\u00fcvenli tutacakt\u0131r. Ergonomik tasar\u0131m, 39 ila 45 numara aras\u0131nda geni\u015f bir ayak \u00f6l\u00e7\u00fcs\u00fc yelpazesine hitap eder.<\/p>\n<h3>Her Durum i\u00e7in \u00c7ok Y\u00f6nl\u00fc Stil<\/h3>\n<p>Bu \u00e7ok y\u00f6nl\u00fc <b>erkek premium laci\u0307vert dana deri\u0307si\u0307 mokasen<\/b> \u00e7e\u015fitli durumlar i\u00e7in m\u00fckemmeldir. Zarif bir i\u015f g\u00fcndeli\u011fi g\u00f6r\u00fcn\u00fcm\u00fc i\u00e7in \u00f6zel dikim tak\u0131m elbiselerle e\u015fle\u015ftirin ya da \u015f\u0131k bir g\u00fcndelik k\u0131yafet i\u00e7in chino pantolon ve \u015f\u0131k bir g\u00f6mlekle kombinleyin. Sofistike tasar\u0131mlar\u0131, onlar\u0131 resmi etkinlikler, ak\u015fam toplant\u0131lar\u0131 veya sadece g\u00fcnl\u00fck tarz\u0131n\u0131z\u0131 geli\u015ftirmek i\u00e7in uygun hale getirir. Bunlar\u0131 se\u00e7ti\u011finizde <b>dana derisi mokasen ayakkab\u0131<\/b>, kalite, konfor ve kal\u0131c\u0131 bir stile yat\u0131r\u0131m yap\u0131yorsunuz.<\/p>\n<h3>Toplu Sipari\u015fler ve Toptan Sat\u0131\u015f F\u0131rsatlar\u0131<\/h3>\n<p>Perakendeciler ve i\u015fletmeler i\u00e7in bu ola\u011fan\u00fcst\u00fc <b>laci\u0307vert dana deri\u0307si\u0307 mokasen<\/b> minimum 8 \u00e7ift miktar\u0131nda toplu sipari\u015fler i\u00e7in mevcuttur. M\u00fc\u015fterilerinize y\u00fcksek kaliteli, \u015f\u0131k ayakkab\u0131lar sunabilmenizi sa\u011flamak i\u00e7in toptan sat\u0131\u015f i\u00e7in rekabet\u00e7i fiyatlar sunuyoruz. \u00dcretim ve teslimat s\u00fcresi yakla\u015f\u0131k 12 g\u00fcn art\u0131 nakliye olup verimli envanter y\u00f6netimi sa\u011flar. Envanterinizi y\u00fckseltin ve m\u00fc\u015fterilerinize birinci s\u0131n\u0131f erkek ayakkab\u0131lar\u0131nda en iyisini sunun. Bunlar <b>laci\u0307vert dana deri\u0307si\u0307 mokasen<\/b> sadece ayakkab\u0131 de\u011fildir; sofistike bir zevkin ifadesidir.<\/p>","protected":false},"excerpt":{"rendered":"<ul>\n<li><b>D\u0131\u015f Malzeme:<\/b> Y\u00fcksek kaliteli hakiki dana derisi<\/li>\n<li><b>\u0130\u00e7 Malzeme:<\/b> Yumu\u015fak ve nefes alabilen hakiki ke\u00e7i derisi<\/li>\n<li><b>Taban:<\/b> Hafif ve esnek Microlight<\/li>\n<li><b>Topuk Y\u00fcksekli\u011fi:<\/b> Rahat 1-3 cm<\/li>\n<li><b>Mevcut Boyutlar:<\/b> 39, 40, 41, 42, 43, 44, 45<\/li>\n<li><b>Fiyat:<\/b> \u00e7ift ba\u015f\u0131na<\/li>\n<li><b>Toplu Bulunabilirlik:<\/b> Minimum 8 \u00e7ift sipari\u015f<\/li>\n<li><b>Teslimat S\u00fcresi:<\/b> Yakla\u015f\u0131k 12 g\u00fcn + nakliye<\/li>\n<\/ul>","protected":false},"featured_media":3632,"template":"","meta":{"_acf_changed":false,"_uag_custom_page_level_css":"","site-sidebar-layout":"default","site-content-layout":"","ast-site-content-layout":"default","site-content-style":"default","site-sidebar-style":"default","ast-global-header-display":"","ast-banner-title-visibility":"","ast-main-header-display":"","ast-hfb-above-header-display":"","ast-hfb-below-header-display":"","ast-hfb-mobile-header-display":"","site-post-title":"","ast-breadcrumbs-content":"","ast-featured-img":"","footer-sml-layout":"","ast-disable-related-posts":"","theme-transparent-header-meta":"default","adv-header-id-meta":"","stick-header-meta":"","header-above-stick-meta":"","header-main-stick-meta":"","header-below-stick-meta":"","astra-migrate-meta-layouts":"set","ast-page-background-enabled":"default","ast-page-background-meta":{"desktop":{"background-color":"var(--ast-global-color-4)","background-image":"","background-repeat":"repeat","background-position":"center center","background-size":"auto","background-attachment":"scroll","background-type":"","background-media":"","overlay-type":"","overlay-color":"","overlay-opacity":"","overlay-gradient":""},"tablet":{"background-color":"","background-image":"","background-repeat":"repeat","background-position":"center center","background-size":"auto","background-attachment":"scroll","background-type":"","background-media":"","overlay-type":"","overlay-color":"","overlay-opacity":"","overlay-gradient":""},"mobile":{"background-color":"","background-image":"","background-repeat":"repeat","background-position":"center center","background-size":"auto","background-attachment":"scroll","background-type":"","background-media":"","overlay-type":"","overlay-color":"","overlay-opacity":"","overlay-gradient":""}},"ast-content-background-meta":{"desktop":{"background-color":"var(--ast-global-color-5)","background-image":"","background-repeat":"repeat","background-position":"center center","background-size":"auto","background-attachment":"scroll","background-type":"","background-media":"","overlay-type":"","overlay-color":"","overlay-opacity":"","overlay-gradient":""},"tablet":{"background-color":"var(--ast-global-color-5)","background-image":"","background-repeat":"repeat","background-position":"center center","background-size":"auto","background-attachment":"scroll","background-type":"","background-media":"","overlay-type":"","overlay-color":"","overlay-opacity":"","overlay-gradient":""},"mobile":{"background-color":"var(--ast-global-color-5)","background-image":"","background-repeat":"repeat","background-position":"center center","background-size":"auto","background-attachment":"scroll","background-type":"","background-media":"","overlay-type":"","overlay-color":"","overlay-opacity":"","overlay-gradient":""}}},"product_brand":[],"product_cat":[47,430,40],"product_tag":[635,513,185,220,737,189,450,198,286,466,903,362,280,411],"class_list":{"0":"post-5398","1":"product","2":"type-product","3":"status-publish","4":"has-post-thumbnail","6":"product_cat-classic","7":"product_cat-men","8":"product_cat-mens-shoes","9":"product_tag-blue-loafers","10":"product_tag-business-casual-shoes","11":"product_tag-calf-leather-shoes","12":"product_tag-comfortable-loafers","13":"product_tag-dress-loafers","14":"product_tag-goat-leather-lining","15":"product_tag-handcrafted-shoes","16":"product_tag-mens-fashion","17":"product_tag-mens-leather-shoes","18":"product_tag-microlight-sole","19":"product_tag-navy-calf-leather-loafers","20":"product_tag-premium-footwear","21":"product_tag-smart-casual-shoes","22":"product_tag-textured-leather-shoes","23":"desktop-align-center","24":"tablet-align-center","25":"mobile-align-center","27":"first","28":"instock","29":"shipping-taxable","30":"purchasable","31":"product-type-variable","32":"has-default-attributes"},"acf":[],"uagb_featured_image_src":{"full":["https:\/\/turkishtrade.co\/wp-content\/uploads\/2026\/01\/2400EJOMN00419-DARK-BLUE-A_12570.png",453,250,false],"thumbnail":["https:\/\/turkishtrade.co\/wp-content\/uploads\/2026\/01\/2400EJOMN00419-DARK-BLUE-A_12570-150x150.png",150,150,true],"medium":["https:\/\/turkishtrade.co\/wp-content\/uploads\/2026\/01\/2400EJOMN00419-DARK-BLUE-A_12570-300x166.png",300,166,true],"medium_large":["https:\/\/turkishtrade.co\/wp-content\/uploads\/2026\/01\/2400EJOMN00419-DARK-BLUE-A_12570.png",453,250,false],"large":["https:\/\/turkishtrade.co\/wp-content\/uploads\/2026\/01\/2400EJOMN00419-DARK-BLUE-A_12570.png",453,250,false],"1536x1536":["https:\/\/turkishtrade.co\/wp-content\/uploads\/2026\/01\/2400EJOMN00419-DARK-BLUE-A_12570.png",453,250,false],"2048x2048":["https:\/\/turkishtrade.co\/wp-content\/uploads\/2026\/01\/2400EJOMN00419-DARK-BLUE-A_12570.png",453,250,false],"trp-custom-language-flag":["https:\/\/turkishtrade.co\/wp-content\/uploads\/2026\/01\/2400EJOMN00419-DARK-BLUE-A_12570-18x10.png",18,10,true],"woocommerce_thumbnail":["https:\/\/turkishtrade.co\/wp-content\/uploads\/2026\/01\/2400EJOMN00419-DARK-BLUE-A_12570-400x250.png",400,250,true],"woocommerce_single":["https:\/\/turkishtrade.co\/wp-content\/uploads\/2026\/01\/2400EJOMN00419-DARK-BLUE-A_12570.png",453,250,false],"woocommerce_gallery_thumbnail":["https:\/\/turkishtrade.co\/wp-content\/uploads\/2026\/01\/2400EJOMN00419-DARK-BLUE-A_12570-100x100.png",100,100,true]},"uagb_author_info":{"display_name":"yaser olabi","author_link":"https:\/\/turkishtrade.co\/tr\/author\/"},"uagb_comment_info":0,"uagb_excerpt":"Exterior Material: High-quality genuine Calf Leather Interior Material: Soft and breathable genuine Goat Leather Sole: Lightweight and flexible Microlight Heel Height: Comfortable 1-3 cm Available Sizes: 39, 40, 41, 42, 43, 44, 45 Price: per pair Bulk Availability: Minimum order of 8 pairs Delivery Time: Approximately 12 days + shipping","_links":{"self":[{"href":"https:\/\/turkishtrade.co\/tr\/wp-json\/wp\/v2\/product\/5398","targetHints":{"allow":["GET"]}}],"collection":[{"href":"https:\/\/turkishtrade.co\/tr\/wp-json\/wp\/v2\/product"}],"about":[{"href":"https:\/\/turkishtrade.co\/tr\/wp-json\/wp\/v2\/types\/product"}],"wp:featuredmedia":[{"embeddable":true,"href":"https:\/\/turkishtrade.co\/tr\/wp-json\/wp\/v2\/media\/3632"}],"wp:attachment":[{"href":"https:\/\/turkishtrade.co\/tr\/wp-json\/wp\/v2\/media?parent=5398"}],"wp:term":[{"taxonomy":"product_brand","embeddable":true,"href":"https:\/\/turkishtrade.co\/tr\/wp-json\/wp\/v2\/product_brand?post=5398"},{"taxonomy":"product_cat","embeddable":true,"href":"https:\/\/turkishtrade.co\/tr\/wp-json\/wp\/v2\/product_cat?post=5398"},{"taxonomy":"product_tag","embeddable":true,"href":"https:\/\/turkishtrade.co\/tr\/wp-json\/wp\/v2\/product_tag?post=5398"}],"curies":[{"name":"wp","href":"https:\/\/api.w.org\/{rel}","templated":true}]}}