{"id":5393,"date":"2026-01-14T11:51:54","date_gmt":"2026-01-14T11:51:54","guid":{"rendered":"https:\/\/turkishtrade.co\/product\/mens-leather-derby-shoes-4\/"},"modified":"2026-04-09T19:35:30","modified_gmt":"2026-04-09T19:35:30","slug":"mens-leather-derby-shoes-4","status":"publish","type":"product","link":"https:\/\/turkishtrade.co\/tr\/shop\/mens-leather-derby-shoes-4\/","title":{"rendered":"Microlight Tabanl\u0131 Premium Dana Derisi Ke\u00e7i Derisi Erkek Derby Ayakkab\u0131"},"content":{"rendered":"<p><strong>Erkek Deri Derby Ayakkab\u0131<\/strong><\/p>\n<p>Enfes koleksiyonumuzla benzersiz bir sofistikeli\u011fe ad\u0131m at\u0131n <strong>Erkek Deri Derby Ayakkab\u0131<\/strong>. Se\u00e7kin beyefendiler i\u00e7in tasarlanan bu ayakkab\u0131lar, zamans\u0131z \u015f\u0131kl\u0131\u011f\u0131 modern konfor teknolojisiyle harmanl\u0131yor. Her bir \u00e7ift, \u00fcst\u00fcn i\u015f\u00e7ili\u011fin bir kan\u0131t\u0131d\u0131r ve hem klasik hem de \u00e7a\u011fda\u015f bir g\u00f6r\u00fcn\u00fcm sunar. \u0130ster \u00f6nemli bir i\u015f toplant\u0131s\u0131na, ister resmi bir etkinli\u011fe haz\u0131rlan\u0131yor olun, ister sadece g\u00fcnl\u00fck k\u0131yafetlerinizi y\u00fckseltmek istiyor olun, bu <strong>Erkek Deri Derby Ayakkab\u0131<\/strong> stil ve prestij i\u00e7in m\u00fckemmel bir se\u00e7imdir. Bizim <strong>Erkek Deri Derby Ayakkab\u0131<\/strong> herhangi bir profesyonel veya sosyal ortamda ger\u00e7ekten g\u00f6ze \u00e7arp\u0131yor, bu da onlar\u0131 sahip olunmas\u0131 gereken bir \u015fey haline getiriyor.<\/p>\n<h3>L\u00fcks Malzemeler ve E\u015fsiz Konfor<\/h3>\n<p>Birinci s\u0131n\u0131f malzemelerin yaratt\u0131\u011f\u0131 fark\u0131 deneyimleyin. Bu ola\u011fan\u00fcst\u00fc malzemelerin d\u0131\u015f <strong>Erkek Deri Derby Ayakkab\u0131<\/strong> p\u00fcr\u00fczs\u00fcz dokusu, dayan\u0131kl\u0131l\u0131\u011f\u0131 ve zaman i\u00e7inde g\u00fczel bir patine geli\u015ftirme kabiliyetiyle bilinen hakiki dana derisinden titizlikle \u00fcretilmi\u015ftir. Bu zarif d\u0131\u015f katman\u0131 tamamlayan i\u00e7 k\u0131s\u0131m, ilk giyimden itibaren nefes alabilirlik ve inan\u0131lmaz derecede rahat bir uyum sa\u011flayan yumu\u015fak ve esnek ke\u00e7i derisi astara sahiptir. Bu kombinasyon sadece l\u00fcks bir his de\u011fil, ayn\u0131 zamanda uzun s\u00fcreli kullan\u0131m da sa\u011flayarak bu ayakkab\u0131lar\u0131 <strong>Erkek Deri Derby Ayakkab\u0131<\/strong> her gard\u0131rop i\u00e7in ak\u0131ll\u0131ca bir yat\u0131r\u0131m.<\/p>\n<h3>Zahmetsiz A\u015f\u0131nma i\u00e7in Yenilik\u00e7i Microlight Taban<\/h3>\n<p>\u00c7arp\u0131c\u0131 g\u00f6r\u00fcn\u00fcmlerinin \u00f6tesinde, bu <strong>Erkek Deri Derby Ayakkab\u0131<\/strong> \u00fcst\u00fcn konfor ve pratiklik i\u00e7in tasarlanm\u0131\u015ft\u0131r. Geli\u015fmi\u015f Microlight tabana sahip olan bu ayakkab\u0131lar, uzun g\u00fcnlerde yorgunlu\u011fu azaltarak ola\u011fan\u00fcst\u00fc hafiflik ve esneklik sunar. Bu yenilik\u00e7i taban teknolojisi, ayakkab\u0131n\u0131n \u015f\u0131k profilinden \u00f6d\u00fcn vermeden m\u00fckemmel kavrama ve \u015fok emilimi sa\u011flar, bu da herhangi bir y\u00fcksek kaliteli resmi ayakkab\u0131 i\u00e7in \u00e7ok \u00f6nemli bir \u00f6zelliktir. 1-3 cm aras\u0131ndaki al\u00e7ak topuk, denge ve ergonomik deste\u011fi korurken ince bir y\u00fckselti katar ve bu ayakkab\u0131lar\u0131 <strong>Erkek Deri Derby Ayakkab\u0131<\/strong> uzun s\u00fcre ayakta durmak veya y\u00fcr\u00fcmek i\u00e7in idealdir ve kullan\u0131m deneyimini ger\u00e7ekten geli\u015ftirir <strong>Erkek Deri Derby Ayakkab\u0131<\/strong>.<\/p>\n<h3>Stil ve \u00c7ok Y\u00f6nl\u00fcl\u00fc\u011f\u00fcn M\u00fckemmel Kar\u0131\u015f\u0131m\u0131<\/h3>\n<p>Bizim <strong>Erkek Deri Derby Ayakkab\u0131<\/strong> zamans\u0131z siyah ve zengin koyu kahverengi gibi klasik renklerde mevcuttur ve \u00e7ok \u00e7e\u015fitli k\u0131yafetlere ve durumlara uyacak \u00e7ok y\u00f6nl\u00fcl\u00fck sa\u011flar. S\u0131rt ve ayak ucundaki farkl\u0131 \u00e7ak\u0131ll\u0131 deri detaylar benzersiz bir dokusal boyut katarak bu ayakkab\u0131y\u0131 <strong>Erkek Deri Derby Ayakkab\u0131<\/strong> geleneksel tasar\u0131mlardan farkl\u0131d\u0131r. 39'dan 45'e kadar Avrupa numaralar\u0131nda mevcut olup, geni\u015f bir m\u00fc\u015fteri yelpazesi i\u00e7in m\u00fckemmel bir uyum sa\u011fl\u0131yoruz. Bu ayakkab\u0131lar sadece bir aksesuar de\u011fil; hem esteti\u011fe hem de performansa de\u011fer veren erkekler i\u00e7in tasarlanm\u0131\u015f bir s\u0131n\u0131f ve g\u00fcven ifadesidir. <strong>Erkek Deri Derby Ayakkab\u0131<\/strong>.<\/p>\n<h3>\u0130\u015fletmeniz i\u00e7in Toplu Sipari\u015f<\/h3>\n<p>Y\u00fcksek kaliteli resmi ayakkab\u0131 arayan perakendeciler ve i\u015fletmeler i\u00e7in <strong>Erkek Deri Derby Ayakkab\u0131<\/strong> toplu al\u0131m i\u00e7in mevcuttur. \u00c7ift ba\u015f\u0131na sadece USD olan rekabet\u00e7i toptan sat\u0131\u015f fiyat\u0131 ile minimum 8 \u00e7ift sipari\u015f istiyoruz. Etkili s\u00fcrecimiz, nakliye dahil yakla\u015f\u0131k 12 g\u00fcnl\u00fck bir teslimat s\u00fcresi sa\u011flayarak envanterinizi birinci s\u0131n\u0131f \u00fcr\u00fcnlerle h\u0131zl\u0131 bir \u015fekilde stoklaman\u0131za olanak tan\u0131r. M\u00fc\u015fterilerinize en iyisini sunun <strong>Erkek Deri Derby Ayakkab\u0131<\/strong> geleneksel zarafeti \u00e7a\u011fda\u015f konfor ve ola\u011fan\u00fcst\u00fc de\u011ferle birle\u015ftirir. Bunlar <strong>Erkek Deri Derby Ayakkab\u0131<\/strong> se\u00e7ici al\u0131c\u0131lar i\u00e7in en iyi se\u00e7imdir.<\/p>","protected":false},"excerpt":{"rendered":"<ul>\n<li><strong>\u00dcst\u00fcn \u0130\u015f\u00e7ilik:<\/strong> Hakiki dana derisi d\u0131\u015f y\u00fczey ve l\u00fcks ke\u00e7i derisi astar ile ustal\u0131kla \u00fcretilmi\u015ftir.<\/li>\n<li><strong>Hafif Konfor:<\/strong> Ola\u011fan\u00fcst\u00fc konfor ve dayan\u0131kl\u0131l\u0131k i\u00e7in yenilik\u00e7i Microlight taban ile tasarlanm\u0131\u015ft\u0131r.<\/li>\n<li><strong>Zarif Tasar\u0131m:<\/strong> Klasik ba\u011fc\u0131kl\u0131 Derby stili, sofistike siyah ve zengin koyu kahverengi renklerde mevcuttur.<\/li>\n<li><strong>\u00c7ok Y\u00f6nl\u00fc Boyutland\u0131rma:<\/strong> M\u00fckemmel bir uyum sa\u011flamak i\u00e7in 39 ila 45 Avrupa bedenleri mevcuttur.<\/li>\n<li><strong>Toplu Bulunabilirlik:<\/strong> Minimum sipari\u015f miktar\u0131 8 \u00e7ift ve teslimat s\u00fcresi 12 g\u00fcn + nakliye.<\/li>\n<li><strong>Toptan Fiyatland\u0131rma:<\/strong> Toplu sipari\u015fler i\u00e7in \u00e7ift ba\u015f\u0131na sadece USD.<\/li>\n<\/ul>","protected":false},"featured_media":3630,"template":"","meta":{"_acf_changed":false,"_uag_custom_page_level_css":"","site-sidebar-layout":"default","site-content-layout":"","ast-site-content-layout":"default","site-content-style":"default","site-sidebar-style":"default","ast-global-header-display":"","ast-banner-title-visibility":"","ast-main-header-display":"","ast-hfb-above-header-display":"","ast-hfb-below-header-display":"","ast-hfb-mobile-header-display":"","site-post-title":"","ast-breadcrumbs-content":"","ast-featured-img":"","footer-sml-layout":"","ast-disable-related-posts":"","theme-transparent-header-meta":"default","adv-header-id-meta":"","stick-header-meta":"","header-above-stick-meta":"","header-main-stick-meta":"","header-below-stick-meta":"","astra-migrate-meta-layouts":"set","ast-page-background-enabled":"default","ast-page-background-meta":{"desktop":{"background-color":"var(--ast-global-color-4)","background-image":"","background-repeat":"repeat","background-position":"center center","background-size":"auto","background-attachment":"scroll","background-type":"","background-media":"","overlay-type":"","overlay-color":"","overlay-opacity":"","overlay-gradient":""},"tablet":{"background-color":"","background-image":"","background-repeat":"repeat","background-position":"center center","background-size":"auto","background-attachment":"scroll","background-type":"","background-media":"","overlay-type":"","overlay-color":"","overlay-opacity":"","overlay-gradient":""},"mobile":{"background-color":"","background-image":"","background-repeat":"repeat","background-position":"center center","background-size":"auto","background-attachment":"scroll","background-type":"","background-media":"","overlay-type":"","overlay-color":"","overlay-opacity":"","overlay-gradient":""}},"ast-content-background-meta":{"desktop":{"background-color":"var(--ast-global-color-5)","background-image":"","background-repeat":"repeat","background-position":"center center","background-size":"auto","background-attachment":"scroll","background-type":"","background-media":"","overlay-type":"","overlay-color":"","overlay-opacity":"","overlay-gradient":""},"tablet":{"background-color":"var(--ast-global-color-5)","background-image":"","background-repeat":"repeat","background-position":"center center","background-size":"auto","background-attachment":"scroll","background-type":"","background-media":"","overlay-type":"","overlay-color":"","overlay-opacity":"","overlay-gradient":""},"mobile":{"background-color":"var(--ast-global-color-5)","background-image":"","background-repeat":"repeat","background-position":"center center","background-size":"auto","background-attachment":"scroll","background-type":"","background-media":"","overlay-type":"","overlay-color":"","overlay-opacity":"","overlay-gradient":""}}},"product_brand":[],"product_cat":[47,430,40],"product_tag":[196,292,405,566,754,212,284,454,251,556,227,198,466,406,281],"class_list":{"0":"post-5393","1":"product","2":"type-product","3":"status-publish","4":"has-post-thumbnail","6":"product_cat-classic","7":"product_cat-men","8":"product_cat-mens-shoes","9":"product_tag-black-leather-shoes","10":"product_tag-brown-leather-shoes","11":"product_tag-business-shoes","12":"product_tag-calfskin-shoes","13":"product_tag-classic-mens-shoes","14":"product_tag-derby-shoes","15":"product_tag-dress-shoes","16":"product_tag-elegant-footwear","17":"product_tag-formal-shoes","18":"product_tag-goatskin-lining","19":"product_tag-leather-shoes","20":"product_tag-mens-fashion","21":"product_tag-microlight-sole","22":"product_tag-premium-shoes","23":"product_tag-wholesale-shoes","24":"desktop-align-center","25":"tablet-align-center","26":"mobile-align-center","28":"first","29":"instock","30":"shipping-taxable","31":"purchasable","32":"product-type-variable","33":"has-default-attributes"},"acf":[],"uagb_featured_image_src":{"full":["https:\/\/turkishtrade.co\/wp-content\/uploads\/2026\/01\/2400EJOMN00195-DARK-BROWN-KOD-YOK-7.png",453,250,false],"thumbnail":["https:\/\/turkishtrade.co\/wp-content\/uploads\/2026\/01\/2400EJOMN00195-DARK-BROWN-KOD-YOK-7-150x150.png",150,150,true],"medium":["https:\/\/turkishtrade.co\/wp-content\/uploads\/2026\/01\/2400EJOMN00195-DARK-BROWN-KOD-YOK-7-300x166.png",300,166,true],"medium_large":["https:\/\/turkishtrade.co\/wp-content\/uploads\/2026\/01\/2400EJOMN00195-DARK-BROWN-KOD-YOK-7.png",453,250,false],"large":["https:\/\/turkishtrade.co\/wp-content\/uploads\/2026\/01\/2400EJOMN00195-DARK-BROWN-KOD-YOK-7.png",453,250,false],"1536x1536":["https:\/\/turkishtrade.co\/wp-content\/uploads\/2026\/01\/2400EJOMN00195-DARK-BROWN-KOD-YOK-7.png",453,250,false],"2048x2048":["https:\/\/turkishtrade.co\/wp-content\/uploads\/2026\/01\/2400EJOMN00195-DARK-BROWN-KOD-YOK-7.png",453,250,false],"trp-custom-language-flag":["https:\/\/turkishtrade.co\/wp-content\/uploads\/2026\/01\/2400EJOMN00195-DARK-BROWN-KOD-YOK-7-18x10.png",18,10,true],"woocommerce_thumbnail":["https:\/\/turkishtrade.co\/wp-content\/uploads\/2026\/01\/2400EJOMN00195-DARK-BROWN-KOD-YOK-7-400x250.png",400,250,true],"woocommerce_single":["https:\/\/turkishtrade.co\/wp-content\/uploads\/2026\/01\/2400EJOMN00195-DARK-BROWN-KOD-YOK-7.png",453,250,false],"woocommerce_gallery_thumbnail":["https:\/\/turkishtrade.co\/wp-content\/uploads\/2026\/01\/2400EJOMN00195-DARK-BROWN-KOD-YOK-7-100x100.png",100,100,true]},"uagb_author_info":{"display_name":"yaser olabi","author_link":"https:\/\/turkishtrade.co\/tr\/author\/"},"uagb_comment_info":0,"uagb_excerpt":"Superior Craftsmanship: Expertly made with genuine calfskin leather exterior and luxurious goatskin leather lining. Lightweight Comfort: Engineered with an innovative Microlight sole for exceptional comfort and durability. Elegant Design: Classic lace-up Derby style available in sophisticated black and rich dark brown finishes. Versatile Sizing: Available in European sizes 39 to 45 to ensure a perfect&hellip;","_links":{"self":[{"href":"https:\/\/turkishtrade.co\/tr\/wp-json\/wp\/v2\/product\/5393","targetHints":{"allow":["GET"]}}],"collection":[{"href":"https:\/\/turkishtrade.co\/tr\/wp-json\/wp\/v2\/product"}],"about":[{"href":"https:\/\/turkishtrade.co\/tr\/wp-json\/wp\/v2\/types\/product"}],"wp:featuredmedia":[{"embeddable":true,"href":"https:\/\/turkishtrade.co\/tr\/wp-json\/wp\/v2\/media\/3630"}],"wp:attachment":[{"href":"https:\/\/turkishtrade.co\/tr\/wp-json\/wp\/v2\/media?parent=5393"}],"wp:term":[{"taxonomy":"product_brand","embeddable":true,"href":"https:\/\/turkishtrade.co\/tr\/wp-json\/wp\/v2\/product_brand?post=5393"},{"taxonomy":"product_cat","embeddable":true,"href":"https:\/\/turkishtrade.co\/tr\/wp-json\/wp\/v2\/product_cat?post=5393"},{"taxonomy":"product_tag","embeddable":true,"href":"https:\/\/turkishtrade.co\/tr\/wp-json\/wp\/v2\/product_tag?post=5393"}],"curies":[{"name":"wp","href":"https:\/\/api.w.org\/{rel}","templated":true}]}}