{"id":5390,"date":"2026-01-14T11:51:36","date_gmt":"2026-01-14T11:51:36","guid":{"rendered":"https:\/\/turkishtrade.co\/product\/mens-leather-wingtip-brogues\/"},"modified":"2026-04-09T19:35:36","modified_gmt":"2026-04-09T19:35:36","slug":"mens-leather-wingtip-brogues","status":"publish","type":"product","link":"https:\/\/turkishtrade.co\/tr\/shop\/mens-leather-wingtip-brogues\/","title":{"rendered":"El Yap\u0131m\u0131 Erkek Deri Wingtip Brogues"},"content":{"rendered":"<p><strong>Erkek Deri Wingtip Brogues<\/strong><\/p>\n<p>Birinci s\u0131n\u0131f \u00fcr\u00fcnlerimizle klasik tarz\u0131n ve rafine i\u015f\u00e7ili\u011fin \u00f6z\u00fcn\u00fc ke\u015ffedin <b>erkek deri pabu\u00e7lu brogues<\/b>. Se\u00e7kin beyefendiler i\u00e7in tasarlanan bu zarif ayakkab\u0131lar, zamans\u0131z esteti\u011fi modern konforla harmanlayarak her sofistike gard\u0131robun vazge\u00e7ilmez bir par\u00e7as\u0131 haline geliyor.<\/p>\n<h3>E\u015fsiz Kalite ve \u0130\u015f\u00e7ilik<\/h3>\n<p>Bu zarif \u00e7iftlerin her biri <b>erkek deri pabu\u00e7lu brogues<\/b> D\u0131\u015f y\u00fczeyi en iyi dana derisinden titizlikle el i\u015f\u00e7ili\u011fiyle \u00fcretilmi\u015ftir, l\u00fcks bir his ve yaln\u0131zca ya\u015fland\u0131k\u00e7a geli\u015fen ola\u011fan\u00fcst\u00fc bir dayan\u0131kl\u0131l\u0131k sunar. \u0130\u00e7 k\u0131sm\u0131 esnek ke\u00e7i derisiyle astarlanm\u0131\u015ft\u0131r ve g\u00fcn boyunca benzersiz bir konfor ve nefes alabilirlik sa\u011flar. Son teknoloji \u00fcr\u00fcn\u00fc Microlight taban hafif esneklik ve m\u00fckemmel tutu\u015f sa\u011flarken, se\u00e7kin bir duru\u015f i\u00e7in 1-3 cm'lik ince bir topukla tamamlan\u0131r.<\/p>\n<h3>Zamans\u0131z Tasar\u0131m, Modern Konfor<\/h3>\n<p>\u0130konik wingtip brogue tasar\u0131m\u0131, ayakkab\u0131 yap\u0131m sanat\u0131n\u0131n miras\u0131n\u0131 sergileyen karma\u015f\u0131k deliklere ve dekoratif diki\u015flere sahiptir. Hem klasik siyah hem de zengin kahverengi renkleri bulunan bu \u00e7ok y\u00f6nl\u00fc <b>erkek deri pabu\u00e7lu brogues<\/b> \u00e7e\u015fitli durumlar i\u00e7in m\u00fckemmeldir. \u0130ster \u00f6nemli bir i\u015f toplant\u0131s\u0131na, ister resmi bir etkinli\u011fe gidiyor olun, ister g\u00fcnl\u00fck \u015f\u0131k ve g\u00fcndelik k\u0131yafetlerinizi y\u00fckseltmek istiyor olun, bu ayakkab\u0131lar d\u0131\u015far\u0131ya g\u00fcvenle ve \u015f\u0131k bir \u015fekilde \u00e7\u0131kman\u0131z\u0131 sa\u011flayacakt\u0131r.<\/p>\n<h3>Her Centilmen \u0130\u00e7in M\u00fckemmel Uyum<\/h3>\n<p>M\u00fckemmel uyumun \u00f6nemini anl\u0131yoruz. \u0130\u015fte bu y\u00fczden <b>erkek deri pabu\u00e7lu brogues<\/b> 39'dan 45'e kadar kapsaml\u0131 bir Avrupa beden yelpazesinde mevcuttur. Birinci s\u0131n\u0131f deriler ve \u00f6zenle tasarlanm\u0131\u015f taban\u0131n birle\u015fimi, bu ayakkab\u0131lar\u0131n sadece harika g\u00f6r\u00fcnmekle kalmay\u0131p ayn\u0131 zamanda her giyi\u015fte aya\u011f\u0131n\u0131za uyum sa\u011flayarak kal\u0131c\u0131 konfor sundu\u011fu anlam\u0131na gelir. Yo\u011fun g\u00fcn\u00fcn\u00fcz boyunca size ger\u00e7ekten uyan ve destekleyen ayakkab\u0131lar\u0131 deneyimleyin.<\/p>\n<h3>Premium Ayakkab\u0131lar i\u00e7in Toptan Sat\u0131\u015f F\u0131rsat\u0131<\/h3>\n<p>Perakendeciler, moda i\u015fletmeleri ve b\u00fcy\u00fck \u00f6l\u00e7ekli sipari\u015fler i\u00e7in ideal olan bu y\u00fcksek kaliteli <b>erkek deri pabu\u00e7lu brogues<\/b> minimum 8 \u00e7ift sipari\u015f miktar\u0131 ile mevcuttur. Yakla\u015f\u0131k 12 g\u00fcn art\u0131 nakliye s\u00fcresi ile verimli hizmet vermekten gurur duyuyoruz. M\u00fc\u015fterilerinize zaman\u0131n ve trendin testinden ge\u00e7en ola\u011fan\u00fcst\u00fc ayakkab\u0131lar sunmak i\u00e7in bizimle i\u015f ortakl\u0131\u011f\u0131 yap\u0131n. Rekabet\u00e7i fiyatland\u0131rmam\u0131z, birinci s\u0131n\u0131f i\u015f\u00e7ilik i\u00e7in b\u00fcy\u00fck de\u011fer sa\u011flar ve bunlar\u0131 yapar <b>erkek deri pabu\u00e7lu brogues<\/b> envanteriniz i\u00e7in ak\u0131ll\u0131 bir yat\u0131r\u0131m.<\/p>\n<p>Bir \u00e7ift ayakkab\u0131ya yat\u0131r\u0131m yap\u0131n <b>erkek deri pabu\u00e7lu brogues<\/b> mevsimsel trendlerin \u00f6tesine ge\u00e7en bir ayakkab\u0131. Gelenek ve yenili\u011fin, rahatl\u0131k ve zarafetin kar\u0131\u015f\u0131m\u0131n\u0131 tek bir \u00e7arp\u0131c\u0131 ayakkab\u0131da deneyimleyin. Bu temel resmi ayakkab\u0131larla koleksiyonunuzu bug\u00fcn y\u00fckseltin.<\/p>","protected":false},"excerpt":{"rendered":"<ul>\n<li>Premium Dana Derisi D\u0131\u015f Y\u00fczey<\/li>\n<li>Yumu\u015fak Ke\u00e7i Derisi \u0130\u00e7 Astar<\/li>\n<li>1-3cm Topuk ile Dayan\u0131kl\u0131 Microlight Taban<\/li>\n<li>Zarif Wingtip Brogue Tasar\u0131m<\/li>\n<li>39-45 Avrupa Bedenlerinde Mevcuttur<\/li>\n<li>Minimum Sipari\u015f: 8 \u00c7ift (Toptan ve toplu al\u0131mlar i\u00e7in idealdir)<\/li>\n<\/ul>","protected":false},"featured_media":3628,"template":"","meta":{"_acf_changed":false,"_uag_custom_page_level_css":"","site-sidebar-layout":"default","site-content-layout":"","ast-site-content-layout":"default","site-content-style":"default","site-sidebar-style":"default","ast-global-header-display":"","ast-banner-title-visibility":"","ast-main-header-display":"","ast-hfb-above-header-display":"","ast-hfb-below-header-display":"","ast-hfb-mobile-header-display":"","site-post-title":"","ast-breadcrumbs-content":"","ast-featured-img":"","footer-sml-layout":"","ast-disable-related-posts":"","theme-transparent-header-meta":"default","adv-header-id-meta":"","stick-header-meta":"","header-above-stick-meta":"","header-main-stick-meta":"","header-below-stick-meta":"","astra-migrate-meta-layouts":"set","ast-page-background-enabled":"default","ast-page-background-meta":{"desktop":{"background-color":"var(--ast-global-color-4)","background-image":"","background-repeat":"repeat","background-position":"center center","background-size":"auto","background-attachment":"scroll","background-type":"","background-media":"","overlay-type":"","overlay-color":"","overlay-opacity":"","overlay-gradient":""},"tablet":{"background-color":"","background-image":"","background-repeat":"repeat","background-position":"center center","background-size":"auto","background-attachment":"scroll","background-type":"","background-media":"","overlay-type":"","overlay-color":"","overlay-opacity":"","overlay-gradient":""},"mobile":{"background-color":"","background-image":"","background-repeat":"repeat","background-position":"center center","background-size":"auto","background-attachment":"scroll","background-type":"","background-media":"","overlay-type":"","overlay-color":"","overlay-opacity":"","overlay-gradient":""}},"ast-content-background-meta":{"desktop":{"background-color":"var(--ast-global-color-5)","background-image":"","background-repeat":"repeat","background-position":"center center","background-size":"auto","background-attachment":"scroll","background-type":"","background-media":"","overlay-type":"","overlay-color":"","overlay-opacity":"","overlay-gradient":""},"tablet":{"background-color":"var(--ast-global-color-5)","background-image":"","background-repeat":"repeat","background-position":"center center","background-size":"auto","background-attachment":"scroll","background-type":"","background-media":"","overlay-type":"","overlay-color":"","overlay-opacity":"","overlay-gradient":""},"mobile":{"background-color":"var(--ast-global-color-5)","background-image":"","background-repeat":"repeat","background-position":"center center","background-size":"auto","background-attachment":"scroll","background-type":"","background-media":"","overlay-type":"","overlay-color":"","overlay-opacity":"","overlay-gradient":""}}},"product_brand":[],"product_cat":[47,430,40],"product_tag":[897,898,629,405,185,896,609,756,251,189,450,895,324,894,466,281,702],"class_list":{"0":"post-5390","1":"product","2":"type-product","3":"status-publish","4":"has-post-thumbnail","6":"product_cat-classic","7":"product_cat-men","8":"product_cat-mens-shoes","9":"product_tag-black-brogues","10":"product_tag-brown-brogues","11":"product_tag-bulk-order-shoes","12":"product_tag-business-shoes","13":"product_tag-calf-leather-shoes","14":"product_tag-classic-brogues","15":"product_tag-elegant-mens-shoes","16":"product_tag-european-sizes","17":"product_tag-formal-shoes","18":"product_tag-goat-leather-lining","19":"product_tag-handcrafted-shoes","20":"product_tag-leather-brogues","21":"product_tag-mens-dress-shoes","22":"product_tag-mens-leather-wingtip-brogues","23":"product_tag-microlight-sole","24":"product_tag-wholesale-shoes","25":"product_tag-wingtip-shoes","26":"desktop-align-center","27":"tablet-align-center","28":"mobile-align-center","30":"first","31":"instock","32":"shipping-taxable","33":"purchasable","34":"product-type-variable","35":"has-default-attributes"},"acf":[],"uagb_featured_image_src":{"full":["https:\/\/turkishtrade.co\/wp-content\/uploads\/2026\/01\/2400EJOMN00194-DARK-BROWN-KOD-YOK-4.png",453,250,false],"thumbnail":["https:\/\/turkishtrade.co\/wp-content\/uploads\/2026\/01\/2400EJOMN00194-DARK-BROWN-KOD-YOK-4-150x150.png",150,150,true],"medium":["https:\/\/turkishtrade.co\/wp-content\/uploads\/2026\/01\/2400EJOMN00194-DARK-BROWN-KOD-YOK-4-300x166.png",300,166,true],"medium_large":["https:\/\/turkishtrade.co\/wp-content\/uploads\/2026\/01\/2400EJOMN00194-DARK-BROWN-KOD-YOK-4.png",453,250,false],"large":["https:\/\/turkishtrade.co\/wp-content\/uploads\/2026\/01\/2400EJOMN00194-DARK-BROWN-KOD-YOK-4.png",453,250,false],"1536x1536":["https:\/\/turkishtrade.co\/wp-content\/uploads\/2026\/01\/2400EJOMN00194-DARK-BROWN-KOD-YOK-4.png",453,250,false],"2048x2048":["https:\/\/turkishtrade.co\/wp-content\/uploads\/2026\/01\/2400EJOMN00194-DARK-BROWN-KOD-YOK-4.png",453,250,false],"trp-custom-language-flag":["https:\/\/turkishtrade.co\/wp-content\/uploads\/2026\/01\/2400EJOMN00194-DARK-BROWN-KOD-YOK-4-18x10.png",18,10,true],"woocommerce_thumbnail":["https:\/\/turkishtrade.co\/wp-content\/uploads\/2026\/01\/2400EJOMN00194-DARK-BROWN-KOD-YOK-4-400x250.png",400,250,true],"woocommerce_single":["https:\/\/turkishtrade.co\/wp-content\/uploads\/2026\/01\/2400EJOMN00194-DARK-BROWN-KOD-YOK-4.png",453,250,false],"woocommerce_gallery_thumbnail":["https:\/\/turkishtrade.co\/wp-content\/uploads\/2026\/01\/2400EJOMN00194-DARK-BROWN-KOD-YOK-4-100x100.png",100,100,true]},"uagb_author_info":{"display_name":"yaser olabi","author_link":"https:\/\/turkishtrade.co\/tr\/author\/"},"uagb_comment_info":0,"uagb_excerpt":"Premium Calf Leather Exterior Soft Goat Leather Interior Lining Durable Microlight Sole with 1-3cm Heel Elegant Wingtip Brogue Design Available in European Sizes 39-45 Minimum Order: 8 Pairs (Ideal for wholesale &amp; bulk purchases)","_links":{"self":[{"href":"https:\/\/turkishtrade.co\/tr\/wp-json\/wp\/v2\/product\/5390","targetHints":{"allow":["GET"]}}],"collection":[{"href":"https:\/\/turkishtrade.co\/tr\/wp-json\/wp\/v2\/product"}],"about":[{"href":"https:\/\/turkishtrade.co\/tr\/wp-json\/wp\/v2\/types\/product"}],"wp:featuredmedia":[{"embeddable":true,"href":"https:\/\/turkishtrade.co\/tr\/wp-json\/wp\/v2\/media\/3628"}],"wp:attachment":[{"href":"https:\/\/turkishtrade.co\/tr\/wp-json\/wp\/v2\/media?parent=5390"}],"wp:term":[{"taxonomy":"product_brand","embeddable":true,"href":"https:\/\/turkishtrade.co\/tr\/wp-json\/wp\/v2\/product_brand?post=5390"},{"taxonomy":"product_cat","embeddable":true,"href":"https:\/\/turkishtrade.co\/tr\/wp-json\/wp\/v2\/product_cat?post=5390"},{"taxonomy":"product_tag","embeddable":true,"href":"https:\/\/turkishtrade.co\/tr\/wp-json\/wp\/v2\/product_tag?post=5390"}],"curies":[{"name":"wp","href":"https:\/\/api.w.org\/{rel}","templated":true}]}}