{"id":5388,"date":"2026-01-14T11:51:18","date_gmt":"2026-01-14T11:51:18","guid":{"rendered":"https:\/\/turkishtrade.co\/product\/mens-black-leather-oxford-shoes\/"},"modified":"2026-04-09T19:35:38","modified_gmt":"2026-04-09T19:35:38","slug":"mens-black-leather-oxford-shoes","status":"publish","type":"product","link":"https:\/\/turkishtrade.co\/tr\/shop\/mens-black-leather-oxford-shoes\/","title":{"rendered":"Erkek Premium Siyah Deri Cap Toe Oxford Ayakkab\u0131"},"content":{"rendered":"<p><strong>Erkek Siyah Deri Oxford Ayakkab\u0131<\/strong><\/p>\n<p>Zarif \u015f\u0131kl\u0131\u011f\u0131m\u0131z ve e\u015fsiz konforumuz ile rafine bir d\u00fcnyaya ad\u0131m at\u0131n <strong>Erkek Premium Siyah Deri Cap Toe Oxford Ayakkab\u0131<\/strong>. Se\u00e7kin beyefendiler i\u00e7in tasarlanan bu ayakkab\u0131lar, resmi etkinlikler, \u00f6nemli i\u015f toplant\u0131lar\u0131 veya kal\u0131c\u0131 bir izlenim b\u0131rakman\u0131n \u00f6nemli oldu\u011fu herhangi bir durum i\u00e7in m\u00fckemmel olan zamans\u0131z stilin \u00f6z\u00fcd\u00fcr. Bu l\u00fcks ayakkab\u0131lar\u0131n her bir \u00e7ifti <strong>erkek siyah deri Oxford ayakkab\u0131<\/strong> \u00fcst\u00fcn i\u015f\u00e7ilik ve detaylara g\u00f6sterilen \u00f6zeni yans\u0131tarak hem sofistike bir g\u00f6r\u00fcn\u00fcm hem de kal\u0131c\u0131 kalite sa\u011flar.<\/p>\n<h3>E\u015fsiz \u0130\u015f\u00e7ilik ve Birinci S\u0131n\u0131f Malzemeler<\/h3>\n<p>Kaliteye olan ba\u011fl\u0131l\u0131\u011f\u0131m\u0131z en iyi malzemelerin se\u00e7imiyle ba\u015flar. Bu \u00e7arp\u0131c\u0131 evlerin d\u0131\u015f cephesi <strong>erkek siyah deri Oxford ayakkab\u0131<\/strong> p\u00fcr\u00fczs\u00fcz dokusu, zengin parlakl\u0131\u011f\u0131 ve ola\u011fan\u00fcst\u00fc dayan\u0131kl\u0131l\u0131\u011f\u0131yla tan\u0131nan hakiki dana derisinden titizlikle \u00fcretilmi\u015ftir. \u015e\u0131k, cilal\u0131 burnu, klasik Oxford sil\u00fcetine farkl\u0131 bir karakter katan vampirdeki ince, karma\u015f\u0131k doku ile m\u00fckemmel bir \u015fekilde tamamlan\u0131r. \u0130\u00e7 k\u0131s\u0131mdaki yumu\u015fak, nefes alabilen ke\u00e7i derisi astar sayesinde ayaklar\u0131n\u0131z \u00fcst\u00fcn bir konfor ya\u015fayacak. Bu birinci s\u0131n\u0131f i\u00e7 malzeme, l\u00fcks bir his ve m\u00fckemmel nem emme \u00f6zellikleri sa\u011flayarak ayaklar\u0131n\u0131z\u0131 g\u00fcn boyunca rahat tutar.<\/p>\n<p>Bu ola\u011fan\u00fcst\u00fc elbise ayakkab\u0131lar\u0131n\u0131n temeli yenilik\u00e7i Microlight taband\u0131r. Bu geli\u015fmi\u015f taban teknolojisi, hafif konfor ve sa\u011flam dayan\u0131kl\u0131l\u0131\u011f\u0131n m\u00fckemmel bir kar\u0131\u015f\u0131m\u0131n\u0131 sunarak ayakkab\u0131n\u0131n zarif profilinden \u00f6d\u00fcn vermeden m\u00fckemmel tutu\u015f ve esneklik sa\u011flar. Hafif 1-3 cm topuk y\u00fcksekli\u011fine sahip bu ayakkab\u0131lar, duru\u015fu iyile\u015ftiren ve zarif esteti\u011fine katk\u0131da bulunan hafif bir y\u00fckselti sunar.<\/p>\n<h3>Her Durum i\u00e7in Zamans\u0131z Stil<\/h3>\n<p>\u015eapkal\u0131 Oxford, iyi giyinen her erke\u011fin gard\u0131robunun temel ta\u015f\u0131d\u0131r ve bizim <strong>Erkek Siyah Deri Oxford Ayakkab\u0131<\/strong> istisna de\u011fildir. \u00c7ok y\u00f6nl\u00fc siyah rengi ve klasik tasar\u0131m\u0131, bu ayakkab\u0131lar\u0131 tak\u0131m elbise, smokin ve di\u011fer resmi k\u0131yafetlerle e\u015fle\u015ftirmek i\u00e7in vazge\u00e7ilmez bir se\u00e7im haline getiriyor. \u0130ster bir d\u00fc\u011f\u00fcne, ister bir galaya kat\u0131l\u0131yor olun, ister sadece g\u00fcnl\u00fck profesyonel giyiminizi y\u00fckseltmeyi hedefliyor olun, bu ayakkab\u0131lar m\u00fckemmel bir son dokunu\u015f sa\u011flayacakt\u0131r. Ba\u011fc\u0131kl\u0131 tasar\u0131m\u0131 g\u00fcvenli ve rahat bir uyum sa\u011flarken, \u015f\u0131k hatlar\u0131 sofistike zevkiniz hakk\u0131nda \u00e7ok \u015fey anlat\u0131r. Bu zarif deri ayakkab\u0131lardan bir \u00e7ift al\u0131n ve kusursuz stilin getirdi\u011fi \u00f6zg\u00fcveni ya\u015fay\u0131n.<\/p>\n<h3>Toptan Sat\u0131\u015f F\u0131rsat\u0131 ve Kalite G\u00fcvencesi<\/h3>\n<p>Bu premium \u00fcr\u00fcnleri sunmaktan gurur duyuyoruz <strong>erkek siyah deri Oxford ayakkab\u0131<\/strong> minimum 8 \u00e7ift sipari\u015f miktar\u0131 ile toptan sat\u0131\u015f i\u00e7in. Verimli \u00fcretim s\u00fcrecimiz, sadece 12 g\u00fcn teslim s\u00fcresi ve nakliye s\u00fcresi sa\u011flayarak y\u00fcksek kaliteli ayakkab\u0131lar\u0131n\u0131z\u0131 kolayl\u0131kla stoklaman\u0131za olanak tan\u0131r. Her bir \u00e7ift, b\u00f6ylesine y\u00fcksek kalibreli bir \u00fcr\u00fcn i\u00e7in m\u00fckemmel bir de\u011fer sunan cazip bir USD ile fiyatland\u0131r\u0131l\u0131r. \u0130lk tasar\u0131mdan son cilaya kadar, \u00fcretim s\u00fcrecimizin her ad\u0131m\u0131 hem stil hem de kalite a\u00e7\u0131s\u0131ndan beklentileri a\u015fan bir \u00fcr\u00fcn sunmaya y\u00f6neliktir. M\u00fc\u015fterilerinize l\u00fcks, konfor ve kal\u0131c\u0131 cazibeyi bir araya getiren ayakkab\u0131lar sunmak i\u00e7in bizimle i\u015f birli\u011fi yap\u0131n.<\/p>","protected":false},"excerpt":{"rendered":"<ul>\n<li><strong>Minimum Sipari\u015f Miktar\u0131:<\/strong> 8 \u00c7ift<\/li>\n<li><strong>\u00dcretim Teslim S\u00fcresi:<\/strong> 12 G\u00fcn + Kargo<\/li>\n<li><strong>Taban Malzemesi:<\/strong> Microlight<\/li>\n<li><strong>Topuk Y\u00fcksekli\u011fi:<\/strong> 1-3 cm<\/li>\n<li><strong>\u00dcst Malzeme:<\/strong> Premium Dana Derisi<\/li>\n<li><strong>Astar Malzemesi:<\/strong> Yumu\u015fak Ke\u00e7i Derisi<\/li>\n<li><strong>Mevcut Boyutlar:<\/strong> AB 39-45<\/li>\n<li><strong>Toptan Sat\u0131\u015f Fiyat\u0131:<\/strong> \u00c7ift ba\u015f\u0131na USD<\/li>\n<\/ul>","protected":false},"featured_media":3626,"template":"","meta":{"_acf_changed":false,"_uag_custom_page_level_css":"","site-sidebar-layout":"default","site-content-layout":"","ast-site-content-layout":"default","site-content-style":"default","site-sidebar-style":"default","ast-global-header-display":"","ast-banner-title-visibility":"","ast-main-header-display":"","ast-hfb-above-header-display":"","ast-hfb-below-header-display":"","ast-hfb-mobile-header-display":"","site-post-title":"","ast-breadcrumbs-content":"","ast-featured-img":"","footer-sml-layout":"","ast-disable-related-posts":"","theme-transparent-header-meta":"default","adv-header-id-meta":"","stick-header-meta":"","header-above-stick-meta":"","header-main-stick-meta":"","header-below-stick-meta":"","astra-migrate-meta-layouts":"set","ast-page-background-enabled":"default","ast-page-background-meta":{"desktop":{"background-color":"var(--ast-global-color-4)","background-image":"","background-repeat":"repeat","background-position":"center center","background-size":"auto","background-attachment":"scroll","background-type":"","background-media":"","overlay-type":"","overlay-color":"","overlay-opacity":"","overlay-gradient":""},"tablet":{"background-color":"","background-image":"","background-repeat":"repeat","background-position":"center center","background-size":"auto","background-attachment":"scroll","background-type":"","background-media":"","overlay-type":"","overlay-color":"","overlay-opacity":"","overlay-gradient":""},"mobile":{"background-color":"","background-image":"","background-repeat":"repeat","background-position":"center center","background-size":"auto","background-attachment":"scroll","background-type":"","background-media":"","overlay-type":"","overlay-color":"","overlay-opacity":"","overlay-gradient":""}},"ast-content-background-meta":{"desktop":{"background-color":"var(--ast-global-color-5)","background-image":"","background-repeat":"repeat","background-position":"center center","background-size":"auto","background-attachment":"scroll","background-type":"","background-media":"","overlay-type":"","overlay-color":"","overlay-opacity":"","overlay-gradient":""},"tablet":{"background-color":"var(--ast-global-color-5)","background-image":"","background-repeat":"repeat","background-position":"center center","background-size":"auto","background-attachment":"scroll","background-type":"","background-media":"","overlay-type":"","overlay-color":"","overlay-opacity":"","overlay-gradient":""},"mobile":{"background-color":"var(--ast-global-color-5)","background-image":"","background-repeat":"repeat","background-position":"center center","background-size":"auto","background-attachment":"scroll","background-type":"","background-media":"","overlay-type":"","overlay-color":"","overlay-opacity":"","overlay-gradient":""}}},"product_brand":[],"product_cat":[47,430,40],"product_tag":[653,405,566,458,480,251,221,189,450,227,324,198,466,406,254],"class_list":{"0":"post-5388","1":"product","2":"type-product","3":"status-publish","4":"has-post-thumbnail","6":"product_cat-classic","7":"product_cat-men","8":"product_cat-mens-shoes","9":"product_tag-black-oxfords","10":"product_tag-business-shoes","11":"product_tag-calfskin-shoes","12":"product_tag-cap-toe-shoes","13":"product_tag-elegant-shoes","14":"product_tag-formal-shoes","15":"product_tag-genuine-leather","16":"product_tag-goat-leather-lining","17":"product_tag-handcrafted-shoes","18":"product_tag-leather-shoes","19":"product_tag-mens-dress-shoes","20":"product_tag-mens-fashion","21":"product_tag-microlight-sole","22":"product_tag-premium-shoes","23":"product_tag-wholesale-footwear","24":"desktop-align-center","25":"tablet-align-center","26":"mobile-align-center","28":"first","29":"instock","30":"shipping-taxable","31":"purchasable","32":"product-type-variable","33":"has-default-attributes"},"acf":[],"uagb_featured_image_src":{"full":["https:\/\/turkishtrade.co\/wp-content\/uploads\/2026\/01\/2400EJOMN00187-BLACK-Y_12589.png",453,250,false],"thumbnail":["https:\/\/turkishtrade.co\/wp-content\/uploads\/2026\/01\/2400EJOMN00187-BLACK-Y_12589-150x150.png",150,150,true],"medium":["https:\/\/turkishtrade.co\/wp-content\/uploads\/2026\/01\/2400EJOMN00187-BLACK-Y_12589-300x166.png",300,166,true],"medium_large":["https:\/\/turkishtrade.co\/wp-content\/uploads\/2026\/01\/2400EJOMN00187-BLACK-Y_12589.png",453,250,false],"large":["https:\/\/turkishtrade.co\/wp-content\/uploads\/2026\/01\/2400EJOMN00187-BLACK-Y_12589.png",453,250,false],"1536x1536":["https:\/\/turkishtrade.co\/wp-content\/uploads\/2026\/01\/2400EJOMN00187-BLACK-Y_12589.png",453,250,false],"2048x2048":["https:\/\/turkishtrade.co\/wp-content\/uploads\/2026\/01\/2400EJOMN00187-BLACK-Y_12589.png",453,250,false],"trp-custom-language-flag":["https:\/\/turkishtrade.co\/wp-content\/uploads\/2026\/01\/2400EJOMN00187-BLACK-Y_12589-18x10.png",18,10,true],"woocommerce_thumbnail":["https:\/\/turkishtrade.co\/wp-content\/uploads\/2026\/01\/2400EJOMN00187-BLACK-Y_12589-400x250.png",400,250,true],"woocommerce_single":["https:\/\/turkishtrade.co\/wp-content\/uploads\/2026\/01\/2400EJOMN00187-BLACK-Y_12589.png",453,250,false],"woocommerce_gallery_thumbnail":["https:\/\/turkishtrade.co\/wp-content\/uploads\/2026\/01\/2400EJOMN00187-BLACK-Y_12589-100x100.png",100,100,true]},"uagb_author_info":{"display_name":"yaser olabi","author_link":"https:\/\/turkishtrade.co\/tr\/author\/"},"uagb_comment_info":0,"uagb_excerpt":"Minimum Order Quantity: 8 Pairs Production Lead Time: 12 Days + Shipping Sole Material: Microlight Heel Height: 1-3 cm Upper Material: Premium Calf Leather Lining Material: Soft Goat Leather Available Sizes: EU 39-45 Wholesale Price: USD per pair","_links":{"self":[{"href":"https:\/\/turkishtrade.co\/tr\/wp-json\/wp\/v2\/product\/5388","targetHints":{"allow":["GET"]}}],"collection":[{"href":"https:\/\/turkishtrade.co\/tr\/wp-json\/wp\/v2\/product"}],"about":[{"href":"https:\/\/turkishtrade.co\/tr\/wp-json\/wp\/v2\/types\/product"}],"wp:featuredmedia":[{"embeddable":true,"href":"https:\/\/turkishtrade.co\/tr\/wp-json\/wp\/v2\/media\/3626"}],"wp:attachment":[{"href":"https:\/\/turkishtrade.co\/tr\/wp-json\/wp\/v2\/media?parent=5388"}],"wp:term":[{"taxonomy":"product_brand","embeddable":true,"href":"https:\/\/turkishtrade.co\/tr\/wp-json\/wp\/v2\/product_brand?post=5388"},{"taxonomy":"product_cat","embeddable":true,"href":"https:\/\/turkishtrade.co\/tr\/wp-json\/wp\/v2\/product_cat?post=5388"},{"taxonomy":"product_tag","embeddable":true,"href":"https:\/\/turkishtrade.co\/tr\/wp-json\/wp\/v2\/product_tag?post=5388"}],"curies":[{"name":"wp","href":"https:\/\/api.w.org\/{rel}","templated":true}]}}