{"id":5386,"date":"2026-01-14T11:51:02","date_gmt":"2026-01-14T11:51:02","guid":{"rendered":"https:\/\/turkishtrade.co\/product\/mens-black-monk-strap-shoes\/"},"modified":"2026-04-09T19:35:41","modified_gmt":"2026-04-09T19:35:41","slug":"mens-black-monk-strap-shoes","status":"publish","type":"product","link":"https:\/\/turkishtrade.co\/tr\/shop\/mens-black-monk-strap-shoes\/","title":{"rendered":"Erkek Premium Siyah Deri Tek Monk Kay\u0131\u015fl\u0131 Elbise Ayakkab\u0131s\u0131"},"content":{"rendered":"<p><strong>Erkek Siyah Monk Kay\u0131\u015fl\u0131 Ayakkab\u0131<\/strong><\/p>\n<p>Enfes \u00fcr\u00fcnlerimizle benzersiz bir sofistike ortama ad\u0131m at\u0131n <strong>Erkek Siyah Monk Kay\u0131\u015fl\u0131 Ayakkab\u0131<\/strong>. Se\u00e7kin beyefendiler i\u00e7in tasarlanan bu ayakkab\u0131lar, modern konforla harmanlanm\u0131\u015f klasik tarz\u0131n bir kan\u0131t\u0131d\u0131r. \u0130ster toplant\u0131 odas\u0131nda ister \u00f6zel bir etkinlikte olsun, g\u00fc\u00e7l\u00fc bir izlenim b\u0131rakmak i\u00e7in m\u00fckemmel olan bu ayakkab\u0131lar sadece ayakkab\u0131 de\u011fil, zamans\u0131z \u015f\u0131kl\u0131\u011fa yap\u0131lan bir yat\u0131r\u0131md\u0131r. Bu se\u00e7kin ayakkab\u0131larla ayakkab\u0131 koleksiyonunuzu y\u00fckseltin <strong>Erkek Siyah Monk Kay\u0131\u015fl\u0131 Ayakkab\u0131<\/strong>.<\/p>\n<h3>Rakipsiz \u0130\u015f\u00e7ilik ve Birinci S\u0131n\u0131f Malzemeler<\/h3>\n<p>Her bir \u00e7iftimiz <strong>Erkek Siyah Monk Kay\u0131\u015fl\u0131 Ayakkab\u0131<\/strong> \u00fcst\u00fcn kalite ve dayan\u0131kl\u0131l\u0131k sunmak i\u00e7in titizlikle \u00fcretilmi\u015ftir. D\u0131\u015f y\u00fczeyi, \u015f\u0131k g\u00f6r\u00fcn\u00fcm\u00fc ve sa\u011flam yap\u0131s\u0131yla tan\u0131nan l\u00fcks, son derece parlak dana derisinden \u00fcretilmi\u015ftir. Bu birinci s\u0131n\u0131f deri, zaman i\u00e7inde aya\u011f\u0131n\u0131za g\u00fczel bir \u015fekilde uyum sa\u011flayarak ki\u015fiye \u00f6zel bir uyum ve yaln\u0131zca ya\u015fland\u0131k\u00e7a geli\u015fen zarif bir parlakl\u0131k sunar. \u0130\u00e7 k\u0131s\u0131mda, ayaklar\u0131n\u0131z ilk giyimden itibaren ola\u011fan\u00fcst\u00fc nefes alabilirlik ve konfor sa\u011flayan hakiki ke\u00e7i derisi astar\u0131n yumu\u015fak kuca\u011f\u0131na sar\u0131l\u0131r. Bu y\u00fcksek kaliteli malzemelerin \u00f6zenle bir araya getirilmesi, bu zarif ayakkab\u0131yla att\u0131\u011f\u0131n\u0131z her ad\u0131mda l\u00fcks bir deneyim ya\u015faman\u0131z\u0131 garanti eder. <strong>Erkek Siyah Monk Kay\u0131\u015fl\u0131 Ayakkab\u0131<\/strong>.<\/p>\n<h3>Her Durum \u0130\u00e7in Zarif Tasar\u0131m<\/h3>\n<p>Bunlar\u0131n tek ke\u015fi\u015f kay\u0131\u015f\u0131 tasar\u0131m\u0131 <strong>Erkek Siyah Monk Kay\u0131\u015fl\u0131 Ayakkab\u0131<\/strong> geleneksel ba\u011fc\u0131kl\u0131 ayakkab\u0131lara farkl\u0131 bir alternatif sunarak \u015f\u0131k ve kesintisiz bir siluet sa\u011flar. Zarif toka detay\u0131 klasik cazibeye bir dokunu\u015f katarak bu sofistike ayakkab\u0131lar\u0131 inan\u0131lmaz derecede \u00e7ok y\u00f6nl\u00fc hale getirir. Resmi i\u015f k\u0131yafetlerinden sofistike gece k\u0131yafetlerine sorunsuz bir \u015fekilde ge\u00e7i\u015f yaparak her gard\u0131robun vazge\u00e7ilmezi haline gelir. Bunlar\u0131 e\u015fle\u015ftirin <strong>Erkek Siyah Monk Kay\u0131\u015fl\u0131 Ayakkab\u0131<\/strong> Profesyonel bir g\u00f6r\u00fcn\u00fcm i\u00e7in keskin bir tak\u0131m elbise ile veya g\u00fcven veren ak\u0131ll\u0131 rahat bir topluluk i\u00e7in \u00f6zel dikim pantolonlarla. Bunlar <strong>Erkek Siyah Monk Kay\u0131\u015fl\u0131 Ayakkab\u0131<\/strong> hem stil hem de i\u00e7erik sunan, iyi se\u00e7ilmi\u015f her gard\u0131rop i\u00e7in temel bir par\u00e7ad\u0131r.<\/p>\n<h3>Microlight Taban ile Konfor Tarzla Bulu\u015fuyor<\/h3>\n<p>\u00c7arp\u0131c\u0131 esteti\u011finin \u00f6tesinde, bizim <strong>Erkek Siyah Monk Kay\u0131\u015fl\u0131 Ayakkab\u0131<\/strong> rahatl\u0131\u011f\u0131n\u0131za \u00f6ncelik verir. Ola\u011fan\u00fcst\u00fc hafifli\u011fi ve esnekli\u011fi ile bilinen son teknoloji \u00fcr\u00fcn\u00fc microlight tabana sahiptir. Bu yenilik\u00e7i taban m\u00fckemmel yast\u0131klama ve destek sa\u011flayarak uzun saatler kullan\u0131mdan sonra bile ayak yorgunlu\u011funu azalt\u0131r. Mikro hafif taban\u0131 tamamlayan, 1-3 cm aras\u0131nda de\u011fi\u015fen incelikle tasarlanm\u0131\u015f topuk, dengeden \u00f6d\u00fcn vermeden m\u00fckemmel bir y\u00fckseklik sunar. G\u00f6r\u00fcnd\u00fc\u011f\u00fc kadar iyi hissettiren, g\u00fcn boyunca rahat ve \u015f\u0131k kalman\u0131z\u0131 sa\u011flayan bu birinci s\u0131n\u0131f ayakkab\u0131n\u0131n l\u00fcks\u00fcn\u00fc ya\u015fay\u0131n. <strong>Erkek Siyah Monk Kay\u0131\u015fl\u0131 Ayakkab\u0131<\/strong>.<\/p>\n<h3>Perakendeciler i\u00e7in Toptan Sat\u0131\u015f F\u0131rsat\u0131<\/h3>\n<p>M\u00fc\u015fterilerine birinci s\u0131n\u0131f erkek ayakkab\u0131lar\u0131nda en iyisini sunmak isteyen perakendeciler i\u00e7in <strong>Erkek Siyah Monk Kay\u0131\u015fl\u0131 Ayakkab\u0131<\/strong> toptan sat\u0131n al\u0131nabilir. Minimum sipari\u015f miktar\u0131 sadece 8 \u00e7ift oldu\u011fundan, bu \u00e7ok sevilen \u00fcr\u00fcnleri kolayca stoklayabilirsiniz <strong>Erkek Siyah Monk Kay\u0131\u015fl\u0131 Ayakkab\u0131<\/strong>. Her bir \u00e7ift 37,50 USD gibi cazip bir fiyattan sat\u0131lmakta olup, b\u00f6ylesine y\u00fcksek kaliteli i\u015f\u00e7ilik i\u00e7in m\u00fckemmel bir de\u011fer sunmaktad\u0131r. Bu aranan elbise ayakkab\u0131lar\u0131yla envanterinizi h\u0131zl\u0131 bir \u015fekilde yenilemenize olanak tan\u0131yan 12 g\u00fcnl\u00fck teslimat s\u00fcresi ve standart nakliye ile verimli bir i\u015flem sa\u011fl\u0131yoruz.<\/p>","protected":false},"excerpt":{"rendered":"<ul>\n<li><strong>Premium Malzemeler:<\/strong> \u00dcst\u00fcn konfor ve dayan\u0131kl\u0131l\u0131k i\u00e7in l\u00fcks dana derisi d\u0131\u015f y\u00fczey ve yumu\u015fak ke\u00e7i derisi i\u00e7 k\u0131s\u0131m ile \u00fcretilmi\u015ftir.<\/li>\n<li><strong>Zarif Tasar\u0131m:<\/strong> Resmi veya \u015f\u0131k g\u00fcndelik ortamlar i\u00e7in m\u00fckemmel olan zamans\u0131z tekli monk kay\u0131\u015f stiline sahiptir.<\/li>\n<li><strong>Hafif Taban:<\/strong> \u00dcst\u00fcn konfor ve esneklik i\u00e7in y\u00fcksek kaliteli microlight taban ile donat\u0131lm\u0131\u015ft\u0131r.<\/li>\n<li><strong>Optimal Topuk Y\u00fcksekli\u011fi:<\/strong> G\u00fcn boyunca daha iyi duru\u015f ve rahatl\u0131k i\u00e7in 1-3 cm'lik ince topuk.<\/li>\n<li><strong>Mevcut Boyutlar:<\/strong> 39'dan 45'e (AB) kadar kapsaml\u0131 bir beden yelpazesinde sunulmaktad\u0131r.<\/li>\n<li><strong>Toptan Sat\u0131\u015f:<\/strong> Toplu al\u0131m i\u00e7in minimum 8 \u00e7ift sipari\u015f miktar\u0131 mevcuttur.<\/li>\n<li><strong>Etkili Teslimat:<\/strong> Sipari\u015fler 12 g\u00fcn i\u00e7inde i\u015fleme al\u0131n\u0131r, art\u0131 nakliye s\u00fcresi.<\/li>\n<\/ul>","protected":false},"featured_media":3625,"template":"","meta":{"_acf_changed":false,"_uag_custom_page_level_css":"","site-sidebar-layout":"default","site-content-layout":"","ast-site-content-layout":"default","site-content-style":"default","site-sidebar-style":"default","ast-global-header-display":"","ast-banner-title-visibility":"","ast-main-header-display":"","ast-hfb-above-header-display":"","ast-hfb-below-header-display":"","ast-hfb-mobile-header-display":"","site-post-title":"","ast-breadcrumbs-content":"","ast-featured-img":"","footer-sml-layout":"","ast-disable-related-posts":"","theme-transparent-header-meta":"default","adv-header-id-meta":"","stick-header-meta":"","header-above-stick-meta":"","header-main-stick-meta":"","header-below-stick-meta":"","astra-migrate-meta-layouts":"set","ast-page-background-enabled":"default","ast-page-background-meta":{"desktop":{"background-color":"var(--ast-global-color-4)","background-image":"","background-repeat":"repeat","background-position":"center center","background-size":"auto","background-attachment":"scroll","background-type":"","background-media":"","overlay-type":"","overlay-color":"","overlay-opacity":"","overlay-gradient":""},"tablet":{"background-color":"","background-image":"","background-repeat":"repeat","background-position":"center center","background-size":"auto","background-attachment":"scroll","background-type":"","background-media":"","overlay-type":"","overlay-color":"","overlay-opacity":"","overlay-gradient":""},"mobile":{"background-color":"","background-image":"","background-repeat":"repeat","background-position":"center center","background-size":"auto","background-attachment":"scroll","background-type":"","background-media":"","overlay-type":"","overlay-color":"","overlay-opacity":"","overlay-gradient":""}},"ast-content-background-meta":{"desktop":{"background-color":"var(--ast-global-color-5)","background-image":"","background-repeat":"repeat","background-position":"center center","background-size":"auto","background-attachment":"scroll","background-type":"","background-media":"","overlay-type":"","overlay-color":"","overlay-opacity":"","overlay-gradient":""},"tablet":{"background-color":"var(--ast-global-color-5)","background-image":"","background-repeat":"repeat","background-position":"center center","background-size":"auto","background-attachment":"scroll","background-type":"","background-media":"","overlay-type":"","overlay-color":"","overlay-opacity":"","overlay-gradient":""},"mobile":{"background-color":"var(--ast-global-color-5)","background-image":"","background-repeat":"repeat","background-position":"center center","background-size":"auto","background-attachment":"scroll","background-type":"","background-media":"","overlay-type":"","overlay-color":"","overlay-opacity":"","overlay-gradient":""}}},"product_brand":[],"product_cat":[47,430,40],"product_tag":[605,405,202,284,480,251,769,437,219,227,404,406,508,855,281],"class_list":{"0":"post-5386","1":"product","2":"type-product","3":"status-publish","4":"has-post-thumbnail","6":"product_cat-classic","7":"product_cat-men","8":"product_cat-mens-shoes","9":"product_tag-black-shoes","10":"product_tag-business-shoes","11":"product_tag-calf-leather","12":"product_tag-dress-shoes","13":"product_tag-elegant-shoes","14":"product_tag-formal-shoes","15":"product_tag-gentlemens-shoes","16":"product_tag-goat-leather","17":"product_tag-handmade-shoes","18":"product_tag-leather-shoes","19":"product_tag-monk-strap","20":"product_tag-premium-shoes","21":"product_tag-single-monk-strap","22":"product_tag-sophisticated-footwear","23":"product_tag-wholesale-shoes","24":"desktop-align-center","25":"tablet-align-center","26":"mobile-align-center","28":"first","29":"instock","30":"shipping-taxable","31":"purchasable","32":"product-type-variable","33":"has-default-attributes"},"acf":[],"uagb_featured_image_src":{"full":["https:\/\/turkishtrade.co\/wp-content\/uploads\/2026\/01\/2400EJOMN00185-BLACK-X_12584.png",453,250,false],"thumbnail":["https:\/\/turkishtrade.co\/wp-content\/uploads\/2026\/01\/2400EJOMN00185-BLACK-X_12584-150x150.png",150,150,true],"medium":["https:\/\/turkishtrade.co\/wp-content\/uploads\/2026\/01\/2400EJOMN00185-BLACK-X_12584-300x166.png",300,166,true],"medium_large":["https:\/\/turkishtrade.co\/wp-content\/uploads\/2026\/01\/2400EJOMN00185-BLACK-X_12584.png",453,250,false],"large":["https:\/\/turkishtrade.co\/wp-content\/uploads\/2026\/01\/2400EJOMN00185-BLACK-X_12584.png",453,250,false],"1536x1536":["https:\/\/turkishtrade.co\/wp-content\/uploads\/2026\/01\/2400EJOMN00185-BLACK-X_12584.png",453,250,false],"2048x2048":["https:\/\/turkishtrade.co\/wp-content\/uploads\/2026\/01\/2400EJOMN00185-BLACK-X_12584.png",453,250,false],"trp-custom-language-flag":["https:\/\/turkishtrade.co\/wp-content\/uploads\/2026\/01\/2400EJOMN00185-BLACK-X_12584-18x10.png",18,10,true],"woocommerce_thumbnail":["https:\/\/turkishtrade.co\/wp-content\/uploads\/2026\/01\/2400EJOMN00185-BLACK-X_12584-400x250.png",400,250,true],"woocommerce_single":["https:\/\/turkishtrade.co\/wp-content\/uploads\/2026\/01\/2400EJOMN00185-BLACK-X_12584.png",453,250,false],"woocommerce_gallery_thumbnail":["https:\/\/turkishtrade.co\/wp-content\/uploads\/2026\/01\/2400EJOMN00185-BLACK-X_12584-100x100.png",100,100,true]},"uagb_author_info":{"display_name":"yaser olabi","author_link":"https:\/\/turkishtrade.co\/tr\/author\/"},"uagb_comment_info":0,"uagb_excerpt":"Premium Materials: Crafted with a luxurious calf leather exterior and soft goat leather interior for ultimate comfort and durability. Elegant Design: Features a timeless single monk strap style, perfect for formal or smart-casual occasions. Lightweight Sole: Equipped with a high-quality microlight sole for superior comfort and flexibility. Optimal Heel Height: Subtle 1-3 cm heel for&hellip;","_links":{"self":[{"href":"https:\/\/turkishtrade.co\/tr\/wp-json\/wp\/v2\/product\/5386","targetHints":{"allow":["GET"]}}],"collection":[{"href":"https:\/\/turkishtrade.co\/tr\/wp-json\/wp\/v2\/product"}],"about":[{"href":"https:\/\/turkishtrade.co\/tr\/wp-json\/wp\/v2\/types\/product"}],"wp:featuredmedia":[{"embeddable":true,"href":"https:\/\/turkishtrade.co\/tr\/wp-json\/wp\/v2\/media\/3625"}],"wp:attachment":[{"href":"https:\/\/turkishtrade.co\/tr\/wp-json\/wp\/v2\/media?parent=5386"}],"wp:term":[{"taxonomy":"product_brand","embeddable":true,"href":"https:\/\/turkishtrade.co\/tr\/wp-json\/wp\/v2\/product_brand?post=5386"},{"taxonomy":"product_cat","embeddable":true,"href":"https:\/\/turkishtrade.co\/tr\/wp-json\/wp\/v2\/product_cat?post=5386"},{"taxonomy":"product_tag","embeddable":true,"href":"https:\/\/turkishtrade.co\/tr\/wp-json\/wp\/v2\/product_tag?post=5386"}],"curies":[{"name":"wp","href":"https:\/\/api.w.org\/{rel}","templated":true}]}}