{"id":5382,"date":"2026-01-14T11:50:30","date_gmt":"2026-01-14T11:50:30","guid":{"rendered":"https:\/\/turkishtrade.co\/product\/mens-black-leather-derby-shoes-2\/"},"modified":"2026-04-09T19:35:49","modified_gmt":"2026-04-09T19:35:49","slug":"mens-black-leather-derby-shoes-2","status":"publish","type":"product","link":"https:\/\/turkishtrade.co\/tr\/shop\/mens-black-leather-derby-shoes-2\/","title":{"rendered":"Erkek Cilal\u0131 Siyah Deri Derby Ayakkab\u0131"},"content":{"rendered":"<p><strong>Erkek Siyah Deri Derby Ayakkab\u0131<\/strong><\/p>\n<p>Resmi ve i\u015f k\u0131yafetlerinizi zarif k\u0131yafetlerimizle y\u00fckseltin <b>Erkek Cilal\u0131 Siyah Deri Derby Ayakkab\u0131<\/b>. M\u00fckemmellik i\u00e7in titizlikle haz\u0131rlanm\u0131\u015f bu <b>erkek si\u0307yah deri\u0307 derby ayakkabi<\/b> zamans\u0131z \u015f\u0131kl\u0131\u011f\u0131n ve sofistike rahatl\u0131\u011f\u0131n timsalidir. Hem stile hem de \u00f6ze de\u011fer veren modern beyefendiler i\u00e7in tasarlanan her bir \u00e7ift, kal\u0131c\u0131 bir etki b\u0131rakmay\u0131 vaat ediyor.<\/p>\n<h3>Benzersiz \u0130\u015f\u00e7ilik ve \u00dcst\u00fcn Kaliteli Malzemeler<\/h3>\n<p>Bizim <b>erkek si\u0307yah deri\u0307 derby ayakkabi<\/b> en iyi dana derisinden ustal\u0131kla \u00fcretilmi\u015f bir d\u0131\u015f y\u00fczeye sahiptir. Bu birinci s\u0131n\u0131f malzeme sadece l\u00fcks, cilal\u0131 bir y\u00fczey sa\u011flamakla kalmaz, ayn\u0131 zamanda dayan\u0131kl\u0131l\u0131k ve zaman i\u00e7inde aya\u011f\u0131n\u0131za uyum sa\u011flayan esnek bir his de sa\u011flar. \u015e\u0131k siyah renk \u00e7ok y\u00f6nl\u00fcd\u00fcr ve bu ayakkab\u0131lar\u0131 <b>erkek si\u0307yah deri\u0307 derby ayakkabi<\/b> Her t\u00fcrl\u00fc tak\u0131m elbise veya \u015f\u0131k g\u00fcndelik k\u0131yafet i\u00e7in m\u00fckemmel bir uyum. Yumu\u015fak, nefes alabilen ke\u00e7i derisi astar sayesinde ayaklar\u0131n\u0131z en \u00fcst d\u00fczeyde konforla sar\u0131l\u0131r. Bu do\u011fal malzeme nemi uzakla\u015ft\u0131rmaya yard\u0131mc\u0131 olarak ayaklar\u0131n\u0131z\u0131 en uzun g\u00fcnler boyunca kuru ve rahat tutar.<\/p>\n<h3>Konfor ve Dayan\u0131kl\u0131l\u0131k i\u00e7in Tasarland\u0131<\/h3>\n<p>\u00c7arp\u0131c\u0131 g\u00f6r\u00fcn\u00fcmlerinin \u00f6tesinde, bu <b>erkek si\u0307yah deri\u0307 derby ayakkabi<\/b> ola\u011fan\u00fcst\u00fc konfor ve destek i\u00e7in tasarlanm\u0131\u015ft\u0131r. Yenilik\u00e7i Microlight taban, dayan\u0131kl\u0131l\u0131k veya \u00e7eki\u015ften \u00f6d\u00fcn vermeden \u00fcst\u00fcn hafiflik ve esneklik sunar. Bu geli\u015fmi\u015f taban teknolojisi m\u00fckemmel \u015fok emilimi sa\u011flayarak ister \u015fehir sokaklar\u0131nda geziniyor ister uzun toplant\u0131lar boyunca ayakta duruyor olun rahat bir ad\u0131m atman\u0131z\u0131 sa\u011flar. \u0130nce 1-3 cm topuk y\u00fcksekli\u011fi zarif bir y\u00fckselti katarak duru\u015funuzu m\u00fckemmelle\u015ftirir ve bu sofistike ayakkab\u0131n\u0131n genel esteti\u011fini geli\u015ftirir. <b>erkek si\u0307yah deri\u0307 derby ayakkabi<\/b>. EU 39'dan 45'e kadar geni\u015f bir beden yelpazesinde mevcut oldu\u011fundan, m\u00fckemmel uyumunuzu bulmak zahmetsizdir.<\/p>\n<h3>Her Durum \u0130\u00e7in M\u00fckemmel Se\u00e7im<\/h3>\n<p>\u0130ster \u00f6nemli bir i\u015f toplant\u0131s\u0131na, ister resmi bir etkinli\u011fe ya da sofistike bir ak\u015fam gezmesine kat\u0131l\u0131yor olun, bu <b>erkek si\u0307yah deri\u0307 derby ayakkabi<\/b> ideal arkada\u015f\u0131n\u0131zd\u0131r. Klasik ba\u011fc\u0131kl\u0131 tasar\u0131mlar\u0131 g\u00fcvenli ve ayarlanabilir bir uyum sa\u011flarken, kusursuz y\u00fczeyleri g\u00fcven ve profesyonellik yayar. Ayr\u0131ca, perakendeciler veya kurulu\u015flar i\u00e7in uygun hale getiren minimum 8 \u00e7ift sipari\u015f miktar\u0131 ile toptan sat\u0131\u015f ihtiya\u00e7lar\u0131n\u0131 da kar\u015f\u0131l\u0131yoruz. Birinci s\u0131n\u0131f koleksiyonumuzla geleneksel sanat ve \u00e7a\u011fda\u015f tasar\u0131m\u0131n kar\u0131\u015f\u0131m\u0131n\u0131 deneyimleyin <b>erkek si\u0307yah deri\u0307 derby ayakkabi<\/b>, ve ger\u00e7ekten \u00f6ne \u00e7\u0131kan rafine bir stil d\u00fcnyas\u0131na ad\u0131m at\u0131n. Yeni favori ayakkab\u0131n\u0131z\u0131n h\u0131zl\u0131 bir \u015fekilde teslim edilmesini sa\u011flamak i\u00e7in sipari\u015finizin 12 g\u00fcn art\u0131 standart kargo s\u00fcresi i\u00e7inde ula\u015fmas\u0131n\u0131 bekleyin.<\/p>","protected":false},"excerpt":{"rendered":"<ul>\n<li><b>D\u0131\u015f Malzeme:<\/b> \u015e\u0131k ve g\u00f6steri\u015fli bir g\u00f6r\u00fcn\u00fcm i\u00e7in Birinci S\u0131n\u0131f Dana Derisi.<\/li>\n<li><b>\u0130\u00e7 Astar:<\/b> Benzersiz konfor ve nefes alabilirlik i\u00e7in Yumu\u015fak Ke\u00e7i Derisi.<\/li>\n<li><b>Taban:<\/b> T\u00fcm g\u00fcn kullan\u0131m i\u00e7in hafif ve dayan\u0131kl\u0131 Microlight taban.<\/li>\n<li><b>Topuk Y\u00fcksekli\u011fi:<\/b> Zarif bir kald\u0131rma i\u00e7in 1-3 cm.<\/li>\n<li><b>Mevcut Boyutlar:<\/b> AB 39, 40, 41, 42, 43, 44, 45.<\/li>\n<li><b>Minimum Sipari\u015f:<\/b> 8 \u00e7ift (toplu al\u0131m i\u00e7in mevcuttur).<\/li>\n<li><b>Tahmini Teslimat:<\/b> 12 g\u00fcn + nakliye s\u00fcresi.<\/li>\n<li><b>Fiyat:<\/b> \u00c7ift ba\u015f\u0131na 37,50 USD.<\/li>\n<\/ul>","protected":false},"featured_media":3623,"template":"","meta":{"_acf_changed":false,"_uag_custom_page_level_css":"","site-sidebar-layout":"default","site-content-layout":"","ast-site-content-layout":"default","site-content-style":"default","site-sidebar-style":"default","ast-global-header-display":"","ast-banner-title-visibility":"","ast-main-header-display":"","ast-hfb-above-header-display":"","ast-hfb-below-header-display":"","ast-hfb-mobile-header-display":"","site-post-title":"","ast-breadcrumbs-content":"","ast-featured-img":"","footer-sml-layout":"","ast-disable-related-posts":"","theme-transparent-header-meta":"default","adv-header-id-meta":"","stick-header-meta":"","header-above-stick-meta":"","header-main-stick-meta":"","header-below-stick-meta":"","astra-migrate-meta-layouts":"set","ast-page-background-enabled":"default","ast-page-background-meta":{"desktop":{"background-color":"var(--ast-global-color-4)","background-image":"","background-repeat":"repeat","background-position":"center center","background-size":"auto","background-attachment":"scroll","background-type":"","background-media":"","overlay-type":"","overlay-color":"","overlay-opacity":"","overlay-gradient":""},"tablet":{"background-color":"","background-image":"","background-repeat":"repeat","background-position":"center center","background-size":"auto","background-attachment":"scroll","background-type":"","background-media":"","overlay-type":"","overlay-color":"","overlay-opacity":"","overlay-gradient":""},"mobile":{"background-color":"","background-image":"","background-repeat":"repeat","background-position":"center center","background-size":"auto","background-attachment":"scroll","background-type":"","background-media":"","overlay-type":"","overlay-color":"","overlay-opacity":"","overlay-gradient":""}},"ast-content-background-meta":{"desktop":{"background-color":"var(--ast-global-color-5)","background-image":"","background-repeat":"repeat","background-position":"center center","background-size":"auto","background-attachment":"scroll","background-type":"","background-media":"","overlay-type":"","overlay-color":"","overlay-opacity":"","overlay-gradient":""},"tablet":{"background-color":"var(--ast-global-color-5)","background-image":"","background-repeat":"repeat","background-position":"center center","background-size":"auto","background-attachment":"scroll","background-type":"","background-media":"","overlay-type":"","overlay-color":"","overlay-opacity":"","overlay-gradient":""},"mobile":{"background-color":"var(--ast-global-color-5)","background-image":"","background-repeat":"repeat","background-position":"center center","background-size":"auto","background-attachment":"scroll","background-type":"","background-media":"","overlay-type":"","overlay-color":"","overlay-opacity":"","overlay-gradient":""}}},"product_brand":[],"product_cat":[47,430,40],"product_tag":[295,566,480,591,769,556,615,888,361,843,466,889,855,289],"class_list":{"0":"post-5382","1":"product","2":"type-product","3":"status-publish","4":"has-post-thumbnail","6":"product_cat-classic","7":"product_cat-men","8":"product_cat-mens-shoes","9":"product_tag-black-dress-shoes","10":"product_tag-calfskin-shoes","11":"product_tag-elegant-shoes","12":"product_tag-formal-wear","13":"product_tag-gentlemens-shoes","14":"product_tag-goatskin-lining","15":"product_tag-leather-formal-shoes","16":"product_tag-mens-black-leather-derby-shoes","17":"product_tag-mens-business-shoes","18":"product_tag-mens-classic-shoes","19":"product_tag-microlight-sole","20":"product_tag-polished-leather-shoes","21":"product_tag-sophisticated-footwear","22":"product_tag-wholesale-leather-shoes","23":"desktop-align-center","24":"tablet-align-center","25":"mobile-align-center","27":"first","28":"instock","29":"shipping-taxable","30":"purchasable","31":"product-type-variable","32":"has-default-attributes"},"acf":[],"uagb_featured_image_src":{"full":["https:\/\/turkishtrade.co\/wp-content\/uploads\/2026\/01\/2400EJOMN00183-BLACK-X_12585.png",453,250,false],"thumbnail":["https:\/\/turkishtrade.co\/wp-content\/uploads\/2026\/01\/2400EJOMN00183-BLACK-X_12585-150x150.png",150,150,true],"medium":["https:\/\/turkishtrade.co\/wp-content\/uploads\/2026\/01\/2400EJOMN00183-BLACK-X_12585-300x166.png",300,166,true],"medium_large":["https:\/\/turkishtrade.co\/wp-content\/uploads\/2026\/01\/2400EJOMN00183-BLACK-X_12585.png",453,250,false],"large":["https:\/\/turkishtrade.co\/wp-content\/uploads\/2026\/01\/2400EJOMN00183-BLACK-X_12585.png",453,250,false],"1536x1536":["https:\/\/turkishtrade.co\/wp-content\/uploads\/2026\/01\/2400EJOMN00183-BLACK-X_12585.png",453,250,false],"2048x2048":["https:\/\/turkishtrade.co\/wp-content\/uploads\/2026\/01\/2400EJOMN00183-BLACK-X_12585.png",453,250,false],"trp-custom-language-flag":["https:\/\/turkishtrade.co\/wp-content\/uploads\/2026\/01\/2400EJOMN00183-BLACK-X_12585-18x10.png",18,10,true],"woocommerce_thumbnail":["https:\/\/turkishtrade.co\/wp-content\/uploads\/2026\/01\/2400EJOMN00183-BLACK-X_12585-400x250.png",400,250,true],"woocommerce_single":["https:\/\/turkishtrade.co\/wp-content\/uploads\/2026\/01\/2400EJOMN00183-BLACK-X_12585.png",453,250,false],"woocommerce_gallery_thumbnail":["https:\/\/turkishtrade.co\/wp-content\/uploads\/2026\/01\/2400EJOMN00183-BLACK-X_12585-100x100.png",100,100,true]},"uagb_author_info":{"display_name":"yaser olabi","author_link":"https:\/\/turkishtrade.co\/tr\/author\/"},"uagb_comment_info":0,"uagb_excerpt":"Outer Material: Premium Calfskin Leather for a sleek, polished finish. Inner Lining: Soft Goatskin Leather for unparalleled comfort and breathability. Sole: Lightweight and durable Microlight sole for all-day wear. Heel Height: Subtle 1-3 cm for an elegant lift. Available Sizes: EU 39, 40, 41, 42, 43, 44, 45. Minimum Order: 8 pairs (available for bulk&hellip;","_links":{"self":[{"href":"https:\/\/turkishtrade.co\/tr\/wp-json\/wp\/v2\/product\/5382","targetHints":{"allow":["GET"]}}],"collection":[{"href":"https:\/\/turkishtrade.co\/tr\/wp-json\/wp\/v2\/product"}],"about":[{"href":"https:\/\/turkishtrade.co\/tr\/wp-json\/wp\/v2\/types\/product"}],"wp:featuredmedia":[{"embeddable":true,"href":"https:\/\/turkishtrade.co\/tr\/wp-json\/wp\/v2\/media\/3623"}],"wp:attachment":[{"href":"https:\/\/turkishtrade.co\/tr\/wp-json\/wp\/v2\/media?parent=5382"}],"wp:term":[{"taxonomy":"product_brand","embeddable":true,"href":"https:\/\/turkishtrade.co\/tr\/wp-json\/wp\/v2\/product_brand?post=5382"},{"taxonomy":"product_cat","embeddable":true,"href":"https:\/\/turkishtrade.co\/tr\/wp-json\/wp\/v2\/product_cat?post=5382"},{"taxonomy":"product_tag","embeddable":true,"href":"https:\/\/turkishtrade.co\/tr\/wp-json\/wp\/v2\/product_tag?post=5382"}],"curies":[{"name":"wp","href":"https:\/\/api.w.org\/{rel}","templated":true}]}}