{"id":5380,"date":"2026-01-14T11:50:11","date_gmt":"2026-01-14T11:50:11","guid":{"rendered":"https:\/\/turkishtrade.co\/product\/black-croc-leather-derby-shoes\/"},"modified":"2026-04-09T19:35:53","modified_gmt":"2026-04-09T19:35:53","slug":"black-croc-leather-derby-shoes","status":"publish","type":"product","link":"https:\/\/turkishtrade.co\/tr\/shop\/black-croc-leather-derby-shoes\/","title":{"rendered":"Sofistike Erkek Siyah Krok Dokulu Deri Derby Ayakkab\u0131"},"content":{"rendered":"<p><strong>Siyah Timsah Derisi Derby Ayakkab\u0131<\/strong><\/p>\n<p>Enfes \u00fcr\u00fcnlerimizle benzersiz bir sofistike ortama ad\u0131m at\u0131n <strong>Siyah Timsah Derisi Derby Ayakkab\u0131<\/strong>, modern beyefendiler i\u00e7in titizlikle tasarlanm\u0131\u015ft\u0131r. Bu l\u00fcks elbise ayakkab\u0131lar\u0131 bir ayakkab\u0131dan \u00e7ok daha fazlas\u0131d\u0131r; rafine bir zevkin ve kusursuz bir i\u015f\u00e7ili\u011fin ifadesidir. Birinci s\u0131n\u0131f malzemelerden el yap\u0131m\u0131 olarak \u00fcretilen bu ayakkab\u0131lar\u0131n her bir \u00e7ifti <strong>Siyah Timsah Derisi Derby Ayakkab\u0131<\/strong> hem kal\u0131c\u0131 stil hem de ola\u011fan\u00fcst\u00fc konfor vaat ediyor.<\/p>\n<h3>Rakipsiz \u0130\u015f\u00e7ilik ve Birinci S\u0131n\u0131f Malzemeler<\/h3>\n<p>Y\u00fcksek kaliteli dana derisinden \u00fcretilen bu se\u00e7kin derby ayakkab\u0131lar\u0131n d\u0131\u015f y\u00fczeyi, burun ve yan panellerde \u00e7arp\u0131c\u0131 bir timsah dokusuna sahiptir. Bu benzersiz detay, p\u00fcr\u00fczs\u00fcz, cilal\u0131 orta vampir ile sofistike bir kontrast olu\u015fturarak bu <strong>Siyah Timsah Derisi Derby Ayakkab\u0131<\/strong> her kalabal\u0131\u011f\u0131n i\u00e7inde \u00f6ne \u00e7\u0131kar. Zengin siyah tonu, \u00e7ok y\u00f6nl\u00fcl\u00fc\u011f\u00fcne katk\u0131da bulunur ve onlar\u0131 \u00e7ok \u00e7e\u015fitli resmi ve yar\u0131 resmi durumlar i\u00e7in m\u00fckemmel hale getirir.<\/p>\n<p>\u0130\u00e7 k\u0131s\u0131mda, ayaklar\u0131n\u0131z hakiki ke\u00e7i derisi astar\u0131n esnek yumu\u015fakl\u0131\u011f\u0131yla sar\u0131l\u0131r. Bu birinci s\u0131n\u0131f i\u00e7 k\u0131s\u0131m yaln\u0131zca \u00fcst\u00fcn nefes alabilirlik ve konfor sunmakla kalmaz, ayn\u0131 zamanda zaman i\u00e7inde aya\u011f\u0131n\u0131z\u0131n hatlar\u0131na uyum sa\u011flayarak ki\u015fiye \u00f6zel bir uyum sa\u011flar. Her bir \u00e7ift ayakkab\u0131m\u0131zdaki titiz diki\u015fler ve detaylara g\u00f6sterilen \u00f6zen <strong>Siyah Timsah Derisi Derby Ayakkab\u0131<\/strong> m\u00fckemmellik taahh\u00fcd\u00fcn\u00fc yans\u0131tmaktad\u0131r.<\/p>\n<h3>Konfor ve Stil i\u00e7in Tasarland\u0131<\/h3>\n<p>Yenilik\u00e7i Microlight taban ile zahmetsiz y\u00fcr\u00fcy\u00fc\u015f deneyimi ya\u015fay\u0131n. Bu geli\u015fmi\u015f taban teknolojisi, ola\u011fan\u00fcst\u00fc hafiflik ve esneklik sa\u011flayarak uzun saatler kullan\u0131mdan sonra bile yorgunlu\u011fu azalt\u0131r. Zarif profili tamamlayan 1-3 cm'lik ince topuk, konfordan \u00f6d\u00fcn vermeden kendinden emin bir ad\u0131m i\u00e7in do\u011fru miktarda y\u00fckseklik sa\u011flar. Bizim <strong>Siyah Timsah Derisi Derby Ayakkab\u0131<\/strong> 39'dan 45'e kadar kapsaml\u0131 bir beden yelpazesinde mevcuttur ve se\u00e7ici m\u00fc\u015fteriler i\u00e7in m\u00fckemmel bir uyum sa\u011flar.<\/p>\n<h3>Her Durum \u0130\u00e7in M\u00fckemmel Se\u00e7im<\/h3>\n<p>\u0130ster \u00f6nemli bir i\u015f toplant\u0131s\u0131na, ister sofistike bir d\u00fc\u011f\u00fcne veya \u015f\u0131k bir ak\u015fam etkinli\u011fine kat\u0131l\u0131yor olun, bu <strong>Siyah Timsah Derisi Derby Ayakkab\u0131<\/strong> nihai yol arkada\u015f\u0131n\u0131zd\u0131r. Klasik derby silueti, \u00e7a\u011fda\u015f krok dokusuyla birle\u015ferek \u0131smarlama tak\u0131m elbiseler, \u00f6zel dikim pantolonlar ve hatta \u015f\u0131k g\u00fcndelik tak\u0131mlarla sorunsuz bir \u015fekilde e\u015fle\u015fen \u00e7ok y\u00f6nl\u00fc bir estetik sunar. Bizim bir \u00e7iftimize yat\u0131r\u0131m yap\u0131n <strong>Siyah Timsah Derisi Derby Ayakkab\u0131<\/strong> ve zamans\u0131z \u00e7ekicilikleriyle t\u00fcm gard\u0131robunuzu y\u00fckseltin.<\/p>\n<h3>Toptan Sat\u0131\u015f F\u0131rsatlar\u0131 Mevcut<\/h3>\n<p>\u00dcst\u00fcn kaliteli ayakkab\u0131lar sunmak isteyen perakendeciler ve i\u015fletmeler i\u00e7in bu ola\u011fan\u00fcst\u00fc <strong>Siyah Timsah Derisi Derby Ayakkab\u0131<\/strong> minimum 8 \u00e7ift sipari\u015f miktar\u0131 ile mevcuttur. Envanterinizi h\u0131zl\u0131 bir \u015fekilde stoklayabilmenizi sa\u011flamak i\u00e7in 12 g\u00fcnl\u00fck teslimat s\u00fcresi ve nakliye ile verimli hizmet vermekten gurur duyuyoruz. M\u00fc\u015fterilerinize bu ola\u011fan\u00fcst\u00fc l\u00fcks ve kaliteyi sunun <strong>Siyah Timsah Derisi Derby Ayakkab\u0131<\/strong>.<\/p>","protected":false},"excerpt":{"rendered":"<ul>\n<li>Zarif Siyah Krok Dokulu Dana Derisi Saya<\/li>\n<li>\u00dcst\u00fcn Konfor i\u00e7in L\u00fcks Ke\u00e7i Derisi Astar<\/li>\n<li>Zahmetsiz Y\u00fcr\u00fcy\u00fc\u015f i\u00e7in Hafif Mikro Hafif Taban<\/li>\n<li>\u0130nce Y\u00fckseltme i\u00e7in Sofistike 1-3cm Topuk<\/li>\n<li>Bedenlerde mevcuttur: 39, 40, 41, 42, 43, 44, 45<\/li>\n<li>Minimum Sipari\u015f Miktar\u0131: 8 \u00c7ift (Toptan sat\u0131\u015f i\u00e7in ideal)<\/li>\n<li>Teslimat S\u00fcresi: 12 G\u00fcn + Kargo<\/li>\n<\/ul>","protected":false},"featured_media":3622,"template":"","meta":{"_acf_changed":false,"_uag_custom_page_level_css":"","site-sidebar-layout":"default","site-content-layout":"","ast-site-content-layout":"default","site-content-style":"default","site-sidebar-style":"default","ast-global-header-display":"","ast-banner-title-visibility":"","ast-main-header-display":"","ast-hfb-above-header-display":"","ast-hfb-below-header-display":"","ast-hfb-mobile-header-display":"","site-post-title":"","ast-breadcrumbs-content":"","ast-featured-img":"","footer-sml-layout":"","ast-disable-related-posts":"","theme-transparent-header-meta":"default","adv-header-id-meta":"","stick-header-meta":"","header-above-stick-meta":"","header-main-stick-meta":"","header-below-stick-meta":"","astra-migrate-meta-layouts":"set","ast-page-background-enabled":"default","ast-page-background-meta":{"desktop":{"background-color":"var(--ast-global-color-4)","background-image":"","background-repeat":"repeat","background-position":"center center","background-size":"auto","background-attachment":"scroll","background-type":"","background-media":"","overlay-type":"","overlay-color":"","overlay-opacity":"","overlay-gradient":""},"tablet":{"background-color":"","background-image":"","background-repeat":"repeat","background-position":"center center","background-size":"auto","background-attachment":"scroll","background-type":"","background-media":"","overlay-type":"","overlay-color":"","overlay-opacity":"","overlay-gradient":""},"mobile":{"background-color":"","background-image":"","background-repeat":"repeat","background-position":"center center","background-size":"auto","background-attachment":"scroll","background-type":"","background-media":"","overlay-type":"","overlay-color":"","overlay-opacity":"","overlay-gradient":""}},"ast-content-background-meta":{"desktop":{"background-color":"var(--ast-global-color-5)","background-image":"","background-repeat":"repeat","background-position":"center center","background-size":"auto","background-attachment":"scroll","background-type":"","background-media":"","overlay-type":"","overlay-color":"","overlay-opacity":"","overlay-gradient":""},"tablet":{"background-color":"var(--ast-global-color-5)","background-image":"","background-repeat":"repeat","background-position":"center center","background-size":"auto","background-attachment":"scroll","background-type":"","background-media":"","overlay-type":"","overlay-color":"","overlay-opacity":"","overlay-gradient":""},"mobile":{"background-color":"var(--ast-global-color-5)","background-image":"","background-repeat":"repeat","background-position":"center center","background-size":"auto","background-attachment":"scroll","background-type":"","background-media":"","overlay-type":"","overlay-color":"","overlay-opacity":"","overlay-gradient":""}}},"product_brand":[],"product_cat":[47,430,40],"product_tag":[886,185,887,212,480,251,189,351,324,466,281],"class_list":{"0":"post-5380","1":"product","2":"type-product","3":"status-publish","4":"has-post-thumbnail","6":"product_cat-classic","7":"product_cat-men","8":"product_cat-mens-shoes","9":"product_tag-black-croc-leather-derby-shoes","10":"product_tag-calf-leather-shoes","11":"product_tag-crocodile-texture-shoes","12":"product_tag-derby-shoes","13":"product_tag-elegant-shoes","14":"product_tag-formal-shoes","15":"product_tag-goat-leather-lining","16":"product_tag-leather-footwear","17":"product_tag-mens-dress-shoes","18":"product_tag-microlight-sole","19":"product_tag-wholesale-shoes","20":"desktop-align-center","21":"tablet-align-center","22":"mobile-align-center","24":"first","25":"instock","26":"shipping-taxable","27":"purchasable","28":"product-type-variable","29":"has-default-attributes"},"acf":[],"uagb_featured_image_src":{"full":["https:\/\/turkishtrade.co\/wp-content\/uploads\/2026\/01\/2400EJOMN00182-BLACK-X_12571.png",453,250,false],"thumbnail":["https:\/\/turkishtrade.co\/wp-content\/uploads\/2026\/01\/2400EJOMN00182-BLACK-X_12571-150x150.png",150,150,true],"medium":["https:\/\/turkishtrade.co\/wp-content\/uploads\/2026\/01\/2400EJOMN00182-BLACK-X_12571-300x166.png",300,166,true],"medium_large":["https:\/\/turkishtrade.co\/wp-content\/uploads\/2026\/01\/2400EJOMN00182-BLACK-X_12571.png",453,250,false],"large":["https:\/\/turkishtrade.co\/wp-content\/uploads\/2026\/01\/2400EJOMN00182-BLACK-X_12571.png",453,250,false],"1536x1536":["https:\/\/turkishtrade.co\/wp-content\/uploads\/2026\/01\/2400EJOMN00182-BLACK-X_12571.png",453,250,false],"2048x2048":["https:\/\/turkishtrade.co\/wp-content\/uploads\/2026\/01\/2400EJOMN00182-BLACK-X_12571.png",453,250,false],"trp-custom-language-flag":["https:\/\/turkishtrade.co\/wp-content\/uploads\/2026\/01\/2400EJOMN00182-BLACK-X_12571-18x10.png",18,10,true],"woocommerce_thumbnail":["https:\/\/turkishtrade.co\/wp-content\/uploads\/2026\/01\/2400EJOMN00182-BLACK-X_12571-400x250.png",400,250,true],"woocommerce_single":["https:\/\/turkishtrade.co\/wp-content\/uploads\/2026\/01\/2400EJOMN00182-BLACK-X_12571.png",453,250,false],"woocommerce_gallery_thumbnail":["https:\/\/turkishtrade.co\/wp-content\/uploads\/2026\/01\/2400EJOMN00182-BLACK-X_12571-100x100.png",100,100,true]},"uagb_author_info":{"display_name":"yaser olabi","author_link":"https:\/\/turkishtrade.co\/tr\/author\/"},"uagb_comment_info":0,"uagb_excerpt":"Exquisite Black Croc-Textured Calf Leather Upper Luxurious Goat Leather Lining for Supreme Comfort Lightweight Microlight Sole for Effortless Walking Sophisticated 1-3cm Heel for Subtle Elevation Available in Sizes: 39, 40, 41, 42, 43, 44, 45 Minimum Order Quantity: 8 Pairs (Ideal for wholesale) Delivery Time: 12 Days + Shipping","_links":{"self":[{"href":"https:\/\/turkishtrade.co\/tr\/wp-json\/wp\/v2\/product\/5380","targetHints":{"allow":["GET"]}}],"collection":[{"href":"https:\/\/turkishtrade.co\/tr\/wp-json\/wp\/v2\/product"}],"about":[{"href":"https:\/\/turkishtrade.co\/tr\/wp-json\/wp\/v2\/types\/product"}],"wp:featuredmedia":[{"embeddable":true,"href":"https:\/\/turkishtrade.co\/tr\/wp-json\/wp\/v2\/media\/3622"}],"wp:attachment":[{"href":"https:\/\/turkishtrade.co\/tr\/wp-json\/wp\/v2\/media?parent=5380"}],"wp:term":[{"taxonomy":"product_brand","embeddable":true,"href":"https:\/\/turkishtrade.co\/tr\/wp-json\/wp\/v2\/product_brand?post=5380"},{"taxonomy":"product_cat","embeddable":true,"href":"https:\/\/turkishtrade.co\/tr\/wp-json\/wp\/v2\/product_cat?post=5380"},{"taxonomy":"product_tag","embeddable":true,"href":"https:\/\/turkishtrade.co\/tr\/wp-json\/wp\/v2\/product_tag?post=5380"}],"curies":[{"name":"wp","href":"https:\/\/api.w.org\/{rel}","templated":true}]}}