{"id":5377,"date":"2026-01-14T11:49:53","date_gmt":"2026-01-14T11:49:53","guid":{"rendered":"https:\/\/turkishtrade.co\/product\/men-calf-leather-derby-shoes-2\/"},"modified":"2026-04-09T19:35:58","modified_gmt":"2026-04-09T19:35:58","slug":"mens-calf-leather-derby-shoes-formal","status":"publish","type":"product","link":"https:\/\/turkishtrade.co\/tr\/shop\/mens-calf-leather-derby-shoes-formal\/","title":{"rendered":"Zarif Perdahlanm\u0131\u015f Dana Derisi Erkek Derby Ayakkab\u0131"},"content":{"rendered":"<p><strong>Erkek Dana Derisi Derby Ayakkab\u0131<\/strong><\/p>\n<p>Klasik tarz\u0131n ve sofistike i\u015f\u00e7ili\u011fin \u00f6z\u00fcn\u00fc bizim \u00fcr\u00fcnlerimizle ke\u015ffedin <strong>Erkek Dana Derisi Derby Ayakkab\u0131<\/strong>. Se\u00e7kin beyefendiler i\u00e7in tasarlanan bu ayakkab\u0131lar, geleneksel zarafeti modern konforla harmanlayarak her gard\u0131rop i\u00e7in vazge\u00e7ilmez bir eklenti haline geliyor. Her bir \u00e7ift, hem kusursuz stil hem de uzun s\u00fcreli dayan\u0131kl\u0131l\u0131k vaat eden \u00fcst\u00fcn sanat\u00e7\u0131l\u0131\u011f\u0131n bir kan\u0131t\u0131d\u0131r.<\/p>\n<h3>E\u015fsiz Kalite ve Ayr\u0131cal\u0131kl\u0131 \u0130\u015f\u00e7ilik<\/h3>\n<p>Enfes \u00fcr\u00fcnlerimizin her bir \u00e7ifti <strong>Erkek Dana Derisi Derby Ayakkab\u0131<\/strong> p\u00fcr\u00fczs\u00fcz dokusu, ola\u011fan\u00fcst\u00fc esnekli\u011fi ve g\u00fczel bir \u015fekilde eskime kabiliyeti ile \u00fcnl\u00fc birinci s\u0131n\u0131f dana derisinden titizlikle \u00fcretilmi\u015ftir. Esnek hissiyle bilinen d\u0131\u015f y\u00fczey, zamana meydan okuyan l\u00fcks bir g\u00f6r\u00fcn\u00fcm sa\u011flar. Bu ayakkab\u0131lar\u0131 di\u011ferlerinden ay\u0131ran en \u00f6nemli \u00f6zellik, zengin ve \u00e7ok tonlu bir derinlik kazand\u0131ran benzersiz perdahl\u0131 y\u00fczeyidir. <strong>Erkek Dana Derisi Derby Ayakkab\u0131<\/strong> Nereye giderseniz gidin unutulmaz bir izlenim b\u0131rak\u0131n. Bu karma\u015f\u0131k detaylar, her diki\u015fte yer alan \u00f6zenli el i\u015f\u00e7ili\u011fini vurgular.<\/p>\n<h3>\u00dcst\u00fcn Konfor ve Tasarlanm\u0131\u015f Dayan\u0131kl\u0131l\u0131k<\/h3>\n<p>Tamamen yumu\u015fak, nefes alabilen ke\u00e7i derisiyle kapl\u0131 i\u00e7 y\u00fczeyiyle benzersiz bir konfora ad\u0131m at\u0131n. Bu l\u00fcks i\u00e7 y\u00fczey, eldiven benzeri bir uyum sa\u011flayarak uzun s\u00fcreli kullan\u0131m s\u0131ras\u0131nda konforu art\u0131r\u0131r ve ayaklar\u0131n\u0131z\u0131n nefes almas\u0131n\u0131 sa\u011flar. Bu birinci s\u0131n\u0131f i\u00e7 mekan\u0131 tamamlayan hafif ama son derece sa\u011flam Microlight taban, optimum esneklik, \u00fcst\u00fcn \u00e7eki\u015f g\u00fcc\u00fc ve uzun \u00f6m\u00fcrl\u00fc kullan\u0131m i\u00e7in tasarlanm\u0131\u015ft\u0131r. \u0130nce 1-3 cm topuk y\u00fcksekli\u011fi, konfordan \u00f6d\u00fcn vermeden sofistike bir dokunu\u015f katarak bu ayakkab\u0131lar\u0131 <strong>Erkek Dana Derisi Derby Ayakkab\u0131<\/strong> G\u00fcnl\u00fck kullan\u0131m veya uzun s\u00fcre ayakta kalman\u0131z gereken \u00f6zel g\u00fcnler i\u00e7in idealdir.<\/p>\n<h3>Her Durum i\u00e7in \u00c7ok Y\u00f6nl\u00fc Stil<\/h3>\n<p>Klasik Derby silueti, zarif, ayr\u0131k burunlu tasar\u0131mla birle\u015ferek ola\u011fan\u00fcst\u00fc bir \u00e7ok y\u00f6nl\u00fcl\u00fck sunar. \u0130\u015f toplant\u0131lar\u0131, resmi etkinlikler veya \u015f\u0131k g\u00fcndelik k\u0131yafetleriniz i\u00e7in m\u00fckemmel olan bu <strong>Erkek Dana Derisi Derby Ayakkab\u0131<\/strong> \u00e7e\u015fitli ortamlar aras\u0131nda sorunsuz ge\u00e7i\u015f sa\u011flar. 39'dan 45'e kadar uzanan geni\u015f bir beden yelpazesinde, g\u00fcven ve stil yans\u0131tan m\u00fckemmel bir uyum sa\u011fl\u0131yoruz. Bu ola\u011fan\u00fcst\u00fc modellere sahip olmay\u0131 ger\u00e7ekten hak ediyorsunuz. <strong>Erkek Dana Derisi Derby Ayakkab\u0131<\/strong> her k\u0131yafeti y\u00fckseltir.<\/p>\n<h3>Toptan Sat\u0131\u015f F\u0131rsat\u0131 &amp; Verimli Teslimat<\/h3>\n<p>Y\u00fcksek kaliteli ayakkab\u0131 arayan perakendeciler ve i\u015fletmeler i\u00e7in <strong>Erkek Dana Derisi Derby Ayakkab\u0131<\/strong> toptan sat\u0131\u015f i\u00e7in mevcuttur. Minimum sipari\u015f miktar\u0131n\u0131n 8 \u00e7ift olmas\u0131n\u0131 talep ediyoruz, bu da m\u00fckemmel bir de\u011fer ve birinci s\u0131n\u0131f deri ayakkab\u0131 stoklama f\u0131rsat\u0131 sunuyor. Sipari\u015finiz verimli bir \u015fekilde i\u015flenecek ve 12 g\u00fcn i\u00e7inde teslim edilecek, ayr\u0131ca standart nakliye ile en iyi stoklar\u0131n\u0131z\u0131n zaman\u0131nda yenilenmesi sa\u011flanacakt\u0131r. <strong>Erkek Dana Derisi Derby Ayakkab\u0131<\/strong> se\u00e7ici m\u00fc\u015fterileriniz i\u00e7in. L\u00fcks, konfor ve dayan\u0131kl\u0131l\u0131\u011f\u0131 bir araya getiren zamans\u0131z bir par\u00e7aya yat\u0131r\u0131m yap\u0131n. Bizimkini se\u00e7in <strong>Erkek Dana Derisi Derby Ayakkab\u0131<\/strong> rafine bir zarafet deneyimi i\u00e7in.<\/p>","protected":false},"excerpt":{"rendered":"<ul>\n<li>Rafine perdahlanm\u0131\u015f birinci s\u0131n\u0131f dana derisi d\u0131\u015f y\u00fczey<\/li>\n<li>\u00dcst\u00fcn konfor i\u00e7in yumu\u015fak ke\u00e7i derisi i\u00e7 astar<\/li>\n<li>M\u00fckemmel kavrama ve esneklik i\u00e7in hafif ve dayan\u0131kl\u0131 Microlight taban<\/li>\n<li>Sofistike bir y\u00fckseli\u015f i\u00e7in klasik 1-3 cm topuk y\u00fcksekli\u011fi<\/li>\n<li>Geni\u015f bir ebat yelpazesinde mevcuttur: 39, 40, 41, 42, 43, 44, 45<\/li>\n<li>Minimum sipari\u015f miktar\u0131: Toptan al\u0131mlar i\u00e7in 8 \u00e7ift<\/li>\n<li>Standart kargo ile 12 g\u00fcn i\u00e7inde etkin teslimat<\/li>\n<\/ul>","protected":false},"featured_media":3621,"template":"","meta":{"_acf_changed":false,"_uag_custom_page_level_css":"","site-sidebar-layout":"default","site-content-layout":"","ast-site-content-layout":"default","site-content-style":"default","site-sidebar-style":"default","ast-global-header-display":"","ast-banner-title-visibility":"","ast-main-header-display":"","ast-hfb-above-header-display":"","ast-hfb-below-header-display":"","ast-hfb-mobile-header-display":"","site-post-title":"","ast-breadcrumbs-content":"","ast-featured-img":"","footer-sml-layout":"","ast-disable-related-posts":"","theme-transparent-header-meta":"default","adv-header-id-meta":"","stick-header-meta":"","header-above-stick-meta":"","header-main-stick-meta":"","header-below-stick-meta":"","astra-migrate-meta-layouts":"set","ast-page-background-enabled":"default","ast-page-background-meta":{"desktop":{"background-color":"var(--ast-global-color-4)","background-image":"","background-repeat":"repeat","background-position":"center center","background-size":"auto","background-attachment":"scroll","background-type":"","background-media":"","overlay-type":"","overlay-color":"","overlay-opacity":"","overlay-gradient":""},"tablet":{"background-color":"","background-image":"","background-repeat":"repeat","background-position":"center center","background-size":"auto","background-attachment":"scroll","background-type":"","background-media":"","overlay-type":"","overlay-color":"","overlay-opacity":"","overlay-gradient":""},"mobile":{"background-color":"","background-image":"","background-repeat":"repeat","background-position":"center center","background-size":"auto","background-attachment":"scroll","background-type":"","background-media":"","overlay-type":"","overlay-color":"","overlay-opacity":"","overlay-gradient":""}},"ast-content-background-meta":{"desktop":{"background-color":"var(--ast-global-color-5)","background-image":"","background-repeat":"repeat","background-position":"center center","background-size":"auto","background-attachment":"scroll","background-type":"","background-media":"","overlay-type":"","overlay-color":"","overlay-opacity":"","overlay-gradient":""},"tablet":{"background-color":"var(--ast-global-color-5)","background-image":"","background-repeat":"repeat","background-position":"center center","background-size":"auto","background-attachment":"scroll","background-type":"","background-media":"","overlay-type":"","overlay-color":"","overlay-opacity":"","overlay-gradient":""},"mobile":{"background-color":"var(--ast-global-color-5)","background-image":"","background-repeat":"repeat","background-position":"center center","background-size":"auto","background-attachment":"scroll","background-type":"","background-media":"","overlay-type":"","overlay-color":"","overlay-opacity":"","overlay-gradient":""}}},"product_brand":[],"product_cat":[47,430,40],"product_tag":[885,405,185,145,212,284,251,189,227,416,198,466,616,281],"class_list":{"0":"post-5377","1":"product","2":"type-product","3":"status-publish","4":"has-post-thumbnail","6":"product_cat-classic","7":"product_cat-men","8":"product_cat-mens-shoes","9":"product_tag-burnished-shoes","10":"product_tag-business-shoes","11":"product_tag-calf-leather-shoes","12":"product_tag-classic-shoes","13":"product_tag-derby-shoes","14":"product_tag-dress-shoes","15":"product_tag-formal-shoes","16":"product_tag-goat-leather-lining","17":"product_tag-leather-shoes","18":"product_tag-luxury-shoes","19":"product_tag-mens-fashion","20":"product_tag-microlight-sole","21":"product_tag-split-toe-shoes","22":"product_tag-wholesale-shoes","23":"desktop-align-center","24":"tablet-align-center","25":"mobile-align-center","27":"first","28":"instock","29":"shipping-taxable","30":"purchasable","31":"product-type-variable","32":"has-default-attributes"},"acf":[],"uagb_featured_image_src":{"full":["https:\/\/turkishtrade.co\/wp-content\/uploads\/2026\/01\/2400EJOMN00179-DARK-BROWN-KDM_7637.png",453,250,false],"thumbnail":["https:\/\/turkishtrade.co\/wp-content\/uploads\/2026\/01\/2400EJOMN00179-DARK-BROWN-KDM_7637.png",150,83,false],"medium":["https:\/\/turkishtrade.co\/wp-content\/uploads\/2026\/01\/2400EJOMN00179-DARK-BROWN-KDM_7637.png",300,166,false],"medium_large":["https:\/\/turkishtrade.co\/wp-content\/uploads\/2026\/01\/2400EJOMN00179-DARK-BROWN-KDM_7637.png",453,250,false],"large":["https:\/\/turkishtrade.co\/wp-content\/uploads\/2026\/01\/2400EJOMN00179-DARK-BROWN-KDM_7637.png",453,250,false],"1536x1536":["https:\/\/turkishtrade.co\/wp-content\/uploads\/2026\/01\/2400EJOMN00179-DARK-BROWN-KDM_7637.png",453,250,false],"2048x2048":["https:\/\/turkishtrade.co\/wp-content\/uploads\/2026\/01\/2400EJOMN00179-DARK-BROWN-KDM_7637.png",453,250,false],"trp-custom-language-flag":["https:\/\/turkishtrade.co\/wp-content\/uploads\/2026\/01\/2400EJOMN00179-DARK-BROWN-KDM_7637.png",18,10,false],"woocommerce_thumbnail":["https:\/\/turkishtrade.co\/wp-content\/uploads\/2026\/01\/2400EJOMN00179-DARK-BROWN-KDM_7637-400x250.png",400,250,true],"woocommerce_single":["https:\/\/turkishtrade.co\/wp-content\/uploads\/2026\/01\/2400EJOMN00179-DARK-BROWN-KDM_7637.png",453,250,false],"woocommerce_gallery_thumbnail":["https:\/\/turkishtrade.co\/wp-content\/uploads\/2026\/01\/2400EJOMN00179-DARK-BROWN-KDM_7637-100x100.png",100,100,true]},"uagb_author_info":{"display_name":"yaser olabi","author_link":"https:\/\/turkishtrade.co\/tr\/author\/"},"uagb_comment_info":0,"uagb_excerpt":"Premium calf leather outer surface with a refined burnished finish Soft goat leather inner lining for ultimate comfort Lightweight and durable Microlight sole for excellent grip and flexibility Classic 1-3 cm heel height for sophisticated elevation Available in a wide range of sizes: 39, 40, 41, 42, 43, 44, 45 Minimum order quantity: 8 pairs&hellip;","_links":{"self":[{"href":"https:\/\/turkishtrade.co\/tr\/wp-json\/wp\/v2\/product\/5377","targetHints":{"allow":["GET"]}}],"collection":[{"href":"https:\/\/turkishtrade.co\/tr\/wp-json\/wp\/v2\/product"}],"about":[{"href":"https:\/\/turkishtrade.co\/tr\/wp-json\/wp\/v2\/types\/product"}],"wp:featuredmedia":[{"embeddable":true,"href":"https:\/\/turkishtrade.co\/tr\/wp-json\/wp\/v2\/media\/3621"}],"wp:attachment":[{"href":"https:\/\/turkishtrade.co\/tr\/wp-json\/wp\/v2\/media?parent=5377"}],"wp:term":[{"taxonomy":"product_brand","embeddable":true,"href":"https:\/\/turkishtrade.co\/tr\/wp-json\/wp\/v2\/product_brand?post=5377"},{"taxonomy":"product_cat","embeddable":true,"href":"https:\/\/turkishtrade.co\/tr\/wp-json\/wp\/v2\/product_cat?post=5377"},{"taxonomy":"product_tag","embeddable":true,"href":"https:\/\/turkishtrade.co\/tr\/wp-json\/wp\/v2\/product_tag?post=5377"}],"curies":[{"name":"wp","href":"https:\/\/api.w.org\/{rel}","templated":true}]}}