{"id":5374,"date":"2026-01-14T11:49:36","date_gmt":"2026-01-14T11:49:36","guid":{"rendered":"https:\/\/turkishtrade.co\/product\/mens-crocodile-embossed-loafers\/"},"modified":"2026-04-09T19:36:04","modified_gmt":"2026-04-09T19:36:04","slug":"mens-crocodile-embossed-loafers","status":"publish","type":"product","link":"https:\/\/turkishtrade.co\/tr\/shop\/mens-crocodile-embossed-loafers\/","title":{"rendered":"Erkek Timsah Kabartmal\u0131 Deri Tokal\u0131 Loafer"},"content":{"rendered":"<p><strong>Erkek Timsah Kabartmal\u0131 Loafer<\/strong><\/p>\n<p>Enfes \u00fcr\u00fcnlerimizle benzersiz bir sofistike ortama ad\u0131m at\u0131n <strong>Erkek Timsah Kabartmal\u0131 Loafer<\/strong>. Se\u00e7kin beyefendiler i\u00e7in tasarlanan bu mokasen ayakkab\u0131lar, zamans\u0131z \u015f\u0131kl\u0131\u011f\u0131 modern yeteneklerle kusursuz bir \u015fekilde harmanlayarak her l\u00fcks ayakkab\u0131 koleksiyonunun olmazsa olmaz\u0131 haline geliyor. Bu \u00e7arp\u0131c\u0131 ayakkab\u0131lar\u0131n her bir \u00e7ifti <strong>Erkek Timsah Kabartmal\u0131 Loafer<\/strong> \u00fcst\u00fcn i\u015f\u00e7ilik ve y\u00fcksek kaliteli malzemelerin bir kan\u0131t\u0131d\u0131r.<\/p>\n<h3>Zarif Tasar\u0131m ve \u00c7ok Y\u00f6nl\u00fcl\u00fck<\/h3>\n<p>L\u00fcks malzemelerinin \u00f6tesinde, bu ola\u011fan\u00fcst\u00fc <strong>Erkek Timsah Kabartmal\u0131 Loafer<\/strong> klasik sofistike bir dokunu\u015f katan zarif bir metal toka vurgusuna sahiptir. Klasik siyah ve zengin kahverengi (resimlerde g\u00f6r\u00fcld\u00fc\u011f\u00fc gibi) gibi derin, \u00e7ok y\u00f6nl\u00fc tonlarda mevcut olan bu ayakkab\u0131lar, \u00e7e\u015fitli durumlar i\u00e7in m\u00fckemmeldir. \u0130ster bir i\u015f toplant\u0131s\u0131na gidiyor olun, ister resmi bir etkinli\u011fe kat\u0131l\u0131n ya da sadece \u015f\u0131k g\u00fcndelik k\u0131yafetlerinizi y\u00fckseltin, bu <strong>Erkek Timsah Kabartmal\u0131 Loafer<\/strong> tarz\u0131n\u0131z\u0131 zahmetsizce tamamlamak i\u00e7in tasarlanm\u0131\u015ft\u0131r. Dayan\u0131kl\u0131 ancak son derece hafif Microlight taban, \u00fcst\u00fcn kavrama ve esneklik sunarak her ad\u0131m\u0131n g\u00fcvenle ve kolayl\u0131kla at\u0131lmas\u0131n\u0131 sa\u011flar. Bu ayakkab\u0131lar sadece ayakkab\u0131 de\u011fil; rafine bir zevkin ifadesidir, kaliteli ayakkab\u0131lar\u0131n uzmanlar\u0131 i\u00e7in m\u00fckemmeldir. <strong>erkek timsah kabartmal\u0131 mokasen ayakkab\u0131<\/strong>.<\/p>\n<h3>\u0130\u015fletmeniz i\u00e7in Boyutlar ve Toplu Kullan\u0131labilirlik<\/h3>\n<p>M\u00fckemmel uyumun \u00f6nemini anl\u0131yoruz, bu nedenle <strong>Erkek Timsah Kabartmal\u0131 Loafer<\/strong> AB 39'dan 45'e kadar kapsaml\u0131 bir beden yelpazesinde mevcuttur. M\u00fc\u015fterilerine birinci s\u0131n\u0131f ayakkab\u0131lar sunmak isteyen i\u015fletmeler ve perakendeciler i\u00e7in cazip toptan sat\u0131\u015f se\u00e7enekleri sunuyoruz. Sadece 8 \u00e7iftlik minimum sipari\u015f miktar\u0131yla, bu y\u00fcksek talep g\u00f6ren ayakkab\u0131lar\u0131 kolayca stoklayabilirsiniz <strong>Erkek Timsah Kabartmal\u0131 Loafer<\/strong>. Sipari\u015flerin genellikle 12 g\u00fcn art\u0131 standart kargo ge\u00e7i\u015f s\u00fcresi i\u00e7inde g\u00f6nderilmesiyle kolayla\u015ft\u0131r\u0131lm\u0131\u015f bir teslimat s\u00fcrecinin keyfini \u00e7\u0131kar\u0131n. Ola\u011fan\u00fcst\u00fc \u00fcr\u00fcnlerimizle kaliteye, stile ve konfora yat\u0131r\u0131m yap\u0131n <strong>Erkek Timsah Kabartmal\u0131 Loafer<\/strong> bug\u00fcn. \u00c7ifti sadece USD olan bu birinci s\u0131n\u0131f erkek kabartmal\u0131 mokasen ayakkab\u0131lar i\u00e7in l\u00fcks elinizin alt\u0131nda.<\/p>","protected":false},"excerpt":{"rendered":"<ul>\n<li><strong>Premium Malzeme:<\/strong> Hakiki dana derisi d\u0131\u015f y\u00fczeyi ve yumu\u015fak, nefes alabilen ke\u00e7i derisi i\u00e7 k\u0131sm\u0131 ile ustal\u0131kla \u00fcretilmi\u015ftir.<\/li>\n<li><strong>Konfor Taban:<\/strong> G\u00fcn boyu ola\u011fan\u00fcst\u00fc konfor ve esneklik i\u00e7in dayan\u0131kl\u0131 ancak hafif Microlight tabana sahiptir.<\/li>\n<li><strong>\u015e\u0131k Tasar\u0131m:<\/strong> Sofistike metal toka vurgusuyla tamamlanan zarif bir timsah kabartmal\u0131 desen sergiler.<\/li>\n<li><strong>M\u00fckemmel uyum:<\/strong> M\u00fckemmel bir uyum sa\u011flamak i\u00e7in EU 39'dan 45'e kadar kapsaml\u0131 bir beden yelpazesi mevcuttur.<\/li>\n<li><strong>\u0130nce topuk:<\/strong> 1-3 cm aras\u0131nda de\u011fi\u015fen rahat ve dengeli bir topuk y\u00fcksekli\u011fi ile tasarlanm\u0131\u015ft\u0131r.<\/li>\n<li><strong>Toptan Sat\u0131\u015f F\u0131rsat\u0131:<\/strong> Minimum 8 \u00e7ift sipari\u015f miktar\u0131 mevcuttur, toplu al\u0131mlar ve perakende sat\u0131\u015f i\u00e7in idealdir.<\/li>\n<li><strong>Rekabet\u00e7i Fiyatland\u0131rma:<\/strong> \u00c7ift ba\u015f\u0131na cazip USD fiyat\u0131yla eri\u015filebilir bir de\u011ferde l\u00fcks sunar.<\/li>\n<\/ul>","protected":false},"featured_media":3619,"template":"","meta":{"_acf_changed":false,"_uag_custom_page_level_css":"","site-sidebar-layout":"default","site-content-layout":"","ast-site-content-layout":"default","site-content-style":"default","site-sidebar-style":"default","ast-global-header-display":"","ast-banner-title-visibility":"","ast-main-header-display":"","ast-hfb-above-header-display":"","ast-hfb-below-header-display":"","ast-hfb-mobile-header-display":"","site-post-title":"","ast-breadcrumbs-content":"","ast-featured-img":"","footer-sml-layout":"","ast-disable-related-posts":"","theme-transparent-header-meta":"default","adv-header-id-meta":"","stick-header-meta":"","header-above-stick-meta":"","header-main-stick-meta":"","header-below-stick-meta":"","astra-migrate-meta-layouts":"set","ast-page-background-enabled":"default","ast-page-background-meta":{"desktop":{"background-color":"var(--ast-global-color-4)","background-image":"","background-repeat":"repeat","background-position":"center center","background-size":"auto","background-attachment":"scroll","background-type":"","background-media":"","overlay-type":"","overlay-color":"","overlay-opacity":"","overlay-gradient":""},"tablet":{"background-color":"","background-image":"","background-repeat":"repeat","background-position":"center center","background-size":"auto","background-attachment":"scroll","background-type":"","background-media":"","overlay-type":"","overlay-color":"","overlay-opacity":"","overlay-gradient":""},"mobile":{"background-color":"","background-image":"","background-repeat":"repeat","background-position":"center center","background-size":"auto","background-attachment":"scroll","background-type":"","background-media":"","overlay-type":"","overlay-color":"","overlay-opacity":"","overlay-gradient":""}},"ast-content-background-meta":{"desktop":{"background-color":"var(--ast-global-color-5)","background-image":"","background-repeat":"repeat","background-position":"center center","background-size":"auto","background-attachment":"scroll","background-type":"","background-media":"","overlay-type":"","overlay-color":"","overlay-opacity":"","overlay-gradient":""},"tablet":{"background-color":"var(--ast-global-color-5)","background-image":"","background-repeat":"repeat","background-position":"center center","background-size":"auto","background-attachment":"scroll","background-type":"","background-media":"","overlay-type":"","overlay-color":"","overlay-opacity":"","overlay-gradient":""},"mobile":{"background-color":"var(--ast-global-color-5)","background-image":"","background-repeat":"repeat","background-position":"center center","background-size":"auto","background-attachment":"scroll","background-type":"","background-media":"","overlay-type":"","overlay-color":"","overlay-opacity":"","overlay-gradient":""}}},"product_brand":[],"product_cat":[47,430,40],"product_tag":[315,185,534,737,750,251,189,215,384,198,186,466,362,280,456],"class_list":{"0":"post-5374","1":"product","2":"type-product","3":"status-publish","4":"has-post-thumbnail","6":"product_cat-classic","7":"product_cat-men","8":"product_cat-mens-shoes","9":"product_tag-buckle-loafers","10":"product_tag-calf-leather-shoes","11":"product_tag-crocodile-embossed-shoes","12":"product_tag-dress-loafers","13":"product_tag-embossed-leather-shoes","14":"product_tag-formal-shoes","15":"product_tag-goat-leather-lining","16":"product_tag-leather-loafers","17":"product_tag-luxury-loafers","18":"product_tag-mens-fashion","19":"product_tag-mens-loafers","20":"product_tag-microlight-sole","21":"product_tag-premium-footwear","22":"product_tag-smart-casual-shoes","23":"product_tag-wholesale-loafers","24":"desktop-align-center","25":"tablet-align-center","26":"mobile-align-center","28":"first","29":"instock","30":"shipping-taxable","31":"purchasable","32":"product-type-variable","33":"has-default-attributes"},"acf":[],"uagb_featured_image_src":{"full":["https:\/\/turkishtrade.co\/wp-content\/uploads\/2026\/01\/2400EJOMN00178-DARK-BROWN-B_10.png",453,250,false],"thumbnail":["https:\/\/turkishtrade.co\/wp-content\/uploads\/2026\/01\/2400EJOMN00178-DARK-BROWN-B_10-150x150.png",150,150,true],"medium":["https:\/\/turkishtrade.co\/wp-content\/uploads\/2026\/01\/2400EJOMN00178-DARK-BROWN-B_10-300x166.png",300,166,true],"medium_large":["https:\/\/turkishtrade.co\/wp-content\/uploads\/2026\/01\/2400EJOMN00178-DARK-BROWN-B_10.png",453,250,false],"large":["https:\/\/turkishtrade.co\/wp-content\/uploads\/2026\/01\/2400EJOMN00178-DARK-BROWN-B_10.png",453,250,false],"1536x1536":["https:\/\/turkishtrade.co\/wp-content\/uploads\/2026\/01\/2400EJOMN00178-DARK-BROWN-B_10.png",453,250,false],"2048x2048":["https:\/\/turkishtrade.co\/wp-content\/uploads\/2026\/01\/2400EJOMN00178-DARK-BROWN-B_10.png",453,250,false],"trp-custom-language-flag":["https:\/\/turkishtrade.co\/wp-content\/uploads\/2026\/01\/2400EJOMN00178-DARK-BROWN-B_10-18x10.png",18,10,true],"woocommerce_thumbnail":["https:\/\/turkishtrade.co\/wp-content\/uploads\/2026\/01\/2400EJOMN00178-DARK-BROWN-B_10-400x250.png",400,250,true],"woocommerce_single":["https:\/\/turkishtrade.co\/wp-content\/uploads\/2026\/01\/2400EJOMN00178-DARK-BROWN-B_10.png",453,250,false],"woocommerce_gallery_thumbnail":["https:\/\/turkishtrade.co\/wp-content\/uploads\/2026\/01\/2400EJOMN00178-DARK-BROWN-B_10-100x100.png",100,100,true]},"uagb_author_info":{"display_name":"yaser olabi","author_link":"https:\/\/turkishtrade.co\/tr\/author\/"},"uagb_comment_info":0,"uagb_excerpt":"Premium Material: Expertly crafted with a genuine calf leather exterior and a soft, breathable goat leather interior. Comfort Sole: Features a durable yet lightweight Microlight sole for exceptional all-day comfort and flexibility. Stylish Design: Showcases an elegant crocodile embossed pattern complemented by a sophisticated metal buckle accent. Perfect Fit: Available in a comprehensive range of&hellip;","_links":{"self":[{"href":"https:\/\/turkishtrade.co\/tr\/wp-json\/wp\/v2\/product\/5374","targetHints":{"allow":["GET"]}}],"collection":[{"href":"https:\/\/turkishtrade.co\/tr\/wp-json\/wp\/v2\/product"}],"about":[{"href":"https:\/\/turkishtrade.co\/tr\/wp-json\/wp\/v2\/types\/product"}],"wp:featuredmedia":[{"embeddable":true,"href":"https:\/\/turkishtrade.co\/tr\/wp-json\/wp\/v2\/media\/3619"}],"wp:attachment":[{"href":"https:\/\/turkishtrade.co\/tr\/wp-json\/wp\/v2\/media?parent=5374"}],"wp:term":[{"taxonomy":"product_brand","embeddable":true,"href":"https:\/\/turkishtrade.co\/tr\/wp-json\/wp\/v2\/product_brand?post=5374"},{"taxonomy":"product_cat","embeddable":true,"href":"https:\/\/turkishtrade.co\/tr\/wp-json\/wp\/v2\/product_cat?post=5374"},{"taxonomy":"product_tag","embeddable":true,"href":"https:\/\/turkishtrade.co\/tr\/wp-json\/wp\/v2\/product_tag?post=5374"}],"curies":[{"name":"wp","href":"https:\/\/api.w.org\/{rel}","templated":true}]}}