{"id":5367,"date":"2026-01-14T11:48:52","date_gmt":"2026-01-14T11:48:52","guid":{"rendered":"https:\/\/turkishtrade.co\/product\/men-s-embossed-leather-derby-shoes\/"},"modified":"2026-04-09T19:36:19","modified_gmt":"2026-04-09T19:36:19","slug":"mens-embossed-leather-derby-shoes-2","status":"publish","type":"product","link":"https:\/\/turkishtrade.co\/tr\/shop\/mens-embossed-leather-derby-shoes-2\/","title":{"rendered":"Zarif Erkek Kabartmal\u0131 Dana Derisi Derby Ayakkab\u0131"},"content":{"rendered":"<p><strong>Erkek Kabartmal\u0131 Deri Derby Ayakkab\u0131<\/strong><\/p>\n<p>G\u00f6z al\u0131c\u0131 \u00fcr\u00fcnlerimizle resmi ve yar\u0131 resmi gard\u0131robunuzu y\u00fckseltin <strong>Erkek Kabartmal\u0131 Deri Derby Ayakkab\u0131<\/strong>. Se\u00e7kin beyefendiler i\u00e7in tasarlanan bu zarif ayakkab\u0131lar, klasik stili \u00e7a\u011fda\u015f detaylarla harmanlayarak her sofistike koleksiyonun vazge\u00e7ilmez bir par\u00e7as\u0131 haline geliyor. Detaylara titizlikle \u00f6zen g\u00f6sterilerek \u00fcretilen her bir \u00e7ift, kaliteye ve zamans\u0131z \u015f\u0131kl\u0131\u011fa olan ba\u011fl\u0131l\u0131\u011f\u0131 yans\u0131t\u0131yor.<\/p>\n<h3>Benzersiz \u0130\u015f\u00e7ilik ve \u00dcst\u00fcn Kaliteli Malzemeler<\/h3>\n<p>Her bir \u00e7iftimiz <strong>Erkek Kabartmal\u0131 Deri Derby Ayakkab\u0131<\/strong> \u00fcst\u00fcn i\u015f\u00e7ili\u011fin bir kan\u0131t\u0131d\u0131r. D\u0131\u015f y\u00fczeyi, dayan\u0131kl\u0131l\u0131\u011f\u0131 ve l\u00fcks hissi ile tan\u0131nan y\u00fcksek kaliteli dana derisinden \u00fcretilmi\u015ftir. P\u00fcr\u00fczs\u00fcz dana derisini kendine \u00f6zg\u00fc kabartmal\u0131, timsah desenli bir desenle ustal\u0131kla birle\u015ftirdik ve ger\u00e7ekten \u00f6ne \u00e7\u0131kan sofistike bir doku yaratt\u0131k. Bu benzersiz kombinasyon derinlik ve karakter katarak ayakkab\u0131n\u0131z\u0131n unutulmaz bir ifade olu\u015fturmas\u0131n\u0131 sa\u011flar. \u0130\u00e7 k\u0131s\u0131mda bulunan yumu\u015fak ve esnek ke\u00e7i derisi astar, g\u00fcn boyunca aya\u011f\u0131n\u0131z\u0131 saran ola\u011fan\u00fcst\u00fc bir nefes alabilirlik ve konfor sa\u011flar. Alt k\u0131s\u0131mdaki hafif ama sa\u011flam Microlight taban m\u00fckemmel esneklik ve destek sunarken, ayakkab\u0131n\u0131n zarif profilini 1-3 cm'lik ince bir topukla tamamlar.<\/p>\n<h3>Her Durum i\u00e7in \u00c7ok Y\u00f6nl\u00fc Stil<\/h3>\n<p>Bunlar\u0131n ay\u0131rt edici tasar\u0131m\u0131 <strong>Erkek Kabartmal\u0131 Deri Derby Ayakkab\u0131<\/strong> onlar\u0131 ger\u00e7ekten \u00e7ok y\u00f6nl\u00fc bir se\u00e7im haline getirir. \u0130ster \u00f6nemli bir i\u015f toplant\u0131s\u0131na gidiyor olun, ister resmi bir etkinli\u011fe kat\u0131l\u0131n ya da sadece \u015f\u0131k g\u00fcndelik k\u0131yafetlerinizi y\u00fckseltin, bu ayakkab\u0131lar zahmetsizce uyum sa\u011flar. Klasik siyah ve zengin kahverengi tonlar\u0131nda mevcut olan bu ayakkab\u0131lar, her k\u0131yafeti tamamlayacak se\u00e7enekler sunar. Zamans\u0131z Derby sil\u00fceti, \u00f6zel dikim tak\u0131m elbiseler, \u015f\u0131k pantolonlar ve hatta birinci s\u0131n\u0131f denimlerle m\u00fckemmel uyum sa\u011flar ve zevkiniz hakk\u0131nda \u00e7ok \u015fey anlatan rafine bir esteti\u011fi yans\u0131t\u0131r. Ger\u00e7ekten iyi yap\u0131lm\u0131\u015f bir ayakkab\u0131n\u0131n t\u00fcm g\u00f6r\u00fcn\u00fcm\u00fcn\u00fcz\u00fc nas\u0131l de\u011fi\u015ftirebilece\u011fini deneyimleyin.<\/p>\n<h3>Konfor ve Dayan\u0131kl\u0131l\u0131k El Ele<\/h3>\n<p>Benzersiz konforu bizim ile ya\u015fay\u0131n <strong>Erkek Kabartmal\u0131 Deri Derby Ayakkab\u0131<\/strong>. Ke\u00e7i derisi i\u00e7 k\u0131s\u0131m sadece cilde kar\u015f\u0131 yumu\u015fak bir his vermekle kalmaz, ayn\u0131 zamanda nemi uzakla\u015ft\u0131rarak ayaklar\u0131n\u0131z\u0131n rahat ve ferah kalmas\u0131n\u0131 sa\u011flar. Microlight taban, uzun \u00f6m\u00fcrl\u00fc kullan\u0131m i\u00e7in tasarlanm\u0131\u015ft\u0131r ve gereksiz hacim eklemeden g\u00fcvenilir \u00e7eki\u015f ve yast\u0131klama sa\u011flar. Bunlar sadece ayakkab\u0131 de\u011fil; bozulmam\u0131\u015f g\u00f6r\u00fcn\u00fcmlerini korurken g\u00fcnl\u00fck kullan\u0131m\u0131n zorluklar\u0131na dayanacak \u015fekilde titizlikle in\u015fa edilmi\u015f, kal\u0131c\u0131 stil ve konfora yap\u0131lan bir yat\u0131r\u0131md\u0131r. Do\u011fru bak\u0131m ile bu <strong>Erkek Kabartmal\u0131 Deri Derby Ayakkab\u0131<\/strong> y\u0131llarca gard\u0131robunuzun de\u011ferli bir par\u00e7as\u0131 haline gelecek \u015fekilde uzun \u00f6m\u00fcrl\u00fc olacak \u015fekilde \u00fcretilmi\u015ftir.<\/p>\n<h3>Toptan Sat\u0131\u015f F\u0131rsat\u0131<\/h3>\n<p>Birinci s\u0131n\u0131f ayakkab\u0131lar sunmak isteyen i\u015fletmeler i\u00e7in <strong>Erkek Kabartmal\u0131 Deri Derby Ayakkab\u0131<\/strong> minimum 8 \u00e7ift sipari\u015f miktar\u0131 ile toptan sat\u0131n al\u0131nabilir. Rekabet\u00e7i fiyatland\u0131rma ve yakla\u015f\u0131k 12 g\u00fcn i\u00e7inde g\u00fcvenilir teslimat art\u0131 nakliye avantajlar\u0131ndan yararlan\u0131n. M\u00fc\u015fterilerinize, tekliflerinizi farkl\u0131 k\u0131lacak l\u00fcks, konfor ve \u00f6zg\u00fcn stilin bir kar\u0131\u015f\u0131m\u0131n\u0131 sunun. Bunlar <strong>Erkek Kabartmal\u0131 Deri Derby Ayakkab\u0131<\/strong> her \u00fcst d\u00fczey ayakkab\u0131 koleksiyonunun vazge\u00e7ilmez bir par\u00e7as\u0131d\u0131r.<\/p>","protected":false},"excerpt":{"rendered":"<ul>\n<li>\u015e\u0131k kabartmal\u0131 detaylara sahip birinci s\u0131n\u0131f dana derisi d\u0131\u015f y\u00fczey ile el yap\u0131m\u0131.<\/li>\n<li>\u00dcst\u00fcn konfor ve nefes alabilirlik i\u00e7in l\u00fcks ke\u00e7i derisi i\u00e7 astar.<\/li>\n<li>Dayan\u0131kl\u0131 Microlight taban hafif destek ve esneklik sa\u011flar.<\/li>\n<li>Zarif bir siluet i\u00e7in 1-3 cm'lik ince topuk.<\/li>\n<li>Geni\u015f bir beden yelpazesinde mevcuttur: AB 39-45.<\/li>\n<li>Minimum sipari\u015f miktar\u0131: 8 \u00e7ift. Toptan sat\u0131\u015f fiyat\u0131 mevcuttur.<\/li>\n<li>Beklenen teslimat: 12 g\u00fcn art\u0131 nakliye s\u00fcresi.<\/li>\n<\/ul>","protected":false},"featured_media":3614,"template":"","meta":{"_acf_changed":false,"_uag_custom_page_level_css":"","site-sidebar-layout":"default","site-content-layout":"","ast-site-content-layout":"default","site-content-style":"default","site-sidebar-style":"default","ast-global-header-display":"","ast-banner-title-visibility":"","ast-main-header-display":"","ast-hfb-above-header-display":"","ast-hfb-below-header-display":"","ast-hfb-mobile-header-display":"","site-post-title":"","ast-breadcrumbs-content":"","ast-featured-img":"","footer-sml-layout":"","ast-disable-related-posts":"","theme-transparent-header-meta":"default","adv-header-id-meta":"","stick-header-meta":"","header-above-stick-meta":"","header-main-stick-meta":"","header-below-stick-meta":"","astra-migrate-meta-layouts":"set","ast-page-background-enabled":"default","ast-page-background-meta":{"desktop":{"background-color":"var(--ast-global-color-4)","background-image":"","background-repeat":"repeat","background-position":"center center","background-size":"auto","background-attachment":"scroll","background-type":"","background-media":"","overlay-type":"","overlay-color":"","overlay-opacity":"","overlay-gradient":""},"tablet":{"background-color":"","background-image":"","background-repeat":"repeat","background-position":"center center","background-size":"auto","background-attachment":"scroll","background-type":"","background-media":"","overlay-type":"","overlay-color":"","overlay-opacity":"","overlay-gradient":""},"mobile":{"background-color":"","background-image":"","background-repeat":"repeat","background-position":"center center","background-size":"auto","background-attachment":"scroll","background-type":"","background-media":"","overlay-type":"","overlay-color":"","overlay-opacity":"","overlay-gradient":""}},"ast-content-background-meta":{"desktop":{"background-color":"var(--ast-global-color-5)","background-image":"","background-repeat":"repeat","background-position":"center center","background-size":"auto","background-attachment":"scroll","background-type":"","background-media":"","overlay-type":"","overlay-color":"","overlay-opacity":"","overlay-gradient":""},"tablet":{"background-color":"var(--ast-global-color-5)","background-image":"","background-repeat":"repeat","background-position":"center center","background-size":"auto","background-attachment":"scroll","background-type":"","background-media":"","overlay-type":"","overlay-color":"","overlay-opacity":"","overlay-gradient":""},"mobile":{"background-color":"var(--ast-global-color-5)","background-image":"","background-repeat":"repeat","background-position":"center center","background-size":"auto","background-attachment":"scroll","background-type":"","background-media":"","overlay-type":"","overlay-color":"","overlay-opacity":"","overlay-gradient":""}}},"product_brand":[],"product_cat":[47,430,40],"product_tag":[196,292,202,363,212,418,251,437,219,217,361,324,753,466,281],"class_list":{"0":"post-5367","1":"product","2":"type-product","3":"status-publish","4":"has-post-thumbnail","6":"product_cat-classic","7":"product_cat-men","8":"product_cat-mens-shoes","9":"product_tag-black-leather-shoes","10":"product_tag-brown-leather-shoes","11":"product_tag-calf-leather","12":"product_tag-crocodile-print-shoes","13":"product_tag-derby-shoes","14":"product_tag-embossed-leather","15":"product_tag-formal-shoes","16":"product_tag-goat-leather","17":"product_tag-handmade-shoes","18":"product_tag-luxury-footwear","19":"product_tag-mens-business-shoes","20":"product_tag-mens-dress-shoes","21":"product_tag-mens-embossed-leather-derby-shoes","22":"product_tag-microlight-sole","23":"product_tag-wholesale-shoes","24":"desktop-align-center","25":"tablet-align-center","26":"mobile-align-center","28":"first","29":"instock","30":"shipping-taxable","31":"purchasable","32":"product-type-variable","33":"has-default-attributes"},"acf":[],"uagb_featured_image_src":{"full":["https:\/\/turkishtrade.co\/wp-content\/uploads\/2026\/01\/2400EJOMN00176-BROWN-X_7203.png",453,250,false],"thumbnail":["https:\/\/turkishtrade.co\/wp-content\/uploads\/2026\/01\/2400EJOMN00176-BROWN-X_7203-150x150.png",150,150,true],"medium":["https:\/\/turkishtrade.co\/wp-content\/uploads\/2026\/01\/2400EJOMN00176-BROWN-X_7203-300x166.png",300,166,true],"medium_large":["https:\/\/turkishtrade.co\/wp-content\/uploads\/2026\/01\/2400EJOMN00176-BROWN-X_7203.png",453,250,false],"large":["https:\/\/turkishtrade.co\/wp-content\/uploads\/2026\/01\/2400EJOMN00176-BROWN-X_7203.png",453,250,false],"1536x1536":["https:\/\/turkishtrade.co\/wp-content\/uploads\/2026\/01\/2400EJOMN00176-BROWN-X_7203.png",453,250,false],"2048x2048":["https:\/\/turkishtrade.co\/wp-content\/uploads\/2026\/01\/2400EJOMN00176-BROWN-X_7203.png",453,250,false],"trp-custom-language-flag":["https:\/\/turkishtrade.co\/wp-content\/uploads\/2026\/01\/2400EJOMN00176-BROWN-X_7203-18x10.png",18,10,true],"woocommerce_thumbnail":["https:\/\/turkishtrade.co\/wp-content\/uploads\/2026\/01\/2400EJOMN00176-BROWN-X_7203-400x250.png",400,250,true],"woocommerce_single":["https:\/\/turkishtrade.co\/wp-content\/uploads\/2026\/01\/2400EJOMN00176-BROWN-X_7203.png",453,250,false],"woocommerce_gallery_thumbnail":["https:\/\/turkishtrade.co\/wp-content\/uploads\/2026\/01\/2400EJOMN00176-BROWN-X_7203-100x100.png",100,100,true]},"uagb_author_info":{"display_name":"yaser olabi","author_link":"https:\/\/turkishtrade.co\/tr\/author\/"},"uagb_comment_info":0,"uagb_excerpt":"Handcrafted with premium calf leather exterior, featuring stylish embossed details. Luxurious goat leather interior lining for superior comfort and breathability. Durable Microlight sole provides lightweight support and flexibility. Subtle 1-3cm heel for an elegant silhouette. Available in a wide range of sizes: EU 39-45. Minimum order quantity: 8 pairs. Wholesale pricing available. Expected delivery: 12&hellip;","_links":{"self":[{"href":"https:\/\/turkishtrade.co\/tr\/wp-json\/wp\/v2\/product\/5367","targetHints":{"allow":["GET"]}}],"collection":[{"href":"https:\/\/turkishtrade.co\/tr\/wp-json\/wp\/v2\/product"}],"about":[{"href":"https:\/\/turkishtrade.co\/tr\/wp-json\/wp\/v2\/types\/product"}],"wp:featuredmedia":[{"embeddable":true,"href":"https:\/\/turkishtrade.co\/tr\/wp-json\/wp\/v2\/media\/3614"}],"wp:attachment":[{"href":"https:\/\/turkishtrade.co\/tr\/wp-json\/wp\/v2\/media?parent=5367"}],"wp:term":[{"taxonomy":"product_brand","embeddable":true,"href":"https:\/\/turkishtrade.co\/tr\/wp-json\/wp\/v2\/product_brand?post=5367"},{"taxonomy":"product_cat","embeddable":true,"href":"https:\/\/turkishtrade.co\/tr\/wp-json\/wp\/v2\/product_cat?post=5367"},{"taxonomy":"product_tag","embeddable":true,"href":"https:\/\/turkishtrade.co\/tr\/wp-json\/wp\/v2\/product_tag?post=5367"}],"curies":[{"name":"wp","href":"https:\/\/api.w.org\/{rel}","templated":true}]}}