{"id":5358,"date":"2026-01-14T11:47:46","date_gmt":"2026-01-14T11:47:46","guid":{"rendered":"https:\/\/turkishtrade.co\/product\/mens-leather-penny-loafers\/"},"modified":"2026-04-09T19:36:34","modified_gmt":"2026-04-09T19:36:34","slug":"mens-leather-penny-loafers","status":"publish","type":"product","link":"https:\/\/turkishtrade.co\/tr\/shop\/mens-leather-penny-loafers\/","title":{"rendered":"El Yap\u0131m\u0131 Dana Derisi Erkek Penny Loafer"},"content":{"rendered":"<p><strong>Erkek Deri Penny Loafer<\/strong><\/p>\n<p>Zarif \u00fcr\u00fcnlerimizle zamans\u0131z \u015f\u0131kl\u0131\u011fa ve e\u015fsiz konfora ad\u0131m at\u0131n <strong>Erkek Deri Penny Loafer<\/strong>. Titizlikle el i\u015f\u00e7ili\u011fiyle m\u00fckemmel hale getirilen bu birinci s\u0131n\u0131f mokasen ayakkab\u0131lar, hem stile hem de kal\u0131c\u0131 kaliteye de\u011fer veren modern beyefendiler i\u00e7in tasarlanm\u0131\u015f sofistike ayakkab\u0131lar\u0131n \u00f6z\u00fcd\u00fcr. Her bir \u00e7iftimiz <strong>Erkek Deri Penny Loafer<\/strong> \u00dcst\u00fcn sanat\u00e7\u0131l\u0131\u011f\u0131 ve detaylara g\u00f6sterilen sars\u0131lmaz \u00f6zeni sergileyen bu \u00fcr\u00fcnler, se\u00e7kin gard\u0131robunuz i\u00e7in vazge\u00e7ilmez bir eklentidir.<\/p>\n<h3>Benzersiz \u0130\u015f\u00e7ilik ve \u00dcst\u00fcn Kaliteli Malzemeler<\/h3>\n<p>Bizim <strong>Erkek Deri Penny Loafer<\/strong> l\u00fcks hissi ve dayan\u0131kl\u0131l\u0131\u011f\u0131 i\u00e7in yaln\u0131zca en iyi malzemeler kullan\u0131larak \u00fcretilmi\u015ftir. D\u0131\u015f y\u00fczey, do\u011fal zarafeti, ola\u011fan\u00fcst\u00fc dayan\u0131kl\u0131l\u0131\u011f\u0131 ve zaman i\u00e7inde g\u00fczel, benzersiz bir patine geli\u015ftirme kabiliyeti ile tan\u0131nan zengin, esnek dana derisine sahiptir. Bu y\u00fcksek kaliteli dana derisi, mokasenlerinizin yaln\u0131zca ilk giyildi\u011finde ola\u011fan\u00fcst\u00fc g\u00f6r\u00fcnmesini de\u011fil, ayn\u0131 zamanda ya\u015fla birlikte zarif bir \u015fekilde olgunla\u015farak uzun y\u0131llar boyunca etkilemeye devam etmesini sa\u011flar.<\/p>\n<p>\u0130\u00e7 k\u0131s\u0131mda, ayaklar\u0131n\u0131z hakiki ke\u00e7i derisi astar\u0131n c\u00f6mert konforuyla sar\u0131lacak. Ke\u00e7i derisinin do\u011fal yumu\u015fakl\u0131\u011f\u0131 ve \u00fcst\u00fcn nefes alabilirli\u011fi pel\u00fc\u015f, rahat bir ortam sa\u011flayarak bu ayakkab\u0131lar\u0131 <strong>Erkek Deri Penny Loafer<\/strong> yo\u011fun g\u00fcn\u00fcn\u00fcz boyunca uzun s\u00fcreli kullan\u0131m i\u00e7in ideal bir se\u00e7imdir. Bu \u00e7ift deri yap\u0131, hem l\u00fcks hem de uzun \u00f6m\u00fcrl\u00fc bir ayakkab\u0131 deneyimini garanti eder.<\/p>\n<h3>Konfor, \u00c7ok Y\u00f6nl\u00fcl\u00fck ve Kal\u0131c\u0131 Stil i\u00e7in Tasarland\u0131<\/h3>\n<p>Yenilik\u00e7i Microlight taban sayesinde her ad\u0131mda \u00fcst\u00fcn konforu ya\u015fay\u0131n. Bu geli\u015fmi\u015f taban teknolojisi, ola\u011fan\u00fcst\u00fc hafiflik ve esneklik sunarak bu ayakkab\u0131lar\u0131n <strong>Erkek Deri Penny Loafer<\/strong> aya\u011f\u0131n\u0131zda neredeyse hi\u00e7 yokmu\u015f hissi verir. 1-3 cm'lik ince topuk, konfordan \u00f6d\u00fcn vermeden sofistike bir y\u00fckseli\u015f dokunu\u015fu katarak bu mokasen ayakkab\u0131lar\u0131 hem zorlu profesyonel ortamlar hem de rahat, l\u00fcks g\u00fcndelik geziler i\u00e7in m\u00fckemmel hale getirir. Klasik penny loafer tasar\u0131m\u0131, \u00e7a\u011fda\u015f kaplama ile g\u00fcncellenerek bu <strong>Erkek Deri Penny Loafer<\/strong> inan\u0131lmaz derecede \u00e7ok y\u00f6nl\u00fcd\u00fcr. \u0130ster \u00f6zel dikim pantolonlarla, ister \u015f\u0131k chino pantolonlarla, isterse de birinci s\u0131n\u0131f denimlerle e\u015fle\u015ftirin, bu ayakkab\u0131lar t\u00fcm tak\u0131m\u0131n\u0131z\u0131 zahmetsizce y\u00fckselterek g\u00f6steri\u015fli ve zarif bir g\u00f6r\u00fcn\u00fcm sa\u011flayacakt\u0131r.<\/p>\n<h3>\u0130deal Toptan Ayakkab\u0131 \u00c7\u00f6z\u00fcm\u00fcn\u00fcz<\/h3>\n<p>M\u00fc\u015fterilerine y\u00fcksek kaliteli, el yap\u0131m\u0131 ayakkab\u0131lar sunmak isteyen i\u015fletmeler i\u00e7in <strong>Erkek Deri Penny Loafer<\/strong> minimum 8 \u00e7iftlik uygun bir sipari\u015fle toptan sat\u0131n al\u0131nabilir. Yakla\u015f\u0131k 12 g\u00fcnl\u00fck tahmini teslimat s\u00fcresi art\u0131 nakliye ile verimli hizmet ve kaliteye olan ba\u011fl\u0131l\u0131\u011f\u0131m\u0131zla gurur duyuyoruz. Bu, birinci s\u0131n\u0131f \u00fcr\u00fcnlerinizi h\u0131zl\u0131 ve g\u00fcvenilir bir \u015fekilde alman\u0131z\u0131 sa\u011flar. Bu ola\u011fan\u00fcst\u00fc \u00fcr\u00fcnlere yat\u0131r\u0131m yap\u0131n <strong>Erkek Deri Penny Loafer<\/strong> ve m\u00fc\u015fterilerinize klasik stil, \u00fcst\u00fcn konfor ve kal\u0131c\u0131 kaliteyi m\u00fckemmel bir \u015fekilde harmanlayan bir \u00fcr\u00fcn sunun. Bunlar sadece ayakkab\u0131 de\u011fil; rafine bir zevkin ifadesi ve modern pazar i\u00e7in m\u00fckemmel olan zanaatkar ayakkab\u0131c\u0131l\u0131\u011f\u0131n\u0131n bir kan\u0131t\u0131d\u0131r.<\/p>","protected":false},"excerpt":{"rendered":"<ul>\n<li>Sofistike stil ve dayan\u0131kl\u0131l\u0131k i\u00e7in birinci s\u0131n\u0131f dana derisi d\u0131\u015f y\u00fczey.<\/li>\n<li>L\u00fcks ke\u00e7i derisi i\u00e7 astar benzersiz konfor ve nefes alabilirlik sa\u011flar.<\/li>\n<li>Hafif Microlight taban, zarif 1-3 cm topuk ile esneklik ve g\u00fcn boyu giyilebilirlik sa\u011flar.<\/li>\n<li>39'dan 45'e kadar kapsaml\u0131 bir AB beden yelpazesinde mevcuttur.<\/li>\n<li>Toptan sat\u0131\u015f f\u0131rsatlar\u0131: Minimum sipari\u015f miktar\u0131 8 \u00e7ifttir.<\/li>\n<li>Etkili teslimat: Sipari\u015finizi 12 g\u00fcn art\u0131 kargo i\u00e7inde teslim al\u0131n.<\/li>\n<\/ul>","protected":false},"featured_media":3609,"template":"","meta":{"_acf_changed":false,"_uag_custom_page_level_css":"","site-sidebar-layout":"default","site-content-layout":"","ast-site-content-layout":"default","site-content-style":"default","site-sidebar-style":"default","ast-global-header-display":"","ast-banner-title-visibility":"","ast-main-header-display":"","ast-hfb-above-header-display":"","ast-hfb-below-header-display":"","ast-hfb-mobile-header-display":"","site-post-title":"","ast-breadcrumbs-content":"","ast-featured-img":"","footer-sml-layout":"","ast-disable-related-posts":"","theme-transparent-header-meta":"default","adv-header-id-meta":"","stick-header-meta":"","header-above-stick-meta":"","header-main-stick-meta":"","header-below-stick-meta":"","astra-migrate-meta-layouts":"set","ast-page-background-enabled":"default","ast-page-background-meta":{"desktop":{"background-color":"var(--ast-global-color-4)","background-image":"","background-repeat":"repeat","background-position":"center center","background-size":"auto","background-attachment":"scroll","background-type":"","background-media":"","overlay-type":"","overlay-color":"","overlay-opacity":"","overlay-gradient":""},"tablet":{"background-color":"","background-image":"","background-repeat":"repeat","background-position":"center center","background-size":"auto","background-attachment":"scroll","background-type":"","background-media":"","overlay-type":"","overlay-color":"","overlay-opacity":"","overlay-gradient":""},"mobile":{"background-color":"","background-image":"","background-repeat":"repeat","background-position":"center center","background-size":"auto","background-attachment":"scroll","background-type":"","background-media":"","overlay-type":"","overlay-color":"","overlay-opacity":"","overlay-gradient":""}},"ast-content-background-meta":{"desktop":{"background-color":"var(--ast-global-color-5)","background-image":"","background-repeat":"repeat","background-position":"center center","background-size":"auto","background-attachment":"scroll","background-type":"","background-media":"","overlay-type":"","overlay-color":"","overlay-opacity":"","overlay-gradient":""},"tablet":{"background-color":"var(--ast-global-color-5)","background-image":"","background-repeat":"repeat","background-position":"center center","background-size":"auto","background-attachment":"scroll","background-type":"","background-media":"","overlay-type":"","overlay-color":"","overlay-opacity":"","overlay-gradient":""},"mobile":{"background-color":"var(--ast-global-color-5)","background-image":"","background-repeat":"repeat","background-position":"center center","background-size":"auto","background-attachment":"scroll","background-type":"","background-media":"","overlay-type":"","overlay-color":"","overlay-opacity":"","overlay-gradient":""}}},"product_brand":[],"product_cat":[47,430,40],"product_tag":[873,635,147,185,284,251,189,450,215,416,186,466,279,184,280,281],"class_list":{"0":"post-5358","1":"product","2":"type-product","3":"status-publish","4":"has-post-thumbnail","6":"product_cat-classic","7":"product_cat-men","8":"product_cat-mens-shoes","9":"product_tag-artisanal-footwear","10":"product_tag-blue-loafers","11":"product_tag-brown-loafers","12":"product_tag-calf-leather-shoes","13":"product_tag-dress-shoes","14":"product_tag-formal-shoes","15":"product_tag-goat-leather-lining","16":"product_tag-handcrafted-shoes","17":"product_tag-leather-loafers","18":"product_tag-luxury-shoes","19":"product_tag-mens-loafers","20":"product_tag-microlight-sole","21":"product_tag-penny-loafers","22":"product_tag-slip-on-shoes","23":"product_tag-smart-casual-shoes","24":"product_tag-wholesale-shoes","25":"desktop-align-center","26":"tablet-align-center","27":"mobile-align-center","29":"first","30":"instock","31":"shipping-taxable","32":"purchasable","33":"product-type-variable","34":"has-default-attributes"},"acf":[],"uagb_featured_image_src":{"full":["https:\/\/turkishtrade.co\/wp-content\/uploads\/2026\/01\/2400EJOMN00172-DARK-BROWN-X_7803.png",453,250,false],"thumbnail":["https:\/\/turkishtrade.co\/wp-content\/uploads\/2026\/01\/2400EJOMN00172-DARK-BROWN-X_7803-150x150.png",150,150,true],"medium":["https:\/\/turkishtrade.co\/wp-content\/uploads\/2026\/01\/2400EJOMN00172-DARK-BROWN-X_7803-300x166.png",300,166,true],"medium_large":["https:\/\/turkishtrade.co\/wp-content\/uploads\/2026\/01\/2400EJOMN00172-DARK-BROWN-X_7803.png",453,250,false],"large":["https:\/\/turkishtrade.co\/wp-content\/uploads\/2026\/01\/2400EJOMN00172-DARK-BROWN-X_7803.png",453,250,false],"1536x1536":["https:\/\/turkishtrade.co\/wp-content\/uploads\/2026\/01\/2400EJOMN00172-DARK-BROWN-X_7803.png",453,250,false],"2048x2048":["https:\/\/turkishtrade.co\/wp-content\/uploads\/2026\/01\/2400EJOMN00172-DARK-BROWN-X_7803.png",453,250,false],"trp-custom-language-flag":["https:\/\/turkishtrade.co\/wp-content\/uploads\/2026\/01\/2400EJOMN00172-DARK-BROWN-X_7803-18x10.png",18,10,true],"woocommerce_thumbnail":["https:\/\/turkishtrade.co\/wp-content\/uploads\/2026\/01\/2400EJOMN00172-DARK-BROWN-X_7803-400x250.png",400,250,true],"woocommerce_single":["https:\/\/turkishtrade.co\/wp-content\/uploads\/2026\/01\/2400EJOMN00172-DARK-BROWN-X_7803.png",453,250,false],"woocommerce_gallery_thumbnail":["https:\/\/turkishtrade.co\/wp-content\/uploads\/2026\/01\/2400EJOMN00172-DARK-BROWN-X_7803-100x100.png",100,100,true]},"uagb_author_info":{"display_name":"yaser olabi","author_link":"https:\/\/turkishtrade.co\/tr\/author\/"},"uagb_comment_info":0,"uagb_excerpt":"Premium calf leather exterior for sophisticated style and durability. Luxurious goat leather interior lining ensures unparalleled comfort and breathability. Lightweight Microlight sole provides flexibility and all-day wearability with a refined 1-3 cm heel. Available in a comprehensive range of EU sizes from 39 to 45. Wholesale opportunities: Minimum order quantity of 8 pairs. Efficient delivery:&hellip;","_links":{"self":[{"href":"https:\/\/turkishtrade.co\/tr\/wp-json\/wp\/v2\/product\/5358","targetHints":{"allow":["GET"]}}],"collection":[{"href":"https:\/\/turkishtrade.co\/tr\/wp-json\/wp\/v2\/product"}],"about":[{"href":"https:\/\/turkishtrade.co\/tr\/wp-json\/wp\/v2\/types\/product"}],"wp:featuredmedia":[{"embeddable":true,"href":"https:\/\/turkishtrade.co\/tr\/wp-json\/wp\/v2\/media\/3609"}],"wp:attachment":[{"href":"https:\/\/turkishtrade.co\/tr\/wp-json\/wp\/v2\/media?parent=5358"}],"wp:term":[{"taxonomy":"product_brand","embeddable":true,"href":"https:\/\/turkishtrade.co\/tr\/wp-json\/wp\/v2\/product_brand?post=5358"},{"taxonomy":"product_cat","embeddable":true,"href":"https:\/\/turkishtrade.co\/tr\/wp-json\/wp\/v2\/product_cat?post=5358"},{"taxonomy":"product_tag","embeddable":true,"href":"https:\/\/turkishtrade.co\/tr\/wp-json\/wp\/v2\/product_tag?post=5358"}],"curies":[{"name":"wp","href":"https:\/\/api.w.org\/{rel}","templated":true}]}}