{"id":5353,"date":"2026-01-14T11:47:03","date_gmt":"2026-01-14T11:47:03","guid":{"rendered":"https:\/\/turkishtrade.co\/product\/mens-leather-brogue-oxfords\/"},"modified":"2026-04-09T19:36:40","modified_gmt":"2026-04-09T19:36:40","slug":"mens-leather-brogue-oxfords","status":"publish","type":"product","link":"https:\/\/turkishtrade.co\/tr\/shop\/mens-leather-brogue-oxfords\/","title":{"rendered":"L\u00fcks El Yap\u0131m\u0131 Erkek Deri Brogue Oxford Ayakkab\u0131"},"content":{"rendered":"<p><strong>Erkek Deri Brogue Oxfords<\/strong><\/p>\n<p>Zamans\u0131z bir zarafet ve \u00fcst\u00fcn i\u015f\u00e7ilik d\u00fcnyas\u0131na ad\u0131m at\u0131n <strong>L\u00fcks El Yap\u0131m\u0131 Erkek Deri Brogue Oxford Ayakkab\u0131<\/strong>. Se\u00e7kin beyefendiler i\u00e7in tasarlanan bu zarif ayakkab\u0131lar, klasik stili modern konforla harmanlayarak her sofistike gard\u0131robun vazge\u00e7ilmez bir par\u00e7as\u0131 haline geliyor. Birinci s\u0131n\u0131f ayakkab\u0131lar\u0131m\u0131z\u0131n her bir \u00e7ifti <strong>erkek deri brogue Oxfords<\/strong> yetenekli sanat\u00e7\u0131l\u0131\u011f\u0131n bir kan\u0131t\u0131d\u0131r ve her durumda zarafet ve g\u00fcvenle \u00f6ne \u00e7\u0131kman\u0131z\u0131 sa\u011flar.<\/p>\n<p>En iyi malzemelerden \u00fcretilen bu \u00e7arp\u0131c\u0131 ayakkab\u0131lar\u0131n d\u0131\u015f y\u00fczeyi, l\u00fcks hissi, zengin dokusu ve kal\u0131c\u0131 kalitesi i\u00e7in titizlikle se\u00e7ilen hakiki dana derisine sahiptir. \u0130\u00e7 k\u0131sm\u0131 esnek ke\u00e7i derisiyle astarlanm\u0131\u015ft\u0131r ve zaman i\u00e7inde aya\u011f\u0131n\u0131za uyum sa\u011flayan benzersiz bir konfor d\u00fczeyi sunar. Bu \u00f6zenli malzeme kombinasyonu sadece estetik \u00e7ekicili\u011fi artt\u0131rmakla kalmaz, ayn\u0131 zamanda nefes alabilirli\u011fi ve uzun \u00f6m\u00fcrl\u00fc giyimi de garanti eder. Burun k\u0131sm\u0131ndaki karma\u015f\u0131k brogue detaylar, klasik sofistike bir dokunu\u015f katarak bu ayakkab\u0131lar\u0131 farkl\u0131 k\u0131lar <strong>erkek deri brogue Oxfords<\/strong> ger\u00e7ekten birinci s\u0131n\u0131f bir se\u00e7im olarak.<\/p>\n<h3>Benzersiz Stil ve \u00c7ok Y\u00f6nl\u00fcl\u00fck<\/h3>\n<p>\u0130ster resmi bir i\u015f toplant\u0131s\u0131na, ister bir d\u00fc\u011f\u00fcne ya da sofistike bir sosyal etkinli\u011fe kat\u0131l\u0131yor olun, bu brogue Oxford ayakkab\u0131lar m\u00fckemmel yol arkada\u015f\u0131n\u0131zd\u0131r. Zengin kahverengi, koyu mavi ve zarif grinin b\u00fcy\u00fcleyici tonlar\u0131nda sunulan zamans\u0131z tasar\u0131mlar\u0131, keskin i\u015f tak\u0131mlar\u0131ndan \u015f\u0131k g\u00fcndelik topluluklara kadar \u00e7e\u015fitli k\u0131yafetlerle zahmetsizce e\u015fle\u015ftirilebilmelerini sa\u011flar. \u0130nce 1-3 cm topuk, dengeden \u00f6d\u00fcn vermeden rahat bir y\u00fckselme sa\u011flayarak g\u00f6steri\u015fli ve zarif bir siluete katk\u0131da bulunur. Profesyonel imaj\u0131n\u0131z\u0131 y\u00fckseltin veya ak\u015fam k\u0131yafetlerinizi zevkinizi yans\u0131tan ayakkab\u0131larla tamamlay\u0131n.<\/p>\n<h3>Ola\u011fan\u00fcst\u00fc Konfor ve Dayan\u0131kl\u0131l\u0131k<\/h3>\n<p>Konfor her \u015feyden \u00f6nemlidir ve <strong>erkek deri brogue Oxfords<\/strong> her y\u00f6nden ba\u015far\u0131l\u0131d\u0131r. Yenilik\u00e7i microlight taban, \u00fcst\u00fcn yast\u0131klama ve esneklik sunarak uzun saatler boyunca kullan\u0131m s\u0131ras\u0131nda yorgunlu\u011fu azalt\u0131r. Bu hafif ama dayan\u0131kl\u0131 taban m\u00fckemmel tutu\u015f sa\u011flayarak her ad\u0131mda g\u00fcven verir. Sa\u011flam yap\u0131 ve y\u00fcksek kaliteli deri, bu ayakkab\u0131lar\u0131n sadece \u015f\u0131k de\u011fil ayn\u0131 zamanda uzun \u00f6m\u00fcrl\u00fc olmas\u0131n\u0131 sa\u011flar ve gelecek y\u0131llar boyunca ola\u011fan\u00fcst\u00fc de\u011fer sunar. Bu ayakkab\u0131lara yat\u0131r\u0131m yapmak, kal\u0131c\u0131 stil ve konfora yat\u0131r\u0131m yapmak anlam\u0131na gelir.<\/p>\n<p>\u0130\u015fletmeler ve perakendeciler i\u00e7in minimum 8 \u00e7ift sipari\u015fle cazip toptan sat\u0131\u015f se\u00e7enekleri sunuyoruz. Genellikle 12 g\u00fcn i\u00e7inde teslimat ve nakliye ile h\u0131zl\u0131 hizmeti deneyimleyin. Ola\u011fan\u00fcst\u00fc \u00fcr\u00fcnlerimizle envanterinizi y\u00fckseltin ve m\u00fc\u015fterilerinize erkek ayakkab\u0131lar\u0131nda en iyisini sunun <strong>erkek deri brogue Oxfords<\/strong>. 39 ile 45 numara aras\u0131nda mevcut olan bu ayakkab\u0131lar, geni\u015f bir m\u00fc\u015fteri kitlesi i\u00e7in m\u00fckemmel bir uyum vaat ediyor. Bug\u00fcn sipari\u015f verin ve ger\u00e7ek i\u015f\u00e7ili\u011fin yaratt\u0131\u011f\u0131 fark\u0131 ke\u015ffedin.<\/p>","protected":false},"excerpt":{"rendered":"<ul>\n<li><strong>Premium Malzemeler:<\/strong> \u00dcst\u00fcn konfor ve dayan\u0131kl\u0131l\u0131k i\u00e7in hakiki dana derisinden d\u0131\u015f y\u00fczey ve yumu\u015fak ke\u00e7i derisinden i\u00e7 y\u00fczey ile \u00fcretilmi\u015ftir.<\/li>\n<li><strong>Microlight Taban:<\/strong> G\u00fcn boyu rahat kullan\u0131m i\u00e7in 1-3 cm'lik ince topuklu hafif ve esnek mikro hafif tabana sahiptir.<\/li>\n<li><strong>Zarif Tasar\u0131m:<\/strong> Karma\u015f\u0131k detaylara sahip klasik brogue Oxford stili, zengin kahverengi, sofistike mavi ve zamans\u0131z gri renklerde mevcuttur.<\/li>\n<li><strong>\u00c7ok Y\u00f6nl\u00fc Boyutland\u0131rma:<\/strong> M\u00fckemmel bir uyum sa\u011flamak i\u00e7in 39, 40, 41, 42, 43, 44, 45 AB bedenlerinde mevcuttur.<\/li>\n<li><strong>Toplu Bulunabilirlik:<\/strong> Minimum 8 \u00e7ift sipari\u015f gereklidir. Teslimat genellikle 12 g\u00fcn + nakliye i\u00e7inde.<\/li>\n<\/ul>","protected":false},"featured_media":3605,"template":"","meta":{"_acf_changed":false,"_uag_custom_page_level_css":"","site-sidebar-layout":"default","site-content-layout":"","ast-site-content-layout":"default","site-content-style":"default","site-sidebar-style":"default","ast-global-header-display":"","ast-banner-title-visibility":"","ast-main-header-display":"","ast-hfb-above-header-display":"","ast-hfb-below-header-display":"","ast-hfb-mobile-header-display":"","site-post-title":"","ast-breadcrumbs-content":"","ast-featured-img":"","footer-sml-layout":"","ast-disable-related-posts":"","theme-transparent-header-meta":"default","adv-header-id-meta":"","stick-header-meta":"","header-above-stick-meta":"","header-main-stick-meta":"","header-below-stick-meta":"","astra-migrate-meta-layouts":"set","ast-page-background-enabled":"default","ast-page-background-meta":{"desktop":{"background-color":"var(--ast-global-color-4)","background-image":"","background-repeat":"repeat","background-position":"center center","background-size":"auto","background-attachment":"scroll","background-type":"","background-media":"","overlay-type":"","overlay-color":"","overlay-opacity":"","overlay-gradient":""},"tablet":{"background-color":"","background-image":"","background-repeat":"repeat","background-position":"center center","background-size":"auto","background-attachment":"scroll","background-type":"","background-media":"","overlay-type":"","overlay-color":"","overlay-opacity":"","overlay-gradient":""},"mobile":{"background-color":"","background-image":"","background-repeat":"repeat","background-position":"center center","background-size":"auto","background-attachment":"scroll","background-type":"","background-media":"","overlay-type":"","overlay-color":"","overlay-opacity":"","overlay-gradient":""}},"ast-content-background-meta":{"desktop":{"background-color":"var(--ast-global-color-5)","background-image":"","background-repeat":"repeat","background-position":"center center","background-size":"auto","background-attachment":"scroll","background-type":"","background-media":"","overlay-type":"","overlay-color":"","overlay-opacity":"","overlay-gradient":""},"tablet":{"background-color":"var(--ast-global-color-5)","background-image":"","background-repeat":"repeat","background-position":"center center","background-size":"auto","background-attachment":"scroll","background-type":"","background-media":"","overlay-type":"","overlay-color":"","overlay-opacity":"","overlay-gradient":""},"mobile":{"background-color":"var(--ast-global-color-5)","background-image":"","background-repeat":"repeat","background-position":"center center","background-size":"auto","background-attachment":"scroll","background-type":"","background-media":"","overlay-type":"","overlay-color":"","overlay-opacity":"","overlay-gradient":""}}},"product_brand":[],"product_cat":[47,430,40],"product_tag":[654,405,202,284,251,437,450,227,217,198,466,204,250],"class_list":{"0":"post-5353","1":"product","2":"type-product","3":"status-publish","4":"has-post-thumbnail","6":"product_cat-classic","7":"product_cat-men","8":"product_cat-mens-shoes","9":"product_tag-brogue-shoes","10":"product_tag-business-shoes","11":"product_tag-calf-leather","12":"product_tag-dress-shoes","13":"product_tag-formal-shoes","14":"product_tag-goat-leather","15":"product_tag-handcrafted-shoes","16":"product_tag-leather-shoes","17":"product_tag-luxury-footwear","18":"product_tag-mens-fashion","19":"product_tag-microlight-sole","20":"product_tag-oxford-shoes","21":"product_tag-premium-leather","22":"desktop-align-center","23":"tablet-align-center","24":"mobile-align-center","26":"first","27":"instock","28":"shipping-taxable","29":"purchasable","30":"product-type-variable","31":"has-default-attributes"},"acf":[],"uagb_featured_image_src":{"full":["https:\/\/turkishtrade.co\/wp-content\/uploads\/2026\/01\/2400EJOMN00170-SMOKED-X_7202.png",453,250,false],"thumbnail":["https:\/\/turkishtrade.co\/wp-content\/uploads\/2026\/01\/2400EJOMN00170-SMOKED-X_7202-150x150.png",150,150,true],"medium":["https:\/\/turkishtrade.co\/wp-content\/uploads\/2026\/01\/2400EJOMN00170-SMOKED-X_7202-300x166.png",300,166,true],"medium_large":["https:\/\/turkishtrade.co\/wp-content\/uploads\/2026\/01\/2400EJOMN00170-SMOKED-X_7202.png",453,250,false],"large":["https:\/\/turkishtrade.co\/wp-content\/uploads\/2026\/01\/2400EJOMN00170-SMOKED-X_7202.png",453,250,false],"1536x1536":["https:\/\/turkishtrade.co\/wp-content\/uploads\/2026\/01\/2400EJOMN00170-SMOKED-X_7202.png",453,250,false],"2048x2048":["https:\/\/turkishtrade.co\/wp-content\/uploads\/2026\/01\/2400EJOMN00170-SMOKED-X_7202.png",453,250,false],"trp-custom-language-flag":["https:\/\/turkishtrade.co\/wp-content\/uploads\/2026\/01\/2400EJOMN00170-SMOKED-X_7202-18x10.png",18,10,true],"woocommerce_thumbnail":["https:\/\/turkishtrade.co\/wp-content\/uploads\/2026\/01\/2400EJOMN00170-SMOKED-X_7202-400x250.png",400,250,true],"woocommerce_single":["https:\/\/turkishtrade.co\/wp-content\/uploads\/2026\/01\/2400EJOMN00170-SMOKED-X_7202.png",453,250,false],"woocommerce_gallery_thumbnail":["https:\/\/turkishtrade.co\/wp-content\/uploads\/2026\/01\/2400EJOMN00170-SMOKED-X_7202-100x100.png",100,100,true]},"uagb_author_info":{"display_name":"yaser olabi","author_link":"https:\/\/turkishtrade.co\/tr\/author\/"},"uagb_comment_info":0,"uagb_excerpt":"Premium Materials: Crafted with genuine calf leather exterior and soft goat leather interior for ultimate comfort and durability. Microlight Sole: Features a lightweight and resilient microlight sole with a subtle 1-3 cm heel for comfortable all-day wear. Elegant Design: Classic brogue Oxford styling with intricate detailing, available in rich brown, sophisticated blue, and timeless grey&hellip;","_links":{"self":[{"href":"https:\/\/turkishtrade.co\/tr\/wp-json\/wp\/v2\/product\/5353","targetHints":{"allow":["GET"]}}],"collection":[{"href":"https:\/\/turkishtrade.co\/tr\/wp-json\/wp\/v2\/product"}],"about":[{"href":"https:\/\/turkishtrade.co\/tr\/wp-json\/wp\/v2\/types\/product"}],"wp:featuredmedia":[{"embeddable":true,"href":"https:\/\/turkishtrade.co\/tr\/wp-json\/wp\/v2\/media\/3605"}],"wp:attachment":[{"href":"https:\/\/turkishtrade.co\/tr\/wp-json\/wp\/v2\/media?parent=5353"}],"wp:term":[{"taxonomy":"product_brand","embeddable":true,"href":"https:\/\/turkishtrade.co\/tr\/wp-json\/wp\/v2\/product_brand?post=5353"},{"taxonomy":"product_cat","embeddable":true,"href":"https:\/\/turkishtrade.co\/tr\/wp-json\/wp\/v2\/product_cat?post=5353"},{"taxonomy":"product_tag","embeddable":true,"href":"https:\/\/turkishtrade.co\/tr\/wp-json\/wp\/v2\/product_tag?post=5353"}],"curies":[{"name":"wp","href":"https:\/\/api.w.org\/{rel}","templated":true}]}}