{"id":5351,"date":"2026-01-14T11:46:41","date_gmt":"2026-01-14T11:46:41","guid":{"rendered":"https:\/\/turkishtrade.co\/product\/mens-blue-buckle-loafers\/"},"modified":"2026-04-09T19:36:44","modified_gmt":"2026-04-09T19:36:44","slug":"mens-blue-buckle-loafers","status":"publish","type":"product","link":"https:\/\/turkishtrade.co\/tr\/shop\/mens-blue-buckle-loafers\/","title":{"rendered":"Erkek Mavi Timsah Kabartmal\u0131 Dana Derisi Tokal\u0131 Loafer"},"content":{"rendered":"<p><strong>Erkek Mavi Tokal\u0131 Loafer<\/strong><\/p>\n<p>Enfes \u00fcr\u00fcnlerimizle benzersiz bir stil ve sofistike bir ortama ad\u0131m at\u0131n <strong>Erkek Mavi Tokal\u0131 Loafer<\/strong>. Se\u00e7kin beyefendiler i\u00e7in tasarlanan bu mokasen ayakkab\u0131lar, \u00fcst\u00fcn i\u015f\u00e7ili\u011fin ve zamans\u0131z \u015f\u0131kl\u0131\u011f\u0131n bir kan\u0131t\u0131d\u0131r. E\u015fsiz mavi tonu, \u00e7arp\u0131c\u0131 timsah kabartmal\u0131 deseniyle birle\u015ferek gitti\u011finiz her yerde unutulmaz bir ifade yaratman\u0131z\u0131 sa\u011flar. Bunlar sadece ayakkab\u0131 de\u011fil; l\u00fcks ayakkab\u0131larda bir deneyimdir ve her gard\u0131robu ayr\u0131cal\u0131kl\u0131 bir dokunu\u015fla zenginle\u015ftirmek i\u00e7in m\u00fckemmeldir.<\/p>\n<h3>Rakipsiz \u0130\u015f\u00e7ilik ve Birinci S\u0131n\u0131f Malzemeler<\/h3>\n<p>Bu premium \u00fcr\u00fcnlerin her bir \u00e7ifti <strong>Erkek Mavi Tokal\u0131 Loafer<\/strong> sadece en iyi malzemeler kullan\u0131larak titizlikle \u00fcretilmi\u015ftir. D\u0131\u015f y\u00fczeyi, \u0131\u015f\u0131\u011f\u0131 g\u00fczel bir \u015fekilde yakalayan zarif bir timsah kabartmal\u0131 y\u00fczey elde etmek i\u00e7in ustal\u0131kla i\u015flenmi\u015f hakiki dana derisine sahiptir. Bu dayan\u0131kl\u0131 d\u0131\u015f y\u00fczey uzun \u00f6m\u00fcrl\u00fcl\u00fck vaat eder ve zaman i\u00e7inde l\u00fcks g\u00f6r\u00fcn\u00fcm\u00fcn\u00fc korur. \u0130\u00e7 k\u0131s\u0131mda ayaklar\u0131n\u0131z, g\u00fcn boyu s\u00fcren ola\u011fan\u00fcst\u00fc nefes alabilirlik ve konfor sunan hakiki ke\u00e7i derisi astar\u0131n yumu\u015fakl\u0131\u011f\u0131n\u0131n keyfini \u00e7\u0131karacak. S\u0131rt k\u0131sm\u0131ndaki zarif g\u00fcm\u00fc\u015f tonlu toka kay\u0131\u015f, klasik bir dokunu\u015f katarak ayakkab\u0131n\u0131n estetik cazibesini y\u00fckseltirken m\u00fckemmel bir uyum sa\u011flar.<\/p>\n<h3>Konfor ve \u00c7ok Y\u00f6nl\u00fcl\u00fck i\u00e7in Tasarland\u0131<\/h3>\n<p>\u00c7arp\u0131c\u0131 g\u00f6r\u00fcn\u00fcmlerinin \u00f6tesinde, bu <strong>Erkek Mavi Tokal\u0131 Loafer<\/strong> konfor i\u00e7in tasarlanm\u0131\u015ft\u0131r. Hafif Microlight taban\u0131 m\u00fckemmel yast\u0131klama ve destek sa\u011flayarak uzun s\u00fcreli kullan\u0131m i\u00e7in idealdir. \u0130nce 1-3 cm topuk y\u00fcksekli\u011fi ile dengeden \u00f6d\u00fcn vermeden hafif bir y\u00fckselti sunar. \u00d6nemli i\u015f toplant\u0131lar\u0131ndan sofistike ak\u015fam etkinliklerine veya \u015f\u0131k g\u00fcndelik gezilere kadar, erkekler i\u00e7in bu mavi tokal\u0131 mokasen ayakkab\u0131lar, \u00f6zel dikim tak\u0131m elbiseleri, \u015f\u0131k pantolonlar\u0131 ve hatta birinci s\u0131n\u0131f denimleri tamamlayarak sorunsuz bir ge\u00e7i\u015f sa\u011flar. 39'dan 45'e kadar geni\u015f bir Avrupa beden yelpazesinde mevcuttur ve bir\u00e7ok ki\u015fi i\u00e7in m\u00fckemmel bir uyum sa\u011flar.<\/p>\n<h3>Toptan Sat\u0131\u015f F\u0131rsat\u0131 ve Ola\u011fan\u00fcst\u00fc De\u011fer<\/h3>\n<p>Y\u00fcksek kaliteli, modaya uygun ayakkab\u0131lar arayan i\u015fletmeler i\u00e7in bu <strong>Erkek Mavi Tokal\u0131 Loafer<\/strong> m\u00fckemmel bir toptan sat\u0131\u015f f\u0131rsat\u0131 sunuyor. Minimum sipari\u015f miktar\u0131 sadece 8 \u00e7ift oldu\u011fundan, bu \u00e7ok be\u011fenilen \u00fcr\u00fcnleri kolayca stoklayabilirsiniz. Her bir \u00e7ift USD gibi rekabet\u00e7i bir toptan sat\u0131\u015f fiyat\u0131yla sunulmakta olup, b\u00f6ylesine birinci s\u0131n\u0131f bir i\u015f\u00e7ilik i\u00e7in ola\u011fan\u00fcst\u00fc bir de\u011fer sa\u011flamaktad\u0131r. Yakla\u015f\u0131k 12 g\u00fcnl\u00fck teslimat s\u00fcresi ve nakliye ile h\u0131zl\u0131 ve verimli bir s\u00fcre\u00e7 sa\u011flayarak, envanterinizi bu \u00fcst d\u00fczey erkek mokasen ayakkab\u0131larla h\u0131zla geli\u015ftirmenize olanak tan\u0131yoruz. Bu sofistike mavi tokal\u0131 mokasen ayakkab\u0131larla m\u00fc\u015fterilerinizin takdir edece\u011fi kalite ve stile yat\u0131r\u0131m yap\u0131n.<\/p>","protected":false},"excerpt":{"rendered":"<ul>\n<li>Belirgin Timsah Kabartmal\u0131 Desenli Premium Dana Derisi D\u0131\u015f Y\u00fczey<\/li>\n<li>\u00dcst\u00fcn Konfor i\u00e7in L\u00fcks Ke\u00e7i Derisi \u0130\u00e7 Astar<\/li>\n<li>1-3 cm Topuk Y\u00fcksekli\u011fine Sahip Hafif ve Dayan\u0131kl\u0131 Microlight Taban<\/li>\n<li>Zarif Toka Detay\u0131 Sofistike Stili Geli\u015ftirir<\/li>\n<li>Avrupa \u00d6l\u00e7\u00fclerinde Mevcuttur: 39, 40, 41, 42, 43, 44, 45<\/li>\n<li>Minimum Sipari\u015f Miktar\u0131: 8 \u00e7ift - Toptan Al\u0131c\u0131lar i\u00e7in M\u00fckemmel<\/li>\n<li>Toptan Sat\u0131\u015f Fiyat\u0131: \u00c7ift ba\u015f\u0131na USD<\/li>\n<li>Yakla\u015f\u0131k Teslim S\u00fcresi: 12 g\u00fcn + nakliye<\/li>\n<\/ul>","protected":false},"featured_media":3602,"template":"","meta":{"_acf_changed":false,"_uag_custom_page_level_css":"","site-sidebar-layout":"default","site-content-layout":"","ast-site-content-layout":"default","site-content-style":"default","site-sidebar-style":"default","ast-global-header-display":"","ast-banner-title-visibility":"","ast-main-header-display":"","ast-hfb-above-header-display":"","ast-hfb-below-header-display":"","ast-hfb-mobile-header-display":"","site-post-title":"","ast-breadcrumbs-content":"","ast-featured-img":"","footer-sml-layout":"","ast-disable-related-posts":"","theme-transparent-header-meta":"default","adv-header-id-meta":"","stick-header-meta":"","header-above-stick-meta":"","header-main-stick-meta":"","header-below-stick-meta":"","astra-migrate-meta-layouts":"set","ast-page-background-enabled":"default","ast-page-background-meta":{"desktop":{"background-color":"var(--ast-global-color-4)","background-image":"","background-repeat":"repeat","background-position":"center center","background-size":"auto","background-attachment":"scroll","background-type":"","background-media":"","overlay-type":"","overlay-color":"","overlay-opacity":"","overlay-gradient":""},"tablet":{"background-color":"","background-image":"","background-repeat":"repeat","background-position":"center center","background-size":"auto","background-attachment":"scroll","background-type":"","background-media":"","overlay-type":"","overlay-color":"","overlay-opacity":"","overlay-gradient":""},"mobile":{"background-color":"","background-image":"","background-repeat":"repeat","background-position":"center center","background-size":"auto","background-attachment":"scroll","background-type":"","background-media":"","overlay-type":"","overlay-color":"","overlay-opacity":"","overlay-gradient":""}},"ast-content-background-meta":{"desktop":{"background-color":"var(--ast-global-color-5)","background-image":"","background-repeat":"repeat","background-position":"center center","background-size":"auto","background-attachment":"scroll","background-type":"","background-media":"","overlay-type":"","overlay-color":"","overlay-opacity":"","overlay-gradient":""},"tablet":{"background-color":"var(--ast-global-color-5)","background-image":"","background-repeat":"repeat","background-position":"center center","background-size":"auto","background-attachment":"scroll","background-type":"","background-media":"","overlay-type":"","overlay-color":"","overlay-opacity":"","overlay-gradient":""},"mobile":{"background-color":"var(--ast-global-color-5)","background-image":"","background-repeat":"repeat","background-position":"center center","background-size":"auto","background-attachment":"scroll","background-type":"","background-media":"","overlay-type":"","overlay-color":"","overlay-opacity":"","overlay-gradient":""}}},"product_brand":[],"product_cat":[47,430,40],"product_tag":[870,635,315,185,869,284,609,251,189,215,186,466,374,280,285,254],"class_list":{"0":"post-5351","1":"product","2":"type-product","3":"status-publish","4":"has-post-thumbnail","6":"product_cat-classic","7":"product_cat-men","8":"product_cat-mens-shoes","9":"product_tag-blue-leather","10":"product_tag-blue-loafers","11":"product_tag-buckle-loafers","12":"product_tag-calf-leather-shoes","13":"product_tag-croc-embossed-shoes","14":"product_tag-dress-shoes","15":"product_tag-elegant-mens-shoes","16":"product_tag-formal-shoes","17":"product_tag-goat-leather-lining","18":"product_tag-leather-loafers","19":"product_tag-mens-loafers","20":"product_tag-microlight-sole","21":"product_tag-premium-loafers","22":"product_tag-smart-casual-shoes","23":"product_tag-turkish-shoes","24":"product_tag-wholesale-footwear","25":"desktop-align-center","26":"tablet-align-center","27":"mobile-align-center","29":"first","30":"instock","31":"shipping-taxable","32":"purchasable","33":"product-type-variable","34":"has-default-attributes"},"acf":[],"uagb_featured_image_src":{"full":["https:\/\/turkishtrade.co\/wp-content\/uploads\/2026\/01\/2400EJOMN00169-DARK-BLUE-Y_569.png",453,250,false],"thumbnail":["https:\/\/turkishtrade.co\/wp-content\/uploads\/2026\/01\/2400EJOMN00169-DARK-BLUE-Y_569-150x150.png",150,150,true],"medium":["https:\/\/turkishtrade.co\/wp-content\/uploads\/2026\/01\/2400EJOMN00169-DARK-BLUE-Y_569-300x166.png",300,166,true],"medium_large":["https:\/\/turkishtrade.co\/wp-content\/uploads\/2026\/01\/2400EJOMN00169-DARK-BLUE-Y_569.png",453,250,false],"large":["https:\/\/turkishtrade.co\/wp-content\/uploads\/2026\/01\/2400EJOMN00169-DARK-BLUE-Y_569.png",453,250,false],"1536x1536":["https:\/\/turkishtrade.co\/wp-content\/uploads\/2026\/01\/2400EJOMN00169-DARK-BLUE-Y_569.png",453,250,false],"2048x2048":["https:\/\/turkishtrade.co\/wp-content\/uploads\/2026\/01\/2400EJOMN00169-DARK-BLUE-Y_569.png",453,250,false],"trp-custom-language-flag":["https:\/\/turkishtrade.co\/wp-content\/uploads\/2026\/01\/2400EJOMN00169-DARK-BLUE-Y_569-18x10.png",18,10,true],"woocommerce_thumbnail":["https:\/\/turkishtrade.co\/wp-content\/uploads\/2026\/01\/2400EJOMN00169-DARK-BLUE-Y_569-400x250.png",400,250,true],"woocommerce_single":["https:\/\/turkishtrade.co\/wp-content\/uploads\/2026\/01\/2400EJOMN00169-DARK-BLUE-Y_569.png",453,250,false],"woocommerce_gallery_thumbnail":["https:\/\/turkishtrade.co\/wp-content\/uploads\/2026\/01\/2400EJOMN00169-DARK-BLUE-Y_569-100x100.png",100,100,true]},"uagb_author_info":{"display_name":"yaser olabi","author_link":"https:\/\/turkishtrade.co\/tr\/author\/"},"uagb_comment_info":0,"uagb_excerpt":"Premium Calf Leather Exterior with Distinct Croc-Embossed Pattern Luxurious Goat Leather Interior Lining for Ultimate Comfort Lightweight and Durable Microlight Sole with 1-3 cm Heel Height Elegant Buckle Detail Enhances Sophisticated Style Available in European Sizes: 39, 40, 41, 42, 43, 44, 45 Minimum Order Quantity: 8 pairs \u2013 Perfect for Wholesale Buyers Wholesale Price:&hellip;","_links":{"self":[{"href":"https:\/\/turkishtrade.co\/tr\/wp-json\/wp\/v2\/product\/5351","targetHints":{"allow":["GET"]}}],"collection":[{"href":"https:\/\/turkishtrade.co\/tr\/wp-json\/wp\/v2\/product"}],"about":[{"href":"https:\/\/turkishtrade.co\/tr\/wp-json\/wp\/v2\/types\/product"}],"wp:featuredmedia":[{"embeddable":true,"href":"https:\/\/turkishtrade.co\/tr\/wp-json\/wp\/v2\/media\/3602"}],"wp:attachment":[{"href":"https:\/\/turkishtrade.co\/tr\/wp-json\/wp\/v2\/media?parent=5351"}],"wp:term":[{"taxonomy":"product_brand","embeddable":true,"href":"https:\/\/turkishtrade.co\/tr\/wp-json\/wp\/v2\/product_brand?post=5351"},{"taxonomy":"product_cat","embeddable":true,"href":"https:\/\/turkishtrade.co\/tr\/wp-json\/wp\/v2\/product_cat?post=5351"},{"taxonomy":"product_tag","embeddable":true,"href":"https:\/\/turkishtrade.co\/tr\/wp-json\/wp\/v2\/product_tag?post=5351"}],"curies":[{"name":"wp","href":"https:\/\/api.w.org\/{rel}","templated":true}]}}