{"id":5348,"date":"2026-01-14T11:46:04","date_gmt":"2026-01-14T11:46:04","guid":{"rendered":"https:\/\/turkishtrade.co\/product\/men-s-leather-monk-strap-loafers\/"},"modified":"2026-04-09T19:36:50","modified_gmt":"2026-04-09T19:36:50","slug":"elite-mens-leather-monk-strap-loafers","status":"publish","type":"product","link":"https:\/\/turkishtrade.co\/tr\/shop\/elite-mens-leather-monk-strap-loafers\/","title":{"rendered":"Premium Dana Derisi Erkek Monk Strap Loafer"},"content":{"rendered":"<p><strong>Erkek Deri Monk Kay\u0131\u015fl\u0131 Loafer<\/strong><\/p>\n<p>Enfes koleksiyonumuzla benzersiz bir sofistikeli\u011fe ad\u0131m at\u0131n <strong>Erkek Deri Monk Kay\u0131\u015fl\u0131 Loafer<\/strong>. Se\u00e7kin bireyler i\u00e7in tasarlanan bu birinci s\u0131n\u0131f mokasen ayakkab\u0131lar, klasik stili modern konforla kusursuz bir \u015fekilde harmanl\u0131yor. En iyi dana derisinden \u00fcretilen d\u0131\u015f y\u00fczeyi, kalitesi ve zarafeti hakk\u0131nda \u00e7ok \u015fey anlatan zengin, dokulu bir y\u00fczeye sahiptir. Bunlar sadece ayakkab\u0131 de\u011fil; hem resmi i\u015f k\u0131yafetleri hem de l\u00fcks g\u00fcndelik topluluklar i\u00e7in m\u00fckemmel olan, her gard\u0131rop i\u00e7in bir ifade par\u00e7as\u0131d\u0131r. Bu zamans\u0131z ayakkab\u0131larla ayakkab\u0131 tekliflerinizi y\u00fckseltin <strong>Erkek Deri Monk Kay\u0131\u015fl\u0131 Loafer<\/strong>.<\/p>\n<h3>Rakipsiz \u0130\u015f\u00e7ilik ve Konfor<\/h3>\n<p>Her bir \u00e7iftimiz <strong>Erkek Deri Monk Kay\u0131\u015fl\u0131 Loafer<\/strong> \u00fcst\u00fcn i\u015f\u00e7ili\u011fin bir kan\u0131t\u0131d\u0131r. Esnek dana derisinden \u00fcretilen d\u0131\u015f y\u00fczey, sadece l\u00fcks bir estetik de\u011fil, ayn\u0131 zamanda ola\u011fan\u00fcst\u00fc bir dayan\u0131kl\u0131l\u0131k ve zamanla kullan\u0131c\u0131n\u0131n aya\u011f\u0131na uyum sa\u011flayan rahat bir uyum vaat ediyor. Ayakkab\u0131lar\u0131n i\u00e7 k\u0131sm\u0131 son derece yumu\u015fak ke\u00e7i derisiyle astarlanm\u0131\u015ft\u0131r ve inan\u0131lmaz derecede p\u00fcr\u00fczs\u00fcz ve nefes alabilen bir i\u00e7 k\u0131s\u0131m sa\u011flar. Y\u00fcksek kaliteli malzemeler kullanmaya y\u00f6nelik bu taahh\u00fct, g\u00fcn boyunca maksimum konfor sa\u011flayarak bu ayakkab\u0131lar\u0131 her durum i\u00e7in ideal bir se\u00e7im haline getiriyor.<\/p>\n<h3>Yenilik\u00e7i Tasar\u0131m ve Dayan\u0131kl\u0131 Performans<\/h3>\n<p>\u00c7arp\u0131c\u0131 g\u00f6r\u00fcn\u00fcmlerinin \u00f6tesinde, bu <strong>Dana Derisi Monk Kay\u0131\u015fl\u0131 Loafer<\/strong> performans i\u00e7in tasarlanm\u0131\u015ft\u0131r. Parlak bir toka ile vurgulanan imzal\u0131 monk kay\u0131\u015f tasar\u0131m\u0131, bu ayakkab\u0131lar\u0131 di\u011ferlerinden ay\u0131ran klasik bir sofistike dokunu\u015f katar. Bu ayakkab\u0131y\u0131 di\u011ferlerinden ay\u0131ran en \u00f6nemli \u00f6zellik ise yenilik\u00e7i Microlight d\u0131\u015f taban\u0131d\u0131r. Bu geli\u015fmi\u015f taban malzemesi ola\u011fan\u00fcst\u00fc hafiflik, esneklik ve m\u00fckemmel tutu\u015f sunarak stilden \u00f6d\u00fcn vermeden istikrarl\u0131 bir ad\u0131m ve uzun \u00f6m\u00fcrl\u00fc kullan\u0131m sa\u011flar. Toplant\u0131 odas\u0131ndan sosyal toplant\u0131lara kadar, bu <strong>Erkek Deri Monk Kay\u0131\u015fl\u0131 Loafer<\/strong> etkilemek i\u00e7in \u00fcretilmi\u015ftir.<\/p>\n<h3>Toptan Sat\u0131\u015f F\u0131rsat\u0131: Envanterinizi Y\u00fckseltin<\/h3>\n<p>Koleksiyonlar\u0131n\u0131 y\u00fcksek talep g\u00f6ren premium ayakkab\u0131larla zenginle\u015ftirmek isteyen perakendeciler i\u00e7in bu <strong>Deri Monk Kay\u0131\u015fl\u0131 Loafer<\/strong> ola\u011fan\u00fcst\u00fc bir f\u0131rsat sunuyor. Minimum sipari\u015f miktar\u0131n\u0131n sadece 8 \u00e7ift olmas\u0131, i\u015fletmelerin bu \u00e7ok be\u011fenilen stilleri 39 ila 45 beden aral\u0131\u011f\u0131nda kolayca stoklamas\u0131na olanak tan\u0131r. Klasik siyah ve zengin kahverengi gibi \u00e7ok y\u00f6nl\u00fc tonlarda mevcut olan bu <strong>Premium Monk Kay\u0131\u015fl\u0131 Loaferlar<\/strong> toptan al\u0131mlar i\u00e7in \u00e7ift ba\u015f\u0131na rekabet\u00e7i bir \u015fekilde USD olarak fiyatland\u0131r\u0131lm\u0131\u015ft\u0131r. Yakla\u015f\u0131k 12 g\u00fcnl\u00fck teslimat s\u00fcresi art\u0131 nakliye ile bu zarif \u00fcr\u00fcnleri h\u0131zl\u0131 bir \u015fekilde entegre edebilirsiniz. <strong>Erkek Deri Monk Kay\u0131\u015fl\u0131 Loafer<\/strong> envanterinize ekleyin ve hem l\u00fcks hem de de\u011fer arayan m\u00fc\u015fterilere hitap edin.<\/p>","protected":false},"excerpt":{"rendered":"<ul>\n<li>Sofistike stil ve dayan\u0131kl\u0131l\u0131k i\u00e7in Premium Dana Derisi d\u0131\u015f y\u00fczey<\/li>\n<li>L\u00fcks Ke\u00e7i Derisi i\u00e7 astar \u00fcst\u00fcn konfor ve nefes alabilirlik sa\u011flar<\/li>\n<li>Dayan\u0131kl\u0131 Microlight d\u0131\u015f taban m\u00fckemmel kavrama ve hafif a\u015f\u0131nma sa\u011flar<\/li>\n<li>\u015e\u0131k toka kapamal\u0131 zarif ke\u015fi\u015f kay\u0131\u015f\u0131 tasar\u0131m\u0131<\/li>\n<li>39'dan 45'e kadar kapsaml\u0131 bir beden aral\u0131\u011f\u0131nda mevcuttur<\/li>\n<li>Minimum sipari\u015f miktar\u0131: 8 \u00e7ift, toptan sat\u0131\u015f ortakl\u0131klar\u0131 i\u00e7in ideal<\/li>\n<li>Toptan sat\u0131\u015f fiyat\u0131: \u00c7ift ba\u015f\u0131na USD, ola\u011fan\u00fcst\u00fc de\u011fer sunar<\/li>\n<\/ul>","protected":false},"featured_media":3601,"template":"","meta":{"_acf_changed":false,"_uag_custom_page_level_css":"","site-sidebar-layout":"default","site-content-layout":"","ast-site-content-layout":"default","site-content-style":"default","site-sidebar-style":"default","ast-global-header-display":"","ast-banner-title-visibility":"","ast-main-header-display":"","ast-hfb-above-header-display":"","ast-hfb-below-header-display":"","ast-hfb-mobile-header-display":"","site-post-title":"","ast-breadcrumbs-content":"","ast-featured-img":"","footer-sml-layout":"","ast-disable-related-posts":"","theme-transparent-header-meta":"default","adv-header-id-meta":"","stick-header-meta":"","header-above-stick-meta":"","header-main-stick-meta":"","header-below-stick-meta":"","astra-migrate-meta-layouts":"set","ast-page-background-enabled":"default","ast-page-background-meta":{"desktop":{"background-color":"var(--ast-global-color-4)","background-image":"","background-repeat":"repeat","background-position":"center center","background-size":"auto","background-attachment":"scroll","background-type":"","background-media":"","overlay-type":"","overlay-color":"","overlay-opacity":"","overlay-gradient":""},"tablet":{"background-color":"","background-image":"","background-repeat":"repeat","background-position":"center center","background-size":"auto","background-attachment":"scroll","background-type":"","background-media":"","overlay-type":"","overlay-color":"","overlay-opacity":"","overlay-gradient":""},"mobile":{"background-color":"","background-image":"","background-repeat":"repeat","background-position":"center center","background-size":"auto","background-attachment":"scroll","background-type":"","background-media":"","overlay-type":"","overlay-color":"","overlay-opacity":"","overlay-gradient":""}},"ast-content-background-meta":{"desktop":{"background-color":"var(--ast-global-color-5)","background-image":"","background-repeat":"repeat","background-position":"center center","background-size":"auto","background-attachment":"scroll","background-type":"","background-media":"","overlay-type":"","overlay-color":"","overlay-opacity":"","overlay-gradient":""},"tablet":{"background-color":"var(--ast-global-color-5)","background-image":"","background-repeat":"repeat","background-position":"center center","background-size":"auto","background-attachment":"scroll","background-type":"","background-media":"","overlay-type":"","overlay-color":"","overlay-opacity":"","overlay-gradient":""},"mobile":{"background-color":"var(--ast-global-color-5)","background-image":"","background-repeat":"repeat","background-position":"center center","background-size":"auto","background-attachment":"scroll","background-type":"","background-media":"","overlay-type":"","overlay-color":"","overlay-opacity":"","overlay-gradient":""}}},"product_brand":[],"product_cat":[47,430,40],"product_tag":[866,867,315,629,405,185,284,352,189,198,865,466,374,254],"class_list":{"0":"post-5348","1":"product","2":"type-product","3":"status-publish","4":"has-post-thumbnail","6":"product_cat-classic","7":"product_cat-men","8":"product_cat-mens-shoes","9":"product_tag-black-monk-loafers","10":"product_tag-brown-monk-loafers","11":"product_tag-buckle-loafers","12":"product_tag-bulk-order-shoes","13":"product_tag-business-shoes","14":"product_tag-calf-leather-shoes","15":"product_tag-dress-shoes","16":"product_tag-formal-loafers","17":"product_tag-goat-leather-lining","18":"product_tag-mens-fashion","19":"product_tag-mens-leather-monk-strap-loafers","20":"product_tag-microlight-sole","21":"product_tag-premium-loafers","22":"product_tag-wholesale-footwear","23":"desktop-align-center","24":"tablet-align-center","25":"mobile-align-center","27":"first","28":"instock","29":"shipping-taxable","30":"purchasable","31":"product-type-variable","32":"has-default-attributes"},"acf":[],"uagb_featured_image_src":{"full":["https:\/\/turkishtrade.co\/wp-content\/uploads\/2026\/01\/2400EJOMN00168-BROWN-Y_569.png",453,250,false],"thumbnail":["https:\/\/turkishtrade.co\/wp-content\/uploads\/2026\/01\/2400EJOMN00168-BROWN-Y_569-150x150.png",150,150,true],"medium":["https:\/\/turkishtrade.co\/wp-content\/uploads\/2026\/01\/2400EJOMN00168-BROWN-Y_569-300x166.png",300,166,true],"medium_large":["https:\/\/turkishtrade.co\/wp-content\/uploads\/2026\/01\/2400EJOMN00168-BROWN-Y_569.png",453,250,false],"large":["https:\/\/turkishtrade.co\/wp-content\/uploads\/2026\/01\/2400EJOMN00168-BROWN-Y_569.png",453,250,false],"1536x1536":["https:\/\/turkishtrade.co\/wp-content\/uploads\/2026\/01\/2400EJOMN00168-BROWN-Y_569.png",453,250,false],"2048x2048":["https:\/\/turkishtrade.co\/wp-content\/uploads\/2026\/01\/2400EJOMN00168-BROWN-Y_569.png",453,250,false],"trp-custom-language-flag":["https:\/\/turkishtrade.co\/wp-content\/uploads\/2026\/01\/2400EJOMN00168-BROWN-Y_569-18x10.png",18,10,true],"woocommerce_thumbnail":["https:\/\/turkishtrade.co\/wp-content\/uploads\/2026\/01\/2400EJOMN00168-BROWN-Y_569-400x250.png",400,250,true],"woocommerce_single":["https:\/\/turkishtrade.co\/wp-content\/uploads\/2026\/01\/2400EJOMN00168-BROWN-Y_569.png",453,250,false],"woocommerce_gallery_thumbnail":["https:\/\/turkishtrade.co\/wp-content\/uploads\/2026\/01\/2400EJOMN00168-BROWN-Y_569-100x100.png",100,100,true]},"uagb_author_info":{"display_name":"yaser olabi","author_link":"https:\/\/turkishtrade.co\/tr\/author\/"},"uagb_comment_info":0,"uagb_excerpt":"Premium Calf Leather exterior for sophisticated style and durability Luxurious Goat Leather interior lining ensures superior comfort and breathability Durable Microlight outsole provides excellent grip and lightweight wear Elegant monk strap design with a sleek buckle closure Available in a comprehensive size range from 39 to 45 Minimum order quantity: 8 pairs, ideal for wholesale&hellip;","_links":{"self":[{"href":"https:\/\/turkishtrade.co\/tr\/wp-json\/wp\/v2\/product\/5348","targetHints":{"allow":["GET"]}}],"collection":[{"href":"https:\/\/turkishtrade.co\/tr\/wp-json\/wp\/v2\/product"}],"about":[{"href":"https:\/\/turkishtrade.co\/tr\/wp-json\/wp\/v2\/types\/product"}],"wp:featuredmedia":[{"embeddable":true,"href":"https:\/\/turkishtrade.co\/tr\/wp-json\/wp\/v2\/media\/3601"}],"wp:attachment":[{"href":"https:\/\/turkishtrade.co\/tr\/wp-json\/wp\/v2\/media?parent=5348"}],"wp:term":[{"taxonomy":"product_brand","embeddable":true,"href":"https:\/\/turkishtrade.co\/tr\/wp-json\/wp\/v2\/product_brand?post=5348"},{"taxonomy":"product_cat","embeddable":true,"href":"https:\/\/turkishtrade.co\/tr\/wp-json\/wp\/v2\/product_cat?post=5348"},{"taxonomy":"product_tag","embeddable":true,"href":"https:\/\/turkishtrade.co\/tr\/wp-json\/wp\/v2\/product_tag?post=5348"}],"curies":[{"name":"wp","href":"https:\/\/api.w.org\/{rel}","templated":true}]}}