{"id":5343,"date":"2026-01-14T11:45:25","date_gmt":"2026-01-14T11:45:25","guid":{"rendered":"https:\/\/turkishtrade.co\/product\/mens-leather-horsebit-loafers\/"},"modified":"2026-04-09T19:37:00","modified_gmt":"2026-04-09T19:37:00","slug":"mens-leather-horsebit-loafers","status":"publish","type":"product","link":"https:\/\/turkishtrade.co\/tr\/shop\/mens-leather-horsebit-loafers\/","title":{"rendered":"Erkek Premium Dana Derisi At U\u00e7lu Loafer"},"content":{"rendered":"<p><strong>Erkek Deri Horsebit Loafer<\/strong><\/p>\n<p>Ayakkab\u0131 koleksiyonunuzu se\u00e7kin \u00fcr\u00fcnlerimizle geli\u015ftirin <strong>Erkek Premium Dana Derisi At U\u00e7lu Loafer<\/strong>, zamans\u0131z stilin ve benzersiz i\u015f\u00e7ili\u011fin ger\u00e7ek bir kan\u0131t\u0131d\u0131r. Se\u00e7kin beyefendiler i\u00e7in tasarlanan bu loafer ayakkab\u0131lar, klasik \u015f\u0131kl\u0131\u011f\u0131 modern konforla harmanlayarak her gard\u0131rop i\u00e7in vazge\u00e7ilmez bir eklenti haline geliyor. \u0130\u015f toplant\u0131lar\u0131ndan resmi etkinliklere veya sofistike g\u00fcndelik gezilere kadar, bu ayakkab\u0131lar bir a\u00e7\u0131klama yapmak i\u00e7in tasarlanm\u0131\u015ft\u0131r.<\/p>\n<h3>Rakipsiz \u0130\u015f\u00e7ilik ve Birinci S\u0131n\u0131f Malzemeler<\/h3>\n<p>Bu l\u00fcks mokasen ayakkab\u0131lar\u0131n her bir \u00e7ifti yaln\u0131zca en iyi malzemeler kullan\u0131larak titizlikle \u00fcretilmi\u015ftir. D\u0131\u015f y\u00fczeyi, \u015f\u0131k bir g\u00f6r\u00fcn\u00fcm ve ola\u011fan\u00fcst\u00fc uzun \u00f6m\u00fcr sunan zengin, dayan\u0131kl\u0131 dana derisine sahiptir. Bu birinci s\u0131n\u0131f dana derisi sadece zarif g\u00f6r\u00fcnmekle kalmaz, ayn\u0131 zamanda zaman i\u00e7inde aya\u011f\u0131n\u0131za g\u00fczelce \u015fekil vererek ki\u015fiselle\u015ftirilmi\u015f bir uyum sa\u011flar. D\u0131\u015f y\u00fczeyi tamamlayan i\u00e7 k\u0131s\u0131m, son derece yumu\u015fak ve nefes alabilen ke\u00e7i derisiyle astarlanm\u0131\u015ft\u0131r ve g\u00fcn boyunca ayaklar\u0131n\u0131z\u0131 saran \u00fcst\u00fcn bir konfor sa\u011flar. \u00c7e\u015fitli renk se\u00e7eneklerinde g\u00f6r\u00fcld\u00fc\u011f\u00fc gibi hem g\u00fcm\u00fc\u015f hem de alt\u0131n tonlar\u0131nda mevcut olan se\u00e7kin at nal\u0131 detay\u0131, klasik sofistike bir dokunu\u015f katarak bu muhte\u015fem ayakkab\u0131lar\u0131n genel cazibesini art\u0131r\u0131r. <strong>Erkek Deri Horsebit Loafer<\/strong>.<\/p>\n<h3>Konfor ve Dayan\u0131kl\u0131l\u0131k i\u00e7in Tasarland\u0131<\/h3>\n<p>Tasar\u0131m felsefemizde konfor her \u015feyden \u00f6nemlidir. Bu zarif makosen ayakkab\u0131lar, inan\u0131lmaz hafifli\u011fi ve esnekli\u011fiyle bilinen son teknoloji Microlight tabana sahiptir. Bu yenilik\u00e7i taban teknolojisi maksimum \u015fok emilimi ve m\u00fckemmel \u00e7eki\u015f g\u00fcc\u00fc sa\u011flayarak \u00e7e\u015fitli y\u00fczeylerde g\u00fcvenle ve kolayl\u0131kla y\u00fcr\u00fcmenizi sa\u011flar. 1-3 cm'lik ince ama destekleyici topuk y\u00fcksekli\u011fi ile bu ayakkab\u0131lar dengeden \u00f6d\u00fcn vermeden m\u00fckemmel bir y\u00fckseli\u015f sunar. Esnek ke\u00e7i derisi astar ve duyarl\u0131 Microlight taban\u0131n birle\u015fimi bu ayakkab\u0131lar\u0131 <strong>Erkek Deri Horsebit Loafer<\/strong> uzun s\u00fcreli kullan\u0131m i\u00e7in ideal bir se\u00e7imdir ve ayaklar\u0131n\u0131z\u0131n sabahtan ak\u015fama kadar rahat ve iyi desteklenmi\u015f kalmas\u0131n\u0131 sa\u011flar.<\/p>\n<h3>Her Durum i\u00e7in \u00c7ok Y\u00f6nl\u00fc Stil<\/h3>\n<p>\u0130ster y\u00fcksek riskli bir i\u015f sunumu, ister resmi bir ak\u015fam yeme\u011fi ya da rahat bir hafta sonu brunch'\u0131 i\u00e7in giyiniyor olun, bu dana derisi at kuyru\u011fu mokasen ayakkab\u0131lar stil ihtiya\u00e7lar\u0131n\u0131za zahmetsizce uyum sa\u011flar. Zamans\u0131z tasar\u0131mlar\u0131 sayesinde son derece \u00e7ok y\u00f6nl\u00fcd\u00fcr; \u00f6zel dikim tak\u0131mlar, \u015f\u0131k pantolonlar ve hatta birinci s\u0131n\u0131f denimlerle m\u00fckemmel uyum sa\u011flar. Sofistike siyah ve zengin kahverengi se\u00e7enekleri bulunan bu mokasen ayakkab\u0131lar, her k\u0131yafeti tamamlayacak \u00e7ok y\u00f6nl\u00fcl\u00fck sunar. EU 39 ile 45 aras\u0131nda de\u011fi\u015fen beden se\u00e7enekleri, geni\u015f bir tercih yelpazesine hitap eder ve y\u00fcksek kaliteli ayakkab\u0131 arayan her beyefendi i\u00e7in rahat bir uyum sa\u011flar.<\/p>\n<h3>Toptan Sat\u0131\u015f F\u0131rsatlar\u0131 ve G\u00fcvenilir Teslimat<\/h3>\n<p>Perakendeciler veya daha b\u00fcy\u00fck miktarlarda sat\u0131n almak isteyenler i\u00e7in cazip toptan sat\u0131\u015f se\u00e7enekleri sunuyoruz. Bu zarif mokasen ayakkab\u0131lar i\u00e7in minimum sipari\u015f sadece 8 \u00e7ifttir, bu da onlar\u0131 butik ma\u011fazalar veya kurumsal hediyeler i\u00e7in m\u00fckemmel bir se\u00e7im haline getirir. Yakla\u015f\u0131k 12 g\u00fcnl\u00fck teslimat s\u00fcresi ve standart nakliye ile verimli hizmet sunmay\u0131 taahh\u00fct ediyoruz. Her kombini y\u00fckseltmeyi vaat eden se\u00e7kin bir se\u00e7im olan Erkek Premium Dana Derisi Horsebit Loafer'lar\u0131m\u0131zla \u00fcst\u00fcn stil ve konfora yat\u0131r\u0131m yap\u0131n.<\/p>","protected":false},"excerpt":{"rendered":"<ul>\n<li><strong>Birinci S\u0131n\u0131f Malzemelerden \u00dcretilmi\u015ftir:<\/strong> Hakiki dana derisi d\u0131\u015f y\u00fczey ve yumu\u015fak ke\u00e7i derisi i\u00e7 k\u0131s\u0131m l\u00fcks\u00fcn\u00fc ya\u015fay\u0131n.<\/li>\n<li><strong>Optimum Konfor ve Destek:<\/strong> Hafif Microlight tabana ve g\u00fcn boyu kullan\u0131m i\u00e7in 1-3 cm rahat topuk y\u00fcksekli\u011fine sahiptir.<\/li>\n<li><strong>Geni\u015f Boyut Aral\u0131\u011f\u0131:<\/strong> M\u00fckemmel bir uyum sa\u011flamak i\u00e7in 39, 40, 41, 42, 43, 44 ve 45 AB bedenlerinde mevcuttur.<\/li>\n<li><strong>Toptan ve Toplu Sipari\u015fler:<\/strong> Minimum sipari\u015f miktar\u0131 8 \u00e7ifttir. 12 g\u00fcn i\u00e7inde teslimat art\u0131 nakliye s\u00fcresi.<\/li>\n<li><strong>Cazip Fiyatland\u0131rma:<\/strong> \u00c7ift ba\u015f\u0131na fiyatland\u0131r\u0131l\u0131r, kaliteli i\u015f\u00e7ilik i\u00e7in ola\u011fan\u00fcst\u00fc de\u011fer sunar.<\/li>\n<\/ul>","protected":false},"featured_media":3598,"template":"","meta":{"_acf_changed":false,"_uag_custom_page_level_css":"","site-sidebar-layout":"default","site-content-layout":"","ast-site-content-layout":"default","site-content-style":"default","site-sidebar-style":"default","ast-global-header-display":"","ast-banner-title-visibility":"","ast-main-header-display":"","ast-hfb-above-header-display":"","ast-hfb-below-header-display":"","ast-hfb-mobile-header-display":"","site-post-title":"","ast-breadcrumbs-content":"","ast-featured-img":"","footer-sml-layout":"","ast-disable-related-posts":"","theme-transparent-header-meta":"default","adv-header-id-meta":"","stick-header-meta":"","header-above-stick-meta":"","header-main-stick-meta":"","header-below-stick-meta":"","astra-migrate-meta-layouts":"set","ast-page-background-enabled":"default","ast-page-background-meta":{"desktop":{"background-color":"var(--ast-global-color-4)","background-image":"","background-repeat":"repeat","background-position":"center center","background-size":"auto","background-attachment":"scroll","background-type":"","background-media":"","overlay-type":"","overlay-color":"","overlay-opacity":"","overlay-gradient":""},"tablet":{"background-color":"","background-image":"","background-repeat":"repeat","background-position":"center center","background-size":"auto","background-attachment":"scroll","background-type":"","background-media":"","overlay-type":"","overlay-color":"","overlay-opacity":"","overlay-gradient":""},"mobile":{"background-color":"","background-image":"","background-repeat":"repeat","background-position":"center center","background-size":"auto","background-attachment":"scroll","background-type":"","background-media":"","overlay-type":"","overlay-color":"","overlay-opacity":"","overlay-gradient":""}},"ast-content-background-meta":{"desktop":{"background-color":"var(--ast-global-color-5)","background-image":"","background-repeat":"repeat","background-position":"center center","background-size":"auto","background-attachment":"scroll","background-type":"","background-media":"","overlay-type":"","overlay-color":"","overlay-opacity":"","overlay-gradient":""},"tablet":{"background-color":"var(--ast-global-color-5)","background-image":"","background-repeat":"repeat","background-position":"center center","background-size":"auto","background-attachment":"scroll","background-type":"","background-media":"","overlay-type":"","overlay-color":"","overlay-opacity":"","overlay-gradient":""},"mobile":{"background-color":"var(--ast-global-color-5)","background-image":"","background-repeat":"repeat","background-position":"center center","background-size":"auto","background-attachment":"scroll","background-type":"","background-media":"","overlay-type":"","overlay-color":"","overlay-opacity":"","overlay-gradient":""}}},"product_brand":[],"product_cat":[47,430,40],"product_tag":[405,566,284,454,251,556,327,215,198,186,466,374,184,281],"class_list":{"0":"post-5343","1":"product","2":"type-product","3":"status-publish","4":"has-post-thumbnail","6":"product_cat-classic","7":"product_cat-men","8":"product_cat-mens-shoes","9":"product_tag-business-shoes","10":"product_tag-calfskin-shoes","11":"product_tag-dress-shoes","12":"product_tag-elegant-footwear","13":"product_tag-formal-shoes","14":"product_tag-goatskin-lining","15":"product_tag-horsebit-loafers","16":"product_tag-leather-loafers","17":"product_tag-mens-fashion","18":"product_tag-mens-loafers","19":"product_tag-microlight-sole","20":"product_tag-premium-loafers","21":"product_tag-slip-on-shoes","22":"product_tag-wholesale-shoes","23":"desktop-align-center","24":"tablet-align-center","25":"mobile-align-center","27":"first","28":"instock","29":"shipping-taxable","30":"purchasable","31":"product-type-variable","32":"has-default-attributes"},"acf":[],"uagb_featured_image_src":{"full":["https:\/\/turkishtrade.co\/wp-content\/uploads\/2026\/01\/2400EJOMN00166-BROWN-X_77.png",453,250,false],"thumbnail":["https:\/\/turkishtrade.co\/wp-content\/uploads\/2026\/01\/2400EJOMN00166-BROWN-X_77-150x150.png",150,150,true],"medium":["https:\/\/turkishtrade.co\/wp-content\/uploads\/2026\/01\/2400EJOMN00166-BROWN-X_77-300x166.png",300,166,true],"medium_large":["https:\/\/turkishtrade.co\/wp-content\/uploads\/2026\/01\/2400EJOMN00166-BROWN-X_77.png",453,250,false],"large":["https:\/\/turkishtrade.co\/wp-content\/uploads\/2026\/01\/2400EJOMN00166-BROWN-X_77.png",453,250,false],"1536x1536":["https:\/\/turkishtrade.co\/wp-content\/uploads\/2026\/01\/2400EJOMN00166-BROWN-X_77.png",453,250,false],"2048x2048":["https:\/\/turkishtrade.co\/wp-content\/uploads\/2026\/01\/2400EJOMN00166-BROWN-X_77.png",453,250,false],"trp-custom-language-flag":["https:\/\/turkishtrade.co\/wp-content\/uploads\/2026\/01\/2400EJOMN00166-BROWN-X_77-18x10.png",18,10,true],"woocommerce_thumbnail":["https:\/\/turkishtrade.co\/wp-content\/uploads\/2026\/01\/2400EJOMN00166-BROWN-X_77-400x250.png",400,250,true],"woocommerce_single":["https:\/\/turkishtrade.co\/wp-content\/uploads\/2026\/01\/2400EJOMN00166-BROWN-X_77.png",453,250,false],"woocommerce_gallery_thumbnail":["https:\/\/turkishtrade.co\/wp-content\/uploads\/2026\/01\/2400EJOMN00166-BROWN-X_77-100x100.png",100,100,true]},"uagb_author_info":{"display_name":"yaser olabi","author_link":"https:\/\/turkishtrade.co\/tr\/author\/"},"uagb_comment_info":0,"uagb_excerpt":"Crafted from Premium Materials: Experience the luxury of genuine calfskin leather exterior and supple goatskin leather interior. Optimal Comfort &amp; Support: Featuring a lightweight Microlight sole and a comfortable 1-3 cm heel height for all-day wear. Wide Size Range: Available in EU sizes 39, 40, 41, 42, 43, 44, and 45 to ensure a perfect&hellip;","_links":{"self":[{"href":"https:\/\/turkishtrade.co\/tr\/wp-json\/wp\/v2\/product\/5343","targetHints":{"allow":["GET"]}}],"collection":[{"href":"https:\/\/turkishtrade.co\/tr\/wp-json\/wp\/v2\/product"}],"about":[{"href":"https:\/\/turkishtrade.co\/tr\/wp-json\/wp\/v2\/types\/product"}],"wp:featuredmedia":[{"embeddable":true,"href":"https:\/\/turkishtrade.co\/tr\/wp-json\/wp\/v2\/media\/3598"}],"wp:attachment":[{"href":"https:\/\/turkishtrade.co\/tr\/wp-json\/wp\/v2\/media?parent=5343"}],"wp:term":[{"taxonomy":"product_brand","embeddable":true,"href":"https:\/\/turkishtrade.co\/tr\/wp-json\/wp\/v2\/product_brand?post=5343"},{"taxonomy":"product_cat","embeddable":true,"href":"https:\/\/turkishtrade.co\/tr\/wp-json\/wp\/v2\/product_cat?post=5343"},{"taxonomy":"product_tag","embeddable":true,"href":"https:\/\/turkishtrade.co\/tr\/wp-json\/wp\/v2\/product_tag?post=5343"}],"curies":[{"name":"wp","href":"https:\/\/api.w.org\/{rel}","templated":true}]}}