{"id":5341,"date":"2026-01-14T11:45:08","date_gmt":"2026-01-14T11:45:08","guid":{"rendered":"https:\/\/turkishtrade.co\/product\/men-black-leather-loafers\/"},"modified":"2026-04-09T19:37:04","modified_gmt":"2026-04-09T19:37:04","slug":"mens-black-leather-loafers-mens-black","status":"publish","type":"product","link":"https:\/\/turkishtrade.co\/tr\/shop\/mens-black-leather-loafers-mens-black\/","title":{"rendered":"At Ucu Detayl\u0131 Premium Erkek Siyah Deri Loafer"},"content":{"rendered":"<p><strong>Erkek Siyah Deri Loafer<\/strong><\/p>\n<p>Se\u00e7kin premium koleksiyonumuzla benzersiz bir sofistikeli\u011fe ad\u0131m at\u0131n <strong>Erkek Siyah Deri Loafer<\/strong>. Se\u00e7kin beyefendiler i\u00e7in titizlikle tasarlanan bu mokasen ayakkab\u0131lar, zamans\u0131z \u015f\u0131kl\u0131\u011f\u0131 modern konforla kusursuz bir \u015fekilde harmanlayarak her ayakkab\u0131 koleksiyonunun vazge\u00e7ilmez bir par\u00e7as\u0131 haline geliyor. Zengin, koyu siyah tonu, hem resmi i\u015f k\u0131yafetlerini hem de \u015f\u0131k g\u00fcndelik tak\u0131mlar\u0131 zahmetsizce tamamlayarak \u00e7ok y\u00f6nl\u00fcl\u00fck sa\u011flar. Stil ve \u00f6z\u00fcn m\u00fckemmel birle\u015fimini \u00fcst\u00fcn kaliteli ayakkab\u0131lar\u0131m\u0131zla ke\u015ffedin <strong>Erkek Siyah Deri Loafer<\/strong>.<\/p>\n<h3>\u00dcst\u00fcn \u0130\u015f\u00e7ilik ve Birinci S\u0131n\u0131f Malzemeler<\/h3>\n<p>Bu ola\u011fan\u00fcst\u00fc \u00fcr\u00fcnlerin her bir \u00e7ifti <strong>Erkek Siyah Deri Loafer<\/strong> \u00fcst\u00fcn i\u015f\u00e7ili\u011fin bir kan\u0131t\u0131d\u0131r. D\u0131\u015f y\u00fczey, esnek dokusu, ola\u011fan\u00fcst\u00fc dayan\u0131kl\u0131l\u0131\u011f\u0131 ve l\u00fcks g\u00f6r\u00fcn\u00fcm\u00fcyle tan\u0131nan hakiki dana derisinden ustal\u0131kla \u00fcretilmi\u015ftir. Bu malzeme se\u00e7imi yaln\u0131zca zarif bir estetik sa\u011flamakla kalmaz, ayn\u0131 zamanda uzun \u00f6m\u00fcrl\u00fcl\u00fck vaat eder. <strong>Erkek Siyah Deri Loafer<\/strong> zamana kar\u015f\u0131 dayan\u0131kl\u0131d\u0131r. \u0130\u00e7 k\u0131s\u0131mda, ayaklar\u0131n\u0131z hakiki ke\u00e7i derisi astar\u0131n yumu\u015fak kuca\u011f\u0131yla sar\u0131l\u0131r. Bu birinci s\u0131n\u0131f i\u00e7 y\u00fczey, benzersiz nefes alabilirlik ve konfor sunarak ki\u015fiselle\u015ftirilmi\u015f bir uyum i\u00e7in aya\u011f\u0131n\u0131za uyum sa\u011flar ve uzun s\u00fcreli kullan\u0131mlarda bile yorgunlu\u011fu en aza indirir. Bu zarif ayakkab\u0131larda y\u00fcksek kaliteli malzemelerin yaratt\u0131\u011f\u0131 fark\u0131 deneyimleyin <strong>Erkek Siyah Deri Loafer<\/strong>.<\/p>\n<h3>Rafine Tasar\u0131m ve E\u015fsiz Konfor<\/h3>\n<p>Bunlar\u0131n se\u00e7kin tasar\u0131m\u0131 <strong>Erkek Siyah Deri Loafer<\/strong> vampir boyunca uzanan sofistike g\u00fcm\u00fc\u015f tonlu at nal\u0131 detay\u0131yla y\u00fckseliyor. Bu ikonik s\u00fcsleme, klasik l\u00fckse bir dokunu\u015f katarak bu loafer'lar\u0131 ger\u00e7ekten birinci s\u0131n\u0131f bir se\u00e7im olarak \u00f6ne \u00e7\u0131kar\u0131yor. Alt k\u0131s\u0131mdaki yenilik\u00e7i Microlight taban, hafif ancak sa\u011flam bir temel sa\u011flar. \u00dcst\u00fcn kavrama ve esneklik i\u00e7in tasarlanan Microlight taban, dengeli bir duru\u015f sa\u011flar ve ayakkab\u0131n\u0131n toplam a\u011f\u0131rl\u0131\u011f\u0131n\u0131 azaltarak her ad\u0131mda konforu art\u0131r\u0131r. Topuk y\u00fcksekli\u011fi 1-3 cm olan bu siyah deri mokasen ayakkab\u0131lar, konfordan \u00f6d\u00fcn vermeden g\u00f6steri\u015fli bir siluet i\u00e7in do\u011fru miktarda y\u00fckseklik sunar. Bizim <strong>Erkek Siyah Deri Loafer<\/strong> t\u00fcm g\u00fcn kullan\u0131m i\u00e7in tasarlanm\u0131\u015ft\u0131r.<\/p>\n<h3>Her Durum ve Toptan Sat\u0131\u015f \u0130htiya\u00e7lar\u0131 i\u00e7in M\u00fckemmel<\/h3>\n<p>\u0130ster \u00f6nemli bir i\u015f toplant\u0131s\u0131na, ister resmi bir etkinli\u011fe kat\u0131l\u0131yor olun, ister sadece sofistike bir ak\u015fam\u0131n tad\u0131n\u0131 \u00e7\u0131kar\u0131n, bu premium <strong>Erkek Siyah Deri Loafer<\/strong> ideal arkada\u015f\u0131n\u0131zd\u0131r. \u015e\u0131k tasar\u0131mlar\u0131 ve birinci s\u0131n\u0131f malzemeleri, onlar\u0131 \u00e7ok \u00e7e\u015fitli durumlar i\u00e7in uygun hale getirir. AB 39'dan 45'e kadar kapsaml\u0131 bir beden aral\u0131\u011f\u0131nda mevcut olup, ola\u011fan\u00fcst\u00fc ayakkab\u0131lar arayan geni\u015f bir m\u00fc\u015fteri kitlesine hitap ediyoruz. M\u00fc\u015fterilerine \u00fcst\u00fcn kalite sunmak isteyen perakendeciler ve i\u015fletmeler i\u00e7in bu kaliteli mokasen ayakkab\u0131lar, yaln\u0131zca 8 \u00e7iftlik minimum sipari\u015fle toptan sat\u0131n al\u0131nabilir. Verimli \u00fcretim s\u00fcrecimiz, yakla\u015f\u0131k 12 g\u00fcn teslim s\u00fcresi ve nakliye s\u00fcresi sa\u011flayarak bu y\u00fcksek talep g\u00f6ren ayakkab\u0131lar\u0131 stoklaman\u0131za olanak tan\u0131r. <strong>Erkek Siyah Deri Loafer<\/strong> Hemen.<\/p>\n<p>Stil ve kalite hakk\u0131nda \u00e7ok \u015fey anlatan ayakkab\u0131lara yat\u0131r\u0131m yap\u0131n. Enfes ayakkab\u0131lar\u0131m\u0131z\u0131 se\u00e7in <strong>Erkek Siyah Deri Loafer<\/strong> M\u00fc\u015fterilerinizin takdir edece\u011fi klasik tasar\u0131m, l\u00fcks malzemeler ve kal\u0131c\u0131 konforun bir kar\u0131\u015f\u0131m\u0131 i\u00e7in. Sahip olunmas\u0131 gereken bu ayakkab\u0131larla bug\u00fcn ayakkab\u0131 teklifinizi y\u00fckseltin <strong>Erkek Siyah Deri Loafer<\/strong>.<\/p>","protected":false},"excerpt":{"rendered":"<ul>\n<li>Kal\u0131c\u0131 kalite ve sofistike stil i\u00e7in birinci s\u0131n\u0131f Dana Derisi d\u0131\u015f y\u00fczeyden \u00fcretilmi\u015ftir.<\/li>\n<li>L\u00fcks Ke\u00e7i Derisi i\u00e7 astar \u00fcst\u00fcn konfor ve nefes alabilirlik sa\u011flar.<\/li>\n<li>Zarif bir dokunu\u015f katan se\u00e7kin g\u00fcm\u00fc\u015f tonlu at nal\u0131 detay\u0131na sahiptir.<\/li>\n<li>M\u00fckemmel kavrama ve g\u00fcn boyu kullan\u0131m i\u00e7in hafif ve dayan\u0131kl\u0131 Microlight tabanla donat\u0131lm\u0131\u015ft\u0131r.<\/li>\n<li>1-3 cm'lik rahat bir al\u00e7ak topuk y\u00fcksekli\u011fi ile tasarlanm\u0131\u015ft\u0131r.<\/li>\n<li>Kapsaml\u0131 bir beden yelpazesinde mevcuttur: AB 39, 40, 41, 42, 43, 44, 45.<\/li>\n<li><strong>Toptan Sat\u0131\u015f:<\/strong> Minimum 8 \u00e7ift sipari\u015f.<\/li>\n<li><strong>Teslim S\u00fcresi:<\/strong> 12 g\u00fcn \u00fcretim s\u00fcresi art\u0131 toplu sipari\u015fler i\u00e7in nakliye.<\/li>\n<\/ul>","protected":false},"featured_media":3596,"template":"","meta":{"_acf_changed":false,"_uag_custom_page_level_css":"","site-sidebar-layout":"default","site-content-layout":"","ast-site-content-layout":"default","site-content-style":"default","site-sidebar-style":"default","ast-global-header-display":"","ast-banner-title-visibility":"","ast-main-header-display":"","ast-hfb-above-header-display":"","ast-hfb-below-header-display":"","ast-hfb-mobile-header-display":"","site-post-title":"","ast-breadcrumbs-content":"","ast-featured-img":"","footer-sml-layout":"","ast-disable-related-posts":"","theme-transparent-header-meta":"default","adv-header-id-meta":"","stick-header-meta":"","header-above-stick-meta":"","header-main-stick-meta":"","header-below-stick-meta":"","astra-migrate-meta-layouts":"set","ast-page-background-enabled":"default","ast-page-background-meta":{"desktop":{"background-color":"var(--ast-global-color-4)","background-image":"","background-repeat":"repeat","background-position":"center center","background-size":"auto","background-attachment":"scroll","background-type":"","background-media":"","overlay-type":"","overlay-color":"","overlay-opacity":"","overlay-gradient":""},"tablet":{"background-color":"","background-image":"","background-repeat":"repeat","background-position":"center center","background-size":"auto","background-attachment":"scroll","background-type":"","background-media":"","overlay-type":"","overlay-color":"","overlay-opacity":"","overlay-gradient":""},"mobile":{"background-color":"","background-image":"","background-repeat":"repeat","background-position":"center center","background-size":"auto","background-attachment":"scroll","background-type":"","background-media":"","overlay-type":"","overlay-color":"","overlay-opacity":"","overlay-gradient":""}},"ast-content-background-meta":{"desktop":{"background-color":"var(--ast-global-color-5)","background-image":"","background-repeat":"repeat","background-position":"center center","background-size":"auto","background-attachment":"scroll","background-type":"","background-media":"","overlay-type":"","overlay-color":"","overlay-opacity":"","overlay-gradient":""},"tablet":{"background-color":"var(--ast-global-color-5)","background-image":"","background-repeat":"repeat","background-position":"center center","background-size":"auto","background-attachment":"scroll","background-type":"","background-media":"","overlay-type":"","overlay-color":"","overlay-opacity":"","overlay-gradient":""},"mobile":{"background-color":"var(--ast-global-color-5)","background-image":"","background-repeat":"repeat","background-position":"center center","background-size":"auto","background-attachment":"scroll","background-type":"","background-media":"","overlay-type":"","overlay-color":"","overlay-opacity":"","overlay-gradient":""}}},"product_brand":[],"product_cat":[47,430,40],"product_tag":[370,862,185,284,251,189,861,327,215,860,186,466,787,184,281],"class_list":{"0":"post-5341","1":"product","2":"type-product","3":"status-publish","4":"has-post-thumbnail","6":"product_cat-classic","7":"product_cat-men","8":"product_cat-mens-shoes","9":"product_tag-black-loafers","10":"product_tag-business-casual-loafers","11":"product_tag-calf-leather-shoes","12":"product_tag-dress-shoes","13":"product_tag-formal-shoes","14":"product_tag-goat-leather-lining","15":"product_tag-grained-leather-loafers","16":"product_tag-horsebit-loafers","17":"product_tag-leather-loafers","18":"product_tag-mens-dress-loafers","19":"product_tag-mens-loafers","20":"product_tag-microlight-sole","21":"product_tag-premium-mens-shoes","22":"product_tag-slip-on-shoes","23":"product_tag-wholesale-shoes","24":"desktop-align-center","25":"tablet-align-center","26":"mobile-align-center","28":"first","29":"instock","30":"shipping-taxable","31":"purchasable","32":"product-type-variable","33":"has-default-attributes"},"acf":[],"uagb_featured_image_src":{"full":["https:\/\/turkishtrade.co\/wp-content\/uploads\/2026\/01\/2400EJOMN00165-BLACK-X_77.png",453,250,false],"thumbnail":["https:\/\/turkishtrade.co\/wp-content\/uploads\/2026\/01\/2400EJOMN00165-BLACK-X_77-150x150.png",150,150,true],"medium":["https:\/\/turkishtrade.co\/wp-content\/uploads\/2026\/01\/2400EJOMN00165-BLACK-X_77-300x166.png",300,166,true],"medium_large":["https:\/\/turkishtrade.co\/wp-content\/uploads\/2026\/01\/2400EJOMN00165-BLACK-X_77.png",453,250,false],"large":["https:\/\/turkishtrade.co\/wp-content\/uploads\/2026\/01\/2400EJOMN00165-BLACK-X_77.png",453,250,false],"1536x1536":["https:\/\/turkishtrade.co\/wp-content\/uploads\/2026\/01\/2400EJOMN00165-BLACK-X_77.png",453,250,false],"2048x2048":["https:\/\/turkishtrade.co\/wp-content\/uploads\/2026\/01\/2400EJOMN00165-BLACK-X_77.png",453,250,false],"trp-custom-language-flag":["https:\/\/turkishtrade.co\/wp-content\/uploads\/2026\/01\/2400EJOMN00165-BLACK-X_77-18x10.png",18,10,true],"woocommerce_thumbnail":["https:\/\/turkishtrade.co\/wp-content\/uploads\/2026\/01\/2400EJOMN00165-BLACK-X_77-400x250.png",400,250,true],"woocommerce_single":["https:\/\/turkishtrade.co\/wp-content\/uploads\/2026\/01\/2400EJOMN00165-BLACK-X_77.png",453,250,false],"woocommerce_gallery_thumbnail":["https:\/\/turkishtrade.co\/wp-content\/uploads\/2026\/01\/2400EJOMN00165-BLACK-X_77-100x100.png",100,100,true]},"uagb_author_info":{"display_name":"yaser olabi","author_link":"https:\/\/turkishtrade.co\/tr\/author\/"},"uagb_comment_info":0,"uagb_excerpt":"Crafted from premium Calf Leather exterior for lasting quality and sophisticated style. Luxurious Goat Leather interior lining ensures superior comfort and breathability. Features a distinguished silver-tone horsebit detail, adding an elegant touch. Equipped with a lightweight and durable Microlight sole for excellent grip and all-day wear. Designed with a comfortable low heel height of 1-3&hellip;","_links":{"self":[{"href":"https:\/\/turkishtrade.co\/tr\/wp-json\/wp\/v2\/product\/5341","targetHints":{"allow":["GET"]}}],"collection":[{"href":"https:\/\/turkishtrade.co\/tr\/wp-json\/wp\/v2\/product"}],"about":[{"href":"https:\/\/turkishtrade.co\/tr\/wp-json\/wp\/v2\/types\/product"}],"wp:featuredmedia":[{"embeddable":true,"href":"https:\/\/turkishtrade.co\/tr\/wp-json\/wp\/v2\/media\/3596"}],"wp:attachment":[{"href":"https:\/\/turkishtrade.co\/tr\/wp-json\/wp\/v2\/media?parent=5341"}],"wp:term":[{"taxonomy":"product_brand","embeddable":true,"href":"https:\/\/turkishtrade.co\/tr\/wp-json\/wp\/v2\/product_brand?post=5341"},{"taxonomy":"product_cat","embeddable":true,"href":"https:\/\/turkishtrade.co\/tr\/wp-json\/wp\/v2\/product_cat?post=5341"},{"taxonomy":"product_tag","embeddable":true,"href":"https:\/\/turkishtrade.co\/tr\/wp-json\/wp\/v2\/product_tag?post=5341"}],"curies":[{"name":"wp","href":"https:\/\/api.w.org\/{rel}","templated":true}]}}