{"id":5334,"date":"2026-01-14T11:44:20","date_gmt":"2026-01-14T11:44:20","guid":{"rendered":"https:\/\/turkishtrade.co\/product\/men-s-leather-monk-strap-shoes\/"},"modified":"2026-04-09T19:37:19","modified_gmt":"2026-04-09T19:37:19","slug":"luxury-style-mens-leather-monk-strap-shoes","status":"publish","type":"product","link":"https:\/\/turkishtrade.co\/tr\/shop\/luxury-style-mens-leather-monk-strap-shoes\/","title":{"rendered":"Erkekler i\u00e7in Premium Dana Derisi Tekli Monk Kay\u0131\u015fl\u0131 Ayakkab\u0131"},"content":{"rendered":"<p><strong>Erkek Deri Monk Strap Ayakkab\u0131<\/strong><\/p>\n<p>Enfes koleksiyonumuzla benzersiz \u015f\u0131kl\u0131k ve konfora ad\u0131m at\u0131n <strong>erkek deri tek kay\u0131\u015fl\u0131 ayakkab\u0131<\/strong>. Se\u00e7kin beyefendiler i\u00e7in tasarlanan bu ayakkab\u0131lar, geleneksel i\u015f\u00e7ili\u011fi \u00e7a\u011fda\u015f tarzla harmanlayarak her sofistike gard\u0131robun vazge\u00e7ilmez bir par\u00e7as\u0131 haline geliyor. Her bir \u00e7ift, hem \u00e7arp\u0131c\u0131 bir g\u00f6r\u00fcn\u00fcm hem de ola\u011fan\u00fcst\u00fc giyilebilirlik sunmak i\u00e7in titizlikle \u00fcretilmi\u015ftir ve \u015fafaktan g\u00fcn bat\u0131m\u0131na kadar en iyi \u015fekilde g\u00f6r\u00fcnmenizi ve hissetmenizi sa\u011flar.<\/p>\n<p>Bu birinci s\u0131n\u0131f ke\u015fi\u015f kay\u0131\u015fl\u0131 ayakkab\u0131lar\u0131n d\u0131\u015f y\u00fczeyi, esnek dokusu, dayan\u0131kl\u0131l\u0131\u011f\u0131 ve zaman i\u00e7inde g\u00fczel bir patine geli\u015ftirme kabiliyetiyle tan\u0131nan y\u00fcksek kaliteli dana derisinden \u00fcretilmi\u015ftir. Bu malzeme se\u00e7imi sadece l\u00fcks bir his vermekle kalmaz, ayn\u0131 zamanda uzun \u00f6m\u00fcrl\u00fcl\u00fck vaat eder. Sa\u011flam d\u0131\u015f y\u00fczeyi tamamlayan yumu\u015fak, nefes alabilen ke\u00e7i derisiyle kapl\u0131 i\u00e7 k\u0131s\u0131m, aya\u011f\u0131n\u0131z\u0131 rahat bir \u015fekilde sarar ve sa\u011fl\u0131kl\u0131 bir i\u00e7 ortam\u0131n korunmas\u0131na yard\u0131mc\u0131 olarak uzun s\u00fcreli kullan\u0131mlarda bile rahats\u0131zl\u0131\u011f\u0131 \u00f6nler. \u015e\u0131k bir toka ile vurgulanan zarif tekli monk kay\u0131\u015f tasar\u0131m\u0131, g\u00fcvenli bir uyum sa\u011flar ve bu ayakkab\u0131lar\u0131 belirleyen klasik sofistike bir dokunu\u015f ekler. <strong>erkek deri tek kay\u0131\u015fl\u0131 ayakkab\u0131<\/strong> ayr\u0131.<\/p>\n<h3>Rakipsiz Konfor ve \u00c7ok Y\u00f6nl\u00fcl\u00fck<\/h3>\n<p>Tasar\u0131m felsefemizde konfor her \u015feyden \u00f6nemlidir. Bunlar <strong>erkek deri tek kay\u0131\u015fl\u0131 ayakkab\u0131<\/strong> ola\u011fan\u00fcst\u00fc hafifli\u011fi ve yast\u0131klama \u00f6zellikleriyle bilinen yenilik\u00e7i Microlight tabana sahiptir. Bu geli\u015fmi\u015f taban teknolojisi \u00fcst\u00fcn \u015fok emilimi sa\u011flayarak yorgunlu\u011fu azalt\u0131r ve g\u00fcn boyunca zahmetsizce hareket etmenizi sa\u011flar. \u0130nce 1-3 cm topu\u011fa sahip ayakkab\u0131lar, dengeden \u00f6d\u00fcn vermeden zarif bir siluet i\u00e7in do\u011fru miktarda y\u00fckselti sunar. 39'dan 45'e kadar kapsaml\u0131 bir beden aral\u0131\u011f\u0131nda mevcut oldu\u011fundan, m\u00fckemmel uyumunuzu bulmak \u00e7ok kolay.<\/p>\n<p>\u0130ster \u00f6nemli bir i\u015f toplant\u0131s\u0131na, ister resmi bir etkinli\u011fe, ister \u015f\u0131k ve g\u00fcndelik bir bulu\u015fmaya gidiyor olun, bu ayakkab\u0131lar inan\u0131lmaz derecede \u00e7ok y\u00f6nl\u00fcd\u00fcr. Farkl\u0131 ortamlar aras\u0131nda sorunsuz ge\u00e7i\u015f sa\u011flayan zarif tasar\u0131mlar\u0131, bu ayakkab\u0131lar\u0131 hem stil hem de i\u015flevselli\u011fe \u00f6nem veren modern erkekler i\u00e7in ideal bir se\u00e7im haline getiriyor. Siyah, zengin kahverengi ve koyu kahverenginin zamans\u0131z tonlar\u0131nda sunulan bu tek kay\u0131\u015fl\u0131 ayakkab\u0131lar, \u00f6zel dikim tak\u0131mlardan chino pantolonlara ve blazer ceketlere kadar her \u015feyle e\u015fle\u015ftirilebilir ve kombininizi an\u0131nda y\u00fckseltir.<\/p>\n<p>Perakendeciler ve i\u015fletmeler i\u00e7in bu ola\u011fan\u00fcst\u00fc <strong>erkek deri tek kay\u0131\u015fl\u0131 ayakkab\u0131<\/strong> minimum 8 \u00e7ift miktar\u0131nda toptan sipari\u015fler i\u00e7in mevcuttur. Her bir \u00e7ift, \u00fcst\u00fcn kalite i\u00e7in m\u00fckemmel de\u011fer sa\u011flayan rekabet\u00e7i bir fiyatla sunulmaktad\u0131r. Verimli \u00fcretim ve teslimat s\u00fcrecimiz, sipari\u015finizin 12 g\u00fcn i\u00e7inde ve nakliye s\u00fcresiyle birlikte g\u00f6nderilmesini sa\u011flayarak bu aranan stili hemen stoklaman\u0131za olanak tan\u0131r. Ustal\u0131kla haz\u0131rlanm\u0131\u015f monk kay\u0131\u015fl\u0131 ayakkab\u0131lar\u0131m\u0131zla kaliteye, konfora ve zamans\u0131z stile yat\u0131r\u0131m yap\u0131n.<\/p>","protected":false},"excerpt":{"rendered":"<ul>\n<li><b>Enfes Malzemeler:<\/b> Birinci s\u0131n\u0131f dana derisi d\u0131\u015f y\u00fczey ve yumu\u015fak ke\u00e7i derisi astar ile \u00fcretilmi\u015ftir.<\/li>\n<li><b>Konfor Odakl\u0131 Tasar\u0131m:<\/b> Rahat 1-3 cm al\u00e7ak topu\u011fa sahip hafif Microlight tabana sahiptir.<\/li>\n<li><b>Zamans\u0131z Stil:<\/b> Klasik siyah, zengin kahverengi ve sofistike koyu kahverengi renklerde sunulan, kendine \u00f6zg\u00fc toka kapamal\u0131 zarif tekli monk kay\u0131\u015f.<\/li>\n<li><b>\u00c7ok Y\u00f6nl\u00fc Boyutland\u0131rma:<\/b> 39'dan 45'e kadar geni\u015f bir beden yelpazesinde mevcuttur.<\/li>\n<li><b>Toplu Bulunabilirlik:<\/b> Minimum sipari\u015f miktar\u0131 8 \u00e7ifttir.<\/li>\n<li><b>Toptan Fiyatland\u0131rma:<\/b> Toptan sipari\u015fler i\u00e7in \u00e7ift ba\u015f\u0131na rekabet\u00e7i fiyatland\u0131r\u0131l\u0131r.<\/li>\n<li><b>Etkili Teslimat:<\/b> Teslimat\u0131n 12 g\u00fcn art\u0131 nakliye s\u00fcresi i\u00e7inde ger\u00e7ekle\u015fmesini bekleyin.<\/li>\n<\/ul>","protected":false},"featured_media":3593,"template":"","meta":{"_acf_changed":false,"_uag_custom_page_level_css":"","site-sidebar-layout":"default","site-content-layout":"","ast-site-content-layout":"default","site-content-style":"default","site-sidebar-style":"default","ast-global-header-display":"","ast-banner-title-visibility":"","ast-main-header-display":"","ast-hfb-above-header-display":"","ast-hfb-below-header-display":"","ast-hfb-mobile-header-display":"","site-post-title":"","ast-breadcrumbs-content":"","ast-featured-img":"","footer-sml-layout":"","ast-disable-related-posts":"","theme-transparent-header-meta":"default","adv-header-id-meta":"","stick-header-meta":"","header-above-stick-meta":"","header-main-stick-meta":"","header-below-stick-meta":"","astra-migrate-meta-layouts":"set","ast-page-background-enabled":"default","ast-page-background-meta":{"desktop":{"background-color":"var(--ast-global-color-4)","background-image":"","background-repeat":"repeat","background-position":"center center","background-size":"auto","background-attachment":"scroll","background-type":"","background-media":"","overlay-type":"","overlay-color":"","overlay-opacity":"","overlay-gradient":""},"tablet":{"background-color":"","background-image":"","background-repeat":"repeat","background-position":"center center","background-size":"auto","background-attachment":"scroll","background-type":"","background-media":"","overlay-type":"","overlay-color":"","overlay-opacity":"","overlay-gradient":""},"mobile":{"background-color":"","background-image":"","background-repeat":"repeat","background-position":"center center","background-size":"auto","background-attachment":"scroll","background-type":"","background-media":"","overlay-type":"","overlay-color":"","overlay-opacity":"","overlay-gradient":""}},"ast-content-background-meta":{"desktop":{"background-color":"var(--ast-global-color-5)","background-image":"","background-repeat":"repeat","background-position":"center center","background-size":"auto","background-attachment":"scroll","background-type":"","background-media":"","overlay-type":"","overlay-color":"","overlay-opacity":"","overlay-gradient":""},"tablet":{"background-color":"var(--ast-global-color-5)","background-image":"","background-repeat":"repeat","background-position":"center center","background-size":"auto","background-attachment":"scroll","background-type":"","background-media":"","overlay-type":"","overlay-color":"","overlay-opacity":"","overlay-gradient":""},"mobile":{"background-color":"var(--ast-global-color-5)","background-image":"","background-repeat":"repeat","background-position":"center center","background-size":"auto","background-attachment":"scroll","background-type":"","background-media":"","overlay-type":"","overlay-color":"","overlay-opacity":"","overlay-gradient":""}}},"product_brand":[],"product_cat":[47,430,40],"product_tag":[605,218,391,202,408,284,251,437,450,227,217,198,466,404,858,210,281],"class_list":{"0":"post-5334","1":"product","2":"type-product","3":"status-publish","4":"has-post-thumbnail","6":"product_cat-classic","7":"product_cat-men","8":"product_cat-mens-shoes","9":"product_tag-black-shoes","10":"product_tag-brown-shoes","11":"product_tag-buckle-shoes","12":"product_tag-calf-leather","13":"product_tag-dark-brown-shoes","14":"product_tag-dress-shoes","15":"product_tag-formal-shoes","16":"product_tag-goat-leather","17":"product_tag-handcrafted-shoes","18":"product_tag-leather-shoes","19":"product_tag-luxury-footwear","20":"product_tag-mens-fashion","21":"product_tag-microlight-sole","22":"product_tag-monk-strap","23":"product_tag-single-monk","24":"product_tag-smart-casual","25":"product_tag-wholesale-shoes","26":"desktop-align-center","27":"tablet-align-center","28":"mobile-align-center","30":"first","31":"instock","32":"shipping-taxable","33":"purchasable","34":"product-type-variable","35":"has-default-attributes"},"acf":[],"uagb_featured_image_src":{"full":["https:\/\/turkishtrade.co\/wp-content\/uploads\/2026\/01\/2400EJOMN00163-DARK-BROWN-X_12590.png",453,250,false],"thumbnail":["https:\/\/turkishtrade.co\/wp-content\/uploads\/2026\/01\/2400EJOMN00163-DARK-BROWN-X_12590-150x150.png",150,150,true],"medium":["https:\/\/turkishtrade.co\/wp-content\/uploads\/2026\/01\/2400EJOMN00163-DARK-BROWN-X_12590-300x166.png",300,166,true],"medium_large":["https:\/\/turkishtrade.co\/wp-content\/uploads\/2026\/01\/2400EJOMN00163-DARK-BROWN-X_12590.png",453,250,false],"large":["https:\/\/turkishtrade.co\/wp-content\/uploads\/2026\/01\/2400EJOMN00163-DARK-BROWN-X_12590.png",453,250,false],"1536x1536":["https:\/\/turkishtrade.co\/wp-content\/uploads\/2026\/01\/2400EJOMN00163-DARK-BROWN-X_12590.png",453,250,false],"2048x2048":["https:\/\/turkishtrade.co\/wp-content\/uploads\/2026\/01\/2400EJOMN00163-DARK-BROWN-X_12590.png",453,250,false],"trp-custom-language-flag":["https:\/\/turkishtrade.co\/wp-content\/uploads\/2026\/01\/2400EJOMN00163-DARK-BROWN-X_12590-18x10.png",18,10,true],"woocommerce_thumbnail":["https:\/\/turkishtrade.co\/wp-content\/uploads\/2026\/01\/2400EJOMN00163-DARK-BROWN-X_12590-400x250.png",400,250,true],"woocommerce_single":["https:\/\/turkishtrade.co\/wp-content\/uploads\/2026\/01\/2400EJOMN00163-DARK-BROWN-X_12590.png",453,250,false],"woocommerce_gallery_thumbnail":["https:\/\/turkishtrade.co\/wp-content\/uploads\/2026\/01\/2400EJOMN00163-DARK-BROWN-X_12590-100x100.png",100,100,true]},"uagb_author_info":{"display_name":"yaser olabi","author_link":"https:\/\/turkishtrade.co\/tr\/author\/"},"uagb_comment_info":0,"uagb_excerpt":"Exquisite Materials: Crafted with premium calf leather exterior and soft goat leather lining. Comfort-Driven Design: Features a lightweight Microlight sole with a comfortable 1-3 cm low heel. Timeless Style: Elegant single monk strap with a distinctive buckle closure, available in classic black, rich brown, and sophisticated dark brown. Versatile Sizing: Available in a wide range&hellip;","_links":{"self":[{"href":"https:\/\/turkishtrade.co\/tr\/wp-json\/wp\/v2\/product\/5334","targetHints":{"allow":["GET"]}}],"collection":[{"href":"https:\/\/turkishtrade.co\/tr\/wp-json\/wp\/v2\/product"}],"about":[{"href":"https:\/\/turkishtrade.co\/tr\/wp-json\/wp\/v2\/types\/product"}],"wp:featuredmedia":[{"embeddable":true,"href":"https:\/\/turkishtrade.co\/tr\/wp-json\/wp\/v2\/media\/3593"}],"wp:attachment":[{"href":"https:\/\/turkishtrade.co\/tr\/wp-json\/wp\/v2\/media?parent=5334"}],"wp:term":[{"taxonomy":"product_brand","embeddable":true,"href":"https:\/\/turkishtrade.co\/tr\/wp-json\/wp\/v2\/product_brand?post=5334"},{"taxonomy":"product_cat","embeddable":true,"href":"https:\/\/turkishtrade.co\/tr\/wp-json\/wp\/v2\/product_cat?post=5334"},{"taxonomy":"product_tag","embeddable":true,"href":"https:\/\/turkishtrade.co\/tr\/wp-json\/wp\/v2\/product_tag?post=5334"}],"curies":[{"name":"wp","href":"https:\/\/api.w.org\/{rel}","templated":true}]}}