{"id":5328,"date":"2026-01-14T11:43:07","date_gmt":"2026-01-14T11:43:07","guid":{"rendered":"https:\/\/turkishtrade.co\/product\/men-s-calf-leather-dress-shoes\/"},"modified":"2026-04-09T19:37:31","modified_gmt":"2026-04-09T19:37:31","slug":"exclusive-mens-calf-leather-dress-shoes","status":"publish","type":"product","link":"https:\/\/turkishtrade.co\/tr\/shop\/exclusive-mens-calf-leather-dress-shoes\/","title":{"rendered":"Dokulu Detaylara Sahip Premium Erkek Dana Derisi Elbise Ayakkab\u0131s\u0131"},"content":{"rendered":"<p><strong>Erkek Dana Derisi Elbise Ayakkab\u0131s\u0131<\/strong><\/p>\n<p>Enfes \u00fcr\u00fcnlerimizle benzersiz bir sofistike ortama ad\u0131m at\u0131n <b>Erkek Dana Derisi Elbise Ayakkab\u0131s\u0131<\/b>. Hem zamans\u0131z bir \u015f\u0131kl\u0131k hem de modern bir konfor sunmak i\u00e7in titizlikle \u00fcretilen bu birinci s\u0131n\u0131f ayakkab\u0131lar, kalite ve stile de\u011fer veren se\u00e7kin beyefendiler i\u00e7in tasarlanm\u0131\u015ft\u0131r. \u0130ster resmi bir etkinli\u011fe kat\u0131l\u0131n, ister ofise gidin ya da g\u00fc\u00e7l\u00fc bir a\u00e7\u0131klama yap\u0131n, bu <b>Erkek Dana Derisi Elbise Ayakkab\u0131s\u0131<\/b> tak\u0131m\u0131n\u0131z\u0131 y\u00fckseltecek.<\/p>\n<h3>Rakipsiz Malzemeler ve \u00dcst\u00fcn \u0130\u015f\u00e7ilik<\/h3>\n<p>Bu se\u00e7kin \u00e7iftlerin her biri <b>Erkek Dana Derisi Elbise Ayakkab\u0131s\u0131<\/b> dayan\u0131kl\u0131l\u0131\u011f\u0131, p\u00fcr\u00fczs\u00fcz y\u00fczeyi ve zarif g\u00f6r\u00fcn\u00fcm\u00fcyle \u00fcnl\u00fc l\u00fcks dana derisi d\u0131\u015f y\u00fczeye sahiptir. Yenilik\u00e7i tasar\u0131m, benzersiz bir g\u00f6rsel derinlik ve \u00e7a\u011fda\u015f bir yetenek katan ince dokulu panellere sahiptir ve onlar\u0131 geleneksel ayakkab\u0131lardan ay\u0131r\u0131r. \u0130\u00e7 k\u0131s\u0131mda, ayaklar\u0131n\u0131z hakiki ke\u00e7i derisi astar\u0131n benzersiz yumu\u015fakl\u0131\u011f\u0131yla sar\u0131l\u0131r. Bu birinci s\u0131n\u0131f i\u00e7 malzeme, ola\u011fan\u00fcst\u00fc nefes alabilirlik ve eldiven benzeri bir uyum sa\u011flayarak bu ayakkab\u0131lar\u0131 <b>Erkek Dana Derisi Elbise Ayakkab\u0131s\u0131<\/b> t\u00fcm g\u00fcn kullan\u0131m i\u00e7in yeterince rahatt\u0131r. Bu y\u00fcksek kaliteli derilerin \u00f6zenle bir araya getirilmesi, her bir \u00e7ift i\u00e7in harcanan \u00fcst\u00fcn i\u015f\u00e7ilik hakk\u0131nda \u00e7ok \u015fey anlat\u0131yor.<\/p>\n<h3>Zarif Tasar\u0131m ve \u00dcst\u00fcn Konfor<\/h3>\n<p>Bu zarif yap\u0131lar\u0131n temeli <b>Erkek Dana Derisi Elbise Ayakkab\u0131s\u0131<\/b> hafif ama sa\u011flam Microlight taban, m\u00fckemmel tutu\u015f ve rahat bir ad\u0131m sa\u011flar. 1-3 cm'lik m\u00fctevaz\u0131 bir topuk y\u00fcksekli\u011fine sahip bu ayakkab\u0131lar, dengeden \u00f6d\u00fcn vermeden do\u011fru miktarda y\u00fckselme sunar. 39'dan 45'e kadar geni\u015f bir beden yelpazesinde mevcut olan bu ayakkab\u0131lar, geni\u015f bir m\u00fc\u015fteri yelpazesi i\u00e7in m\u00fckemmel bir uyum sa\u011flar. Klasik ba\u011fc\u0131kl\u0131 tasar\u0131m g\u00fcvenli ve ayarlanabilir bir uyum sa\u011flarken, \u00e7a\u011fda\u015f siluet bu ayakkab\u0131lar\u0131n <b>Erkek Dana Derisi Elbise Ayakkab\u0131s\u0131<\/b> y\u0131llarca \u015f\u0131k bir se\u00e7im olmaya devam edecek. Her ad\u0131mda gelenek ve yenili\u011fin m\u00fckemmel kar\u0131\u015f\u0131m\u0131n\u0131 deneyimleyin, bu ayakkab\u0131lar\u0131 her durum i\u00e7in ideal Erkek Dana Derisi Elbise Ayakkab\u0131s\u0131 haline getirin.<\/p>\n<h3>Toplu Bulunabilirlik ve Ola\u011fan\u00fcst\u00fc De\u011fer<\/h3>\n<p>Perakendeciler, distrib\u00fct\u00f6rler veya \u00fcst\u00fcn kaliteli ayakkab\u0131 stoklamak isteyenler i\u00e7in bu <b>Erkek Dana Derisi Elbise Ayakkab\u0131s\u0131<\/b> minimum 8 \u00e7ift sipari\u015fle toplu olarak sat\u0131n al\u0131nabilir. Ola\u011fan\u00fcst\u00fc bir de\u011fer sunan bu \u00fcr\u00fcnlerin her bir \u00e7ifti cazip bir USD fiyat\u0131yla sat\u0131lmaktad\u0131r ve bu da onlar\u0131 i\u015fletmeniz i\u00e7in m\u00fckemmel bir yat\u0131r\u0131m haline getirmektedir. Yakla\u015f\u0131k 12 g\u00fcn i\u00e7inde teslimat art\u0131 nakliye bekleyerek stoklar\u0131n zaman\u0131nda yenilenmesini sa\u011flay\u0131n. Y\u00fcksek talep g\u00f6ren bu \u00fcr\u00fcnlere yat\u0131r\u0131m yap\u0131n <b>Erkek Dana Derisi Elbise Ayakkab\u0131s\u0131<\/b> ve m\u00fc\u015fterilerinize kalite, konfor ve sofistike tasar\u0131m a\u00e7\u0131s\u0131ndan ger\u00e7ekten \u00f6ne \u00e7\u0131kan ayakkab\u0131lar sunun.<\/p>","protected":false},"excerpt":{"rendered":"<ul>\n<li>Sofistike bir stil i\u00e7in birinci s\u0131n\u0131f dana derisinden \u00fcretilmi\u015f d\u0131\u015f y\u00fczey<\/li>\n<li>L\u00fcks ke\u00e7i derisi i\u00e7 astar \u00fcst\u00fcn konfor sa\u011flar<\/li>\n<li>Hafif ve dayan\u0131kl\u0131 Microlight tabana sahiptir<\/li>\n<li>Zarif bir duru\u015f i\u00e7in 1-3 cm topuk y\u00fcksekli\u011fi<\/li>\n<li>Geni\u015f bir ebat yelpazesinde mevcuttur: 39, 40, 41, 42, 43, 44, 45<\/li>\n<li>Minimum sipari\u015f miktar\u0131: 8 \u00e7ift, toplu al\u0131mlar i\u00e7in ideal<\/li>\n<li>Toptan sipari\u015fler i\u00e7in \u00e7ift ba\u015f\u0131na rekabet\u00e7i USD fiyat\u0131<\/li>\n<\/ul>","protected":false},"featured_media":3588,"template":"","meta":{"_acf_changed":false,"_uag_custom_page_level_css":"","site-sidebar-layout":"default","site-content-layout":"","ast-site-content-layout":"default","site-content-style":"default","site-sidebar-style":"default","ast-global-header-display":"","ast-banner-title-visibility":"","ast-main-header-display":"","ast-hfb-above-header-display":"","ast-hfb-below-header-display":"","ast-hfb-mobile-header-display":"","site-post-title":"","ast-breadcrumbs-content":"","ast-featured-img":"","footer-sml-layout":"","ast-disable-related-posts":"","theme-transparent-header-meta":"default","adv-header-id-meta":"","stick-header-meta":"","header-above-stick-meta":"","header-main-stick-meta":"","header-below-stick-meta":"","astra-migrate-meta-layouts":"set","ast-page-background-enabled":"default","ast-page-background-meta":{"desktop":{"background-color":"var(--ast-global-color-4)","background-image":"","background-repeat":"repeat","background-position":"center center","background-size":"auto","background-attachment":"scroll","background-type":"","background-media":"","overlay-type":"","overlay-color":"","overlay-opacity":"","overlay-gradient":""},"tablet":{"background-color":"","background-image":"","background-repeat":"repeat","background-position":"center center","background-size":"auto","background-attachment":"scroll","background-type":"","background-media":"","overlay-type":"","overlay-color":"","overlay-opacity":"","overlay-gradient":""},"mobile":{"background-color":"","background-image":"","background-repeat":"repeat","background-position":"center center","background-size":"auto","background-attachment":"scroll","background-type":"","background-media":"","overlay-type":"","overlay-color":"","overlay-opacity":"","overlay-gradient":""}},"ast-content-background-meta":{"desktop":{"background-color":"var(--ast-global-color-5)","background-image":"","background-repeat":"repeat","background-position":"center center","background-size":"auto","background-attachment":"scroll","background-type":"","background-media":"","overlay-type":"","overlay-color":"","overlay-opacity":"","overlay-gradient":""},"tablet":{"background-color":"var(--ast-global-color-5)","background-image":"","background-repeat":"repeat","background-position":"center center","background-size":"auto","background-attachment":"scroll","background-type":"","background-media":"","overlay-type":"","overlay-color":"","overlay-opacity":"","overlay-gradient":""},"mobile":{"background-color":"var(--ast-global-color-5)","background-image":"","background-repeat":"repeat","background-position":"center center","background-size":"auto","background-attachment":"scroll","background-type":"","background-media":"","overlay-type":"","overlay-color":"","overlay-opacity":"","overlay-gradient":""}}},"product_brand":[],"product_cat":[47,430,40],"product_tag":[295,199,854,405,185,480,251,189,853,360,324,466,406,855,411,281],"class_list":{"0":"post-5328","1":"product","2":"type-product","3":"status-publish","4":"has-post-thumbnail","6":"product_cat-classic","7":"product_cat-men","8":"product_cat-mens-shoes","9":"product_tag-black-dress-shoes","10":"product_tag-brown-dress-shoes","11":"product_tag-bulk-leather-shoes","12":"product_tag-business-shoes","13":"product_tag-calf-leather-shoes","14":"product_tag-elegant-shoes","15":"product_tag-formal-shoes","16":"product_tag-goat-leather-lining","17":"product_tag-leather-derbies","18":"product_tag-leather-oxfords","19":"product_tag-mens-dress-shoes","20":"product_tag-microlight-sole","21":"product_tag-premium-shoes","22":"product_tag-sophisticated-footwear","23":"product_tag-textured-leather-shoes","24":"product_tag-wholesale-shoes","25":"desktop-align-center","26":"tablet-align-center","27":"mobile-align-center","29":"first","30":"instock","31":"shipping-taxable","32":"purchasable","33":"product-type-variable","34":"has-default-attributes"},"acf":[],"uagb_featured_image_src":{"full":["https:\/\/turkishtrade.co\/wp-content\/uploads\/2026\/01\/2400EJOMN00161-BROWN-X_12585.png",453,250,false],"thumbnail":["https:\/\/turkishtrade.co\/wp-content\/uploads\/2026\/01\/2400EJOMN00161-BROWN-X_12585-150x150.png",150,150,true],"medium":["https:\/\/turkishtrade.co\/wp-content\/uploads\/2026\/01\/2400EJOMN00161-BROWN-X_12585-300x166.png",300,166,true],"medium_large":["https:\/\/turkishtrade.co\/wp-content\/uploads\/2026\/01\/2400EJOMN00161-BROWN-X_12585.png",453,250,false],"large":["https:\/\/turkishtrade.co\/wp-content\/uploads\/2026\/01\/2400EJOMN00161-BROWN-X_12585.png",453,250,false],"1536x1536":["https:\/\/turkishtrade.co\/wp-content\/uploads\/2026\/01\/2400EJOMN00161-BROWN-X_12585.png",453,250,false],"2048x2048":["https:\/\/turkishtrade.co\/wp-content\/uploads\/2026\/01\/2400EJOMN00161-BROWN-X_12585.png",453,250,false],"trp-custom-language-flag":["https:\/\/turkishtrade.co\/wp-content\/uploads\/2026\/01\/2400EJOMN00161-BROWN-X_12585-18x10.png",18,10,true],"woocommerce_thumbnail":["https:\/\/turkishtrade.co\/wp-content\/uploads\/2026\/01\/2400EJOMN00161-BROWN-X_12585-400x250.png",400,250,true],"woocommerce_single":["https:\/\/turkishtrade.co\/wp-content\/uploads\/2026\/01\/2400EJOMN00161-BROWN-X_12585.png",453,250,false],"woocommerce_gallery_thumbnail":["https:\/\/turkishtrade.co\/wp-content\/uploads\/2026\/01\/2400EJOMN00161-BROWN-X_12585-100x100.png",100,100,true]},"uagb_author_info":{"display_name":"yaser olabi","author_link":"https:\/\/turkishtrade.co\/tr\/author\/"},"uagb_comment_info":0,"uagb_excerpt":"Crafted from premium calf leather exterior for sophisticated style Luxurious goat leather interior lining ensures ultimate comfort Features a lightweight and durable Microlight sole Subtle 1-3cm heel height for an elegant lift Available in a wide range of sizes: 39, 40, 41, 42, 43, 44, 45 Minimum order quantity: 8 pairs, ideal for bulk purchases&hellip;","_links":{"self":[{"href":"https:\/\/turkishtrade.co\/tr\/wp-json\/wp\/v2\/product\/5328","targetHints":{"allow":["GET"]}}],"collection":[{"href":"https:\/\/turkishtrade.co\/tr\/wp-json\/wp\/v2\/product"}],"about":[{"href":"https:\/\/turkishtrade.co\/tr\/wp-json\/wp\/v2\/types\/product"}],"wp:featuredmedia":[{"embeddable":true,"href":"https:\/\/turkishtrade.co\/tr\/wp-json\/wp\/v2\/media\/3588"}],"wp:attachment":[{"href":"https:\/\/turkishtrade.co\/tr\/wp-json\/wp\/v2\/media?parent=5328"}],"wp:term":[{"taxonomy":"product_brand","embeddable":true,"href":"https:\/\/turkishtrade.co\/tr\/wp-json\/wp\/v2\/product_brand?post=5328"},{"taxonomy":"product_cat","embeddable":true,"href":"https:\/\/turkishtrade.co\/tr\/wp-json\/wp\/v2\/product_cat?post=5328"},{"taxonomy":"product_tag","embeddable":true,"href":"https:\/\/turkishtrade.co\/tr\/wp-json\/wp\/v2\/product_tag?post=5328"}],"curies":[{"name":"wp","href":"https:\/\/api.w.org\/{rel}","templated":true}]}}