{"id":5325,"date":"2026-01-14T11:42:42","date_gmt":"2026-01-14T11:42:42","guid":{"rendered":"https:\/\/turkishtrade.co\/product\/mens-embossed-leather-shoes\/"},"modified":"2026-04-09T19:37:36","modified_gmt":"2026-04-09T19:37:36","slug":"mens-embossed-leather-shoes","status":"publish","type":"product","link":"https:\/\/turkishtrade.co\/tr\/shop\/mens-embossed-leather-shoes\/","title":{"rendered":"Erkek L\u00fcks Kabartmal\u0131 Deri Derby Elbise Ayakkab\u0131s\u0131"},"content":{"rendered":"<p><strong>Erkek Kabartmal\u0131 Deri Ayakkab\u0131<\/strong><\/p>\n<p>Enfes koleksiyonumuzla benzersiz bir stil ve konfora ad\u0131m at\u0131n <b>erkek kabartmal\u0131 deri ayakkab\u0131<\/b>. Se\u00e7kin beyefendiler i\u00e7in tasarlanan bu derby ayakkab\u0131lar, \u00fcst\u00fcn i\u015f\u00e7ili\u011fin ve zamans\u0131z \u015f\u0131kl\u0131\u011f\u0131n bir kan\u0131t\u0131d\u0131r. Bu l\u00fcks ayakkab\u0131lar\u0131n her bir \u00e7ifti <b>erkek kabartmal\u0131 deri ayakkab\u0131<\/b> sofistike esteti\u011fin ve kal\u0131c\u0131 kalitenin bir kar\u0131\u015f\u0131m\u0131n\u0131 sunmak i\u00e7in titizlikle \u00fcretilmi\u015ftir, bu da onlar\u0131 her sofistike gard\u0131robun vazge\u00e7ilmez bir eklentisi haline getirir.<\/p>\n<h3>Her \u00c7iftte E\u015fsiz Kalite ve \u0130\u015f\u00e7ilik<\/h3>\n<p>Premium \u00fcr\u00fcnlerimiz <b>erkek kabartmal\u0131 deri ayakkab\u0131<\/b> esnek dokusu ve ola\u011fan\u00fcst\u00fc dayan\u0131kl\u0131l\u0131\u011f\u0131yla tan\u0131nan hakiki dana derisinden yap\u0131lm\u0131\u015f \u00fcst\u00fcn bir d\u0131\u015f y\u00fczeye sahiptir. S\u0131rt k\u0131sm\u0131ndaki kendine \u00f6zg\u00fc kabartmal\u0131 desen, bu \u00f6zel ayakkab\u0131y\u0131 benzersiz bir g\u00f6rsel derinlik ve karaktere kavu\u015fturuyor. <b>erkek kabartmal\u0131 deri ayakkab\u0131<\/b> geleneksel resmi ayakkab\u0131lardan farkl\u0131d\u0131r. \u0130\u00e7 k\u0131sm\u0131 yumu\u015fak ke\u00e7i derisiyle g\u00f6rkemli bir \u015fekilde astarlanm\u0131\u015ft\u0131r ve uzun s\u00fcreli kullan\u0131mda bile ayaklar\u0131n\u0131z i\u00e7in inan\u0131lmaz derecede rahat ve nefes alabilir bir ortam sa\u011flar. Birinci s\u0131n\u0131f malzemelerin bu \u00f6zenli kombinasyonu, bu olmazsa olmaz ayakkab\u0131lar\u0131n hem uzun \u00f6m\u00fcrl\u00fc olmas\u0131n\u0131 hem de ger\u00e7ekten l\u00fcks bir his vermesini sa\u011flar. <b>erkek kabartmal\u0131 deri ayakkab\u0131<\/b>.<\/p>\n<p>Bu istisnai \u00e7al\u0131\u015fmalar\u0131n temeli <b>erkek kabartmal\u0131 deri ayakkab\u0131<\/b> yenilik\u00e7i Microlight taban\u0131nda yatmaktad\u0131r. Bu geli\u015fmi\u015f taban teknolojisi, ola\u011fan\u00fcst\u00fc hafiflik ve esneklik sunarak zahmetsiz bir y\u00fcr\u00fcy\u00fc\u015f deneyimine katk\u0131da bulunur. Zarif 1-3 cm topukla birle\u015fen bu derby ayakkab\u0131lar, duru\u015fu iyile\u015ftiren ve zarif profillerine katk\u0131da bulunan ince bir kald\u0131rma sa\u011flar. EU 39'dan 45'e kadar kapsaml\u0131 bir beden yelpazesinde mevcut olan bu ayakkab\u0131lar, geni\u015f bir ayak yelpazesi i\u00e7in m\u00fckemmel bir uyum sa\u011flayarak her kullan\u0131c\u0131 i\u00e7in konforu ve stili garanti eder. <b>erkek kabartmal\u0131 deri ayakkab\u0131<\/b>.<\/p>\n<h3>Erkek Kabartmal\u0131 Deri Ayakkab\u0131lar\u0131m\u0131zla Her Duruma Uygun \u00c7ok Y\u00f6nl\u00fcl\u00fck<\/h3>\n<p>\u0130ster \u00f6nemli bir i\u015f toplant\u0131s\u0131na, ister resmi bir etkinli\u011fe kat\u0131l\u0131yor olun, ister sadece g\u00fcnl\u00fck k\u0131yafetinizi y\u00fckseltmek isteyin, bu \u00e7ok y\u00f6nl\u00fc <b>erkek kabartmal\u0131 deri ayakkab\u0131<\/b> ideal bir se\u00e7imdir. Klasik derby silueti, modern kabartmal\u0131 detaylarla birle\u015fti\u011finde inan\u0131lmaz bir \u00e7ok y\u00f6nl\u00fcl\u00fck sa\u011flar. Profesyonel bir g\u00f6r\u00fcn\u00fcm i\u00e7in keskin bir tak\u0131m elbise ile veya \u015f\u0131k bir g\u00fcndelik kombin i\u00e7in \u00f6zel dikim pantolon ve blazer ceket ile e\u015fle\u015ftirin. Sofistike tasar\u0131m, bu ola\u011fan\u00fcst\u00fc ayakkab\u0131larla her zaman kal\u0131c\u0131 bir etki b\u0131rakman\u0131z\u0131 sa\u011flar. <b>erkek kabartmal\u0131 deri ayakkab\u0131<\/b>.<\/p>\n<p>\u0130\u015fletmelerin ihtiya\u00e7lar\u0131n\u0131 anl\u0131yor ve bu premium \u00fcr\u00fcnleri gururla sunuyoruz <b>erkek kabartmal\u0131 deri ayakkab\u0131<\/b> toplu al\u0131m i\u00e7in. Sadece 8 \u00e7iftlik minimum sipari\u015f miktar\u0131yla, envanterinizi m\u00fc\u015fterilerinizin bay\u0131laca\u011f\u0131 y\u00fcksek kaliteli, modaya uygun ayakkab\u0131larla doldurabilirsiniz. \u00c7ift ba\u015f\u0131na rekabet\u00e7i USD fiyat\u0131n\u0131n keyfini \u00e7\u0131kar\u0131n ve 12 g\u00fcn i\u00e7inde g\u00f6nderilen sipari\u015fler ve kargo ile verimli \u00fcretim ve teslimat program\u0131m\u0131zdan yararlan\u0131n. En iyisine yat\u0131r\u0131m yap\u0131n <b>erkek kabartmal\u0131 deri ayakkab\u0131<\/b> ve m\u00fc\u015fterilerinize stil, konfor ve kal\u0131c\u0131 kalitenin benzersiz bir kar\u0131\u015f\u0131m\u0131n\u0131 sunun.<\/p>","protected":false},"excerpt":{"rendered":"<ul>\n<li><b>Premium Malzemeler:<\/b> \u00dcst\u00fcn konfor ve dayan\u0131kl\u0131l\u0131k i\u00e7in l\u00fcks dana derisi d\u0131\u015f y\u00fczey ve yumu\u015fak ke\u00e7i derisi i\u00e7 k\u0131s\u0131m ile \u00fcretilmi\u015ftir.<\/li>\n<li><b>Ay\u0131rt Edici Tasar\u0131m:<\/b> S\u0131rt k\u0131sm\u0131nda zarif bir kabartma dokuya sahip olan bu derby ayakkab\u0131lara benzersiz ve sofistike bir dokunu\u015f kat\u0131yor.<\/li>\n<li><b>Rahat Taban:<\/b> Her ad\u0131mda \u00fcst\u00fcn konfor ve esneklik sa\u011flayan hafif Microlight taban ile donat\u0131lm\u0131\u015ft\u0131r.<\/li>\n<li><b>\u0130deal Topuk Y\u00fcksekli\u011fi:<\/b> \u0130nce 1-3 cm topuk, konfordan \u00f6d\u00fcn vermeden zarif bir y\u00fckseli\u015f sa\u011flar.<\/li>\n<li><b>Mevcut Boyutlar:<\/b> M\u00fckemmel bir uyum sa\u011flamak i\u00e7in EU 39'dan 45'e kadar kapsaml\u0131 bir beden yelpazesinde sunulur.<\/li>\n<li><b>Toptan ve Toplu Sipari\u015fler:<\/b> \u0130\u015fletmeler i\u00e7in minimum 8 \u00e7ift sipari\u015f miktar\u0131 mevcuttur.<\/li>\n<li><b>Nakliye:<\/b> 12 g\u00fcn i\u00e7inde teslimat art\u0131 nakliye s\u00fcresi.<\/li>\n<li><b>Rekabet\u00e7i Fiyatland\u0131rma:<\/b> Toplu sipari\u015fler i\u00e7in \u00e7ift ba\u015f\u0131na sadece USD olarak fiyatland\u0131r\u0131l\u0131r.<\/li>\n<\/ul>","protected":false},"featured_media":3586,"template":"","meta":{"_acf_changed":false,"_uag_custom_page_level_css":"","site-sidebar-layout":"default","site-content-layout":"","ast-site-content-layout":"default","site-content-style":"default","site-sidebar-style":"default","ast-global-header-display":"","ast-banner-title-visibility":"","ast-main-header-display":"","ast-hfb-above-header-display":"","ast-hfb-below-header-display":"","ast-hfb-mobile-header-display":"","site-post-title":"","ast-breadcrumbs-content":"","ast-featured-img":"","footer-sml-layout":"","ast-disable-related-posts":"","theme-transparent-header-meta":"default","adv-header-id-meta":"","stick-header-meta":"","header-above-stick-meta":"","header-main-stick-meta":"","header-below-stick-meta":"","astra-migrate-meta-layouts":"set","ast-page-background-enabled":"default","ast-page-background-meta":{"desktop":{"background-color":"var(--ast-global-color-4)","background-image":"","background-repeat":"repeat","background-position":"center center","background-size":"auto","background-attachment":"scroll","background-type":"","background-media":"","overlay-type":"","overlay-color":"","overlay-opacity":"","overlay-gradient":""},"tablet":{"background-color":"","background-image":"","background-repeat":"repeat","background-position":"center center","background-size":"auto","background-attachment":"scroll","background-type":"","background-media":"","overlay-type":"","overlay-color":"","overlay-opacity":"","overlay-gradient":""},"mobile":{"background-color":"","background-image":"","background-repeat":"repeat","background-position":"center center","background-size":"auto","background-attachment":"scroll","background-type":"","background-media":"","overlay-type":"","overlay-color":"","overlay-opacity":"","overlay-gradient":""}},"ast-content-background-meta":{"desktop":{"background-color":"var(--ast-global-color-5)","background-image":"","background-repeat":"repeat","background-position":"center center","background-size":"auto","background-attachment":"scroll","background-type":"","background-media":"","overlay-type":"","overlay-color":"","overlay-opacity":"","overlay-gradient":""},"tablet":{"background-color":"var(--ast-global-color-5)","background-image":"","background-repeat":"repeat","background-position":"center center","background-size":"auto","background-attachment":"scroll","background-type":"","background-media":"","overlay-type":"","overlay-color":"","overlay-opacity":"","overlay-gradient":""},"mobile":{"background-color":"var(--ast-global-color-5)","background-image":"","background-repeat":"repeat","background-position":"center center","background-size":"auto","background-attachment":"scroll","background-type":"","background-media":"","overlay-type":"","overlay-color":"","overlay-opacity":"","overlay-gradient":""}}},"product_brand":[],"product_cat":[47,430,40],"product_tag":[605,218,405,202,212,284,418,251,437,227,217,466,281],"class_list":{"0":"post-5325","1":"product","2":"type-product","3":"status-publish","4":"has-post-thumbnail","6":"product_cat-classic","7":"product_cat-men","8":"product_cat-mens-shoes","9":"product_tag-black-shoes","10":"product_tag-brown-shoes","11":"product_tag-business-shoes","12":"product_tag-calf-leather","13":"product_tag-derby-shoes","14":"product_tag-dress-shoes","15":"product_tag-embossed-leather","16":"product_tag-formal-shoes","17":"product_tag-goat-leather","18":"product_tag-leather-shoes","19":"product_tag-luxury-footwear","20":"product_tag-microlight-sole","21":"product_tag-wholesale-shoes","22":"desktop-align-center","23":"tablet-align-center","24":"mobile-align-center","26":"first","27":"instock","28":"shipping-taxable","29":"purchasable","30":"product-type-variable","31":"has-default-attributes"},"acf":[],"uagb_featured_image_src":{"full":["https:\/\/turkishtrade.co\/wp-content\/uploads\/2026\/01\/2400EJOMN00160-DARK-BROWN-X_72.png",453,250,false],"thumbnail":["https:\/\/turkishtrade.co\/wp-content\/uploads\/2026\/01\/2400EJOMN00160-DARK-BROWN-X_72-150x150.png",150,150,true],"medium":["https:\/\/turkishtrade.co\/wp-content\/uploads\/2026\/01\/2400EJOMN00160-DARK-BROWN-X_72-300x166.png",300,166,true],"medium_large":["https:\/\/turkishtrade.co\/wp-content\/uploads\/2026\/01\/2400EJOMN00160-DARK-BROWN-X_72.png",453,250,false],"large":["https:\/\/turkishtrade.co\/wp-content\/uploads\/2026\/01\/2400EJOMN00160-DARK-BROWN-X_72.png",453,250,false],"1536x1536":["https:\/\/turkishtrade.co\/wp-content\/uploads\/2026\/01\/2400EJOMN00160-DARK-BROWN-X_72.png",453,250,false],"2048x2048":["https:\/\/turkishtrade.co\/wp-content\/uploads\/2026\/01\/2400EJOMN00160-DARK-BROWN-X_72.png",453,250,false],"trp-custom-language-flag":["https:\/\/turkishtrade.co\/wp-content\/uploads\/2026\/01\/2400EJOMN00160-DARK-BROWN-X_72-18x10.png",18,10,true],"woocommerce_thumbnail":["https:\/\/turkishtrade.co\/wp-content\/uploads\/2026\/01\/2400EJOMN00160-DARK-BROWN-X_72-400x250.png",400,250,true],"woocommerce_single":["https:\/\/turkishtrade.co\/wp-content\/uploads\/2026\/01\/2400EJOMN00160-DARK-BROWN-X_72.png",453,250,false],"woocommerce_gallery_thumbnail":["https:\/\/turkishtrade.co\/wp-content\/uploads\/2026\/01\/2400EJOMN00160-DARK-BROWN-X_72-100x100.png",100,100,true]},"uagb_author_info":{"display_name":"yaser olabi","author_link":"https:\/\/turkishtrade.co\/tr\/author\/"},"uagb_comment_info":0,"uagb_excerpt":"Premium Materials: Crafted with a luxurious calf leather exterior and a soft goat leather interior for ultimate comfort and durability. Distinctive Design: Features an elegant embossed texture on the vamp, adding a unique and sophisticated touch to these derby shoes. Comfortable Sole: Equipped with a lightweight Microlight sole, ensuring superior comfort and flexibility with every&hellip;","_links":{"self":[{"href":"https:\/\/turkishtrade.co\/tr\/wp-json\/wp\/v2\/product\/5325","targetHints":{"allow":["GET"]}}],"collection":[{"href":"https:\/\/turkishtrade.co\/tr\/wp-json\/wp\/v2\/product"}],"about":[{"href":"https:\/\/turkishtrade.co\/tr\/wp-json\/wp\/v2\/types\/product"}],"wp:featuredmedia":[{"embeddable":true,"href":"https:\/\/turkishtrade.co\/tr\/wp-json\/wp\/v2\/media\/3586"}],"wp:attachment":[{"href":"https:\/\/turkishtrade.co\/tr\/wp-json\/wp\/v2\/media?parent=5325"}],"wp:term":[{"taxonomy":"product_brand","embeddable":true,"href":"https:\/\/turkishtrade.co\/tr\/wp-json\/wp\/v2\/product_brand?post=5325"},{"taxonomy":"product_cat","embeddable":true,"href":"https:\/\/turkishtrade.co\/tr\/wp-json\/wp\/v2\/product_cat?post=5325"},{"taxonomy":"product_tag","embeddable":true,"href":"https:\/\/turkishtrade.co\/tr\/wp-json\/wp\/v2\/product_tag?post=5325"}],"curies":[{"name":"wp","href":"https:\/\/api.w.org\/{rel}","templated":true}]}}