{"id":5322,"date":"2026-01-14T11:42:19","date_gmt":"2026-01-14T11:42:19","guid":{"rendered":"https:\/\/turkishtrade.co\/product\/mens-leather-oxford-shoes-4\/"},"modified":"2026-04-09T19:37:41","modified_gmt":"2026-04-09T19:37:41","slug":"mens-leather-oxford-shoes-4","status":"publish","type":"product","link":"https:\/\/turkishtrade.co\/tr\/shop\/mens-leather-oxford-shoes-4\/","title":{"rendered":"Erkekler i\u00e7in Zarif Dana Derisi Cap Toe Oxford Ayakkab\u0131"},"content":{"rendered":"<p><strong>Erkek Deri Oxford Ayakkab\u0131<\/strong><\/p>\n<p>Birinci s\u0131n\u0131f koleksiyonumuzla sofistike stile ve benzersiz konfora ad\u0131m at\u0131n <strong>Erkek Deri Oxford Ayakkab\u0131<\/strong>. Se\u00e7kin beyefendiler i\u00e7in tasarlanan bu zarif ayakkab\u0131lar, zamans\u0131z bir zarafeti temsil ederek her t\u00fcrl\u00fc profesyonel veya resmi gard\u0131robun vazge\u00e7ilmez bir par\u00e7as\u0131 haline geliyor. \u0130ster \u00f6nemli bir i\u015f toplant\u0131s\u0131na, ister \u00f6zel bir etkinli\u011fe kat\u0131l\u0131yor olun, ister sadece g\u00fcnl\u00fck k\u0131yafetlerinizi y\u00fckseltmek istiyor olun, bu <strong>erkek deri Oxford ayakkab\u0131<\/strong> hem kusursuz stil hem de kal\u0131c\u0131 kalite sunar.<\/p>\n<h3>Benzersiz \u0130\u015f\u00e7ilik ve L\u00fcks Malzemeler<\/h3>\n<p>Her bir \u00e7iftimiz <strong>Erkek Deri Oxford Ayakkab\u0131<\/strong> \u00fcst\u00fcn i\u015f\u00e7ili\u011fin bir kan\u0131t\u0131d\u0131r. D\u0131\u015f y\u00fczey, p\u00fcr\u00fczs\u00fcz dokusu, dayan\u0131kl\u0131l\u0131\u011f\u0131 ve parlak y\u00fczeyiyle tan\u0131nan y\u00fcksek kaliteli, hakiki Dana Derisinden titizlikle \u00fcretilmi\u015ftir. Bu birinci s\u0131n\u0131f malzeme sadece zarif bir estetik sa\u011flamakla kalmaz, ayn\u0131 zamanda ayakkab\u0131lar\u0131n g\u00fczel bir \u015fekilde ya\u015flanmas\u0131n\u0131 ve zaman i\u00e7inde benzersiz bir patina geli\u015ftirmesini sa\u011flar. Sa\u011flam d\u0131\u015f y\u00fczeyi tamamlayan i\u00e7 astar yumu\u015fak, esnek Ke\u00e7i Derisinden \u00fcretilmi\u015ftir ve g\u00fcn boyunca ayaklar\u0131n\u0131z\u0131 saran ola\u011fan\u00fcst\u00fc nefes alabilirlik ve rahatl\u0131k sunar.<\/p>\n<p>Klasik parmak ucu tasar\u0131m\u0131, geleneksel zarafetin bir dokunu\u015funu ekleyerek bu <strong>erkek deri Oxford ayakkab\u0131<\/strong> Tak\u0131m elbiseler, \u00f6zel dikim pantolonlar ve hatta \u015f\u0131k g\u00fcndelik k\u0131yafetlerle sorunsuz bir \u015fekilde e\u015fle\u015fen \u00e7ok y\u00f6nl\u00fc bir se\u00e7im. Kapal\u0131 ba\u011fc\u0131k sistemi, resmi \u00e7ekicili\u011fini daha da art\u0131rarak g\u00fcven ve \u015f\u0131kl\u0131k yayan \u015f\u0131k ve aerodinamik bir siluet yarat\u0131r.<\/p>\n<h3>Konfor ve Dayan\u0131kl\u0131l\u0131k i\u00e7in Tasarland\u0131<\/h3>\n<p>\u00c7arp\u0131c\u0131 g\u00f6r\u00fcn\u00fcmlerinin \u00f6tesinde, bizim <strong>Erkek Deri Oxford Ayakkab\u0131<\/strong> \u00fcst\u00fcn konfor ve uzun \u00f6m\u00fcrl\u00fcl\u00fck i\u00e7in tasarlanm\u0131\u015ft\u0131r. Yenilik\u00e7i Microlight teknolojisine sahip taban, m\u00fckemmel tutu\u015f ve esneklik sa\u011flayan hafif ancak dayan\u0131kl\u0131 bir temel sunar. Bu geli\u015fmi\u015f taban tasar\u0131m\u0131, uzun saatler ayakta kald\u0131ktan sonra bile yorgunlu\u011fu azaltarak rahat bir kullan\u0131m sa\u011flar. \u0130nce 1-3 cm topuk, denge veya konfordan \u00f6d\u00fcn vermeden kendinden emin bir ad\u0131m i\u00e7in do\u011fru miktarda kald\u0131rma sa\u011flar.<\/p>\n<p>EU 39'dan 45'e kadar kapsaml\u0131 bir beden yelpazesinde mevcut oldu\u011fundan, m\u00fckemmel uyumunuzu bulmak zahmetsizdir. Detaylara verilen \u00f6nemin fark\u0131nday\u0131z, bu nedenle her bir diki\u015f ve her bir k\u0131vr\u0131m m\u00fckemmelli\u011fe olan ba\u011fl\u0131l\u0131\u011f\u0131m\u0131z\u0131 yans\u0131t\u0131yor. <strong>erkek deri Oxford ayakkab\u0131<\/strong> sadece bir ayakkab\u0131 de\u011fil, ki\u015fisel tarz\u0131n\u0131za yapt\u0131\u011f\u0131n\u0131z bir yat\u0131r\u0131md\u0131r.<\/p>\n<h3>Toptan Sat\u0131\u015f F\u0131rsatlar\u0131 ve Kalite G\u00fcvencesi<\/h3>\n<p>\u00dcst\u00fcn kaliteli ayakkab\u0131lar sunmak isteyen perakendeciler ve i\u015fletmeler i\u00e7in <strong>Erkek Deri Oxford Ayakkab\u0131<\/strong> minimum 8 \u00e7ift sipari\u015f ile toptan sat\u0131n al\u0131nabilir. \u00dcretim art\u0131 standart nakliye i\u00e7in tahmini teslim s\u00fcresi 12 g\u00fcn olan verimli \u00fcretimimizle gurur duyuyoruz. Geleneksel ve modern konforun kar\u0131\u015f\u0131m\u0131n\u0131 deneyimleyin. <strong>erkek deri Oxford ayakkab\u0131<\/strong> ayr\u0131. Kaliteye yat\u0131r\u0131m yap\u0131n, stile yat\u0131r\u0131m yap\u0131n.<\/p>","protected":false},"excerpt":{"rendered":"<ul>\n<li><b>Premium Malzemeler:<\/b> L\u00fcks Dana Derisi d\u0131\u015f y\u00fczey, \u00fcst\u00fcn konfor i\u00e7in esnek Ke\u00e7i Derisi i\u00e7 y\u00fczey.<\/li>\n<li><b>Zarif Tasar\u0131m:<\/b> Klasik Cap Toe Oxford stili, resmi ve i\u015f ama\u00e7l\u0131 g\u00fcndelik giyim i\u00e7in m\u00fckemmeldir.<\/li>\n<li><b>Rahat Taban:<\/b> Hafif esneklik ve dayan\u0131kl\u0131l\u0131k i\u00e7in mikro hafif taban.<\/li>\n<li><b>Zarif topuk:<\/b> G\u00f6steri\u015fli bir siluet i\u00e7in 1-3 cm'lik ince topuk.<\/li>\n<li><b>Mevcut Boyutlar:<\/b> AB 39, 40, 41, 42, 43, 44, 45.<\/li>\n<li><b>Toptan Sat\u0131\u015f:<\/b> Minimum 8 \u00e7ift sipari\u015f.<\/li>\n<li><b>G\u00fcncel Fiyat:<\/b> USD (\u00c7ift Ba\u015f\u0131na).<\/li>\n<li><b>\u00dcretim ve Teslimat:<\/b> \u00dcretim art\u0131 nakliye s\u00fcresi i\u00e7in 12 g\u00fcn bekleyin.<\/li>\n<\/ul>","protected":false},"featured_media":3584,"template":"","meta":{"_acf_changed":false,"_uag_custom_page_level_css":"","site-sidebar-layout":"default","site-content-layout":"","ast-site-content-layout":"default","site-content-style":"default","site-sidebar-style":"default","ast-global-header-display":"","ast-banner-title-visibility":"","ast-main-header-display":"","ast-hfb-above-header-display":"","ast-hfb-below-header-display":"","ast-hfb-mobile-header-display":"","site-post-title":"","ast-breadcrumbs-content":"","ast-featured-img":"","footer-sml-layout":"","ast-disable-related-posts":"","theme-transparent-header-meta":"default","adv-header-id-meta":"","stick-header-meta":"","header-above-stick-meta":"","header-main-stick-meta":"","header-below-stick-meta":"","astra-migrate-meta-layouts":"set","ast-page-background-enabled":"default","ast-page-background-meta":{"desktop":{"background-color":"var(--ast-global-color-4)","background-image":"","background-repeat":"repeat","background-position":"center center","background-size":"auto","background-attachment":"scroll","background-type":"","background-media":"","overlay-type":"","overlay-color":"","overlay-opacity":"","overlay-gradient":""},"tablet":{"background-color":"","background-image":"","background-repeat":"repeat","background-position":"center center","background-size":"auto","background-attachment":"scroll","background-type":"","background-media":"","overlay-type":"","overlay-color":"","overlay-opacity":"","overlay-gradient":""},"mobile":{"background-color":"","background-image":"","background-repeat":"repeat","background-position":"center center","background-size":"auto","background-attachment":"scroll","background-type":"","background-media":"","overlay-type":"","overlay-color":"","overlay-opacity":"","overlay-gradient":""}},"ast-content-background-meta":{"desktop":{"background-color":"var(--ast-global-color-5)","background-image":"","background-repeat":"repeat","background-position":"center center","background-size":"auto","background-attachment":"scroll","background-type":"","background-media":"","overlay-type":"","overlay-color":"","overlay-opacity":"","overlay-gradient":""},"tablet":{"background-color":"var(--ast-global-color-5)","background-image":"","background-repeat":"repeat","background-position":"center center","background-size":"auto","background-attachment":"scroll","background-type":"","background-media":"","overlay-type":"","overlay-color":"","overlay-opacity":"","overlay-gradient":""},"mobile":{"background-color":"var(--ast-global-color-5)","background-image":"","background-repeat":"repeat","background-position":"center center","background-size":"auto","background-attachment":"scroll","background-type":"","background-media":"","overlay-type":"","overlay-color":"","overlay-opacity":"","overlay-gradient":""}}},"product_brand":[],"product_cat":[47,430,40],"product_tag":[405,185,284,480,251,189,666,829,466,632,281],"class_list":{"0":"post-5322","1":"product","2":"type-product","3":"status-publish","4":"has-post-thumbnail","6":"product_cat-classic","7":"product_cat-men","8":"product_cat-mens-shoes","9":"product_tag-business-shoes","10":"product_tag-calf-leather-shoes","11":"product_tag-dress-shoes","12":"product_tag-elegant-shoes","13":"product_tag-formal-shoes","14":"product_tag-goat-leather-lining","15":"product_tag-mens-formal-footwear","16":"product_tag-mens-leather-oxford-shoes","17":"product_tag-microlight-sole","18":"product_tag-premium-leather-shoes","19":"product_tag-wholesale-shoes","20":"desktop-align-center","21":"tablet-align-center","22":"mobile-align-center","24":"first","25":"instock","26":"shipping-taxable","27":"purchasable","28":"product-type-variable","29":"has-default-attributes"},"acf":[],"uagb_featured_image_src":{"full":["https:\/\/turkishtrade.co\/wp-content\/uploads\/2026\/01\/2400EJOMN00159-DARK-BROWN-X_74.png",453,250,false],"thumbnail":["https:\/\/turkishtrade.co\/wp-content\/uploads\/2026\/01\/2400EJOMN00159-DARK-BROWN-X_74.png",150,83,false],"medium":["https:\/\/turkishtrade.co\/wp-content\/uploads\/2026\/01\/2400EJOMN00159-DARK-BROWN-X_74.png",300,166,false],"medium_large":["https:\/\/turkishtrade.co\/wp-content\/uploads\/2026\/01\/2400EJOMN00159-DARK-BROWN-X_74.png",453,250,false],"large":["https:\/\/turkishtrade.co\/wp-content\/uploads\/2026\/01\/2400EJOMN00159-DARK-BROWN-X_74.png",453,250,false],"1536x1536":["https:\/\/turkishtrade.co\/wp-content\/uploads\/2026\/01\/2400EJOMN00159-DARK-BROWN-X_74.png",453,250,false],"2048x2048":["https:\/\/turkishtrade.co\/wp-content\/uploads\/2026\/01\/2400EJOMN00159-DARK-BROWN-X_74.png",453,250,false],"trp-custom-language-flag":["https:\/\/turkishtrade.co\/wp-content\/uploads\/2026\/01\/2400EJOMN00159-DARK-BROWN-X_74.png",18,10,false],"woocommerce_thumbnail":["https:\/\/turkishtrade.co\/wp-content\/uploads\/2026\/01\/2400EJOMN00159-DARK-BROWN-X_74-400x250.png",400,250,true],"woocommerce_single":["https:\/\/turkishtrade.co\/wp-content\/uploads\/2026\/01\/2400EJOMN00159-DARK-BROWN-X_74.png",453,250,false],"woocommerce_gallery_thumbnail":["https:\/\/turkishtrade.co\/wp-content\/uploads\/2026\/01\/2400EJOMN00159-DARK-BROWN-X_74-100x100.png",100,100,true]},"uagb_author_info":{"display_name":"yaser olabi","author_link":"https:\/\/turkishtrade.co\/tr\/author\/"},"uagb_comment_info":0,"uagb_excerpt":"Premium Materials: Luxurious Calf Leather exterior, supple Goat Leather interior for ultimate comfort. Elegant Design: Classic Cap Toe Oxford style, perfect for formal and business casual wear. Comfortable Sole: Microlight sole for lightweight flexibility and durability. Refined Heel: Subtle 1-3 cm heel for a polished silhouette. Available Sizes: EU 39, 40, 41, 42, 43, 44,&hellip;","_links":{"self":[{"href":"https:\/\/turkishtrade.co\/tr\/wp-json\/wp\/v2\/product\/5322","targetHints":{"allow":["GET"]}}],"collection":[{"href":"https:\/\/turkishtrade.co\/tr\/wp-json\/wp\/v2\/product"}],"about":[{"href":"https:\/\/turkishtrade.co\/tr\/wp-json\/wp\/v2\/types\/product"}],"wp:featuredmedia":[{"embeddable":true,"href":"https:\/\/turkishtrade.co\/tr\/wp-json\/wp\/v2\/media\/3584"}],"wp:attachment":[{"href":"https:\/\/turkishtrade.co\/tr\/wp-json\/wp\/v2\/media?parent=5322"}],"wp:term":[{"taxonomy":"product_brand","embeddable":true,"href":"https:\/\/turkishtrade.co\/tr\/wp-json\/wp\/v2\/product_brand?post=5322"},{"taxonomy":"product_cat","embeddable":true,"href":"https:\/\/turkishtrade.co\/tr\/wp-json\/wp\/v2\/product_cat?post=5322"},{"taxonomy":"product_tag","embeddable":true,"href":"https:\/\/turkishtrade.co\/tr\/wp-json\/wp\/v2\/product_tag?post=5322"}],"curies":[{"name":"wp","href":"https:\/\/api.w.org\/{rel}","templated":true}]}}