{"id":5319,"date":"2026-01-14T11:41:57","date_gmt":"2026-01-14T11:41:57","guid":{"rendered":"https:\/\/turkishtrade.co\/product\/men-calf-leather-oxfords\/"},"modified":"2026-04-09T19:37:47","modified_gmt":"2026-04-09T19:37:47","slug":"mens-calf-leather-oxfords-premium","status":"publish","type":"product","link":"https:\/\/turkishtrade.co\/tr\/shop\/mens-calf-leather-oxfords-premium\/","title":{"rendered":"Zarif Erkek Dana Derisi Oxford Elbise Ayakkab\u0131s\u0131"},"content":{"rendered":"<p><strong>Erkek Dana Derisi Oxfords<\/strong><\/p>\n<p>Enfes \u00fcr\u00fcnlerimizle benzersiz bir sofistike ortama ad\u0131m at\u0131n <strong>Erkek Dana Derisi Oxfords<\/strong>. Se\u00e7kin beyefendiler i\u00e7in titizlikle \u00fcretilen bu elbise ayakkab\u0131lar\u0131, zamans\u0131z \u015f\u0131kl\u0131\u011f\u0131 ve \u00fcst\u00fcn konforu temsil eder. \u0130ster \u00f6nemli bir i\u015f toplant\u0131s\u0131na, ister resmi bir etkinli\u011fe kat\u0131l\u0131yor olun, ister sadece g\u00fcnl\u00fck k\u0131yafetlerinizi y\u00fckseltmek istiyor olun, bu Oxfords kal\u0131c\u0131 bir izlenim b\u0131rakmak i\u00e7in tasarlanm\u0131\u015ft\u0131r. Birinci s\u0131n\u0131f malzemelerle bir araya gelen klasik silueti, rafine bir zevk ve g\u00fcven imaj\u0131 yans\u0131tman\u0131z\u0131 sa\u011flar.<\/p>\n<h3>Rakipsiz \u0130\u015f\u00e7ilik ve Birinci S\u0131n\u0131f Malzemeler<\/h3>\n<p>Her bir \u00e7iftimiz <strong>Erkek Dana Derisi Oxfords<\/strong> ola\u011fan\u00fcst\u00fc ayakkab\u0131c\u0131l\u0131k sanat\u0131n\u0131n bir kan\u0131t\u0131d\u0131r. D\u0131\u015f y\u00fczey, p\u00fcr\u00fczs\u00fcz dokusu, dayan\u0131kl\u0131l\u0131\u011f\u0131 ve zaman i\u00e7inde g\u00fczel bir patine geli\u015ftirme kabiliyetiyle tan\u0131nan esnek, y\u00fcksek kaliteli dana derisinden yap\u0131lm\u0131\u015ft\u0131r. \u0130\u00e7 k\u0131s\u0131mda, ayaklar\u0131n\u0131z l\u00fcks ke\u00e7i derisi astarla sar\u0131l\u0131r, \u00fcst\u00fcn nefes alabilirlik ve g\u00fcn boyunca en \u00fcst d\u00fczeyde konfor i\u00e7in aya\u011f\u0131n\u0131za kal\u0131p gibi oturan eldiven benzeri bir uyum sunar. Yenilik\u00e7i microlight taban m\u00fckemmel esneklik ve hafif destek sa\u011flayarak her ad\u0131m\u0131n zahmetsiz ve dengeli olmas\u0131n\u0131 sa\u011flar ve bu ayakkab\u0131lar\u0131 uzun s\u00fcre giymeyi bir zevk haline getirir.<\/p>\n<h3>Zamans\u0131z Stil ve \u00c7ok Y\u00f6nl\u00fcl\u00fck<\/h3>\n<p>Bu klasik Oxford ayakkab\u0131, \u015f\u0131k ve modern \u00e7ekicili\u011finden \u00f6d\u00fcn vermeden geleneksel bir cazibe katan zarif burun detaylar\u0131na ve ince broguing'e sahiptir. Ba\u011fc\u0131kl\u0131 tasar\u0131m g\u00fcvenli ve ayarlanabilir bir uyum sa\u011flarken, 1-3 cm'lik m\u00fctevaz\u0131 topuk y\u00fcksekli\u011fi t\u00fcm durumlar i\u00e7in uygun rahat bir y\u00fckselti sunar. 39'dan 45'e kadar kapsaml\u0131 bir Avrupa beden yelpazesinde mevcut olup, m\u00fckemmel uyumunuzu bulmak kolayd\u0131r. Bizim <strong>Erkek Dana Derisi Oxfords<\/strong> ayakkab\u0131dan daha fazlas\u0131d\u0131r; stil, konfor ve kal\u0131c\u0131 kaliteye yap\u0131lan bir yat\u0131r\u0131md\u0131r.<\/p>\n<h3>Toptan ve Toplu Sipari\u015fler i\u00e7in \u0130deal<\/h3>\n<p>Perakendeciler, \u00fcniforma tedarik\u00e7ileri veya \u00f6nemli bir izlenim b\u0131rakmak isteyen herkes i\u00e7in bu birinci s\u0131n\u0131f Oxfords toplu sat\u0131n al\u0131m i\u00e7in mevcuttur. Minimum sipari\u015f miktar\u0131 sadece 8 \u00e7ift oldu\u011fundan, bu temel erkek ayakkab\u0131lar\u0131n\u0131 kolayca stoklayabilirsiniz. Toplu sipari\u015fler i\u00e7in rekabet\u00e7i fiyatlar sunuyoruz ve b\u00f6ylesine y\u00fcksek kaliteli i\u015f\u00e7ilik i\u00e7in m\u00fckemmel de\u011fer sa\u011fl\u0131yoruz. Bu muhte\u015fem ayakkab\u0131lar\u0131n sipari\u015fini teslim almak i\u00e7in l\u00fctfen \u00fcretim ve nakliye i\u00e7in 12 g\u00fcn bekleyin. <strong>Erkek Dana Derisi Oxfords<\/strong>.<\/p>\n<p>Gelenek ve yenili\u011fin m\u00fckemmel birle\u015fimini deneyimleyin. Bizimkini se\u00e7in <strong>Erkek Dana Derisi Oxfords<\/strong> asla modas\u0131 ge\u00e7meyen sofistike bir ifade i\u00e7in.<\/p>","protected":false},"excerpt":{"rendered":"<ul>\n<li>Zarif Dana Derisi Saya<\/li>\n<li>Nefes Alabilir Konfor i\u00e7in L\u00fcks Ke\u00e7i Derisi Astar<\/li>\n<li>Hafif Esneklik i\u00e7in Yenilik\u00e7i Microlight Taban<\/li>\n<li>Sofistike Cap Toe ve Brogue Detayland\u0131rma<\/li>\n<li>Rahat Al\u00e7ak Topuk (1-3 cm)<\/li>\n<li>39-45 AB Bedenlerinde Mevcuttur<\/li>\n<li>Minimum Sipari\u015f Miktar\u0131: 8 \u00e7ift. Toplu al\u0131mlar ve toptan sat\u0131\u015f f\u0131rsatlar\u0131 i\u00e7in idealdir.<\/li>\n<li>Teslimat S\u00fcresi: 12 g\u00fcn + nakliye.<\/li>\n<\/ul>","protected":false},"featured_media":3582,"template":"","meta":{"_acf_changed":false,"_uag_custom_page_level_css":"","site-sidebar-layout":"default","site-content-layout":"","ast-site-content-layout":"default","site-content-style":"default","site-sidebar-style":"default","ast-global-header-display":"","ast-banner-title-visibility":"","ast-main-header-display":"","ast-hfb-above-header-display":"","ast-hfb-below-header-display":"","ast-hfb-mobile-header-display":"","site-post-title":"","ast-breadcrumbs-content":"","ast-featured-img":"","footer-sml-layout":"","ast-disable-related-posts":"","theme-transparent-header-meta":"default","adv-header-id-meta":"","stick-header-meta":"","header-above-stick-meta":"","header-main-stick-meta":"","header-below-stick-meta":"","astra-migrate-meta-layouts":"set","ast-page-background-enabled":"default","ast-page-background-meta":{"desktop":{"background-color":"var(--ast-global-color-4)","background-image":"","background-repeat":"repeat","background-position":"center center","background-size":"auto","background-attachment":"scroll","background-type":"","background-media":"","overlay-type":"","overlay-color":"","overlay-opacity":"","overlay-gradient":""},"tablet":{"background-color":"","background-image":"","background-repeat":"repeat","background-position":"center center","background-size":"auto","background-attachment":"scroll","background-type":"","background-media":"","overlay-type":"","overlay-color":"","overlay-opacity":"","overlay-gradient":""},"mobile":{"background-color":"","background-image":"","background-repeat":"repeat","background-position":"center center","background-size":"auto","background-attachment":"scroll","background-type":"","background-media":"","overlay-type":"","overlay-color":"","overlay-opacity":"","overlay-gradient":""}},"ast-content-background-meta":{"desktop":{"background-color":"var(--ast-global-color-5)","background-image":"","background-repeat":"repeat","background-position":"center center","background-size":"auto","background-attachment":"scroll","background-type":"","background-media":"","overlay-type":"","overlay-color":"","overlay-opacity":"","overlay-gradient":""},"tablet":{"background-color":"var(--ast-global-color-5)","background-image":"","background-repeat":"repeat","background-position":"center center","background-size":"auto","background-attachment":"scroll","background-type":"","background-media":"","overlay-type":"","overlay-color":"","overlay-opacity":"","overlay-gradient":""},"mobile":{"background-color":"var(--ast-global-color-5)","background-image":"","background-repeat":"repeat","background-position":"center center","background-size":"auto","background-attachment":"scroll","background-type":"","background-media":"","overlay-type":"","overlay-color":"","overlay-opacity":"","overlay-gradient":""}}},"product_brand":[],"product_cat":[47,430,40],"product_tag":[654,405,458,251,189,450,535,852,466,204,250,633],"class_list":{"0":"post-5319","1":"product","2":"type-product","3":"status-publish","4":"has-post-thumbnail","6":"product_cat-classic","7":"product_cat-men","8":"product_cat-mens-shoes","9":"product_tag-brogue-shoes","10":"product_tag-business-shoes","11":"product_tag-cap-toe-shoes","12":"product_tag-formal-shoes","13":"product_tag-goat-leather-lining","14":"product_tag-handcrafted-shoes","15":"product_tag-leather-dress-shoes","16":"product_tag-mens-calf-leather-oxfords","17":"product_tag-microlight-sole","18":"product_tag-oxford-shoes","19":"product_tag-premium-leather","20":"product_tag-wholesale-dress-shoes","21":"desktop-align-center","22":"tablet-align-center","23":"mobile-align-center","25":"first","26":"instock","27":"shipping-taxable","28":"purchasable","29":"product-type-variable","30":"has-default-attributes"},"acf":[],"uagb_featured_image_src":{"full":["https:\/\/turkishtrade.co\/wp-content\/uploads\/2026\/01\/2400EJOMN00158-BROWN-X_74.png",453,250,false],"thumbnail":["https:\/\/turkishtrade.co\/wp-content\/uploads\/2026\/01\/2400EJOMN00158-BROWN-X_74-150x150.png",150,150,true],"medium":["https:\/\/turkishtrade.co\/wp-content\/uploads\/2026\/01\/2400EJOMN00158-BROWN-X_74-300x166.png",300,166,true],"medium_large":["https:\/\/turkishtrade.co\/wp-content\/uploads\/2026\/01\/2400EJOMN00158-BROWN-X_74.png",453,250,false],"large":["https:\/\/turkishtrade.co\/wp-content\/uploads\/2026\/01\/2400EJOMN00158-BROWN-X_74.png",453,250,false],"1536x1536":["https:\/\/turkishtrade.co\/wp-content\/uploads\/2026\/01\/2400EJOMN00158-BROWN-X_74.png",453,250,false],"2048x2048":["https:\/\/turkishtrade.co\/wp-content\/uploads\/2026\/01\/2400EJOMN00158-BROWN-X_74.png",453,250,false],"trp-custom-language-flag":["https:\/\/turkishtrade.co\/wp-content\/uploads\/2026\/01\/2400EJOMN00158-BROWN-X_74-18x10.png",18,10,true],"woocommerce_thumbnail":["https:\/\/turkishtrade.co\/wp-content\/uploads\/2026\/01\/2400EJOMN00158-BROWN-X_74-400x250.png",400,250,true],"woocommerce_single":["https:\/\/turkishtrade.co\/wp-content\/uploads\/2026\/01\/2400EJOMN00158-BROWN-X_74.png",453,250,false],"woocommerce_gallery_thumbnail":["https:\/\/turkishtrade.co\/wp-content\/uploads\/2026\/01\/2400EJOMN00158-BROWN-X_74-100x100.png",100,100,true]},"uagb_author_info":{"display_name":"yaser olabi","author_link":"https:\/\/turkishtrade.co\/tr\/author\/"},"uagb_comment_info":0,"uagb_excerpt":"Exquisite Calf Leather Upper Luxurious Goat Leather Lining for Breathable Comfort Innovative Microlight Sole for Lightweight Flexibility Sophisticated Cap Toe and Brogue Detailing Comfortable Low Heel (1-3 cm) Available in EU Sizes 39-45 Minimum Order Quantity: 8 pairs. Ideal for bulk purchases and wholesale opportunities. Delivery Time: 12 days + shipping.","_links":{"self":[{"href":"https:\/\/turkishtrade.co\/tr\/wp-json\/wp\/v2\/product\/5319","targetHints":{"allow":["GET"]}}],"collection":[{"href":"https:\/\/turkishtrade.co\/tr\/wp-json\/wp\/v2\/product"}],"about":[{"href":"https:\/\/turkishtrade.co\/tr\/wp-json\/wp\/v2\/types\/product"}],"wp:featuredmedia":[{"embeddable":true,"href":"https:\/\/turkishtrade.co\/tr\/wp-json\/wp\/v2\/media\/3582"}],"wp:attachment":[{"href":"https:\/\/turkishtrade.co\/tr\/wp-json\/wp\/v2\/media?parent=5319"}],"wp:term":[{"taxonomy":"product_brand","embeddable":true,"href":"https:\/\/turkishtrade.co\/tr\/wp-json\/wp\/v2\/product_brand?post=5319"},{"taxonomy":"product_cat","embeddable":true,"href":"https:\/\/turkishtrade.co\/tr\/wp-json\/wp\/v2\/product_cat?post=5319"},{"taxonomy":"product_tag","embeddable":true,"href":"https:\/\/turkishtrade.co\/tr\/wp-json\/wp\/v2\/product_tag?post=5319"}],"curies":[{"name":"wp","href":"https:\/\/api.w.org\/{rel}","templated":true}]}}