{"id":5307,"date":"2026-01-14T11:40:29","date_gmt":"2026-01-14T11:40:29","guid":{"rendered":"https:\/\/turkishtrade.co\/product\/mens-leather-buckle-loafers\/"},"modified":"2026-04-09T19:38:08","modified_gmt":"2026-04-09T19:38:08","slug":"mens-leather-buckle-loafers","status":"publish","type":"product","link":"https:\/\/turkishtrade.co\/tr\/shop\/mens-leather-buckle-loafers\/","title":{"rendered":"Erkek Premium Dana Derisi Tokal\u0131 Loafer"},"content":{"rendered":"<p><strong>Erkek Deri Tokal\u0131 Loafer<\/strong><\/p>\n<p>Enfes tasar\u0131m\u0131m\u0131zla benzersiz bir stil ve konfora ad\u0131m at\u0131n <strong>Erkek Deri Tokal\u0131 Loafer<\/strong>. Modern beyefendiler i\u00e7in tasarlanan bu mokasen ayakkab\u0131lar, geleneksel i\u015f\u00e7ili\u011fi \u00e7a\u011fda\u015f zarafetle kusursuz bir \u015fekilde harmanl\u0131yor. \u0130ster \u00f6nemli bir i\u015f toplant\u0131s\u0131, ister sofistike bir ak\u015fam etkinli\u011fi i\u00e7in giyiniyor olun, ister \u015f\u0131k g\u00fcndelik k\u0131yafetlerinizi y\u00fckseltin, bu <strong>Erkek Deri Tokal\u0131 Loafer<\/strong> ideal yol arkada\u015f\u0131n\u0131zd\u0131r. Her bir \u00e7ift, kalitenin bir kan\u0131t\u0131d\u0131r ve sadece bir ayakkab\u0131 de\u011fil, giydi\u011finiz andan itibaren l\u00fcks bir deneyim vaat eder.<\/p>\n<h3>Rakipsiz Kalite ve \u0130\u015f\u00e7ilik<\/h3>\n<p>Premium \u00fcr\u00fcnlerimiz <strong>Erkek Deri Tokal\u0131 Loafer<\/strong> en iyi malzemeler kullan\u0131larak titizlikle \u00fcretilmi\u015ftir. D\u0131\u015f y\u00fczey, yumu\u015fak dokusu, dayan\u0131kl\u0131l\u0131\u011f\u0131 ve zarif g\u00f6r\u00fcn\u00fcm\u00fcyle tan\u0131nan hakiki dana derisine sahiptir. Bu malzeme se\u00e7imi, ayakkab\u0131n\u0131n yaln\u0131zca ola\u011fan\u00fcst\u00fc g\u00f6r\u00fcnmesini de\u011fil, ayn\u0131 zamanda zaman i\u00e7inde aya\u011f\u0131n\u0131za g\u00fczel bir \u015fekilde uyum sa\u011flamas\u0131n\u0131 da garanti eder. Bu l\u00fcks d\u0131\u015f y\u00fczeyi tamamlayan i\u00e7 k\u0131s\u0131m, esnek ke\u00e7i derisiyle astarlanm\u0131\u015ft\u0131r ve ayaklar\u0131n\u0131z i\u00e7in inan\u0131lmaz derecede p\u00fcr\u00fczs\u00fcz ve nefes alabilen bir ortam sunarak g\u00fcn boyunca maksimum konfor sa\u011flar.<\/p>\n<h3>Konfor \u015e\u0131k Tasar\u0131mla Bulu\u015fuyor<\/h3>\n<p>Konfor ve stilin m\u00fckemmel birle\u015fimini deneyimleyin. Se\u00e7kin toka detay\u0131, klasik sofistike bir dokunu\u015f katarak bu ayakkab\u0131lar\u0131 <strong>Erkek Deri Tokal\u0131 Loafer<\/strong> s\u0131radanl\u0131ktan s\u0131yr\u0131l\u0131n. Aya\u011f\u0131n\u0131z\u0131n alt\u0131ndaki yenilik\u00e7i Microlight taban, ola\u011fan\u00fcst\u00fc hafif yast\u0131klama ve esneklik sa\u011flayarak zahmetsizce hareket etmenize olanak tan\u0131r ve uzun s\u00fcreli kullan\u0131mdan sonra bile yorgunlu\u011fu azalt\u0131r. 1-3 cm'lik ince topuk y\u00fcksekli\u011fiyle bu loaferlar, dengeden \u00f6d\u00fcn vermeden g\u00f6steri\u015fli bir siluet i\u00e7in do\u011fru y\u00fckseli\u015fi sunar.<\/p>\n<h3>Toptan ve Toplu Sipari\u015fler i\u00e7in \u0130deal<\/h3>\n<p>Y\u00fcksek kaliteli ayakkab\u0131lar sunmak isteyen perakendeciler ve i\u015fletmeler i\u00e7in <strong>Erkek Deri Tokal\u0131 Loafer<\/strong> toptan sat\u0131n al\u0131nabilir. Sadece 8 \u00e7iftlik minimum sipari\u015f miktar\u0131yla, envanterinizi bu aranan elbise ayakkab\u0131lar\u0131yla \u00e7ift ba\u015f\u0131na USD gibi rekabet\u00e7i bir fiyatla stoklayabilirsiniz. Zaman\u0131nda teslimat\u0131n \u00f6neminin fark\u0131nday\u0131z ve etkin lojistik hizmetlerimiz sipari\u015finizin yakla\u015f\u0131k 12 g\u00fcn art\u0131 nakliye s\u00fcresi i\u00e7inde elinize ula\u015fmas\u0131n\u0131 sa\u011flar. 39'dan 45'e kadar kapsaml\u0131 bir beden aral\u0131\u011f\u0131nda mevcut olan bu mokasen ayakkab\u0131lar, geni\u015f bir m\u00fc\u015fteri taban\u0131na hitap ederek bir\u00e7ok ki\u015fi i\u00e7in m\u00fckemmel bir uyum sa\u011flar.<\/p>\n<p>Kalite ve stil hakk\u0131nda \u00e7ok \u015fey anlatan ayakkab\u0131lara yat\u0131r\u0131m yap\u0131n. Bizim <strong>Erkek Deri Tokal\u0131 Loafer<\/strong> ayakkab\u0131dan daha fazlas\u0131d\u0131r; sofistike bir zevkin ifadesi ve kal\u0131c\u0131 konfora yap\u0131lan bir yat\u0131r\u0131md\u0131r. Toplu sipari\u015finizi bug\u00fcn verin ve m\u00fc\u015fterilerinize en \u00fcst d\u00fczey erkek ayakkab\u0131lar\u0131n\u0131 sunun.<\/p>","protected":false},"excerpt":{"rendered":"<ul>\n<li>L\u00fcks Dana Derisi (D\u0131\u015f) ve Ke\u00e7i Derisinden (\u0130\u00e7) \u00fcretilmi\u015ftir.<\/li>\n<li>Rahat, hafif Microlight Taban ile donat\u0131lm\u0131\u015ft\u0131r.<\/li>\n<li>Zarif toka detaylar\u0131 klasik bir tasar\u0131m\u0131 g\u00fc\u00e7lendirir.<\/li>\n<li>Kapsaml\u0131 bir beden aral\u0131\u011f\u0131nda mevcuttur: AB 39-45.<\/li>\n<li>Minimum Sipari\u015f Miktar\u0131: Toplu al\u0131m i\u00e7in 8 \u00c7ift.<\/li>\n<li>Toptan Sat\u0131\u015f Fiyat\u0131: \u00c7ift ba\u015f\u0131na USD (botlar hari\u00e7).<\/li>\n<li>Tahmini Teslimat: 12 G\u00fcn + Kargo.<\/li>\n<\/ul>","protected":false},"featured_media":3575,"template":"","meta":{"_acf_changed":false,"_uag_custom_page_level_css":"","site-sidebar-layout":"default","site-content-layout":"","ast-site-content-layout":"default","site-content-style":"default","site-sidebar-style":"default","ast-global-header-display":"","ast-banner-title-visibility":"","ast-main-header-display":"","ast-hfb-above-header-display":"","ast-hfb-below-header-display":"","ast-hfb-mobile-header-display":"","site-post-title":"","ast-breadcrumbs-content":"","ast-featured-img":"","footer-sml-layout":"","ast-disable-related-posts":"","theme-transparent-header-meta":"default","adv-header-id-meta":"","stick-header-meta":"","header-above-stick-meta":"","header-main-stick-meta":"","header-below-stick-meta":"","astra-migrate-meta-layouts":"set","ast-page-background-enabled":"default","ast-page-background-meta":{"desktop":{"background-color":"var(--ast-global-color-4)","background-image":"","background-repeat":"repeat","background-position":"center center","background-size":"auto","background-attachment":"scroll","background-type":"","background-media":"","overlay-type":"","overlay-color":"","overlay-opacity":"","overlay-gradient":""},"tablet":{"background-color":"","background-image":"","background-repeat":"repeat","background-position":"center center","background-size":"auto","background-attachment":"scroll","background-type":"","background-media":"","overlay-type":"","overlay-color":"","overlay-opacity":"","overlay-gradient":""},"mobile":{"background-color":"","background-image":"","background-repeat":"repeat","background-position":"center center","background-size":"auto","background-attachment":"scroll","background-type":"","background-media":"","overlay-type":"","overlay-color":"","overlay-opacity":"","overlay-gradient":""}},"ast-content-background-meta":{"desktop":{"background-color":"var(--ast-global-color-5)","background-image":"","background-repeat":"repeat","background-position":"center center","background-size":"auto","background-attachment":"scroll","background-type":"","background-media":"","overlay-type":"","overlay-color":"","overlay-opacity":"","overlay-gradient":""},"tablet":{"background-color":"var(--ast-global-color-5)","background-image":"","background-repeat":"repeat","background-position":"center center","background-size":"auto","background-attachment":"scroll","background-type":"","background-media":"","overlay-type":"","overlay-color":"","overlay-opacity":"","overlay-gradient":""},"mobile":{"background-color":"var(--ast-global-color-5)","background-image":"","background-repeat":"repeat","background-position":"center center","background-size":"auto","background-attachment":"scroll","background-type":"","background-media":"","overlay-type":"","overlay-color":"","overlay-opacity":"","overlay-gradient":""}}},"product_brand":[],"product_cat":[47,430,40],"product_tag":[315,202,284,352,437,215,198,186,225,466,406,184,280,281],"class_list":{"0":"post-5307","1":"product","2":"type-product","3":"status-publish","4":"has-post-thumbnail","6":"product_cat-classic","7":"product_cat-men","8":"product_cat-mens-shoes","9":"product_tag-buckle-loafers","10":"product_tag-calf-leather","11":"product_tag-dress-shoes","12":"product_tag-formal-loafers","13":"product_tag-goat-leather","14":"product_tag-leather-loafers","15":"product_tag-mens-fashion","16":"product_tag-mens-loafers","17":"product_tag-mens-footwear","18":"product_tag-microlight-sole","19":"product_tag-premium-shoes","20":"product_tag-slip-on-shoes","21":"product_tag-smart-casual-shoes","22":"product_tag-wholesale-shoes","23":"desktop-align-center","24":"tablet-align-center","25":"mobile-align-center","27":"first","28":"instock","29":"shipping-taxable","30":"purchasable","31":"product-type-variable","32":"has-default-attributes"},"acf":[],"uagb_featured_image_src":{"full":["https:\/\/turkishtrade.co\/wp-content\/uploads\/2026\/01\/2400EJOMN00154-BROWN-X_6591.png",453,250,false],"thumbnail":["https:\/\/turkishtrade.co\/wp-content\/uploads\/2026\/01\/2400EJOMN00154-BROWN-X_6591-150x150.png",150,150,true],"medium":["https:\/\/turkishtrade.co\/wp-content\/uploads\/2026\/01\/2400EJOMN00154-BROWN-X_6591-300x166.png",300,166,true],"medium_large":["https:\/\/turkishtrade.co\/wp-content\/uploads\/2026\/01\/2400EJOMN00154-BROWN-X_6591.png",453,250,false],"large":["https:\/\/turkishtrade.co\/wp-content\/uploads\/2026\/01\/2400EJOMN00154-BROWN-X_6591.png",453,250,false],"1536x1536":["https:\/\/turkishtrade.co\/wp-content\/uploads\/2026\/01\/2400EJOMN00154-BROWN-X_6591.png",453,250,false],"2048x2048":["https:\/\/turkishtrade.co\/wp-content\/uploads\/2026\/01\/2400EJOMN00154-BROWN-X_6591.png",453,250,false],"trp-custom-language-flag":["https:\/\/turkishtrade.co\/wp-content\/uploads\/2026\/01\/2400EJOMN00154-BROWN-X_6591-18x10.png",18,10,true],"woocommerce_thumbnail":["https:\/\/turkishtrade.co\/wp-content\/uploads\/2026\/01\/2400EJOMN00154-BROWN-X_6591-400x250.png",400,250,true],"woocommerce_single":["https:\/\/turkishtrade.co\/wp-content\/uploads\/2026\/01\/2400EJOMN00154-BROWN-X_6591.png",453,250,false],"woocommerce_gallery_thumbnail":["https:\/\/turkishtrade.co\/wp-content\/uploads\/2026\/01\/2400EJOMN00154-BROWN-X_6591-100x100.png",100,100,true]},"uagb_author_info":{"display_name":"yaser olabi","author_link":"https:\/\/turkishtrade.co\/tr\/author\/"},"uagb_comment_info":0,"uagb_excerpt":"Crafted from luxurious Calf Leather (Outer) and Goat Leather (Inner). Equipped with a comfortable, lightweight Microlight Sole. Elegant buckle detailing enhances a classic design. Available in a comprehensive size range: EU 39-45. Minimum Order Quantity: 8 Pairs for bulk purchasing. Wholesale Price: USD per pair (excluding boots). Estimated Delivery: 12 Days + Shipping.","_links":{"self":[{"href":"https:\/\/turkishtrade.co\/tr\/wp-json\/wp\/v2\/product\/5307","targetHints":{"allow":["GET"]}}],"collection":[{"href":"https:\/\/turkishtrade.co\/tr\/wp-json\/wp\/v2\/product"}],"about":[{"href":"https:\/\/turkishtrade.co\/tr\/wp-json\/wp\/v2\/types\/product"}],"wp:featuredmedia":[{"embeddable":true,"href":"https:\/\/turkishtrade.co\/tr\/wp-json\/wp\/v2\/media\/3575"}],"wp:attachment":[{"href":"https:\/\/turkishtrade.co\/tr\/wp-json\/wp\/v2\/media?parent=5307"}],"wp:term":[{"taxonomy":"product_brand","embeddable":true,"href":"https:\/\/turkishtrade.co\/tr\/wp-json\/wp\/v2\/product_brand?post=5307"},{"taxonomy":"product_cat","embeddable":true,"href":"https:\/\/turkishtrade.co\/tr\/wp-json\/wp\/v2\/product_cat?post=5307"},{"taxonomy":"product_tag","embeddable":true,"href":"https:\/\/turkishtrade.co\/tr\/wp-json\/wp\/v2\/product_tag?post=5307"}],"curies":[{"name":"wp","href":"https:\/\/api.w.org\/{rel}","templated":true}]}}