{"id":5305,"date":"2026-01-14T11:40:06","date_gmt":"2026-01-14T11:40:06","guid":{"rendered":"https:\/\/turkishtrade.co\/product\/men-two-tone-leather-derby\/"},"modified":"2026-04-09T19:38:13","modified_gmt":"2026-04-09T19:38:13","slug":"mens-two-tone-leather-derby-dress-shoes","status":"publish","type":"product","link":"https:\/\/turkishtrade.co\/tr\/shop\/mens-two-tone-leather-derby-dress-shoes\/","title":{"rendered":"Timsah Kabartmal\u0131 Detaylara Sahip Zarif Erkek \u0130ki Tonlu Deri Derby Ayakkab\u0131"},"content":{"rendered":"<p><strong>Erkek \u0130ki Tonlu Deri Derby<\/strong><\/p>\n<p>Ayakkab\u0131 koleksiyonunuzu se\u00e7kin \u00fcr\u00fcnlerimizle geli\u015ftirin <b>Erkek \u0130ki Tonlu Deri Derby<\/b> ayakkab\u0131lar, bir tasar\u0131m ve konfor \u015faheseri. Bu ola\u011fan\u00fcst\u00fc <b>Erkek \u0130ki Tonlu Deri Derby<\/b> ayakkab\u0131lar bir aksesuardan \u00e7ok daha fazlas\u0131d\u0131r; sofistike bir zevkin ve se\u00e7kin bir tarz\u0131n ifadesidir. Her bir \u00e7ift, benzersiz bir \u015f\u0131kl\u0131k ve dayan\u0131kl\u0131l\u0131k sunmak i\u00e7in titizlikle \u00fcretilmi\u015ftir ve her beyefendinin gard\u0131robuna vazge\u00e7ilmez bir katk\u0131 sa\u011flar.<\/p>\n<p>Bizim <b>Erkek \u0130ki Tonlu Deri Derby<\/b> ayakkab\u0131lar, birinci s\u0131n\u0131f malzemelerin kendine \u00f6zg\u00fc kar\u0131\u015f\u0131m\u0131 ve karma\u015f\u0131k detaylar\u0131yla \u00f6ne \u00e7\u0131kar. P\u00fcr\u00fczs\u00fcz dokusu ve esnek kalitesiyle bilinen l\u00fcks dana derisinden \u00fcretilen d\u0131\u015f y\u00fczey, uzun \u00f6m\u00fcrl\u00fc bir g\u00f6r\u00fcn\u00fcm sa\u011flar. Bunu tamamlayan benzersiz timsah kabartmal\u0131 panel, egzotik bir hava ve g\u00f6rsel derinlik kat\u0131yor. Bu \u00f6zenli iki tonlu tasar\u0131m, klasik brogue perforasyonlarla birle\u015ferek hem zamans\u0131z hem de \u00e7a\u011fda\u015f dinamik bir estetik yarat\u0131r. Bu benzersiz <b>Erkek \u0130ki Tonlu Deri Derby<\/b> ayakkab\u0131lar ger\u00e7ekten l\u00fcks\u00fc temsil ediyor.<\/p>\n<h3>Rakipsiz Konfor ve \u00dcst\u00fcn \u0130\u015f\u00e7ilik<\/h3>\n<p>Tamamen yumu\u015fak ke\u00e7i derisiyle astarlanm\u0131\u015f i\u00e7 k\u0131s\u0131mla \u00fcst\u00fcn konforu ya\u015fay\u0131n. Bu nefes alabilen ve esnek malzeme aya\u011f\u0131n\u0131za uyum sa\u011flayarak ki\u015fiye \u00f6zel bir uyum sunar ve uzun g\u00fcnlerde bile yorgunlu\u011fu azalt\u0131r. Bu ola\u011fan\u00fcst\u00fc ayakkab\u0131lar\u0131n temeli <b>Erkek \u0130ki Tonlu Deri Derby<\/b> ayakkab\u0131lar, hafif esneklik ve m\u00fckemmel tutu\u015f i\u00e7in tasarlanm\u0131\u015f bir Microlight tabana sahiptir. Bu yenilik\u00e7i taban tasar\u0131m\u0131 rahat bir y\u00fcr\u00fcy\u00fc\u015f sa\u011flar ve bu ayakkab\u0131lar\u0131 <b>Erkek \u0130ki Tonlu Deri Derby<\/b> Hem i\u015f toplant\u0131lar\u0131 hem de \u00f6zel g\u00fcnler i\u00e7in ideal ayakkab\u0131lar.<\/p>\n<p>\u0130nce ama etkili 1-3 cm topuk ile tasarlanan bu <b>Erkek \u0130ki Tonlu Deri Derby<\/b> ayakkab\u0131lar konfordan \u00f6d\u00fcn vermeden zarif bir duru\u015f sunar. 39'dan 45'e kadar geni\u015f bir beden yelpazesinde mevcut olan bu modeller, her se\u00e7ici m\u00fc\u015fteri i\u00e7in m\u00fckemmel bir uyum sa\u011flar. Titiz i\u015f\u00e7ilik her diki\u015fe kadar uzan\u0131r ve bu kaliteli ayakkab\u0131lar\u0131n her k\u0131vr\u0131m\u0131nda ve konturunda belirgin olan kaliteye olan ba\u011fl\u0131l\u0131\u011f\u0131 yans\u0131t\u0131r. <b>Erkek \u0130ki Tonlu Deri Derby<\/b> Ayakkab\u0131lar.<\/p>\n<h3>Her Durum i\u00e7in \u00c7ok Y\u00f6nl\u00fc Stil<\/h3>\n<p>\u0130ster resmi bir etkinli\u011fe kat\u0131l\u0131n, ister ofise gidin ya da sadece g\u00fcnl\u00fck k\u0131yafetlerinizi g\u00fczelle\u015ftirmek isteyin, bu <b>Erkek \u0130ki Tonlu Deri Derby<\/b> ayakkab\u0131lar ola\u011fan\u00fcst\u00fc \u00e7ok y\u00f6nl\u00fcl\u00fck sunar. Bu \u00e7arp\u0131c\u0131 ayakkab\u0131lar\u0131 <b>Erkek \u0130ki Tonlu Deri Derby<\/b> Keskin ve profesyonel bir g\u00f6r\u00fcn\u00fcm i\u00e7in ayakkab\u0131lar\u0131n\u0131z\u0131 \u00f6zel dikim tak\u0131m elbiselerinizle kombinleyin ya da \u015f\u0131k ve rahat bir kombin i\u00e7in chino pantolonlar\u0131n\u0131zla giyin. Bu ayakkab\u0131lar\u0131n zengin koyu kahverengi tonlar\u0131 <b>Erkek \u0130ki Tonlu Deri Derby<\/b> ayakkab\u0131lar, geni\u015f bir renk ve stil yelpazesini tamamlayan \u00e7ok y\u00f6nl\u00fc bir palet sa\u011flar.<\/p>\n<p>Erkek modas\u0131n\u0131n ve kal\u0131c\u0131 kalitenin zirvesini ger\u00e7ekten temsil eden bir \u00e7ift ayakkab\u0131ya yat\u0131r\u0131m yap\u0131n. Bizim <b>Erkek \u0130ki Tonlu Deri Derby<\/b> ayakkab\u0131lar sadece ayakkab\u0131 de\u011fildir; size y\u0131llarca iyi hizmet edecek stil, konfor ve i\u015f\u00e7ili\u011fe yap\u0131lan bir yat\u0131r\u0131md\u0131r. Birinci s\u0131n\u0131f malzemelerin ve uzman tasar\u0131m\u0131n yaratt\u0131\u011f\u0131 fark\u0131 bu muhte\u015fem ayakkab\u0131larla ke\u015ffedin <b>Erkek \u0130ki Tonlu Deri Derby<\/b> Ayakkab\u0131lar. Bunlar i\u00e7in toptan sat\u0131\u015f f\u0131rsat\u0131 <b>Erkek \u0130ki Tonlu Deri Derby<\/b> ayakkab\u0131lar minimum 8 \u00e7ift sipari\u015ften ba\u015flar, 12 g\u00fcn i\u00e7inde teslim edilir ve nakliye ile birlikte toplu al\u0131mlar i\u00e7in ola\u011fan\u00fcst\u00fc de\u011fer sunar.<\/p>","protected":false},"excerpt":{"rendered":"<ul>\n<li>Birinci s\u0131n\u0131f dana derisi d\u0131\u015f y\u00fczeyi ve yumu\u015fak, nefes alabilen ke\u00e7i derisi i\u00e7 y\u00fczeyi ile ustal\u0131kla \u00fcretilmi\u015ftir.<\/li>\n<li>\u00dcst\u00fcn konfor ve m\u00fckemmel tutu\u015f i\u00e7in dayan\u0131kl\u0131 ancak hafif Microlight tabana sahiptir.<\/li>\n<li>Zarif bir duru\u015f i\u00e7in m\u00fckemmel 1-3 cm topuk y\u00fcksekli\u011fi ile tasarlanm\u0131\u015ft\u0131r.<\/li>\n<li>Kapsaml\u0131 bir beden aral\u0131\u011f\u0131nda mevcuttur: 39, 40, 41, 42, 43, 44, 45.<\/li>\n<li>Toptan sat\u0131\u015f i\u00e7in minimum sipari\u015f miktar\u0131: 8 \u00e7ift.<\/li>\n<li>Tahmini teslim s\u00fcresi: 12 g\u00fcn + nakliye.<\/li>\n<li>Rekabet\u00e7i toptan sat\u0131\u015f fiyat\u0131: \u00c7ift ba\u015f\u0131na USD.<\/li>\n<\/ul>","protected":false},"featured_media":3573,"template":"","meta":{"_acf_changed":false,"_uag_custom_page_level_css":"","site-sidebar-layout":"default","site-content-layout":"","ast-site-content-layout":"default","site-content-style":"default","site-sidebar-style":"default","ast-global-header-display":"","ast-banner-title-visibility":"","ast-main-header-display":"","ast-hfb-above-header-display":"","ast-hfb-below-header-display":"","ast-hfb-mobile-header-display":"","site-post-title":"","ast-breadcrumbs-content":"","ast-featured-img":"","footer-sml-layout":"","ast-disable-related-posts":"","theme-transparent-header-meta":"default","adv-header-id-meta":"","stick-header-meta":"","header-above-stick-meta":"","header-main-stick-meta":"","header-below-stick-meta":"","astra-migrate-meta-layouts":"set","ast-page-background-enabled":"default","ast-page-background-meta":{"desktop":{"background-color":"var(--ast-global-color-4)","background-image":"","background-repeat":"repeat","background-position":"center center","background-size":"auto","background-attachment":"scroll","background-type":"","background-media":"","overlay-type":"","overlay-color":"","overlay-opacity":"","overlay-gradient":""},"tablet":{"background-color":"","background-image":"","background-repeat":"repeat","background-position":"center center","background-size":"auto","background-attachment":"scroll","background-type":"","background-media":"","overlay-type":"","overlay-color":"","overlay-opacity":"","overlay-gradient":""},"mobile":{"background-color":"","background-image":"","background-repeat":"repeat","background-position":"center center","background-size":"auto","background-attachment":"scroll","background-type":"","background-media":"","overlay-type":"","overlay-color":"","overlay-opacity":"","overlay-gradient":""}},"ast-content-background-meta":{"desktop":{"background-color":"var(--ast-global-color-5)","background-image":"","background-repeat":"repeat","background-position":"center center","background-size":"auto","background-attachment":"scroll","background-type":"","background-media":"","overlay-type":"","overlay-color":"","overlay-opacity":"","overlay-gradient":""},"tablet":{"background-color":"var(--ast-global-color-5)","background-image":"","background-repeat":"repeat","background-position":"center center","background-size":"auto","background-attachment":"scroll","background-type":"","background-media":"","overlay-type":"","overlay-color":"","overlay-opacity":"","overlay-gradient":""},"mobile":{"background-color":"var(--ast-global-color-5)","background-image":"","background-repeat":"repeat","background-position":"center center","background-size":"auto","background-attachment":"scroll","background-type":"","background-media":"","overlay-type":"","overlay-color":"","overlay-opacity":"","overlay-gradient":""}}},"product_brand":[],"product_cat":[47,430,40],"product_tag":[654,561,202,731,284,480,251,437,227,416,681,466,210,305],"class_list":{"0":"post-5305","1":"product","2":"type-product","3":"status-publish","4":"has-post-thumbnail","6":"product_cat-classic","7":"product_cat-men","8":"product_cat-mens-shoes","9":"product_tag-brogue-shoes","10":"product_tag-brown-derby","11":"product_tag-calf-leather","12":"product_tag-crocodile-embossed","13":"product_tag-dress-shoes","14":"product_tag-elegant-shoes","15":"product_tag-formal-shoes","16":"product_tag-goat-leather","17":"product_tag-leather-shoes","18":"product_tag-luxury-shoes","19":"product_tag-mens-derby","20":"product_tag-microlight-sole","21":"product_tag-smart-casual","22":"product_tag-two-tone-shoes","23":"desktop-align-center","24":"tablet-align-center","25":"mobile-align-center","27":"first","28":"instock","29":"shipping-taxable","30":"purchasable","31":"product-type-variable","32":"has-default-attributes"},"acf":[],"uagb_featured_image_src":{"full":["https:\/\/turkishtrade.co\/wp-content\/uploads\/2026\/01\/2400EJOMN00152-DARK-BROWN-X_872.png",453,250,false],"thumbnail":["https:\/\/turkishtrade.co\/wp-content\/uploads\/2026\/01\/2400EJOMN00152-DARK-BROWN-X_872-150x150.png",150,150,true],"medium":["https:\/\/turkishtrade.co\/wp-content\/uploads\/2026\/01\/2400EJOMN00152-DARK-BROWN-X_872-300x166.png",300,166,true],"medium_large":["https:\/\/turkishtrade.co\/wp-content\/uploads\/2026\/01\/2400EJOMN00152-DARK-BROWN-X_872.png",453,250,false],"large":["https:\/\/turkishtrade.co\/wp-content\/uploads\/2026\/01\/2400EJOMN00152-DARK-BROWN-X_872.png",453,250,false],"1536x1536":["https:\/\/turkishtrade.co\/wp-content\/uploads\/2026\/01\/2400EJOMN00152-DARK-BROWN-X_872.png",453,250,false],"2048x2048":["https:\/\/turkishtrade.co\/wp-content\/uploads\/2026\/01\/2400EJOMN00152-DARK-BROWN-X_872.png",453,250,false],"trp-custom-language-flag":["https:\/\/turkishtrade.co\/wp-content\/uploads\/2026\/01\/2400EJOMN00152-DARK-BROWN-X_872-18x10.png",18,10,true],"woocommerce_thumbnail":["https:\/\/turkishtrade.co\/wp-content\/uploads\/2026\/01\/2400EJOMN00152-DARK-BROWN-X_872-400x250.png",400,250,true],"woocommerce_single":["https:\/\/turkishtrade.co\/wp-content\/uploads\/2026\/01\/2400EJOMN00152-DARK-BROWN-X_872.png",453,250,false],"woocommerce_gallery_thumbnail":["https:\/\/turkishtrade.co\/wp-content\/uploads\/2026\/01\/2400EJOMN00152-DARK-BROWN-X_872-100x100.png",100,100,true]},"uagb_author_info":{"display_name":"yaser olabi","author_link":"https:\/\/turkishtrade.co\/tr\/author\/"},"uagb_comment_info":0,"uagb_excerpt":"Expertly crafted with a premium calf leather exterior and a soft, breathable goat leather interior. Features a durable yet lightweight Microlight sole for ultimate comfort and excellent traction. Designed with an elegant 1-3 cm heel height, perfect for a refined posture. Available in a comprehensive size range: 39, 40, 41, 42, 43, 44, 45. Minimum&hellip;","_links":{"self":[{"href":"https:\/\/turkishtrade.co\/tr\/wp-json\/wp\/v2\/product\/5305","targetHints":{"allow":["GET"]}}],"collection":[{"href":"https:\/\/turkishtrade.co\/tr\/wp-json\/wp\/v2\/product"}],"about":[{"href":"https:\/\/turkishtrade.co\/tr\/wp-json\/wp\/v2\/types\/product"}],"wp:featuredmedia":[{"embeddable":true,"href":"https:\/\/turkishtrade.co\/tr\/wp-json\/wp\/v2\/media\/3573"}],"wp:attachment":[{"href":"https:\/\/turkishtrade.co\/tr\/wp-json\/wp\/v2\/media?parent=5305"}],"wp:term":[{"taxonomy":"product_brand","embeddable":true,"href":"https:\/\/turkishtrade.co\/tr\/wp-json\/wp\/v2\/product_brand?post=5305"},{"taxonomy":"product_cat","embeddable":true,"href":"https:\/\/turkishtrade.co\/tr\/wp-json\/wp\/v2\/product_cat?post=5305"},{"taxonomy":"product_tag","embeddable":true,"href":"https:\/\/turkishtrade.co\/tr\/wp-json\/wp\/v2\/product_tag?post=5305"}],"curies":[{"name":"wp","href":"https:\/\/api.w.org\/{rel}","templated":true}]}}