{"id":5302,"date":"2026-01-14T11:39:43","date_gmt":"2026-01-14T11:39:43","guid":{"rendered":"https:\/\/turkishtrade.co\/product\/men-leather-brogue-derby-shoes\/"},"modified":"2026-04-09T19:38:19","modified_gmt":"2026-04-09T19:38:19","slug":"mens-leather-brogue-derby-shoes","status":"publish","type":"product","link":"https:\/\/turkishtrade.co\/tr\/shop\/mens-leather-brogue-derby-shoes\/","title":{"rendered":"Zarif Erkek Dana Derisi Brogue Derby Ayakkab\u0131"},"content":{"rendered":"<p><strong>Erkek Deri Brogue Derby Ayakkab\u0131<\/strong><\/p>\n<p>Ayakkab\u0131 koleksiyonunuzu se\u00e7kin \u00fcr\u00fcnlerimizle geli\u015ftirin <strong>Erkek Deri Brogue Derby Ayakkab\u0131<\/strong>, hem stil hem de \u00f6z\u00fc takdir eden modern beyefendiler i\u00e7in tasarlanm\u0131\u015ft\u0131r. \u00dcst\u00fcn i\u015f\u00e7ili\u011fin ve zamans\u0131z tasar\u0131m\u0131n bir kan\u0131t\u0131 olan bu birinci s\u0131n\u0131f ayakkab\u0131lar, her t\u00fcrl\u00fc resmi veya \u015f\u0131k g\u00fcndelik k\u0131yafet i\u00e7in vazge\u00e7ilmez bir eklentidir. Bu ola\u011fan\u00fcst\u00fc ayakkab\u0131lar\u0131n her bir \u00e7ifti <strong>Erkek Deri Brogue Derby Ayakkab\u0131<\/strong> sadece kusursuz bir g\u00f6r\u00fcn\u00fcm de\u011fil, ayn\u0131 zamanda benzersiz bir konfor ve dayan\u0131kl\u0131l\u0131k sa\u011flamak i\u00e7in titizlikle \u00fcretilmi\u015ftir. Bu ola\u011fan\u00fcst\u00fc \u00fcr\u00fcnlerle kaliteye yat\u0131r\u0131m yap\u0131n <strong>Erkek Deri Brogue Derby Ayakkab\u0131<\/strong>.<\/p>\n<h3>Rakipsiz Kalite ve Konfor<\/h3>\n<p>Bu sofistike tasar\u0131mlar\u0131n d\u0131\u015f <strong>Erkek Deri Brogue Derby Ayakkab\u0131<\/strong> p\u00fcr\u00fczs\u00fcz dokusu, esnekli\u011fi ve zarif y\u00fczeyiyle tan\u0131nan en iyi dana derisinden \u00fcretilmi\u015ftir. Bu malzeme se\u00e7imi, \u00e7ift ayakkab\u0131n\u0131z\u0131n <strong>Erkek Deri Brogue Derby Ayakkab\u0131<\/strong> zarif bir \u015fekilde ya\u015flanacak ve zaman i\u00e7inde karakterini geli\u015ftiren benzersiz bir patina geli\u015ftirecektir. Sa\u011flam d\u0131\u015f y\u00fczeyi tamamlayan yumu\u015fak ke\u00e7i derisinden l\u00fcks i\u00e7 astar, ola\u011fan\u00fcst\u00fc nefes alabilirlik ve aya\u011fa pel\u00fc\u015f bir his sa\u011flar. Birinci s\u0131n\u0131f derilerin bu kombinasyonu, uzun s\u00fcreler boyunca bile rahat bir kullan\u0131m deneyimi sa\u011flar ve bu ayakkab\u0131lar\u0131 ideal hale getirir. <strong>Erkek Deri Brogue Derby Ayakkab\u0131<\/strong> t\u00fcm g\u00fcn kullan\u0131m i\u00e7in.<\/p>\n<h3>Klasik Tasar\u0131m, Modern Performans<\/h3>\n<p>Burun kapa\u011f\u0131 ve vampir boyunca belirgin brogue detaylar\u0131na sahip olan bu <strong>Erkek Deri Brogue Derby Ayakkab\u0131<\/strong> klasik cazibesini yans\u0131t\u0131rken \u00e7a\u011fda\u015f bir \u00e7izgiyi de korur. Derbi ayakkab\u0131lar\u0131n karakteristik \u00f6zelli\u011fi olan a\u00e7\u0131k ba\u011fc\u0131k sistemi, Oxfords'a k\u0131yasla biraz daha rahat ama yine de zarif bir estetik sunarak onlar\u0131 inan\u0131lmaz derecede \u00e7ok y\u00f6nl\u00fc hale getirir. \u0130ster bir i\u015f toplant\u0131s\u0131na, ister resmi bir etkinli\u011fe kat\u0131l\u0131n ya da sadece sofistike bir ak\u015fam\u0131n tad\u0131n\u0131 \u00e7\u0131kar\u0131n, bu \u00e7arp\u0131c\u0131 <strong>Erkek Deri Brogue Derby Ayakkab\u0131<\/strong> kal\u0131c\u0131 bir etki b\u0131rakman\u0131z\u0131 sa\u011flayacakt\u0131r. 1-3 cm'lik ince topuk, rahat bir y\u00fckselti sa\u011flayarak dengeden \u00f6d\u00fcn vermeden daha iyi bir duru\u015fu te\u015fvik eder ve ola\u011fan\u00fcst\u00fc bir duru\u015f arayan modern erkekler i\u00e7in m\u00fckemmeldir. <strong>Erkek Deri Brogue Derby Ayakkab\u0131<\/strong>.<\/p>\n<h3>Microlight Taban ile Hafif Dayan\u0131kl\u0131l\u0131k<\/h3>\n<p>Rafine tasar\u0131m\u0131n temelinde, ola\u011fan\u00fcst\u00fc hafif \u00f6zellikleri ve \u00fcst\u00fcn esnekli\u011fi nedeniyle se\u00e7ilen geli\u015fmi\u015f Microlight taban yer al\u0131r. Bu yenilik\u00e7i taban teknolojisi m\u00fckemmel \u015fok emilimi ve kavrama sunarak zahmetsiz hareket ve g\u00fcn boyu konfor sa\u011flar. Geleneksel a\u011f\u0131r tabanlardan farkl\u0131 olarak Microlight taban, ad\u0131mlar\u0131n\u0131z\u0131n hafif ve \u00e7evik olmas\u0131n\u0131 sa\u011flayarak bu ayakkab\u0131lar\u0131 <strong>Erkek Deri Brogue Derby Ayakkab\u0131<\/strong> Dinamik ya\u015fam tarzlar\u0131 i\u00e7in pratik bir se\u00e7im. Gelenek ve yenili\u011fin m\u00fckemmel kar\u0131\u015f\u0131m\u0131n\u0131 \u015fu \u00fcr\u00fcnlerimizle deneyimleyin <strong>Erkek Deri Brogue Derby Ayakkab\u0131<\/strong>.<\/p>\n<h3>Toptan Sat\u0131\u015f F\u0131rsat\u0131<\/h3>\n<p>Y\u00fcksek kaliteli ayakkab\u0131 arayan perakendeciler ve i\u015fletmeler i\u00e7in <strong>Erkek Deri Brogue Derby Ayakkab\u0131<\/strong> toptan sat\u0131n al\u0131nabilir. Minimum sipari\u015f miktar\u0131 sadece 8 \u00e7ift oldu\u011fundan, envanterinizi bu aranan tasar\u0131mlarla kolayca stoklayabilirsiniz. Her sipari\u015f \u00f6zenle i\u015flenir, yakla\u015f\u0131k 12 g\u00fcn teslim s\u00fcresi ve nakliye ile birinci s\u0131n\u0131f ayakkab\u0131lar\u0131n\u0131z\u0131n zaman\u0131nda teslim edilmesi sa\u011flan\u0131r. M\u00fc\u015fterilerinize hak ettikleri \u015f\u0131kl\u0131\u011f\u0131 ve kaliteyi bu g\u00fczel haz\u0131rlanm\u0131\u015f ayakkab\u0131larla sunun. <strong>Erkek Deri Brogue Derby Ayakkab\u0131<\/strong>.<\/p>","protected":false},"excerpt":{"rendered":"<ul>\n<li><strong>D\u0131\u015f Malzeme:<\/strong> Dayan\u0131kl\u0131l\u0131k ve \u015f\u0131k bir g\u00f6r\u00fcn\u00fcm i\u00e7in Premium Dana Derisi<\/li>\n<li><strong>\u0130\u00e7 Astar:<\/strong> \u00dcst\u00fcn konfor ve nefes alabilirlik i\u00e7in Yumu\u015fak Ke\u00e7i Derisi<\/li>\n<li><strong>Taban Tipi:<\/strong> Geli\u015fmi\u015f esneklik ve \u015fok emilimi i\u00e7in hafif Microlight Taban<\/li>\n<li><strong>Topuk Y\u00fcksekli\u011fi:<\/strong> Optimum duru\u015f ve konfor i\u00e7in ince 1-3 cm<\/li>\n<li><strong>Mevcut Boyutlar:<\/strong> Geni\u015f bir beyefendi yelpazesine uymas\u0131 i\u00e7in EU 39-45<\/li>\n<li><strong>Minimum Sipari\u015f Miktar\u0131:<\/strong> 8 \u00c7ift (toptan ve toplu al\u0131mlar i\u00e7in ideal)<\/li>\n<li><strong>Teslim S\u00fcresi:<\/strong> Zaman\u0131nda teslimat i\u00e7in yakla\u015f\u0131k 12 G\u00fcn + Kargo<\/li>\n<\/ul>","protected":false},"featured_media":3572,"template":"","meta":{"_acf_changed":false,"_uag_custom_page_level_css":"","site-sidebar-layout":"default","site-content-layout":"","ast-site-content-layout":"default","site-content-style":"default","site-sidebar-style":"default","ast-global-header-display":"","ast-banner-title-visibility":"","ast-main-header-display":"","ast-hfb-above-header-display":"","ast-hfb-below-header-display":"","ast-hfb-mobile-header-display":"","site-post-title":"","ast-breadcrumbs-content":"","ast-featured-img":"","footer-sml-layout":"","ast-disable-related-posts":"","theme-transparent-header-meta":"default","adv-header-id-meta":"","stick-header-meta":"","header-above-stick-meta":"","header-main-stick-meta":"","header-below-stick-meta":"","astra-migrate-meta-layouts":"set","ast-page-background-enabled":"default","ast-page-background-meta":{"desktop":{"background-color":"var(--ast-global-color-4)","background-image":"","background-repeat":"repeat","background-position":"center center","background-size":"auto","background-attachment":"scroll","background-type":"","background-media":"","overlay-type":"","overlay-color":"","overlay-opacity":"","overlay-gradient":""},"tablet":{"background-color":"","background-image":"","background-repeat":"repeat","background-position":"center center","background-size":"auto","background-attachment":"scroll","background-type":"","background-media":"","overlay-type":"","overlay-color":"","overlay-opacity":"","overlay-gradient":""},"mobile":{"background-color":"","background-image":"","background-repeat":"repeat","background-position":"center center","background-size":"auto","background-attachment":"scroll","background-type":"","background-media":"","overlay-type":"","overlay-color":"","overlay-opacity":"","overlay-gradient":""}},"ast-content-background-meta":{"desktop":{"background-color":"var(--ast-global-color-5)","background-image":"","background-repeat":"repeat","background-position":"center center","background-size":"auto","background-attachment":"scroll","background-type":"","background-media":"","overlay-type":"","overlay-color":"","overlay-opacity":"","overlay-gradient":""},"tablet":{"background-color":"var(--ast-global-color-5)","background-image":"","background-repeat":"repeat","background-position":"center center","background-size":"auto","background-attachment":"scroll","background-type":"","background-media":"","overlay-type":"","overlay-color":"","overlay-opacity":"","overlay-gradient":""},"mobile":{"background-color":"var(--ast-global-color-5)","background-image":"","background-repeat":"repeat","background-position":"center center","background-size":"auto","background-attachment":"scroll","background-type":"","background-media":"","overlay-type":"","overlay-color":"","overlay-opacity":"","overlay-gradient":""}}},"product_brand":[],"product_cat":[47,430,40],"product_tag":[196,654,292,405,451,212,284,480,487,251,437,450,198,286,466,280,281],"class_list":{"0":"post-5302","1":"product","2":"type-product","3":"status-publish","4":"has-post-thumbnail","6":"product_cat-classic","7":"product_cat-men","8":"product_cat-mens-shoes","9":"product_tag-black-leather-shoes","10":"product_tag-brogue-shoes","11":"product_tag-brown-leather-shoes","12":"product_tag-business-shoes","13":"product_tag-calfskin-leather","14":"product_tag-derby-shoes","15":"product_tag-dress-shoes","16":"product_tag-elegant-shoes","17":"product_tag-footwear","18":"product_tag-formal-shoes","19":"product_tag-goat-leather","20":"product_tag-handcrafted-shoes","21":"product_tag-mens-fashion","22":"product_tag-mens-leather-shoes","23":"product_tag-microlight-sole","24":"product_tag-smart-casual-shoes","25":"product_tag-wholesale-shoes","26":"desktop-align-center","27":"tablet-align-center","28":"mobile-align-center","30":"first","31":"instock","32":"shipping-taxable","33":"purchasable","34":"product-type-variable","35":"has-default-attributes"},"acf":[],"uagb_featured_image_src":{"full":["https:\/\/turkishtrade.co\/wp-content\/uploads\/2026\/01\/2400EJOMN00151-DARK-BROWN-X_872.png",453,250,false],"thumbnail":["https:\/\/turkishtrade.co\/wp-content\/uploads\/2026\/01\/2400EJOMN00151-DARK-BROWN-X_872-150x150.png",150,150,true],"medium":["https:\/\/turkishtrade.co\/wp-content\/uploads\/2026\/01\/2400EJOMN00151-DARK-BROWN-X_872-300x166.png",300,166,true],"medium_large":["https:\/\/turkishtrade.co\/wp-content\/uploads\/2026\/01\/2400EJOMN00151-DARK-BROWN-X_872.png",453,250,false],"large":["https:\/\/turkishtrade.co\/wp-content\/uploads\/2026\/01\/2400EJOMN00151-DARK-BROWN-X_872.png",453,250,false],"1536x1536":["https:\/\/turkishtrade.co\/wp-content\/uploads\/2026\/01\/2400EJOMN00151-DARK-BROWN-X_872.png",453,250,false],"2048x2048":["https:\/\/turkishtrade.co\/wp-content\/uploads\/2026\/01\/2400EJOMN00151-DARK-BROWN-X_872.png",453,250,false],"trp-custom-language-flag":["https:\/\/turkishtrade.co\/wp-content\/uploads\/2026\/01\/2400EJOMN00151-DARK-BROWN-X_872-18x10.png",18,10,true],"woocommerce_thumbnail":["https:\/\/turkishtrade.co\/wp-content\/uploads\/2026\/01\/2400EJOMN00151-DARK-BROWN-X_872-400x250.png",400,250,true],"woocommerce_single":["https:\/\/turkishtrade.co\/wp-content\/uploads\/2026\/01\/2400EJOMN00151-DARK-BROWN-X_872.png",453,250,false],"woocommerce_gallery_thumbnail":["https:\/\/turkishtrade.co\/wp-content\/uploads\/2026\/01\/2400EJOMN00151-DARK-BROWN-X_872-100x100.png",100,100,true]},"uagb_author_info":{"display_name":"yaser olabi","author_link":"https:\/\/turkishtrade.co\/tr\/author\/"},"uagb_comment_info":0,"uagb_excerpt":"Outer Material: Premium Calfskin Leather for durability and a sleek finish Inner Lining: Soft Goat Leather for superior comfort and breathability Sole Type: Lightweight Microlight Sole for enhanced flexibility and shock absorption Heel Height: Subtle 1-3 cm for optimal posture and comfort Available Sizes: EU 39-45 to fit a wide range of gentlemen Minimum Order&hellip;","_links":{"self":[{"href":"https:\/\/turkishtrade.co\/tr\/wp-json\/wp\/v2\/product\/5302","targetHints":{"allow":["GET"]}}],"collection":[{"href":"https:\/\/turkishtrade.co\/tr\/wp-json\/wp\/v2\/product"}],"about":[{"href":"https:\/\/turkishtrade.co\/tr\/wp-json\/wp\/v2\/types\/product"}],"wp:featuredmedia":[{"embeddable":true,"href":"https:\/\/turkishtrade.co\/tr\/wp-json\/wp\/v2\/media\/3572"}],"wp:attachment":[{"href":"https:\/\/turkishtrade.co\/tr\/wp-json\/wp\/v2\/media?parent=5302"}],"wp:term":[{"taxonomy":"product_brand","embeddable":true,"href":"https:\/\/turkishtrade.co\/tr\/wp-json\/wp\/v2\/product_brand?post=5302"},{"taxonomy":"product_cat","embeddable":true,"href":"https:\/\/turkishtrade.co\/tr\/wp-json\/wp\/v2\/product_cat?post=5302"},{"taxonomy":"product_tag","embeddable":true,"href":"https:\/\/turkishtrade.co\/tr\/wp-json\/wp\/v2\/product_tag?post=5302"}],"curies":[{"name":"wp","href":"https:\/\/api.w.org\/{rel}","templated":true}]}}