{"id":5295,"date":"2026-01-14T11:38:42","date_gmt":"2026-01-14T11:38:42","guid":{"rendered":"https:\/\/turkishtrade.co\/product\/men-s-patterned-leather-derby\/"},"modified":"2026-04-09T19:38:31","modified_gmt":"2026-04-09T19:38:31","slug":"mens-patterned-leather-derby-dress-shoes","status":"publish","type":"product","link":"https:\/\/turkishtrade.co\/tr\/shop\/mens-patterned-leather-derby-dress-shoes\/","title":{"rendered":"Microlight Tabanl\u0131 Erkek Desenli Deri Derby Ayakkab\u0131"},"content":{"rendered":"<p><strong>Erkek Desenli Deri Derby<\/strong><\/p>\n<p>Klasik zarafet ve modern tasar\u0131m\u0131n m\u00fckemmel kar\u0131\u015f\u0131m\u0131n\u0131 enfes \u00fcr\u00fcnlerimizle ke\u015ffedin <strong>Erkek Desenli Deri Derby<\/strong> ayakkab\u0131lar. Se\u00e7kin beyefendiler i\u00e7in \u00fcretilen bu Derbys, bir ayakkab\u0131dan \u00e7ok daha fazlas\u0131d\u0131r; sofistike bir stilin ve benzersiz bir konforun ifadesidir. Her bir \u00e7ift titiz bir i\u015f\u00e7ilik sergileyerek bu <strong>Erkek Desenli Deri Derby<\/strong> ayakkab\u0131lar, resmi veya \u015f\u0131k g\u00fcndelik gard\u0131roplar\u0131n vazge\u00e7ilmez bir par\u00e7as\u0131d\u0131r.<\/p>\n<h3>Rakipsiz \u0130\u015f\u00e7ilik ve Birinci S\u0131n\u0131f Malzemeler<\/h3>\n<p>Bizim <strong>Erkek Desenli Deri Derby<\/strong> ayakkab\u0131lar hem l\u00fcks hem de dayan\u0131kl\u0131l\u0131k sa\u011flayan en iyi malzemelerden \u00fcretilmi\u015ftir. D\u0131\u015f y\u00fczeyi, esnek dokusu ve sa\u011flam kalitesiyle bilinen hakiki dana derisinden \u00fcretilmi\u015ftir. Bu ayakkab\u0131lar\u0131 di\u011ferlerinden ay\u0131ran en \u00f6nemli \u00f6zellik ise, g\u00f6ze \u00e7arpan benzersiz bir karakter katan vampir \u00fczerindeki farkl\u0131 desenli dokudur. Zengin kahverengi ve zarif lacivert renkleri mevcuttur. <strong>Erkek Desenli Deri Derby<\/strong> ayakkab\u0131lar \u00e7e\u015fitli k\u0131yafetlere ve durumlara uyacak \u015fekilde \u00e7ok y\u00f6nl\u00fcl\u00fck sunar. \u0130\u00e7 k\u0131sm\u0131 yumu\u015fak ke\u00e7i derisi ile astarlanm\u0131\u015ft\u0131r, ola\u011fan\u00fcst\u00fc nefes alabilirlik sa\u011flar ve aya\u011fa yumu\u015fak bir his vererek uzun s\u00fcreli kullan\u0131mdan sonra bile rahats\u0131zl\u0131\u011f\u0131 \u00f6nler.<\/p>\n<h3>Konfor ve Stil i\u00e7in Tasarland\u0131<\/h3>\n<p>Yenilik\u00e7i microlight taban ile bulutlar\u0131n \u00fczerinde y\u00fcr\u00fcme deneyimini ya\u015fay\u0131n. Bu hafif ancak dayan\u0131kl\u0131 taban, m\u00fckemmel \u015fok emilimi ve esneklik sunarak <strong>Erkek Desenli Deri Derby<\/strong> ayakkab\u0131lar t\u00fcm g\u00fcn kullan\u0131m i\u00e7in inan\u0131lmaz derecede rahatt\u0131r. 1-3 cm'lik ince topuk y\u00fcksekli\u011fi, dengeden \u00f6d\u00fcn vermeden hafif bir y\u00fckselme sa\u011flayarak kendinden emin bir ad\u0131m at\u0131lmas\u0131n\u0131 sa\u011flar. \u00d6nemli i\u015f toplant\u0131lar\u0131ndan sofistike sosyal etkinliklere kadar, bu <strong>Erkek Desenli Deri Derby<\/strong> ayakkab\u0131lar sorunsuz bir \u015fekilde ge\u00e7i\u015f yaparak genel g\u00f6r\u00fcn\u00fcm\u00fcn\u00fcz\u00fc y\u00fckseltir.<\/p>\n<h3>Ola\u011fan\u00fcst\u00fc Ayakkab\u0131lar i\u00e7in Toptan Sat\u0131\u015f F\u0131rsat\u0131<\/h3>\n<p>Y\u00fcksek kaliteli, \u015f\u0131k ayakkab\u0131lar arayan perakendeciler ve i\u015fletmeler i\u00e7in <strong>Erkek Desenli Deri Derby<\/strong> ayakkab\u0131lar toptan sat\u0131\u015f i\u00e7in mevcuttur. Minimum sipari\u015f miktar\u0131 sadece 8 \u00e7ift oldu\u011fundan, bu \u00e7ok be\u011fenilen stilleri kolayca stoklayabilirsiniz. Sipari\u015finizi verimli bir \u015fekilde teslim alman\u0131z\u0131 sa\u011flamak i\u00e7in 12 g\u00fcn art\u0131 nakliye gibi g\u00fcvenilir bir teslimat s\u00fcresi sunuyoruz. Her diki\u015fte detaylara g\u00f6sterilen \u00f6zen ve birinci s\u0131n\u0131f malzeme se\u00e7imi bu ayakkab\u0131lar\u0131 <strong>Erkek Desenli Deri Derby<\/strong> ayakkab\u0131lar her envanter i\u00e7in de\u011ferli bir varl\u0131kt\u0131r. M\u00fc\u015fterilerinize hak ettikleri l\u00fcks ve konforu sunun ve bu ola\u011fan\u00fcst\u00fc Derbys'in ayakkab\u0131 koleksiyonlar\u0131n\u0131n vazge\u00e7ilmezi olmas\u0131na izin verin.<\/p>","protected":false},"excerpt":{"rendered":"<ul>\n<li><strong>\u00dcst Malzeme:<\/strong> Premium Dana Derisi<\/li>\n<li><strong>Astar Malzemesi:<\/strong> Yumu\u015fak Ke\u00e7i Derisi<\/li>\n<li><strong>Taban:<\/strong> \u00dcst\u00fcn konfor i\u00e7in hafif Microlight Taban<\/li>\n<li><strong>Topuk Y\u00fcksekli\u011fi:<\/strong> 1-3 cm<\/li>\n<li><strong>Mevcut Boyutlar:<\/strong> 39, 40, 41, 42, 43, 44, 45<\/li>\n<li><strong>Toptan Sat\u0131\u015f:<\/strong> Minimum 8 \u00e7ift sipari\u015f<\/li>\n<li><strong>Teslimat S\u00fcresi:<\/strong> 12 g\u00fcn + nakliye<\/li>\n<\/ul>","protected":false},"featured_media":3568,"template":"","meta":{"_acf_changed":false,"_uag_custom_page_level_css":"","site-sidebar-layout":"default","site-content-layout":"","ast-site-content-layout":"default","site-content-style":"default","site-sidebar-style":"default","ast-global-header-display":"","ast-banner-title-visibility":"","ast-main-header-display":"","ast-hfb-above-header-display":"","ast-hfb-below-header-display":"","ast-hfb-mobile-header-display":"","site-post-title":"","ast-breadcrumbs-content":"","ast-featured-img":"","footer-sml-layout":"","ast-disable-related-posts":"","theme-transparent-header-meta":"default","adv-header-id-meta":"","stick-header-meta":"","header-above-stick-meta":"","header-main-stick-meta":"","header-below-stick-meta":"","astra-migrate-meta-layouts":"set","ast-page-background-enabled":"default","ast-page-background-meta":{"desktop":{"background-color":"var(--ast-global-color-4)","background-image":"","background-repeat":"repeat","background-position":"center center","background-size":"auto","background-attachment":"scroll","background-type":"","background-media":"","overlay-type":"","overlay-color":"","overlay-opacity":"","overlay-gradient":""},"tablet":{"background-color":"","background-image":"","background-repeat":"repeat","background-position":"center center","background-size":"auto","background-attachment":"scroll","background-type":"","background-media":"","overlay-type":"","overlay-color":"","overlay-opacity":"","overlay-gradient":""},"mobile":{"background-color":"","background-image":"","background-repeat":"repeat","background-position":"center center","background-size":"auto","background-attachment":"scroll","background-type":"","background-media":"","overlay-type":"","overlay-color":"","overlay-opacity":"","overlay-gradient":""}},"ast-content-background-meta":{"desktop":{"background-color":"var(--ast-global-color-5)","background-image":"","background-repeat":"repeat","background-position":"center center","background-size":"auto","background-attachment":"scroll","background-type":"","background-media":"","overlay-type":"","overlay-color":"","overlay-opacity":"","overlay-gradient":""},"tablet":{"background-color":"var(--ast-global-color-5)","background-image":"","background-repeat":"repeat","background-position":"center center","background-size":"auto","background-attachment":"scroll","background-type":"","background-media":"","overlay-type":"","overlay-color":"","overlay-opacity":"","overlay-gradient":""},"mobile":{"background-color":"var(--ast-global-color-5)","background-image":"","background-repeat":"repeat","background-position":"center center","background-size":"auto","background-attachment":"scroll","background-type":"","background-media":"","overlay-type":"","overlay-color":"","overlay-opacity":"","overlay-gradient":""}}},"product_brand":[],"product_cat":[47,430,40],"product_tag":[604,561,451,251,556,535,217,310,198,466,371,210,281],"class_list":{"0":"post-5295","1":"product","2":"type-product","3":"status-publish","4":"has-post-thumbnail","6":"product_cat-classic","7":"product_cat-men","8":"product_cat-mens-shoes","9":"product_tag-blue-derby","10":"product_tag-brown-derby","11":"product_tag-calfskin-leather","12":"product_tag-formal-shoes","13":"product_tag-goatskin-lining","14":"product_tag-leather-dress-shoes","15":"product_tag-luxury-footwear","16":"product_tag-mens-derby-shoes","17":"product_tag-mens-fashion","18":"product_tag-microlight-sole","19":"product_tag-patterned-leather","20":"product_tag-smart-casual","21":"product_tag-wholesale-shoes","22":"desktop-align-center","23":"tablet-align-center","24":"mobile-align-center","26":"first","27":"instock","28":"shipping-taxable","29":"purchasable","30":"product-type-variable","31":"has-default-attributes"},"acf":[],"uagb_featured_image_src":{"full":["https:\/\/turkishtrade.co\/wp-content\/uploads\/2026\/01\/2400EJOMN00148-DARK-BLUE-X_79.png",453,250,false],"thumbnail":["https:\/\/turkishtrade.co\/wp-content\/uploads\/2026\/01\/2400EJOMN00148-DARK-BLUE-X_79-150x150.png",150,150,true],"medium":["https:\/\/turkishtrade.co\/wp-content\/uploads\/2026\/01\/2400EJOMN00148-DARK-BLUE-X_79-300x166.png",300,166,true],"medium_large":["https:\/\/turkishtrade.co\/wp-content\/uploads\/2026\/01\/2400EJOMN00148-DARK-BLUE-X_79.png",453,250,false],"large":["https:\/\/turkishtrade.co\/wp-content\/uploads\/2026\/01\/2400EJOMN00148-DARK-BLUE-X_79.png",453,250,false],"1536x1536":["https:\/\/turkishtrade.co\/wp-content\/uploads\/2026\/01\/2400EJOMN00148-DARK-BLUE-X_79.png",453,250,false],"2048x2048":["https:\/\/turkishtrade.co\/wp-content\/uploads\/2026\/01\/2400EJOMN00148-DARK-BLUE-X_79.png",453,250,false],"trp-custom-language-flag":["https:\/\/turkishtrade.co\/wp-content\/uploads\/2026\/01\/2400EJOMN00148-DARK-BLUE-X_79-18x10.png",18,10,true],"woocommerce_thumbnail":["https:\/\/turkishtrade.co\/wp-content\/uploads\/2026\/01\/2400EJOMN00148-DARK-BLUE-X_79-400x250.png",400,250,true],"woocommerce_single":["https:\/\/turkishtrade.co\/wp-content\/uploads\/2026\/01\/2400EJOMN00148-DARK-BLUE-X_79.png",453,250,false],"woocommerce_gallery_thumbnail":["https:\/\/turkishtrade.co\/wp-content\/uploads\/2026\/01\/2400EJOMN00148-DARK-BLUE-X_79-100x100.png",100,100,true]},"uagb_author_info":{"display_name":"yaser olabi","author_link":"https:\/\/turkishtrade.co\/tr\/author\/"},"uagb_comment_info":0,"uagb_excerpt":"Upper Material: Premium Calfskin Leather Lining Material: Soft Goatskin Leather Sole: Lightweight Microlight Sole for ultimate comfort Heel Height: 1-3 cm Available Sizes: 39, 40, 41, 42, 43, 44, 45 Wholesale Availability: Minimum order of 8 pairs Delivery Time: 12 days + shipping","_links":{"self":[{"href":"https:\/\/turkishtrade.co\/tr\/wp-json\/wp\/v2\/product\/5295","targetHints":{"allow":["GET"]}}],"collection":[{"href":"https:\/\/turkishtrade.co\/tr\/wp-json\/wp\/v2\/product"}],"about":[{"href":"https:\/\/turkishtrade.co\/tr\/wp-json\/wp\/v2\/types\/product"}],"wp:featuredmedia":[{"embeddable":true,"href":"https:\/\/turkishtrade.co\/tr\/wp-json\/wp\/v2\/media\/3568"}],"wp:attachment":[{"href":"https:\/\/turkishtrade.co\/tr\/wp-json\/wp\/v2\/media?parent=5295"}],"wp:term":[{"taxonomy":"product_brand","embeddable":true,"href":"https:\/\/turkishtrade.co\/tr\/wp-json\/wp\/v2\/product_brand?post=5295"},{"taxonomy":"product_cat","embeddable":true,"href":"https:\/\/turkishtrade.co\/tr\/wp-json\/wp\/v2\/product_cat?post=5295"},{"taxonomy":"product_tag","embeddable":true,"href":"https:\/\/turkishtrade.co\/tr\/wp-json\/wp\/v2\/product_tag?post=5295"}],"curies":[{"name":"wp","href":"https:\/\/api.w.org\/{rel}","templated":true}]}}