{"id":5292,"date":"2026-01-14T11:38:22","date_gmt":"2026-01-14T11:38:22","guid":{"rendered":"https:\/\/turkishtrade.co\/product\/mens-leather-derby-shoes-3\/"},"modified":"2026-04-09T19:38:36","modified_gmt":"2026-04-09T19:38:36","slug":"mens-leather-derby-shoes-3","status":"publish","type":"product","link":"https:\/\/turkishtrade.co\/tr\/shop\/mens-leather-derby-shoes-3\/","title":{"rendered":"El Yap\u0131m\u0131 Erkek Dana Derisi Cap-Toe Derby Ayakkab\u0131"},"content":{"rendered":"<p><strong>Erkek Deri Derby Ayakkab\u0131<\/strong><\/p>\n<p>Enfes koleksiyonumuzla benzersiz bir sofistikeli\u011fe ad\u0131m at\u0131n <strong>erkek deri derby ayakkab\u0131<\/strong>. Titizlikle el i\u015f\u00e7ili\u011fiyle m\u00fckemmel hale getirilen bu birinci s\u0131n\u0131f <strong>erkek deri derby ayakkab\u0131<\/strong> Zamans\u0131z \u015f\u0131kl\u0131\u011f\u0131 modern konforla harmanlayan bu modeller, se\u00e7ici bir beyefendinin gard\u0131robuna vazge\u00e7ilmez bir katk\u0131 sa\u011flar. Hem stil hem de uzun \u00f6m\u00fcrl\u00fcl\u00fck i\u00e7in tasarlanan <strong>erkek deri derby ayakkab\u0131<\/strong> \u00f6nemli i\u015f toplant\u0131lar\u0131ndan sofistike sosyal bulu\u015fmalara kadar \u00e7e\u015fitli durumlar i\u00e7in m\u00fckemmeldir ve ger\u00e7ekten \u00fcst\u00fcn erkek ayakkab\u0131lar\u0131n\u0131 tan\u0131mlar.<\/p>\n<p>Bu \u00fcst\u00fcn \u00f6zelliklerin her bir \u00e7ifti <strong>erkek deri derby ayakkab\u0131<\/strong> p\u00fcr\u00fczs\u00fcz dokusu, dayan\u0131kl\u0131l\u0131\u011f\u0131 ve g\u00fczel ya\u015flanma kabiliyetiyle tan\u0131nan hakiki dana derisinden yap\u0131lm\u0131\u015f l\u00fcks bir d\u0131\u015f y\u00fczeye sahiptir. \u0130\u00e7 k\u0131sm\u0131 esnek ke\u00e7i derisiyle astarlanm\u0131\u015ft\u0131r, ola\u011fan\u00fcst\u00fc nefes alabilirlik sunar ve zamanla aya\u011f\u0131n\u0131za eldiven gibi oturarak g\u00fcn boyunca maksimum konfor sa\u011flar. Hafif microlight taban m\u00fckemmel yast\u0131klama ve esneklik sa\u011flarken, 1-3 cm'lik ince topuk, dengeden \u00f6d\u00fcn vermeden klasik bir y\u00fckseli\u015f dokunu\u015fu katar. Zevkli brogue detaylar\u0131yla tamamlanan ay\u0131rt edici burun tasar\u0131m\u0131, bu ayakkab\u0131lar\u0131n klasik cazibesini art\u0131r\u0131r. <strong>erkek deri derby ayakkab\u0131<\/strong>.<\/p>\n<p>\u0130\u015f\u00e7ili\u011fe olan ba\u011fl\u0131l\u0131\u011f\u0131m\u0131z her diki\u015fte ve y\u00fczeyde kendini g\u00f6sterir ve <strong>erkek deri derby ayakkab\u0131<\/strong> ayr\u0131. Yetenekli zanaatk\u00e2rlar her bir \u00e7ifti titizlikle el i\u015f\u00e7ili\u011fiyle \u00fcreterek, \u00fcst\u00fcn kalitede bir ayakkab\u0131yla sonu\u00e7lanan hassasiyet ve detaylara dikkat sa\u011flar. Hem zarif mavi hem de klasik kahverengi renklerde mevcut olan zengin, n\u00fcansl\u0131 y\u00fczeyler, her k\u0131yafeti tamamlayacak \u00e7ok y\u00f6nl\u00fc se\u00e7enekler sunar. \u0130ster resmi bir etkinlik i\u00e7in keskin bir tak\u0131m elbise ile e\u015fle\u015ftirin, ister \u015f\u0131k ve rahat bir g\u00f6r\u00fcn\u00fcm i\u00e7in chino pantolonlarla giyin. <strong>erkek deri derby ayakkab\u0131<\/strong> tarz\u0131n\u0131z\u0131 zahmetsizce y\u00fckseltin. Geleneksel ayakkab\u0131c\u0131l\u0131k teknikleri ve \u00e7a\u011fda\u015f tasar\u0131m\u0131n m\u00fckemmel birle\u015fimini birinci s\u0131n\u0131f ayakkab\u0131 se\u00e7eneklerimizle deneyimleyin. <strong>erkek deri derby ayakkab\u0131<\/strong>.<\/p>\n<p>Farkl\u0131 boyutland\u0131rman\u0131n \u00f6nemini anl\u0131yoruz, i\u015fte bu y\u00fczden bu ola\u011fan\u00fcst\u00fc <strong>erkek deri derby ayakkab\u0131<\/strong> 39\u2019dan 45'e kadar kapsaml\u0131 bir AB beden yelpazesinde mevcuttur. Toptan sat\u0131\u015f ortaklar\u0131 i\u00e7in, minimum sipari\u015f miktar\u0131 sadece 8 \u00e7ift olan esnek toplu sipari\u015f se\u00e7enekleri sunuyoruz ve m\u00fc\u015fterilerinizin kalite taleplerini kar\u015f\u0131lamak i\u00e7in \u00e7e\u015fitli renk ve boyutlar\u0131 kolayca stoklaman\u0131za olanak tan\u0131yoruz <strong>erkek deri derby ayakkab\u0131<\/strong>. \u00dcretim s\u00fcresi yakla\u015f\u0131k 12 g\u00fcnd\u00fcr, buna nakliye de dahildir ve envanter ihtiya\u00e7lar\u0131n\u0131z i\u00e7in zaman\u0131nda teslimat sa\u011flar. Benzersiz ayakkab\u0131lar\u0131m\u0131z\u0131 se\u00e7erek, bir a\u00e7\u0131klama yapan ve zaman\u0131n testine dayanan kaliteli ayakkab\u0131lara yat\u0131r\u0131m yap\u0131n <strong>erkek deri derby ayakkab\u0131<\/strong> Koleksiyonunuz i\u00e7in.<\/p>","protected":false},"excerpt":{"rendered":"<ul>\n<li>Sofistike stil ve dayan\u0131kl\u0131l\u0131k i\u00e7in Premium Dana Derisi D\u0131\u015f Y\u00fczey<\/li>\n<li>\u00dcst\u00fcn konfor ve nefes alabilirlik i\u00e7in Yumu\u015fak Ke\u00e7i Derisi \u0130\u00e7 Astar<\/li>\n<li>Esnek, g\u00fcn boyu kullan\u0131m i\u00e7in hafif Microlight Taban<\/li>\n<li>Zarif bir y\u00fckselme i\u00e7in 1-3 cm'lik ince topuk y\u00fcksekli\u011fi<\/li>\n<li>\u00c7ok \u00e7e\u015fitli AB bedenlerinde mevcuttur: 39-45<\/li>\n<li>Minimum Sipari\u015f Miktar\u0131: 8 \u00c7ift (Renkleri\/Boylar\u0131 Kar\u0131\u015ft\u0131r\u0131n ve E\u015fle\u015ftirin)<\/li>\n<\/ul>","protected":false},"featured_media":3566,"template":"","meta":{"_acf_changed":false,"_uag_custom_page_level_css":"","site-sidebar-layout":"default","site-content-layout":"","ast-site-content-layout":"default","site-content-style":"default","site-sidebar-style":"default","ast-global-header-display":"","ast-banner-title-visibility":"","ast-main-header-display":"","ast-hfb-above-header-display":"","ast-hfb-below-header-display":"","ast-hfb-mobile-header-display":"","site-post-title":"","ast-breadcrumbs-content":"","ast-featured-img":"","footer-sml-layout":"","ast-disable-related-posts":"","theme-transparent-header-meta":"default","adv-header-id-meta":"","stick-header-meta":"","header-above-stick-meta":"","header-main-stick-meta":"","header-below-stick-meta":"","astra-migrate-meta-layouts":"set","ast-page-background-enabled":"default","ast-page-background-meta":{"desktop":{"background-color":"var(--ast-global-color-4)","background-image":"","background-repeat":"repeat","background-position":"center center","background-size":"auto","background-attachment":"scroll","background-type":"","background-media":"","overlay-type":"","overlay-color":"","overlay-opacity":"","overlay-gradient":""},"tablet":{"background-color":"","background-image":"","background-repeat":"repeat","background-position":"center center","background-size":"auto","background-attachment":"scroll","background-type":"","background-media":"","overlay-type":"","overlay-color":"","overlay-opacity":"","overlay-gradient":""},"mobile":{"background-color":"","background-image":"","background-repeat":"repeat","background-position":"center center","background-size":"auto","background-attachment":"scroll","background-type":"","background-media":"","overlay-type":"","overlay-color":"","overlay-opacity":"","overlay-gradient":""}},"ast-content-background-meta":{"desktop":{"background-color":"var(--ast-global-color-5)","background-image":"","background-repeat":"repeat","background-position":"center center","background-size":"auto","background-attachment":"scroll","background-type":"","background-media":"","overlay-type":"","overlay-color":"","overlay-opacity":"","overlay-gradient":""},"tablet":{"background-color":"var(--ast-global-color-5)","background-image":"","background-repeat":"repeat","background-position":"center center","background-size":"auto","background-attachment":"scroll","background-type":"","background-media":"","overlay-type":"","overlay-color":"","overlay-opacity":"","overlay-gradient":""},"mobile":{"background-color":"var(--ast-global-color-5)","background-image":"","background-repeat":"repeat","background-position":"center center","background-size":"auto","background-attachment":"scroll","background-type":"","background-media":"","overlay-type":"","overlay-color":"","overlay-opacity":"","overlay-gradient":""}}},"product_brand":[],"product_cat":[47,430,40],"product_tag":[646,672,218,202,638,212,284,251,221,437,219,227,466,280,281],"class_list":{"0":"post-5292","1":"product","2":"type-product","3":"status-publish","4":"has-post-thumbnail","6":"product_cat-classic","7":"product_cat-men","8":"product_cat-mens-shoes","9":"product_tag-blue-shoes","10":"product_tag-brogues","11":"product_tag-brown-shoes","12":"product_tag-calf-leather","13":"product_tag-cap-toe","14":"product_tag-derby-shoes","15":"product_tag-dress-shoes","16":"product_tag-formal-shoes","17":"product_tag-genuine-leather","18":"product_tag-goat-leather","19":"product_tag-handmade-shoes","20":"product_tag-leather-shoes","21":"product_tag-microlight-sole","22":"product_tag-smart-casual-shoes","23":"product_tag-wholesale-shoes","24":"desktop-align-center","25":"tablet-align-center","26":"mobile-align-center","28":"first","29":"instock","30":"shipping-taxable","31":"purchasable","32":"product-type-variable","33":"has-default-attributes"},"acf":[],"uagb_featured_image_src":{"full":["https:\/\/turkishtrade.co\/wp-content\/uploads\/2026\/01\/2400EJOMN00147-DARK-BROWN-X_440.png",453,250,false],"thumbnail":["https:\/\/turkishtrade.co\/wp-content\/uploads\/2026\/01\/2400EJOMN00147-DARK-BROWN-X_440-150x150.png",150,150,true],"medium":["https:\/\/turkishtrade.co\/wp-content\/uploads\/2026\/01\/2400EJOMN00147-DARK-BROWN-X_440-300x166.png",300,166,true],"medium_large":["https:\/\/turkishtrade.co\/wp-content\/uploads\/2026\/01\/2400EJOMN00147-DARK-BROWN-X_440.png",453,250,false],"large":["https:\/\/turkishtrade.co\/wp-content\/uploads\/2026\/01\/2400EJOMN00147-DARK-BROWN-X_440.png",453,250,false],"1536x1536":["https:\/\/turkishtrade.co\/wp-content\/uploads\/2026\/01\/2400EJOMN00147-DARK-BROWN-X_440.png",453,250,false],"2048x2048":["https:\/\/turkishtrade.co\/wp-content\/uploads\/2026\/01\/2400EJOMN00147-DARK-BROWN-X_440.png",453,250,false],"trp-custom-language-flag":["https:\/\/turkishtrade.co\/wp-content\/uploads\/2026\/01\/2400EJOMN00147-DARK-BROWN-X_440-18x10.png",18,10,true],"woocommerce_thumbnail":["https:\/\/turkishtrade.co\/wp-content\/uploads\/2026\/01\/2400EJOMN00147-DARK-BROWN-X_440-400x250.png",400,250,true],"woocommerce_single":["https:\/\/turkishtrade.co\/wp-content\/uploads\/2026\/01\/2400EJOMN00147-DARK-BROWN-X_440.png",453,250,false],"woocommerce_gallery_thumbnail":["https:\/\/turkishtrade.co\/wp-content\/uploads\/2026\/01\/2400EJOMN00147-DARK-BROWN-X_440-100x100.png",100,100,true]},"uagb_author_info":{"display_name":"yaser olabi","author_link":"https:\/\/turkishtrade.co\/tr\/author\/"},"uagb_comment_info":0,"uagb_excerpt":"Premium Calf Leather Outer for sophisticated style and durability Soft Goat Leather Inner Lining for ultimate comfort and breathability Lightweight Microlight Sole for flexible, all-day wear Subtle 1-3 cm Heel Height for elegant elevation Available in a wide range of EU sizes: 39-45 Minimum Order Quantity: 8 Pairs (Mix &amp; Match Colors\/Sizes)","_links":{"self":[{"href":"https:\/\/turkishtrade.co\/tr\/wp-json\/wp\/v2\/product\/5292","targetHints":{"allow":["GET"]}}],"collection":[{"href":"https:\/\/turkishtrade.co\/tr\/wp-json\/wp\/v2\/product"}],"about":[{"href":"https:\/\/turkishtrade.co\/tr\/wp-json\/wp\/v2\/types\/product"}],"wp:featuredmedia":[{"embeddable":true,"href":"https:\/\/turkishtrade.co\/tr\/wp-json\/wp\/v2\/media\/3566"}],"wp:attachment":[{"href":"https:\/\/turkishtrade.co\/tr\/wp-json\/wp\/v2\/media?parent=5292"}],"wp:term":[{"taxonomy":"product_brand","embeddable":true,"href":"https:\/\/turkishtrade.co\/tr\/wp-json\/wp\/v2\/product_brand?post=5292"},{"taxonomy":"product_cat","embeddable":true,"href":"https:\/\/turkishtrade.co\/tr\/wp-json\/wp\/v2\/product_cat?post=5292"},{"taxonomy":"product_tag","embeddable":true,"href":"https:\/\/turkishtrade.co\/tr\/wp-json\/wp\/v2\/product_tag?post=5292"}],"curies":[{"name":"wp","href":"https:\/\/api.w.org\/{rel}","templated":true}]}}