{"id":5287,"date":"2026-01-14T11:37:26","date_gmt":"2026-01-14T11:37:26","guid":{"rendered":"https:\/\/turkishtrade.co\/product\/navy-cap-toe-oxfords\/"},"modified":"2026-04-09T19:38:43","modified_gmt":"2026-04-09T19:38:43","slug":"navy-cap-toe-oxfords","status":"publish","type":"product","link":"https:\/\/turkishtrade.co\/tr\/shop\/navy-cap-toe-oxfords\/","title":{"rendered":"Premium Lacivert Dana Derisi Cap Toe Oxford Ayakkab\u0131"},"content":{"rendered":"<p><strong>Lacivert Cap Toe Oxfords<\/strong><\/p>\n<p>Klasik sofistikeli\u011fin \u00f6z\u00fcn\u00fc bizim ile ke\u015ffedin <b>Premium Lacivert Dana Derisi Cap Toe Oxford Ayakkab\u0131<\/b>. Benzersiz bir stil ve konfor sunmak i\u00e7in titizlikle haz\u0131rlanm\u0131\u015f olan bu <b>laci\u0307vert kep burunlu oxfords<\/b> her se\u00e7kin beyefendinin gard\u0131robunun vazge\u00e7ilmez bir par\u00e7as\u0131d\u0131r. Hem resmi davetler hem de zarif g\u00fcnl\u00fck kullan\u0131m i\u00e7in tasarlanan bu ayakkab\u0131lar, geleneksel ayakkab\u0131c\u0131l\u0131k sanat\u0131n\u0131 modern konfor ve dayan\u0131kl\u0131l\u0131k talepleriyle kusursuz bir \u015fekilde harmanlar.<\/p>\n<h3>E\u015fsiz \u0130\u015f\u00e7ilik ve Birinci S\u0131n\u0131f Malzemeler<\/h3>\n<p>Bu zarif \u00e7iftlerin her biri <b>laci\u0307vert kep burunlu oxfords<\/b> en iyi malzemelerden \u00fcretilmi\u015ftir. D\u0131\u015f y\u00fczeyi, p\u00fcr\u00fczs\u00fcz y\u00fczeyi, ola\u011fan\u00fcst\u00fc dayan\u0131kl\u0131l\u0131\u011f\u0131 ve zaman i\u00e7inde g\u00fczel bir patine geli\u015ftirme yetene\u011fi i\u00e7in se\u00e7ilen l\u00fcks dana derisine sahiptir. \u0130\u00e7 k\u0131s\u0131m, ilk kullan\u0131mdan itibaren \u00fcst\u00fcn nefes alabilirlik ve ola\u011fan\u00fcst\u00fc konfor sa\u011flayan esnek ke\u00e7i derisiyle titizlikle astarlanm\u0131\u015ft\u0131r. Birinci s\u0131n\u0131f derilerin bu \u00f6zenli kombinasyonu, hem i\u00e7te hem de d\u0131\u015fta l\u00fcks bir his sa\u011flayarak bu ayakkab\u0131lar\u0131 sadece ayakkab\u0131 de\u011fil, ayn\u0131 zamanda bir kalite deneyimi haline getirir. Ay\u0131rt edici kep burun tasar\u0131m\u0131, vampirdeki ince brogue detaylar\u0131yla birle\u015fti\u011finde, bu ayakkab\u0131lar\u0131 ger\u00e7ekten belirleyen rafine bir zarafet dokunu\u015fu ekler. <b>cap toe oxfords<\/b> ayr\u0131.<\/p>\n<h3>Konfor ve Dayan\u0131kl\u0131l\u0131k i\u00e7in Tasarland\u0131<\/h3>\n<p>Stilden \u00f6d\u00fcn vermeden konfor her \u015feyden \u00f6nemlidir. Bunlar <b>laci\u0307vert kep burunlu oxfords<\/b> t\u00fcm g\u00fcn kullan\u0131m i\u00e7in \u00fcst\u00fcn hafiflik ve esneklik sa\u011flayan yenilik\u00e7i bir mikro hafif tabana sahiptir. \u00d6zenle tasarlanm\u0131\u015f 1-3 cm topuk, kendinden emin bir ad\u0131m i\u00e7in do\u011fru miktarda y\u00fckselti sunarken, sa\u011flam yap\u0131s\u0131 uzun s\u00fcreli dayan\u0131kl\u0131l\u0131\u011f\u0131 garanti eder. \u0130ster kalabal\u0131k \u015fehir sokaklar\u0131nda geziniyor ister uzun s\u00fcren resmi etkinliklerde ayakta duruyor olun, microlight taban maksimum konfor ve destek sa\u011flayarak ayak yorgunlu\u011funu \u00f6nemli \u00f6l\u00e7\u00fcde azalt\u0131r. Bunlar sadece \u015f\u0131k lacivert elbise ayakkab\u0131lar\u0131 de\u011fildir; kal\u0131c\u0131 performans ve zamans\u0131z \u00e7ekicilik i\u00e7in titizlikle \u00fcretilmi\u015ftir.<\/p>\n<h3>Lacivert Cap Toe Oxfords'un \u00c7ok Y\u00f6nl\u00fcl\u00fc\u011f\u00fc<\/h3>\n<p>Bunlar\u0131n zengin lacivert rengi <b>cap toe oxfords<\/b> ola\u011fan\u00fcst\u00fc \u00e7ok y\u00f6nl\u00fcl\u00fck sunarak geleneksel siyah veya kahverengi elbise ayakkab\u0131lar\u0131na m\u00fckemmel ve sofistike bir alternatif olu\u015fturur. K\u00f6m\u00fcr rengi tak\u0131m elbiseler, zarif gri pantolonlar ve hatta \u015f\u0131k g\u00fcndelik chino pantolonlarla m\u00fckemmel uyum sa\u011flar ve tak\u0131m\u0131n\u0131za se\u00e7kin bir renk katar. \u00d6nemli i\u015f toplant\u0131lar\u0131 ve kurumsal etkinliklerden d\u00fc\u011f\u00fcnlere ve resmi ak\u015fam yemeklerine kadar, bu <b>premium laci\u0307vert kapali burun oxfords<\/b> her zaman se\u00e7kin bir izlenim b\u0131rakman\u0131z\u0131 sa\u011flar. 39'dan 45'e kadar geni\u015f bir beden yelpazesiyle her beyefendi i\u00e7in m\u00fckemmel bir uyum sa\u011fl\u0131yoruz. Bu zamans\u0131z ve zarif ayakkab\u0131larla ayakkab\u0131 koleksiyonunuzu geli\u015ftirin. <b>laci\u0307vert kep burunlu oxfords<\/b>, Minimum 8 \u00e7ift ve 12 g\u00fcnl\u00fck teslimat s\u00fcresi art\u0131 nakliye ile toplu sipari\u015fler i\u00e7in mevcuttur.<\/p>","protected":false},"excerpt":{"rendered":"<ul>\n<li>En \u00fcst d\u00fczeyde konfor i\u00e7in l\u00fcks Dana Derisi d\u0131\u015f y\u00fczey ve yumu\u015fak Ke\u00e7i Derisi i\u00e7 k\u0131s\u0131m ile \u00fcretilmi\u015ftir.<\/li>\n<li>Zengin lacivert renk tonunda ince brogue detaylara sahip sofistike bir Cap Toe tasar\u0131ma sahiptir.<\/li>\n<li>T\u00fcm g\u00fcn kullan\u0131m i\u00e7in hafif ve dayan\u0131kl\u0131 Microlight taban ve 1-3 cm rahat topuk y\u00fcksekli\u011fi ile donat\u0131lm\u0131\u015ft\u0131r.<\/li>\n<li>Kapsaml\u0131 bir boyut yelpazesinde mevcuttur: 39, 40, 41, 42, 43, 44, 45.<\/li>\n<li>Minimum sipari\u015f miktar\u0131: 8 \u00e7ift. Toptan sat\u0131\u015f fiyat\u0131 \u00e7ift ba\u015f\u0131na USD'den ba\u015flar.<\/li>\n<li>\u00dcretim ve teslimat s\u00fcresi: 12 g\u00fcn art\u0131 nakliye.<\/li>\n<\/ul>","protected":false},"featured_media":3562,"template":"","meta":{"_acf_changed":false,"_uag_custom_page_level_css":"","site-sidebar-layout":"default","site-content-layout":"","ast-site-content-layout":"default","site-content-style":"default","site-sidebar-style":"default","ast-global-header-display":"","ast-banner-title-visibility":"","ast-main-header-display":"","ast-hfb-above-header-display":"","ast-hfb-below-header-display":"","ast-hfb-mobile-header-display":"","site-post-title":"","ast-breadcrumbs-content":"","ast-featured-img":"","footer-sml-layout":"","ast-disable-related-posts":"","theme-transparent-header-meta":"default","adv-header-id-meta":"","stick-header-meta":"","header-above-stick-meta":"","header-main-stick-meta":"","header-below-stick-meta":"","astra-migrate-meta-layouts":"set","ast-page-background-enabled":"default","ast-page-background-meta":{"desktop":{"background-color":"var(--ast-global-color-4)","background-image":"","background-repeat":"repeat","background-position":"center center","background-size":"auto","background-attachment":"scroll","background-type":"","background-media":"","overlay-type":"","overlay-color":"","overlay-opacity":"","overlay-gradient":""},"tablet":{"background-color":"","background-image":"","background-repeat":"repeat","background-position":"center center","background-size":"auto","background-attachment":"scroll","background-type":"","background-media":"","overlay-type":"","overlay-color":"","overlay-opacity":"","overlay-gradient":""},"mobile":{"background-color":"","background-image":"","background-repeat":"repeat","background-position":"center center","background-size":"auto","background-attachment":"scroll","background-type":"","background-media":"","overlay-type":"","overlay-color":"","overlay-opacity":"","overlay-gradient":""}},"ast-content-background-meta":{"desktop":{"background-color":"var(--ast-global-color-5)","background-image":"","background-repeat":"repeat","background-position":"center center","background-size":"auto","background-attachment":"scroll","background-type":"","background-media":"","overlay-type":"","overlay-color":"","overlay-opacity":"","overlay-gradient":""},"tablet":{"background-color":"var(--ast-global-color-5)","background-image":"","background-repeat":"repeat","background-position":"center center","background-size":"auto","background-attachment":"scroll","background-type":"","background-media":"","overlay-type":"","overlay-color":"","overlay-opacity":"","overlay-gradient":""},"mobile":{"background-color":"var(--ast-global-color-5)","background-image":"","background-repeat":"repeat","background-position":"center center","background-size":"auto","background-attachment":"scroll","background-type":"","background-media":"","overlay-type":"","overlay-color":"","overlay-opacity":"","overlay-gradient":""}}},"product_brand":[],"product_cat":[47,430,40],"product_tag":[405,185,638,480,251,189,219,324,466,841,204,250,619,281],"class_list":{"0":"post-5287","1":"product","2":"type-product","3":"status-publish","4":"has-post-thumbnail","6":"product_cat-classic","7":"product_cat-men","8":"product_cat-mens-shoes","9":"product_tag-business-shoes","10":"product_tag-calf-leather-shoes","11":"product_tag-cap-toe","12":"product_tag-elegant-shoes","13":"product_tag-formal-shoes","14":"product_tag-goat-leather-lining","15":"product_tag-handmade-shoes","16":"product_tag-mens-dress-shoes","17":"product_tag-microlight-sole","18":"product_tag-navy-cap-toe-oxfords","19":"product_tag-oxford-shoes","20":"product_tag-premium-leather","21":"product_tag-sophisticated-shoes","22":"product_tag-wholesale-shoes","23":"desktop-align-center","24":"tablet-align-center","25":"mobile-align-center","27":"first","28":"instock","29":"shipping-taxable","30":"purchasable","31":"product-type-variable","32":"has-default-attributes"},"acf":[],"uagb_featured_image_src":{"full":["https:\/\/turkishtrade.co\/wp-content\/uploads\/2026\/01\/2400EJOMN00145-DARK-BLUE-X_80.png",453,250,false],"thumbnail":["https:\/\/turkishtrade.co\/wp-content\/uploads\/2026\/01\/2400EJOMN00145-DARK-BLUE-X_80-150x150.png",150,150,true],"medium":["https:\/\/turkishtrade.co\/wp-content\/uploads\/2026\/01\/2400EJOMN00145-DARK-BLUE-X_80-300x166.png",300,166,true],"medium_large":["https:\/\/turkishtrade.co\/wp-content\/uploads\/2026\/01\/2400EJOMN00145-DARK-BLUE-X_80.png",453,250,false],"large":["https:\/\/turkishtrade.co\/wp-content\/uploads\/2026\/01\/2400EJOMN00145-DARK-BLUE-X_80.png",453,250,false],"1536x1536":["https:\/\/turkishtrade.co\/wp-content\/uploads\/2026\/01\/2400EJOMN00145-DARK-BLUE-X_80.png",453,250,false],"2048x2048":["https:\/\/turkishtrade.co\/wp-content\/uploads\/2026\/01\/2400EJOMN00145-DARK-BLUE-X_80.png",453,250,false],"trp-custom-language-flag":["https:\/\/turkishtrade.co\/wp-content\/uploads\/2026\/01\/2400EJOMN00145-DARK-BLUE-X_80-18x10.png",18,10,true],"woocommerce_thumbnail":["https:\/\/turkishtrade.co\/wp-content\/uploads\/2026\/01\/2400EJOMN00145-DARK-BLUE-X_80-400x250.png",400,250,true],"woocommerce_single":["https:\/\/turkishtrade.co\/wp-content\/uploads\/2026\/01\/2400EJOMN00145-DARK-BLUE-X_80.png",453,250,false],"woocommerce_gallery_thumbnail":["https:\/\/turkishtrade.co\/wp-content\/uploads\/2026\/01\/2400EJOMN00145-DARK-BLUE-X_80-100x100.png",100,100,true]},"uagb_author_info":{"display_name":"yaser olabi","author_link":"https:\/\/turkishtrade.co\/tr\/author\/"},"uagb_comment_info":0,"uagb_excerpt":"Crafted with a luxurious Calf Leather exterior and soft Goat Leather interior for ultimate comfort. Features a sophisticated Cap Toe design with subtle brogue detailing in a rich navy hue. Equipped with a lightweight and durable Microlight sole for all-day wear and a comfortable 1-3 cm heel height. Available in a comprehensive range of sizes:&hellip;","_links":{"self":[{"href":"https:\/\/turkishtrade.co\/tr\/wp-json\/wp\/v2\/product\/5287","targetHints":{"allow":["GET"]}}],"collection":[{"href":"https:\/\/turkishtrade.co\/tr\/wp-json\/wp\/v2\/product"}],"about":[{"href":"https:\/\/turkishtrade.co\/tr\/wp-json\/wp\/v2\/types\/product"}],"wp:featuredmedia":[{"embeddable":true,"href":"https:\/\/turkishtrade.co\/tr\/wp-json\/wp\/v2\/media\/3562"}],"wp:attachment":[{"href":"https:\/\/turkishtrade.co\/tr\/wp-json\/wp\/v2\/media?parent=5287"}],"wp:term":[{"taxonomy":"product_brand","embeddable":true,"href":"https:\/\/turkishtrade.co\/tr\/wp-json\/wp\/v2\/product_brand?post=5287"},{"taxonomy":"product_cat","embeddable":true,"href":"https:\/\/turkishtrade.co\/tr\/wp-json\/wp\/v2\/product_cat?post=5287"},{"taxonomy":"product_tag","embeddable":true,"href":"https:\/\/turkishtrade.co\/tr\/wp-json\/wp\/v2\/product_tag?post=5287"}],"curies":[{"name":"wp","href":"https:\/\/api.w.org\/{rel}","templated":true}]}}