{"id":5283,"date":"2026-01-14T11:37:06","date_gmt":"2026-01-14T11:37:06","guid":{"rendered":"https:\/\/turkishtrade.co\/product\/men-leather-derby-shoes\/"},"modified":"2026-04-09T19:38:49","modified_gmt":"2026-04-09T19:38:49","slug":"style-premium-mens-leather-derby-shoes-2","status":"publish","type":"product","link":"https:\/\/turkishtrade.co\/tr\/shop\/style-premium-mens-leather-derby-shoes-2\/","title":{"rendered":"Premium Dana Derisi Ke\u00e7i Derisi Erkek Deri Derby Ayakkab\u0131"},"content":{"rendered":"<p><strong>Erkek Deri Derby Ayakkab\u0131<\/strong><\/p>\n<p>Enfes koleksiyonumuzla benzersiz \u015f\u0131kl\u0131k ve konfora ad\u0131m at\u0131n <strong>Erkek Deri Derby Ayakkab\u0131<\/strong>. Se\u00e7kin beyefendiler i\u00e7in tasarlanan bu ayakkab\u0131lar, \u00fcst\u00fcn i\u015f\u00e7ili\u011fin ve zamans\u0131z stilin bir kan\u0131t\u0131d\u0131r. \u0130ster \u00f6nemli bir i\u015f toplant\u0131s\u0131na, ister sofistike bir etkinli\u011fe gidiyor olun, ister sadece g\u00fcnl\u00fck \u015f\u0131k k\u0131yafetlerinizi geli\u015ftirmek istiyor olun, Derby ayakkab\u0131lar\u0131m\u0131z l\u00fcks ve pratikli\u011fin m\u00fckemmel bir kar\u0131\u015f\u0131m\u0131n\u0131 sunar.<\/p>\n<h3>Rakipsiz Malzeme ve \u0130\u015f\u00e7ilik<\/h3>\n<p>Her bir \u00e7iftimiz <strong>Erkek Deri Derby Ayakkab\u0131<\/strong> sadece en iyi malzemeler kullan\u0131larak titizlikle \u00fcretilmi\u015ftir. D\u0131\u015f y\u00fczeyi, dayan\u0131kl\u0131l\u0131\u011f\u0131, p\u00fcr\u00fczs\u00fcz y\u00fczeyi ve g\u00fczel bir \u015fekilde eskime kabiliyetiyle tan\u0131nan birinci s\u0131n\u0131f, esnek dana derisinden \u00fcretilmi\u015ftir. Bu y\u00fcksek kaliteli dana derisi, sofistike bir g\u00f6r\u00fcn\u00fcm ve zaman\u0131n testine dayanacak uzun \u00f6m\u00fcrl\u00fc bir \u00fcr\u00fcn sa\u011flar. \u0130\u00e7 k\u0131s\u0131mda ayaklar\u0131n\u0131z\u0131 saran l\u00fcks ke\u00e7i derisi astar, ola\u011fan\u00fcst\u00fc nefes alabilirlik ve cilde kar\u015f\u0131 yumu\u015fak, rahat bir his sunar. \u00dcst d\u00fczey derilerin bu kombinasyonu, bu ayakkab\u0131lar\u0131 <strong>Erkek Deri Derby Ayakkab\u0131<\/strong> kalite ve konforuyla \u00f6ne \u00e7\u0131kar. \u00dcst k\u0131s\u0131m boyunca g\u00f6r\u00fclebilen karma\u015f\u0131k brogue detaylar, klasik bir zarafet ve karakter dokunu\u015fu katarak tasar\u0131mlar\u0131ndaki detaylara g\u00f6sterilen \u00f6zeni ortaya koyuyor.<\/p>\n<h3>T\u00fcm G\u00fcn Konfor ve Stil i\u00e7in Tasarland\u0131<\/h3>\n<p>Konfor her \u015feyden \u00f6nemlidir ve <strong>Erkek Deri Derby Ayakkab\u0131<\/strong> tarz\u0131ndan \u00f6d\u00fcn vermeden sunar. Yenilik\u00e7i microlight tabana sahip bu ayakkab\u0131lar \u00fcst\u00fcn yast\u0131klama ve inan\u0131lmaz hafiflik sa\u011flayarak uzun s\u00fcreli kullan\u0131m i\u00e7in idealdir. 1-3 cm'lik ince topuk y\u00fcksekli\u011fi hafif bir y\u00fckselti sunarak zarif bir duru\u015fa katk\u0131da bulunurken denge ve rahatl\u0131k sa\u011flar. EU 39'dan 45'e kadar kapsaml\u0131 bir beden yelpazesinde mevcut oldu\u011fundan, m\u00fckemmel uyumunuzu bulmak zahmetsizdir. Klasik siyah, zengin kahverengi ve sofistike mavi gibi \u00e7e\u015fitli zarif tonlarda sunulan \u00e7ok y\u00f6nl\u00fc tasar\u0131m, bu <strong>Erkek Deri Derby Ayakkab\u0131<\/strong> gard\u0131robunuzdaki her k\u0131yafeti sorunsuz bir \u015fekilde tamamlayabilir.<\/p>\n<h3>Toplu Sipari\u015fler ve \u0130\u015f Ortakl\u0131klar\u0131 i\u00e7in \u0130deal<\/h3>\n<p>Y\u00fcksek kaliteli ayakkab\u0131 arayan perakendecilerin ve i\u015fletmelerin ihtiya\u00e7lar\u0131n\u0131 anl\u0131yoruz. Bizim <strong>Erkek Deri Derby Ayakkab\u0131<\/strong> minimum 8 \u00e7ift sipari\u015f miktar\u0131 ile toplu al\u0131m i\u00e7in mevcuttur. Bu da onlar\u0131 butik ma\u011fazalar, \u00fcniforma tedarik\u00e7ileri veya kurumsal hediyeler i\u00e7in m\u00fckemmel bir se\u00e7im haline getirir. G\u00fcvenilir teslimat s\u00fcresi 12 g\u00fcn art\u0131 nakliye ile, birinci s\u0131n\u0131f sipari\u015finizin <strong>Erkek Deri Derby Ayakkab\u0131<\/strong> verimli bir \u015fekilde ula\u015facakt\u0131r. Estetik \u00e7ekicili\u011fi dayan\u0131kl\u0131 yap\u0131yla birle\u015ftiren ve m\u00fc\u015fterilerinize e\u015fsiz kalite sunan bir \u00fcr\u00fcne yat\u0131r\u0131m yap\u0131n. Bu ola\u011fan\u00fcst\u00fc \u00fcr\u00fcnlerle envanterinizi y\u00fckseltin <strong>Erkek Deri Derby Ayakkab\u0131<\/strong> Bug\u00fcn.<\/p>","protected":false},"excerpt":{"rendered":"<ul>\n<li><strong>D\u0131\u015f Malzeme:<\/strong> L\u00fcks Dana Derisi Deri<\/li>\n<li><strong>\u0130\u00e7 Astar:<\/strong> Yumu\u015fak Ke\u00e7i Derisi<\/li>\n<li><strong>Taban:<\/strong> \u00dcst\u00fcn konfor i\u00e7in hafif Microlight<\/li>\n<li><strong>Topuk Y\u00fcksekli\u011fi:<\/strong> Hafif 1-3 cm kald\u0131rma<\/li>\n<li><strong>Mevcut Boyutlar:<\/strong> AB 39-45<\/li>\n<li><strong>Toplu Sipari\u015fler:<\/strong> Minimum 8 \u00e7ift<\/li>\n<li><strong>Teslimat S\u00fcresi:<\/strong> 12 g\u00fcn + nakliye<\/li>\n<\/ul>","protected":false},"featured_media":3561,"template":"","meta":{"_acf_changed":false,"_uag_custom_page_level_css":"","site-sidebar-layout":"default","site-content-layout":"","ast-site-content-layout":"default","site-content-style":"default","site-sidebar-style":"default","ast-global-header-display":"","ast-banner-title-visibility":"","ast-main-header-display":"","ast-hfb-above-header-display":"","ast-hfb-below-header-display":"","ast-hfb-mobile-header-display":"","site-post-title":"","ast-breadcrumbs-content":"","ast-featured-img":"","footer-sml-layout":"","ast-disable-related-posts":"","theme-transparent-header-meta":"default","adv-header-id-meta":"","stick-header-meta":"","header-above-stick-meta":"","header-main-stick-meta":"","header-below-stick-meta":"","astra-migrate-meta-layouts":"set","ast-page-background-enabled":"default","ast-page-background-meta":{"desktop":{"background-color":"var(--ast-global-color-4)","background-image":"","background-repeat":"repeat","background-position":"center center","background-size":"auto","background-attachment":"scroll","background-type":"","background-media":"","overlay-type":"","overlay-color":"","overlay-opacity":"","overlay-gradient":""},"tablet":{"background-color":"","background-image":"","background-repeat":"repeat","background-position":"center center","background-size":"auto","background-attachment":"scroll","background-type":"","background-media":"","overlay-type":"","overlay-color":"","overlay-opacity":"","overlay-gradient":""},"mobile":{"background-color":"","background-image":"","background-repeat":"repeat","background-position":"center center","background-size":"auto","background-attachment":"scroll","background-type":"","background-media":"","overlay-type":"","overlay-color":"","overlay-opacity":"","overlay-gradient":""}},"ast-content-background-meta":{"desktop":{"background-color":"var(--ast-global-color-5)","background-image":"","background-repeat":"repeat","background-position":"center center","background-size":"auto","background-attachment":"scroll","background-type":"","background-media":"","overlay-type":"","overlay-color":"","overlay-opacity":"","overlay-gradient":""},"tablet":{"background-color":"var(--ast-global-color-5)","background-image":"","background-repeat":"repeat","background-position":"center center","background-size":"auto","background-attachment":"scroll","background-type":"","background-media":"","overlay-type":"","overlay-color":"","overlay-opacity":"","overlay-gradient":""},"mobile":{"background-color":"var(--ast-global-color-5)","background-image":"","background-repeat":"repeat","background-position":"center center","background-size":"auto","background-attachment":"scroll","background-type":"","background-media":"","overlay-type":"","overlay-color":"","overlay-opacity":"","overlay-gradient":""}}},"product_brand":[],"product_cat":[47,430,40],"product_tag":[672,405,566,644,212,284,609,251,556,227,612,281],"class_list":{"0":"post-5283","1":"product","2":"type-product","3":"status-publish","4":"has-post-thumbnail","6":"product_cat-classic","7":"product_cat-men","8":"product_cat-mens-shoes","9":"product_tag-brogues","10":"product_tag-business-shoes","11":"product_tag-calfskin-shoes","12":"product_tag-classic-footwear","13":"product_tag-derby-shoes","14":"product_tag-dress-shoes","15":"product_tag-elegant-mens-shoes","16":"product_tag-formal-shoes","17":"product_tag-goatskin-lining","18":"product_tag-leather-shoes","19":"product_tag-mens-leather-derby-shoes","20":"product_tag-wholesale-shoes","21":"desktop-align-center","22":"tablet-align-center","23":"mobile-align-center","25":"first","26":"instock","27":"shipping-taxable","28":"purchasable","29":"product-type-variable","30":"has-default-attributes"},"acf":[],"uagb_featured_image_src":{"full":["https:\/\/turkishtrade.co\/wp-content\/uploads\/2026\/01\/2400EJOMN00144-DARK-BLUE-X_12570.png",453,250,false],"thumbnail":["https:\/\/turkishtrade.co\/wp-content\/uploads\/2026\/01\/2400EJOMN00144-DARK-BLUE-X_12570-150x150.png",150,150,true],"medium":["https:\/\/turkishtrade.co\/wp-content\/uploads\/2026\/01\/2400EJOMN00144-DARK-BLUE-X_12570-300x166.png",300,166,true],"medium_large":["https:\/\/turkishtrade.co\/wp-content\/uploads\/2026\/01\/2400EJOMN00144-DARK-BLUE-X_12570.png",453,250,false],"large":["https:\/\/turkishtrade.co\/wp-content\/uploads\/2026\/01\/2400EJOMN00144-DARK-BLUE-X_12570.png",453,250,false],"1536x1536":["https:\/\/turkishtrade.co\/wp-content\/uploads\/2026\/01\/2400EJOMN00144-DARK-BLUE-X_12570.png",453,250,false],"2048x2048":["https:\/\/turkishtrade.co\/wp-content\/uploads\/2026\/01\/2400EJOMN00144-DARK-BLUE-X_12570.png",453,250,false],"trp-custom-language-flag":["https:\/\/turkishtrade.co\/wp-content\/uploads\/2026\/01\/2400EJOMN00144-DARK-BLUE-X_12570-18x10.png",18,10,true],"woocommerce_thumbnail":["https:\/\/turkishtrade.co\/wp-content\/uploads\/2026\/01\/2400EJOMN00144-DARK-BLUE-X_12570-400x250.png",400,250,true],"woocommerce_single":["https:\/\/turkishtrade.co\/wp-content\/uploads\/2026\/01\/2400EJOMN00144-DARK-BLUE-X_12570.png",453,250,false],"woocommerce_gallery_thumbnail":["https:\/\/turkishtrade.co\/wp-content\/uploads\/2026\/01\/2400EJOMN00144-DARK-BLUE-X_12570-100x100.png",100,100,true]},"uagb_author_info":{"display_name":"yaser olabi","author_link":"https:\/\/turkishtrade.co\/tr\/author\/"},"uagb_comment_info":0,"uagb_excerpt":"Outer Material: Luxurious Calfskin Leather Inner Lining: Soft Goatskin Leather Sole: Lightweight Microlight for superior comfort Heel Height: Subtle 1-3 cm lift Available Sizes: EU 39-45 Bulk Orders: Minimum 8 pairs Delivery Time: 12 days + shipping","_links":{"self":[{"href":"https:\/\/turkishtrade.co\/tr\/wp-json\/wp\/v2\/product\/5283","targetHints":{"allow":["GET"]}}],"collection":[{"href":"https:\/\/turkishtrade.co\/tr\/wp-json\/wp\/v2\/product"}],"about":[{"href":"https:\/\/turkishtrade.co\/tr\/wp-json\/wp\/v2\/types\/product"}],"wp:featuredmedia":[{"embeddable":true,"href":"https:\/\/turkishtrade.co\/tr\/wp-json\/wp\/v2\/media\/3561"}],"wp:attachment":[{"href":"https:\/\/turkishtrade.co\/tr\/wp-json\/wp\/v2\/media?parent=5283"}],"wp:term":[{"taxonomy":"product_brand","embeddable":true,"href":"https:\/\/turkishtrade.co\/tr\/wp-json\/wp\/v2\/product_brand?post=5283"},{"taxonomy":"product_cat","embeddable":true,"href":"https:\/\/turkishtrade.co\/tr\/wp-json\/wp\/v2\/product_cat?post=5283"},{"taxonomy":"product_tag","embeddable":true,"href":"https:\/\/turkishtrade.co\/tr\/wp-json\/wp\/v2\/product_tag?post=5283"}],"curies":[{"name":"wp","href":"https:\/\/api.w.org\/{rel}","templated":true}]}}