{"id":5280,"date":"2026-01-14T11:36:46","date_gmt":"2026-01-14T11:36:46","guid":{"rendered":"https:\/\/turkishtrade.co\/product\/mens-calf-leather-shoes\/"},"modified":"2026-04-09T19:38:54","modified_gmt":"2026-04-09T19:38:54","slug":"mens-calf-leather-shoes","status":"publish","type":"product","link":"https:\/\/turkishtrade.co\/tr\/shop\/mens-calf-leather-shoes\/","title":{"rendered":"Erkekler i\u00e7in Premium Dana Derisi Derby Elbise Ayakkab\u0131s\u0131"},"content":{"rendered":"<p><strong>Erkek Dana Derisi Ayakkab\u0131<\/strong><\/p>\n<p>Zarif i\u015f\u00e7ili\u011fimizle zamans\u0131z \u015f\u0131kl\u0131\u011fa ad\u0131m at\u0131n <strong>erkek dana derisi ayakkab\u0131<\/strong>. Hem stili hem de \u00f6z\u00fc takdir eden modern beyefendiler i\u00e7in tasarlanan bu birinci s\u0131n\u0131f derby elbise ayakkab\u0131lar\u0131, \u00fcst\u00fcn i\u015f\u00e7ili\u011fin bir kan\u0131t\u0131d\u0131r. Her bir \u00e7iftin l\u00fcks dana derisi d\u0131\u015f y\u00fczeyi, zarif bir g\u00f6r\u00fcn\u00fcm ve zaman\u0131n testine dayanacak ola\u011fan\u00fcst\u00fc dayan\u0131kl\u0131l\u0131k vaat ediyor. \u0130ster \u00f6nemli bir i\u015f toplant\u0131s\u0131na, ister resmi bir etkinli\u011fe gidiyor olun, ister sadece g\u00fcnl\u00fck k\u0131yafetlerinizi y\u00fckseltmek istiyor olun, bu ayakkab\u0131lar sofistike tak\u0131m\u0131n\u0131z\u0131 tamamlamak i\u00e7in m\u00fckemmel bir se\u00e7imdir.<\/p>\n<h3>Benzersiz Konfor ve Tasar\u0131m<\/h3>\n<p>Bu zarif ayakkab\u0131n\u0131n \u00f6zenli yap\u0131s\u0131 sayesinde her ad\u0131mda benzersiz bir konfor ya\u015fay\u0131n <strong>erkek dana derisi ayakkab\u0131<\/strong>. \u0130\u00e7 k\u0131sm\u0131 yumu\u015fak, nefes alabilen ke\u00e7i derisiyle titizlikle astarlanm\u0131\u015ft\u0131r ve g\u00fcn boyu kullan\u0131m i\u00e7in pel\u00fc\u015f bir his ve m\u00fckemmel nem emme \u00f6zellikleri sa\u011flar. Bunu tamamlayan yenilik\u00e7i microlight taban, klasik estetikten \u00f6d\u00fcn vermeden hafif yast\u0131klama ve esneklik sa\u011flar. \u0130nce 1-3 cm topuk, duru\u015funuzu ve genel duru\u015funuzu geli\u015ftirerek rafine bir y\u00fckselti sunar ve bu ayakkab\u0131lar\u0131 \u015f\u0131k oldu\u011fu kadar rahat hale getirir.<\/p>\n<h3>Her Durum i\u00e7in \u00c7ok Y\u00f6nl\u00fcl\u00fck<\/h3>\n<p>Koleksiyonumuz <strong>erkek dana derisi ayakkab\u0131<\/strong> 39'dan 45'e kadar kapsaml\u0131 bir beden yelpazesinde mevcuttur ve her se\u00e7ici kullan\u0131c\u0131 i\u00e7in m\u00fckemmel bir uyum sa\u011flar. Hem klasik siyah hem de zengin kahverengi renkleri bulunan \u00e7ok y\u00f6nl\u00fc derby tasar\u0131m\u0131, tak\u0131m elbiseler, \u015f\u0131k pantolonlar ve hatta sofistike g\u00fcndelik k\u0131yafetlerle kolayca e\u015fle\u015ftirilerek her gard\u0131rop i\u00e7in vazge\u00e7ilmez bir katk\u0131 sa\u011flar. Bu ayakkab\u0131lar sadece bir aksesuar de\u011fil; her diki\u015finde ve kaplamas\u0131nda kendini belli eden kaliteye ba\u011fl\u0131l\u0131\u011f\u0131 yans\u0131tan, kal\u0131c\u0131 stil ve konfora yap\u0131lan bir yat\u0131r\u0131md\u0131r. Resmi toplant\u0131lardan \u00f6nemli sunumlara kadar, bu ayakkab\u0131lar kal\u0131c\u0131 bir izlenim b\u0131rakman\u0131z\u0131 sa\u011flayacakt\u0131r.<\/p>\n<h3>\u0130\u015fletmeler i\u00e7in Toplu Sipari\u015f<\/h3>\n<p>Perakendeciler ve i\u015fletmeler i\u00e7in rekabet\u00e7i fiyatlar ve uygun toplu sipari\u015f se\u00e7enekleri sunuyoruz. Minimum 8 \u00e7ift sipari\u015fle, bu ola\u011fan\u00fcst\u00fc \u00fcr\u00fcnleri zahmetsizce stoklayabilirsiniz <strong>erkek dana derisi ayakkab\u0131<\/strong> m\u00fc\u015fterileriniz i\u00e7in. Her sipari\u015f titizlikle ele al\u0131n\u0131r, 12 g\u00fcn i\u00e7inde h\u0131zl\u0131 teslimat ve nakliye sa\u011flan\u0131r, b\u00f6ylece bu premium ayakkab\u0131y\u0131 gecikmeden m\u00fc\u015fterilerinize sunabilirsiniz. Kaliteyi se\u00e7in, stili se\u00e7in, \u00fcr\u00fcn teklifinizi geli\u015ftirmek ve m\u00fc\u015fterilerinizin l\u00fcks ayakkab\u0131 talebini kar\u015f\u0131lamak i\u00e7in birinci s\u0131n\u0131f erkek dana derisi ayakkab\u0131lar\u0131m\u0131z\u0131 se\u00e7in.<\/p>","protected":false},"excerpt":{"rendered":"<ul>\n<li>Zarif bir d\u0131\u015f g\u00f6r\u00fcn\u00fcm i\u00e7in birinci s\u0131n\u0131f dana derisinden \u00fcretilmi\u015ftir<\/li>\n<li>L\u00fcks ke\u00e7i derisi i\u00e7 astar \u00fcst\u00fcn konfor sa\u011flar<\/li>\n<li>Hafif ve esnek mikrolight taban ile donat\u0131lm\u0131\u015ft\u0131r<\/li>\n<li>Geli\u015fmi\u015f duru\u015f i\u00e7in 1-3 cm'lik ince bir topu\u011fa sahiptir<\/li>\n<li>Kapsaml\u0131 bir beden yelpazesinde mevcuttur: 39-45<\/li>\n<li>Minimum sipari\u015f miktar\u0131: 8 \u00e7ift<\/li>\n<li>Teslimat s\u00fcresi: 12 g\u00fcn + nakliye<\/li>\n<\/ul>","protected":false},"featured_media":3558,"template":"","meta":{"_acf_changed":false,"_uag_custom_page_level_css":"","site-sidebar-layout":"default","site-content-layout":"","ast-site-content-layout":"default","site-content-style":"default","site-sidebar-style":"default","ast-global-header-display":"","ast-banner-title-visibility":"","ast-main-header-display":"","ast-hfb-above-header-display":"","ast-hfb-below-header-display":"","ast-hfb-mobile-header-display":"","site-post-title":"","ast-breadcrumbs-content":"","ast-featured-img":"","footer-sml-layout":"","ast-disable-related-posts":"","theme-transparent-header-meta":"default","adv-header-id-meta":"","stick-header-meta":"","header-above-stick-meta":"","header-main-stick-meta":"","header-below-stick-meta":"","astra-migrate-meta-layouts":"set","ast-page-background-enabled":"default","ast-page-background-meta":{"desktop":{"background-color":"var(--ast-global-color-4)","background-image":"","background-repeat":"repeat","background-position":"center center","background-size":"auto","background-attachment":"scroll","background-type":"","background-media":"","overlay-type":"","overlay-color":"","overlay-opacity":"","overlay-gradient":""},"tablet":{"background-color":"","background-image":"","background-repeat":"repeat","background-position":"center center","background-size":"auto","background-attachment":"scroll","background-type":"","background-media":"","overlay-type":"","overlay-color":"","overlay-opacity":"","overlay-gradient":""},"mobile":{"background-color":"","background-image":"","background-repeat":"repeat","background-position":"center center","background-size":"auto","background-attachment":"scroll","background-type":"","background-media":"","overlay-type":"","overlay-color":"","overlay-opacity":"","overlay-gradient":""}},"ast-content-background-meta":{"desktop":{"background-color":"var(--ast-global-color-5)","background-image":"","background-repeat":"repeat","background-position":"center center","background-size":"auto","background-attachment":"scroll","background-type":"","background-media":"","overlay-type":"","overlay-color":"","overlay-opacity":"","overlay-gradient":""},"tablet":{"background-color":"var(--ast-global-color-5)","background-image":"","background-repeat":"repeat","background-position":"center center","background-size":"auto","background-attachment":"scroll","background-type":"","background-media":"","overlay-type":"","overlay-color":"","overlay-opacity":"","overlay-gradient":""},"mobile":{"background-color":"var(--ast-global-color-5)","background-image":"","background-repeat":"repeat","background-position":"center center","background-size":"auto","background-attachment":"scroll","background-type":"","background-media":"","overlay-type":"","overlay-color":"","overlay-opacity":"","overlay-gradient":""}}},"product_brand":[],"product_cat":[47,430,40],"product_tag":[295,199,405,145,480,251,189,219,649,839,324,198,466,362,840],"class_list":{"0":"post-5280","1":"product","2":"type-product","3":"status-publish","4":"has-post-thumbnail","6":"product_cat-classic","7":"product_cat-men","8":"product_cat-mens-shoes","9":"product_tag-black-dress-shoes","10":"product_tag-brown-dress-shoes","11":"product_tag-business-shoes","12":"product_tag-classic-shoes","13":"product_tag-elegant-shoes","14":"product_tag-formal-shoes","15":"product_tag-goat-leather-lining","16":"product_tag-handmade-shoes","17":"product_tag-leather-derby-shoes","18":"product_tag-mens-calf-leather-shoes","19":"product_tag-mens-dress-shoes","20":"product_tag-mens-fashion","21":"product_tag-microlight-sole","22":"product_tag-premium-footwear","23":"product_tag-sizes-39-45","24":"desktop-align-center","25":"tablet-align-center","26":"mobile-align-center","28":"first","29":"instock","30":"shipping-taxable","31":"purchasable","32":"product-type-variable","33":"has-default-attributes"},"acf":[],"uagb_featured_image_src":{"full":["https:\/\/turkishtrade.co\/wp-content\/uploads\/2026\/01\/2400EJOMN00143-BROWN-X_12594.png",453,250,false],"thumbnail":["https:\/\/turkishtrade.co\/wp-content\/uploads\/2026\/01\/2400EJOMN00143-BROWN-X_12594-150x150.png",150,150,true],"medium":["https:\/\/turkishtrade.co\/wp-content\/uploads\/2026\/01\/2400EJOMN00143-BROWN-X_12594-300x166.png",300,166,true],"medium_large":["https:\/\/turkishtrade.co\/wp-content\/uploads\/2026\/01\/2400EJOMN00143-BROWN-X_12594.png",453,250,false],"large":["https:\/\/turkishtrade.co\/wp-content\/uploads\/2026\/01\/2400EJOMN00143-BROWN-X_12594.png",453,250,false],"1536x1536":["https:\/\/turkishtrade.co\/wp-content\/uploads\/2026\/01\/2400EJOMN00143-BROWN-X_12594.png",453,250,false],"2048x2048":["https:\/\/turkishtrade.co\/wp-content\/uploads\/2026\/01\/2400EJOMN00143-BROWN-X_12594.png",453,250,false],"trp-custom-language-flag":["https:\/\/turkishtrade.co\/wp-content\/uploads\/2026\/01\/2400EJOMN00143-BROWN-X_12594-18x10.png",18,10,true],"woocommerce_thumbnail":["https:\/\/turkishtrade.co\/wp-content\/uploads\/2026\/01\/2400EJOMN00143-BROWN-X_12594-400x250.png",400,250,true],"woocommerce_single":["https:\/\/turkishtrade.co\/wp-content\/uploads\/2026\/01\/2400EJOMN00143-BROWN-X_12594.png",453,250,false],"woocommerce_gallery_thumbnail":["https:\/\/turkishtrade.co\/wp-content\/uploads\/2026\/01\/2400EJOMN00143-BROWN-X_12594-100x100.png",100,100,true]},"uagb_author_info":{"display_name":"yaser olabi","author_link":"https:\/\/turkishtrade.co\/tr\/author\/"},"uagb_comment_info":0,"uagb_excerpt":"Crafted from premium calf leather for a refined exterior Luxurious goat leather interior lining ensures superior comfort Equipped with a lightweight and flexible microlight sole Features a subtle 1-3cm heel for enhanced posture Available in a comprehensive range of sizes: 39-45 Minimum order quantity: 8 pairs Delivery timeframe: 12 days + shipping","_links":{"self":[{"href":"https:\/\/turkishtrade.co\/tr\/wp-json\/wp\/v2\/product\/5280","targetHints":{"allow":["GET"]}}],"collection":[{"href":"https:\/\/turkishtrade.co\/tr\/wp-json\/wp\/v2\/product"}],"about":[{"href":"https:\/\/turkishtrade.co\/tr\/wp-json\/wp\/v2\/types\/product"}],"wp:featuredmedia":[{"embeddable":true,"href":"https:\/\/turkishtrade.co\/tr\/wp-json\/wp\/v2\/media\/3558"}],"wp:attachment":[{"href":"https:\/\/turkishtrade.co\/tr\/wp-json\/wp\/v2\/media?parent=5280"}],"wp:term":[{"taxonomy":"product_brand","embeddable":true,"href":"https:\/\/turkishtrade.co\/tr\/wp-json\/wp\/v2\/product_brand?post=5280"},{"taxonomy":"product_cat","embeddable":true,"href":"https:\/\/turkishtrade.co\/tr\/wp-json\/wp\/v2\/product_cat?post=5280"},{"taxonomy":"product_tag","embeddable":true,"href":"https:\/\/turkishtrade.co\/tr\/wp-json\/wp\/v2\/product_tag?post=5280"}],"curies":[{"name":"wp","href":"https:\/\/api.w.org\/{rel}","templated":true}]}}