{"id":5277,"date":"2026-01-14T11:36:27","date_gmt":"2026-01-14T11:36:27","guid":{"rendered":"https:\/\/turkishtrade.co\/product\/mens-leather-monk-strap-shoes-2\/"},"modified":"2026-04-09T19:38:59","modified_gmt":"2026-04-09T19:38:59","slug":"mens-leather-monk-strap-shoes-2","status":"publish","type":"product","link":"https:\/\/turkishtrade.co\/tr\/shop\/mens-leather-monk-strap-shoes-2\/","title":{"rendered":"Klasik Erkek Dana Derisi Tekli Monk Kay\u0131\u015fl\u0131 Ayakkab\u0131"},"content":{"rendered":"<p><strong>Erkek Deri Monk Strap Ayakkab\u0131<\/strong><\/p>\n<p>Enfes tasar\u0131m\u0131m\u0131zla rafine \u015f\u0131kl\u0131\u011fa ad\u0131m at\u0131n <strong>Erkek Deri Monk Strap Ayakkab\u0131<\/strong>. Hem zamans\u0131z bir stil hem de benzersiz bir konfor sunmak i\u00e7in titizlikle \u00fcretilen bu ayakkab\u0131lar, her se\u00e7kin beyefendinin gard\u0131robunda bulunmas\u0131 gereken bir \u00fcr\u00fcnd\u00fcr. D\u0131\u015f y\u00fczeyi en iyi hakiki dana derisinden \u00fcretilen bu <strong>Erkek Deri Monk Strap Ayakkab\u0131<\/strong> hem dayan\u0131kl\u0131 hem de g\u00f6rsel olarak \u00e7arp\u0131c\u0131 l\u00fcks bir y\u00fczeye sahiptir. Dana derisinin zengin dokusu, bu ayakkab\u0131lar\u0131n g\u00fczel bir \u015fekilde ya\u015flanmas\u0131n\u0131 ve zamanla kaliteli ayakkab\u0131lar\u0131n ay\u0131rt edici \u00f6zelli\u011fi olan benzersiz bir patine geli\u015ftirmesini sa\u011flar.<\/p>\n<h3>Rakipsiz Konfor ve \u00dcst\u00fcn \u0130\u015f\u00e7ilik<\/h3>\n<p>\u0130\u00e7 k\u0131s\u0131mda, ayaklar\u0131n\u0131z birinci s\u0131n\u0131f ke\u00e7i derisi astar\u0131n yumu\u015fak kuca\u011f\u0131nda olacak. Bu zarif i\u00e7 malzeme, ola\u011fan\u00fcst\u00fc nefes alabilirlik ve rahatl\u0131k sa\u011flayarak aya\u011f\u0131n\u0131z\u0131 <strong>Erkek Deri Monk Strap Ayakkab\u0131<\/strong> G\u00fcn boyu rahats\u0131zl\u0131k duymadan. Detaylara g\u00f6sterilen \u00f6zen, hafif Microlight yap\u0131ya sahip tabana kadar uzan\u0131r. Bu yenilik\u00e7i taban teknolojisi \u00fcst\u00fcn esneklik ve yast\u0131klama sunarak her ad\u0131m\u0131n bir zevk olmas\u0131n\u0131 sa\u011flar. \u0130nce 1-3 cm topuk y\u00fcksekli\u011fine sahip bu tek kay\u0131\u015fl\u0131 ayakkab\u0131lar, dengeden veya do\u011fal y\u00fcr\u00fcy\u00fc\u015ften \u00f6d\u00fcn vermeden sofistike bir y\u00fckseli\u015f sa\u011flar.<\/p>\n<h3>Her Durum i\u00e7in \u00c7ok Y\u00f6nl\u00fc Stil<\/h3>\n<p>Tek tokal\u0131 monk kay\u0131\u015f tasar\u0131m\u0131 ger\u00e7ek bir klasiktir ve geleneksel ba\u011fc\u0131kl\u0131 ayakkab\u0131lara farkl\u0131 ve zarif bir alternatif sunar. Kendine g\u00fcven ve sofistike bir duru\u015f sergileyen bu <strong>Erkek Deri Monk Strap Ayakkab\u0131<\/strong> inan\u0131lmaz derecede \u00e7ok y\u00f6nl\u00fc. \u0130ster resmi bir i\u015f toplant\u0131s\u0131na gidiyor olun, ister \u00f6zel bir etkinli\u011fe kat\u0131l\u0131yor olun ya da sadece \u015f\u0131k g\u00fcndelik k\u0131yafetlerinizi y\u00fckseltiyor olun, bu ayakkab\u0131lar g\u00f6r\u00fcn\u00fcm\u00fcn\u00fcz\u00fc zahmetsiz bir stille tamamlayacakt\u0131r. 39'dan 45'e kadar kapsaml\u0131 bir beden aral\u0131\u011f\u0131nda mevcut olan bu ayakkab\u0131lar, maksimum konfor ve \u0131smarlama hissi sa\u011flayarak m\u00fckemmel uyumunuzu kolayca bulman\u0131z\u0131 sa\u011flar.<\/p>\n<h3>Perakendeciler ve \u0130\u015fletmeler i\u00e7in Toplu Sipari\u015f<\/h3>\n<p>De\u011ferli B2B m\u00fc\u015fterilerimiz i\u00e7in bu ola\u011fan\u00fcst\u00fc <strong>Erkek Deri Monk Strap Ayakkab\u0131<\/strong> minimum 8 \u00e7ift sipari\u015f miktar\u0131 ile toplu sat\u0131n alma i\u00e7in kullan\u0131labilir. Zaman\u0131nda teslimat\u0131n \u00f6nemini anl\u0131yoruz ve sipari\u015finizin 12 g\u00fcn art\u0131 standart nakliye s\u00fcresi i\u00e7inde ula\u015fmas\u0131n\u0131 bekleyebilirsiniz. \u00dcst\u00fcn kaliteli koleksiyonumuzla kaliteye, konfora ve kal\u0131c\u0131 stile yat\u0131r\u0131m yap\u0131n <strong>Erkek Deri Monk Strap Ayakkab\u0131<\/strong>. Etkilemek i\u00e7in tasarlanm\u0131\u015f bir \u00e7ift ile ayakkab\u0131 koleksiyonunuzu y\u00fckseltin, bu se\u00e7kin ayakkab\u0131larla her zaman en iyi ad\u0131m\u0131n\u0131z\u0131 \u00f6ne \u00e7\u0131karman\u0131z\u0131 sa\u011flay\u0131n <strong>Erkek Deri Monk Strap Ayakkab\u0131<\/strong>.<\/p>","protected":false},"excerpt":{"rendered":"<ul>\n<li><strong>Premium Malzeme:<\/strong> \u00dcst\u00fcn konfor ve dayan\u0131kl\u0131l\u0131k i\u00e7in hakiki Dana Derisi d\u0131\u015f y\u00fczey ve l\u00fcks Ke\u00e7i Derisi i\u00e7 astar ile \u00fcretilmi\u015ftir.<\/li>\n<li><strong>Hafif Taban:<\/strong> Her ad\u0131mda esneklik ve ola\u011fan\u00fcst\u00fc konfor sa\u011flayan Microlight tabana sahiptir.<\/li>\n<li><strong>Klasik Tasar\u0131m:<\/strong> Tek tokal\u0131 monk kay\u0131\u015f stili, hem resmi hem de \u015f\u0131k ve g\u00fcndelik durumlar i\u00e7in m\u00fckemmeldir.<\/li>\n<li><strong>Optimal Topuk:<\/strong> \u0130nce 1-3 cm topuk y\u00fcksekli\u011fi, konfordan \u00f6d\u00fcn vermeden \u015f\u0131kl\u0131k sa\u011flar.<\/li>\n<li><strong>Geni\u015f Boyut Aral\u0131\u011f\u0131:<\/strong> Her beyefendiye m\u00fckemmel uyum sa\u011flamak i\u00e7in 39-45 bedenleri mevcuttur.<\/li>\n<li><strong>Toplu Bulunabilirlik:<\/strong> Minimum sipari\u015f miktar\u0131 8 \u00e7ifttir, perakendeciler ve toplu al\u0131m yapanlar i\u00e7in idealdir.<\/li>\n<li><strong>Etkili Teslimat:<\/strong> Teslimat\u0131n 12 g\u00fcn art\u0131 nakliye s\u00fcresi i\u00e7inde ger\u00e7ekle\u015fmesini bekleyin.<\/li>\n<\/ul>","protected":false},"featured_media":3556,"template":"","meta":{"_acf_changed":false,"_uag_custom_page_level_css":"","site-sidebar-layout":"default","site-content-layout":"","ast-site-content-layout":"default","site-content-style":"default","site-sidebar-style":"default","ast-global-header-display":"","ast-banner-title-visibility":"","ast-main-header-display":"","ast-hfb-above-header-display":"","ast-hfb-below-header-display":"","ast-hfb-mobile-header-display":"","site-post-title":"","ast-breadcrumbs-content":"","ast-featured-img":"","footer-sml-layout":"","ast-disable-related-posts":"","theme-transparent-header-meta":"default","adv-header-id-meta":"","stick-header-meta":"","header-above-stick-meta":"","header-main-stick-meta":"","header-below-stick-meta":"","astra-migrate-meta-layouts":"set","ast-page-background-enabled":"default","ast-page-background-meta":{"desktop":{"background-color":"var(--ast-global-color-4)","background-image":"","background-repeat":"repeat","background-position":"center center","background-size":"auto","background-attachment":"scroll","background-type":"","background-media":"","overlay-type":"","overlay-color":"","overlay-opacity":"","overlay-gradient":""},"tablet":{"background-color":"","background-image":"","background-repeat":"repeat","background-position":"center center","background-size":"auto","background-attachment":"scroll","background-type":"","background-media":"","overlay-type":"","overlay-color":"","overlay-opacity":"","overlay-gradient":""},"mobile":{"background-color":"","background-image":"","background-repeat":"repeat","background-position":"center center","background-size":"auto","background-attachment":"scroll","background-type":"","background-media":"","overlay-type":"","overlay-color":"","overlay-opacity":"","overlay-gradient":""}},"ast-content-background-meta":{"desktop":{"background-color":"var(--ast-global-color-5)","background-image":"","background-repeat":"repeat","background-position":"center center","background-size":"auto","background-attachment":"scroll","background-type":"","background-media":"","overlay-type":"","overlay-color":"","overlay-opacity":"","overlay-gradient":""},"tablet":{"background-color":"var(--ast-global-color-5)","background-image":"","background-repeat":"repeat","background-position":"center center","background-size":"auto","background-attachment":"scroll","background-type":"","background-media":"","overlay-type":"","overlay-color":"","overlay-opacity":"","overlay-gradient":""},"mobile":{"background-color":"var(--ast-global-color-5)","background-image":"","background-repeat":"repeat","background-position":"center center","background-size":"auto","background-attachment":"scroll","background-type":"","background-media":"","overlay-type":"","overlay-color":"","overlay-opacity":"","overlay-gradient":""}}},"product_brand":[],"product_cat":[47,430,40],"product_tag":[405,202,480,251,189,535,666,567,837,466,838],"class_list":{"0":"post-5277","1":"product","2":"type-product","3":"status-publish","4":"has-post-thumbnail","6":"product_cat-classic","7":"product_cat-men","8":"product_cat-mens-shoes","9":"product_tag-business-shoes","10":"product_tag-calf-leather","11":"product_tag-elegant-shoes","12":"product_tag-formal-shoes","13":"product_tag-goat-leather-lining","14":"product_tag-leather-dress-shoes","15":"product_tag-mens-formal-footwear","16":"product_tag-mens-luxury-shoes","17":"product_tag-mens-monk-strap-shoes","18":"product_tag-microlight-sole","19":"product_tag-single-buckle-shoes","20":"desktop-align-center","21":"tablet-align-center","22":"mobile-align-center","24":"first","25":"instock","26":"shipping-taxable","27":"purchasable","28":"product-type-variable","29":"has-default-attributes"},"acf":[],"uagb_featured_image_src":{"full":["https:\/\/turkishtrade.co\/wp-content\/uploads\/2026\/01\/2400EJOMN00142-BROWN-X_876.png",453,250,false],"thumbnail":["https:\/\/turkishtrade.co\/wp-content\/uploads\/2026\/01\/2400EJOMN00142-BROWN-X_876.png",150,83,false],"medium":["https:\/\/turkishtrade.co\/wp-content\/uploads\/2026\/01\/2400EJOMN00142-BROWN-X_876.png",300,166,false],"medium_large":["https:\/\/turkishtrade.co\/wp-content\/uploads\/2026\/01\/2400EJOMN00142-BROWN-X_876.png",453,250,false],"large":["https:\/\/turkishtrade.co\/wp-content\/uploads\/2026\/01\/2400EJOMN00142-BROWN-X_876.png",453,250,false],"1536x1536":["https:\/\/turkishtrade.co\/wp-content\/uploads\/2026\/01\/2400EJOMN00142-BROWN-X_876.png",453,250,false],"2048x2048":["https:\/\/turkishtrade.co\/wp-content\/uploads\/2026\/01\/2400EJOMN00142-BROWN-X_876.png",453,250,false],"trp-custom-language-flag":["https:\/\/turkishtrade.co\/wp-content\/uploads\/2026\/01\/2400EJOMN00142-BROWN-X_876.png",18,10,false],"woocommerce_thumbnail":["https:\/\/turkishtrade.co\/wp-content\/uploads\/2026\/01\/2400EJOMN00142-BROWN-X_876-400x250.png",400,250,true],"woocommerce_single":["https:\/\/turkishtrade.co\/wp-content\/uploads\/2026\/01\/2400EJOMN00142-BROWN-X_876.png",453,250,false],"woocommerce_gallery_thumbnail":["https:\/\/turkishtrade.co\/wp-content\/uploads\/2026\/01\/2400EJOMN00142-BROWN-X_876-100x100.png",100,100,true]},"uagb_author_info":{"display_name":"yaser olabi","author_link":"https:\/\/turkishtrade.co\/tr\/author\/"},"uagb_comment_info":0,"uagb_excerpt":"Premium Material: Crafted with genuine Calf Leather outer and luxurious Goat Leather inner lining for ultimate comfort and durability. Lightweight Sole: Features a Microlight sole, ensuring flexibility and exceptional comfort with every step. Classic Design: Single buckle monk strap style, perfect for both formal and and smart-casual occasions. Optimal Heel: A subtle 1-3 cm heel&hellip;","_links":{"self":[{"href":"https:\/\/turkishtrade.co\/tr\/wp-json\/wp\/v2\/product\/5277","targetHints":{"allow":["GET"]}}],"collection":[{"href":"https:\/\/turkishtrade.co\/tr\/wp-json\/wp\/v2\/product"}],"about":[{"href":"https:\/\/turkishtrade.co\/tr\/wp-json\/wp\/v2\/types\/product"}],"wp:featuredmedia":[{"embeddable":true,"href":"https:\/\/turkishtrade.co\/tr\/wp-json\/wp\/v2\/media\/3556"}],"wp:attachment":[{"href":"https:\/\/turkishtrade.co\/tr\/wp-json\/wp\/v2\/media?parent=5277"}],"wp:term":[{"taxonomy":"product_brand","embeddable":true,"href":"https:\/\/turkishtrade.co\/tr\/wp-json\/wp\/v2\/product_brand?post=5277"},{"taxonomy":"product_cat","embeddable":true,"href":"https:\/\/turkishtrade.co\/tr\/wp-json\/wp\/v2\/product_cat?post=5277"},{"taxonomy":"product_tag","embeddable":true,"href":"https:\/\/turkishtrade.co\/tr\/wp-json\/wp\/v2\/product_tag?post=5277"}],"curies":[{"name":"wp","href":"https:\/\/api.w.org\/{rel}","templated":true}]}}