{"id":5270,"date":"2026-01-14T11:35:48","date_gmt":"2026-01-14T11:35:48","guid":{"rendered":"https:\/\/turkishtrade.co\/product\/men-s-leather-derby-shoes-3\/"},"modified":"2026-04-09T19:39:15","modified_gmt":"2026-04-09T19:39:15","slug":"mens-leather-derby-shoes-9","status":"publish","type":"product","link":"https:\/\/turkishtrade.co\/tr\/shop\/mens-leather-derby-shoes-9\/","title":{"rendered":"Premium Erkek Dana Derisi Derby Ayakkab\u0131"},"content":{"rendered":"<p><strong>erkek deri derby ayakkab\u0131<\/strong><\/p>\n<p>Bizim <strong>erkek deri derby ayakkab\u0131<\/strong> klasik stilin ve sofistike i\u015f\u00e7ili\u011fin \u00f6z\u00fcn\u00fc temsil eder. Se\u00e7kin beyefendiler i\u00e7in tasarlanan bu ayakkab\u0131lar, geleneksel \u015f\u0131kl\u0131\u011f\u0131 modern konforla kusursuz bir \u015fekilde harmanl\u0131yor. Her bir \u00e7ift titizlikle \u00fcretilmi\u015ftir, bu da onlar\u0131 herhangi bir profesyonel veya resmi gard\u0131rop i\u00e7in vazge\u00e7ilmez bir katk\u0131 haline getirir. Bunlar <strong>erkek deri derby ayakkab\u0131<\/strong> sadece ayakkab\u0131 de\u011fildir; rafine bir zevkin ifadesidir.<\/p>\n<h3>Kal\u0131c\u0131 Konfor i\u00e7in Rakipsiz Malzemeler<\/h3>\n<p>Bu modellerin zarif d\u0131\u015f y\u00fczeyini olu\u015fturan hakiki dana derisinin benzersiz l\u00fcks\u00fcn\u00fc deneyimleyin <strong>erkek deri derby ayakkab\u0131<\/strong>. Bu birinci s\u0131n\u0131f deri, p\u00fcr\u00fczs\u00fcz dokusu, ola\u011fan\u00fcst\u00fc dayan\u0131kl\u0131l\u0131\u011f\u0131 ve zaman i\u00e7inde zengin bir patine geli\u015ftirerek g\u00fczel bir \u015fekilde ya\u015flanma kabiliyetiyle bilinir. \u0130\u00e7 k\u0131s\u0131mda, ayaklar\u0131n\u0131z ke\u00e7i derisi astar\u0131n yumu\u015fak, nefes alabilen kuca\u011f\u0131nda sar\u0131l\u0131r. Bu \u00f6zenli i\u00e7 malzeme se\u00e7imi maksimum konfor sa\u011flar, nemi uzakla\u015ft\u0131r\u0131r ve her ad\u0131mda aya\u011f\u0131n\u0131za uyum sa\u011flayan eldiven benzeri bir uyum sa\u011flar. Bu y\u00fcksek kaliteli derilerin birle\u015fimi, bu ayakkab\u0131y\u0131 en \u00fcst d\u00fczey <strong>erkek deri derby ayakkab\u0131<\/strong> uzun s\u00fcreli kullan\u0131m ve \u00fcst\u00fcn konfor i\u00e7in.<\/p>\n<h3>Modern Ya\u015fam i\u00e7in Yenilik\u00e7i Tasar\u0131m<\/h3>\n<p>Bizim temelimiz <strong>erkek deri derby ayakkab\u0131<\/strong> devrim niteli\u011finde bir Microlight taband\u0131r. Bu yenilik\u00e7i taban malzemesi ola\u011fan\u00fcst\u00fc hafiflik ve esneklik sunarak uzun g\u00fcnler boyunca ayak yorgunlu\u011funu \u00f6nemli \u00f6l\u00e7\u00fcde azalt\u0131r. Geleneksel a\u011f\u0131r tabanlardan farkl\u0131 olarak Microlight taban, ayakkab\u0131n\u0131n \u015f\u0131k siluetinden \u00f6d\u00fcn vermeden \u00fcst\u00fcn \u015fok emilimi ve g\u00fcvenilir kavrama sa\u011flar. 1-3 cm'lik rahat bir topukla birle\u015fti\u011finde, bu <strong>erkek deri derby ayakkab\u0131<\/strong> i\u015f toplant\u0131lar\u0131, \u00f6zel etkinlikler veya g\u00fcnl\u00fck ofis k\u0131yafetleri i\u00e7in uygun hale getirerek stil ve pratik giyilebilirlik aras\u0131nda m\u00fckemmel bir denge sunar.<\/p>\n<h3>Toptan Sat\u0131\u015f Kolayl\u0131\u011f\u0131 ve Stil \u00c7ok Y\u00f6nl\u00fcl\u00fc\u011f\u00fc<\/h3>\n<p>39'dan 45'e kadar geni\u015f bir AB beden yelpazesinde mevcut olan \u00fcr\u00fcnlerimiz aras\u0131ndan size en uygun olan\u0131 bulabilirsiniz. <strong>erkek deri derby ayakkab\u0131<\/strong> zahmetsizdir. Kalite ve tutarl\u0131l\u0131\u011f\u0131n \u00f6nemini anl\u0131yoruz, bu nedenle bu <strong>erkek deri derby ayakkab\u0131<\/strong> minimum 8 \u00e7ift sipari\u015f miktar\u0131 ile sunulmaktad\u0131r. Bu, onlar\u0131 birinci s\u0131n\u0131f, y\u00fcksek talep g\u00f6ren resmi ayakkab\u0131lar\u0131 stoklamak isteyen perakendeciler ve i\u015fletmeler i\u00e7in ideal bir se\u00e7im haline getirir. Verimli \u00fcretim ve teslimat sistemimiz, sipari\u015finizin <strong>erkek deri derby ayakkab\u0131<\/strong> standart nakliye s\u00fcresine ek olarak 12 g\u00fcn i\u00e7inde ula\u015f\u0131r ve m\u00fc\u015fteri talebini h\u0131zl\u0131 bir \u015fekilde kar\u015f\u0131laman\u0131z\u0131 sa\u011flar.<\/p>\n<p>Koleksiyonunuzu bu zamans\u0131z \u00fcr\u00fcnlerle geli\u015ftirin <strong>erkek deri derby ayakkab\u0131<\/strong>. Kal\u0131c\u0131 \u00e7ekicilikleri, \u00fcst\u00fcn malzemeleri ve ola\u011fan\u00fcst\u00fc konforlar\u0131 her kullan\u0131c\u0131 i\u00e7in memnuniyeti garanti eder. Kaliteye yat\u0131r\u0131m yap\u0131n, stile yat\u0131r\u0131m yap\u0131n - se\u00e7kin <strong>erkek deri derby ayakkab\u0131<\/strong> sofistike ve pratikli\u011fi harmanlayan e\u015fsiz bir ayakkab\u0131 deneyimi i\u00e7in.<\/p>","protected":false},"excerpt":{"rendered":"<ul>\n<li><b>Premium Malzemeler:<\/b> En \u00fcst d\u00fczeyde konfor i\u00e7in dayan\u0131kl\u0131 dana derisi d\u0131\u015f y\u00fczey ve yumu\u015fak ke\u00e7i derisi i\u00e7 k\u0131s\u0131m ile \u00fcretilmi\u015ftir.<\/li>\n<li><b>Konfor Taban:<\/b> M\u00fckemmel esneklik ve g\u00fcvenilir kavrama i\u00e7in hafif Microlight tabana sahiptir.<\/li>\n<li><b>Optimal Topuk:<\/b> \u0130nce 1-3 cm topuk, t\u00fcm g\u00fcn kullan\u0131m i\u00e7in rahat bir y\u00fckseklik sa\u011flar.<\/li>\n<li><b>Geni\u015f Boyut Aral\u0131\u011f\u0131:<\/b> M\u00fckemmel uyumu sa\u011flamak i\u00e7in 39, 40, 41, 42, 43, 44, 45 AB bedenlerinde mevcuttur.<\/li>\n<li><b>Toplu Bulunabilirlik:<\/b> Minimum sipari\u015f miktar\u0131 8 \u00e7ifttir, toptan ve perakende sat\u0131\u015f ortaklar\u0131 i\u00e7in idealdir.<\/li>\n<li><b>Etkili Teslimat:<\/b> Standart nakliye s\u00fcresine ek olarak 12 g\u00fcn i\u00e7inde teslimat bekleyin.<\/li>\n<\/ul>","protected":false},"featured_media":3552,"template":"","meta":{"_acf_changed":false,"_uag_custom_page_level_css":"","site-sidebar-layout":"default","site-content-layout":"","ast-site-content-layout":"default","site-content-style":"default","site-sidebar-style":"default","ast-global-header-display":"","ast-banner-title-visibility":"","ast-main-header-display":"","ast-hfb-above-header-display":"","ast-hfb-below-header-display":"","ast-hfb-mobile-header-display":"","site-post-title":"","ast-breadcrumbs-content":"","ast-featured-img":"","footer-sml-layout":"","ast-disable-related-posts":"","theme-transparent-header-meta":"default","adv-header-id-meta":"","stick-header-meta":"","header-above-stick-meta":"","header-main-stick-meta":"","header-below-stick-meta":"","astra-migrate-meta-layouts":"set","ast-page-background-enabled":"default","ast-page-background-meta":{"desktop":{"background-color":"var(--ast-global-color-4)","background-image":"","background-repeat":"repeat","background-position":"center center","background-size":"auto","background-attachment":"scroll","background-type":"","background-media":"","overlay-type":"","overlay-color":"","overlay-opacity":"","overlay-gradient":""},"tablet":{"background-color":"","background-image":"","background-repeat":"repeat","background-position":"center center","background-size":"auto","background-attachment":"scroll","background-type":"","background-media":"","overlay-type":"","overlay-color":"","overlay-opacity":"","overlay-gradient":""},"mobile":{"background-color":"","background-image":"","background-repeat":"repeat","background-position":"center center","background-size":"auto","background-attachment":"scroll","background-type":"","background-media":"","overlay-type":"","overlay-color":"","overlay-opacity":"","overlay-gradient":""}},"ast-content-background-meta":{"desktop":{"background-color":"var(--ast-global-color-5)","background-image":"","background-repeat":"repeat","background-position":"center center","background-size":"auto","background-attachment":"scroll","background-type":"","background-media":"","overlay-type":"","overlay-color":"","overlay-opacity":"","overlay-gradient":""},"tablet":{"background-color":"var(--ast-global-color-5)","background-image":"","background-repeat":"repeat","background-position":"center center","background-size":"auto","background-attachment":"scroll","background-type":"","background-media":"","overlay-type":"","overlay-color":"","overlay-opacity":"","overlay-gradient":""},"mobile":{"background-color":"var(--ast-global-color-5)","background-image":"","background-repeat":"repeat","background-position":"center center","background-size":"auto","background-attachment":"scroll","background-type":"","background-media":"","overlay-type":"","overlay-color":"","overlay-opacity":"","overlay-gradient":""}}},"product_brand":[],"product_cat":[47,430,40],"product_tag":[405,202,145,212,284,480,251,437,227,466,628,362,281],"class_list":{"0":"post-5270","1":"product","2":"type-product","3":"status-publish","4":"has-post-thumbnail","6":"product_cat-classic","7":"product_cat-men","8":"product_cat-mens-shoes","9":"product_tag-business-shoes","10":"product_tag-calf-leather","11":"product_tag-classic-shoes","12":"product_tag-derby-shoes","13":"product_tag-dress-shoes","14":"product_tag-elegant-shoes","15":"product_tag-formal-shoes","16":"product_tag-goat-leather","17":"product_tag-leather-shoes","18":"product_tag-microlight-sole","19":"product_tag-office-shoes","20":"product_tag-premium-footwear","21":"product_tag-wholesale-shoes","22":"desktop-align-center","23":"tablet-align-center","24":"mobile-align-center","26":"first","27":"instock","28":"shipping-taxable","29":"purchasable","30":"product-type-variable","31":"has-default-attributes"},"acf":[],"uagb_featured_image_src":{"full":["https:\/\/turkishtrade.co\/wp-content\/uploads\/2026\/01\/2400EJOMN00140-DARK-BROWN-X_441.png",453,250,false],"thumbnail":["https:\/\/turkishtrade.co\/wp-content\/uploads\/2026\/01\/2400EJOMN00140-DARK-BROWN-X_441-150x150.png",150,150,true],"medium":["https:\/\/turkishtrade.co\/wp-content\/uploads\/2026\/01\/2400EJOMN00140-DARK-BROWN-X_441-300x166.png",300,166,true],"medium_large":["https:\/\/turkishtrade.co\/wp-content\/uploads\/2026\/01\/2400EJOMN00140-DARK-BROWN-X_441.png",453,250,false],"large":["https:\/\/turkishtrade.co\/wp-content\/uploads\/2026\/01\/2400EJOMN00140-DARK-BROWN-X_441.png",453,250,false],"1536x1536":["https:\/\/turkishtrade.co\/wp-content\/uploads\/2026\/01\/2400EJOMN00140-DARK-BROWN-X_441.png",453,250,false],"2048x2048":["https:\/\/turkishtrade.co\/wp-content\/uploads\/2026\/01\/2400EJOMN00140-DARK-BROWN-X_441.png",453,250,false],"trp-custom-language-flag":["https:\/\/turkishtrade.co\/wp-content\/uploads\/2026\/01\/2400EJOMN00140-DARK-BROWN-X_441-18x10.png",18,10,true],"woocommerce_thumbnail":["https:\/\/turkishtrade.co\/wp-content\/uploads\/2026\/01\/2400EJOMN00140-DARK-BROWN-X_441-400x250.png",400,250,true],"woocommerce_single":["https:\/\/turkishtrade.co\/wp-content\/uploads\/2026\/01\/2400EJOMN00140-DARK-BROWN-X_441.png",453,250,false],"woocommerce_gallery_thumbnail":["https:\/\/turkishtrade.co\/wp-content\/uploads\/2026\/01\/2400EJOMN00140-DARK-BROWN-X_441-100x100.png",100,100,true]},"uagb_author_info":{"display_name":"yaser olabi","author_link":"https:\/\/turkishtrade.co\/tr\/author\/"},"uagb_comment_info":0,"uagb_excerpt":"Premium Materials: Crafted with a durable calf leather exterior and soft goat leather interior for ultimate comfort. Comfort Sole: Features a lightweight Microlight sole for excellent flexibility and reliable grip. Optimal Heel: A subtle 1-3 cm heel provides comfortable elevation for all-day wear. Wide Size Range: Available in EU sizes 39, 40, 41, 42, 43,&hellip;","_links":{"self":[{"href":"https:\/\/turkishtrade.co\/tr\/wp-json\/wp\/v2\/product\/5270","targetHints":{"allow":["GET"]}}],"collection":[{"href":"https:\/\/turkishtrade.co\/tr\/wp-json\/wp\/v2\/product"}],"about":[{"href":"https:\/\/turkishtrade.co\/tr\/wp-json\/wp\/v2\/types\/product"}],"wp:featuredmedia":[{"embeddable":true,"href":"https:\/\/turkishtrade.co\/tr\/wp-json\/wp\/v2\/media\/3552"}],"wp:attachment":[{"href":"https:\/\/turkishtrade.co\/tr\/wp-json\/wp\/v2\/media?parent=5270"}],"wp:term":[{"taxonomy":"product_brand","embeddable":true,"href":"https:\/\/turkishtrade.co\/tr\/wp-json\/wp\/v2\/product_brand?post=5270"},{"taxonomy":"product_cat","embeddable":true,"href":"https:\/\/turkishtrade.co\/tr\/wp-json\/wp\/v2\/product_cat?post=5270"},{"taxonomy":"product_tag","embeddable":true,"href":"https:\/\/turkishtrade.co\/tr\/wp-json\/wp\/v2\/product_tag?post=5270"}],"curies":[{"name":"wp","href":"https:\/\/api.w.org\/{rel}","templated":true}]}}