{"id":5264,"date":"2026-01-14T11:35:12","date_gmt":"2026-01-14T11:35:12","guid":{"rendered":"https:\/\/turkishtrade.co\/product\/mens-leather-loafers-5\/"},"modified":"2026-04-09T19:39:26","modified_gmt":"2026-04-09T19:39:26","slug":"mens-leather-loafers-5","status":"publish","type":"product","link":"https:\/\/turkishtrade.co\/tr\/shop\/mens-leather-loafers-5\/","title":{"rendered":"Erkek Premium Dana Derisi Loafer'lar"},"content":{"rendered":"<p><strong>Erkek Deri Loaferlar<\/strong><\/p>\n<p>Ayakkab\u0131 koleksiyonunuzu birinci s\u0131n\u0131f \u00fcr\u00fcnlerimizle geli\u015ftirin <b>Erkek Deri Loaferlar<\/b>, Hem zamans\u0131z stile hem de ola\u011fan\u00fcst\u00fc konfora de\u011fer veren se\u00e7ici beyefendiler i\u00e7in tasarlanm\u0131\u015ft\u0131r. Bu zarif slip-on ayakkab\u0131lar, geleneksel teknikleri modern tasar\u0131mla harmanlayan \u00fcst\u00fcn i\u015f\u00e7ili\u011fin bir kan\u0131t\u0131d\u0131r. \u0130ster resmi bir etkinli\u011fe kat\u0131l\u0131n, ister ofise gidin ya da \u015f\u0131k ve g\u00fcndelik bir gezintinin tad\u0131n\u0131 \u00e7\u0131kar\u0131n, bu <b>Erkek Deri Loaferlar<\/b> g\u00f6r\u00fcn\u00fcm\u00fcn\u00fcz\u00fc tamamlamak i\u00e7in m\u00fckemmel bir se\u00e7imdir.<\/p>\n<h3>Benzersiz Konfor ve \u0130\u015f\u00e7ilik<\/h3>\n<p>Bizim <b>Erkek Deri Loaferlar<\/b> en iyi malzemelerden titizlikle \u00fcretilmi\u015ftir. D\u0131\u015f y\u00fczeyi, yumu\u015fak dokusu, dayan\u0131kl\u0131l\u0131\u011f\u0131 ve g\u00fczel bir \u015fekilde eskime kabiliyetiyle tan\u0131nan hakiki dana derisine sahiptir. \u0130\u00e7 k\u0131s\u0131mda, ayaklar\u0131n\u0131z g\u00fcn boyunca rahat etmenizi sa\u011flamak i\u00e7in inan\u0131lmaz yumu\u015fak bir dokunu\u015f ve m\u00fckemmel nefes alabilirlik sa\u011flayan l\u00fcks ke\u00e7i derisi astarla sar\u0131l\u0131r. Yenilik\u00e7i Microlight taban, hafif esneklik ve destek sunarak her ad\u0131m\u0131n bir zevk olmas\u0131n\u0131 sa\u011flar. \u0130nce 1-3 cm topuk, dengeden \u00f6d\u00fcn vermeden zarif bir y\u00fckseli\u015f sa\u011flayarak bu ayakkab\u0131y\u0131 <b>Erkek Deri Loaferlar<\/b> uzun s\u00fcreli kullan\u0131m i\u00e7in idealdir.<\/p>\n<h3>Her Durum i\u00e7in Zamans\u0131z Stil<\/h3>\n<p>Bunlar\u0131n klasik silueti <b>Erkek Deri Loaferlar<\/b> inan\u0131lmaz derecede \u00e7ok y\u00f6nl\u00fc olmas\u0131n\u0131 sa\u011flar. Sofistike Siyah ve zarif Kahverengi renkleri bulunan bu ayakkab\u0131lar, resmi k\u0131yafetlerden g\u00fcndelik i\u015f k\u0131yafetlerine ve \u015f\u0131k g\u00fcnl\u00fck giyime zahmetsizce ge\u00e7i\u015f yapar. \u015e\u0131k bir profesyonel g\u00f6r\u00fcn\u00fcm i\u00e7in keskin bir tak\u0131m elbise ile e\u015fle\u015ftirin veya zarif bir hafta sonu toplulu\u011fu i\u00e7in chino pantolon ve blazer ile giydirin. Diki\u015finden cilal\u0131 kaplamas\u0131na kadar detaylara g\u00f6sterilen \u00f6zen, bu <b>Erkek Deri Loaferlar<\/b> asla modas\u0131 ge\u00e7meyecek sade bir l\u00fcks havas\u0131 yayar.<\/p>\n<h3>Zeki Beyefendiler i\u00e7in Tasarland\u0131<\/h3>\n<p>Bunlar <b>Erkek Deri Loaferlar<\/b> ayakkab\u0131dan daha fazlas\u0131d\u0131r; kalite ve konfora yap\u0131lan bir yat\u0131r\u0131md\u0131r. Her bir \u00e7ift, m\u00fckemmel uyum ve uzun \u00f6m\u00fcrl\u00fc kullan\u0131m sa\u011flamak i\u00e7in haz\u0131rlanm\u0131\u015f m\u00fckemmelli\u011fe olan ba\u011fl\u0131l\u0131\u011f\u0131 yans\u0131t\u0131r. G\u00fcvenilir ve \u015f\u0131k ayakkab\u0131lar\u0131n \u00f6nemini anl\u0131yoruz, bu nedenle mokasen ayakkab\u0131lar\u0131m\u0131z uzun s\u00fcre dayanacak \u015fekilde \u00fcretilmi\u015ftir. 39'dan 45'e kadar kapsaml\u0131 bir AB beden yelpazesinde mevcut olup, geni\u015f bir se\u00e7ici m\u00fc\u015fteri yelpazesine hitap ediyoruz. Toplu sipari\u015fler i\u00e7in minimum 8 \u00e7ift gereklidir ve teslimat s\u00fcresi kargo dahil 12 g\u00fcnd\u00fcr. Bu ola\u011fan\u00fcst\u00fc ayakkab\u0131larla stil, konfor ve dayan\u0131kl\u0131l\u0131\u011f\u0131n m\u00fckemmel birle\u015fimini kucaklay\u0131n. <b>Erkek Deri Loaferlar<\/b>.<\/p>","protected":false},"excerpt":{"rendered":"<ul>\n<li>D\u0131\u015f y\u00fczeyi birinci s\u0131n\u0131f dana derisinden zarif bir \u015fekilde \u00fcretilmi\u015ftir<\/li>\n<li>L\u00fcks Ke\u00e7i Derisi astar \u00fcst\u00fcn konfor ve nefes alabilirlik sa\u011flar<\/li>\n<li>T\u00fcm g\u00fcn kullan\u0131m i\u00e7in hafif ve esnek Microlight Tabana sahiptir<\/li>\n<li>\u0130nce 1-3 cm topuk, konfordan \u00f6d\u00fcn vermeden \u015f\u0131k bir dokunu\u015f sa\u011flar<\/li>\n<li>39, 40, 41, 42, 43, 44, 45 AB Bedenlerinde mevcuttur<\/li>\n<li>Klasik Siyah ve sofistike Kahverengi kaplamalarla sunulur<\/li>\n<li>Minimum Sipari\u015f Miktar\u0131: 8 \u00c7ift<\/li>\n<li>Teslimat S\u00fcresi: 12 G\u00fcn + Kargo<\/li>\n<\/ul>","protected":false},"featured_media":3547,"template":"","meta":{"_acf_changed":false,"_uag_custom_page_level_css":"","site-sidebar-layout":"default","site-content-layout":"","ast-site-content-layout":"default","site-content-style":"default","site-sidebar-style":"default","ast-global-header-display":"","ast-banner-title-visibility":"","ast-main-header-display":"","ast-hfb-above-header-display":"","ast-hfb-below-header-display":"","ast-hfb-mobile-header-display":"","site-post-title":"","ast-breadcrumbs-content":"","ast-featured-img":"","footer-sml-layout":"","ast-disable-related-posts":"","theme-transparent-header-meta":"default","adv-header-id-meta":"","stick-header-meta":"","header-above-stick-meta":"","header-main-stick-meta":"","header-below-stick-meta":"","astra-migrate-meta-layouts":"set","ast-page-background-enabled":"default","ast-page-background-meta":{"desktop":{"background-color":"var(--ast-global-color-4)","background-image":"","background-repeat":"repeat","background-position":"center center","background-size":"auto","background-attachment":"scroll","background-type":"","background-media":"","overlay-type":"","overlay-color":"","overlay-opacity":"","overlay-gradient":""},"tablet":{"background-color":"","background-image":"","background-repeat":"repeat","background-position":"center center","background-size":"auto","background-attachment":"scroll","background-type":"","background-media":"","overlay-type":"","overlay-color":"","overlay-opacity":"","overlay-gradient":""},"mobile":{"background-color":"","background-image":"","background-repeat":"repeat","background-position":"center center","background-size":"auto","background-attachment":"scroll","background-type":"","background-media":"","overlay-type":"","overlay-color":"","overlay-opacity":"","overlay-gradient":""}},"ast-content-background-meta":{"desktop":{"background-color":"var(--ast-global-color-5)","background-image":"","background-repeat":"repeat","background-position":"center center","background-size":"auto","background-attachment":"scroll","background-type":"","background-media":"","overlay-type":"","overlay-color":"","overlay-opacity":"","overlay-gradient":""},"tablet":{"background-color":"var(--ast-global-color-5)","background-image":"","background-repeat":"repeat","background-position":"center center","background-size":"auto","background-attachment":"scroll","background-type":"","background-media":"","overlay-type":"","overlay-color":"","overlay-opacity":"","overlay-gradient":""},"mobile":{"background-color":"var(--ast-global-color-5)","background-image":"","background-repeat":"repeat","background-position":"center center","background-size":"auto","background-attachment":"scroll","background-type":"","background-media":"","overlay-type":"","overlay-color":"","overlay-opacity":"","overlay-gradient":""}}},"product_brand":[],"product_cat":[47,430,40],"product_tag":[370,147,513,185,457,220,284,251,189,450,215,186,466,374,184],"class_list":{"0":"post-5264","1":"product","2":"type-product","3":"status-publish","4":"has-post-thumbnail","6":"product_cat-classic","7":"product_cat-men","8":"product_cat-mens-shoes","9":"product_tag-black-loafers","10":"product_tag-brown-loafers","11":"product_tag-business-casual-shoes","12":"product_tag-calf-leather-shoes","13":"product_tag-classic-loafers","14":"product_tag-comfortable-loafers","15":"product_tag-dress-shoes","16":"product_tag-formal-shoes","17":"product_tag-goat-leather-lining","18":"product_tag-handcrafted-shoes","19":"product_tag-leather-loafers","20":"product_tag-mens-loafers","21":"product_tag-microlight-sole","22":"product_tag-premium-loafers","23":"product_tag-slip-on-shoes","24":"desktop-align-center","25":"tablet-align-center","26":"mobile-align-center","28":"first","29":"instock","30":"shipping-taxable","31":"purchasable","32":"product-type-variable","33":"has-default-attributes"},"acf":[],"uagb_featured_image_src":{"full":["https:\/\/turkishtrade.co\/wp-content\/uploads\/2026\/01\/2400EJOMN00138-BROWN-Y_12.png",453,250,false],"thumbnail":["https:\/\/turkishtrade.co\/wp-content\/uploads\/2026\/01\/2400EJOMN00138-BROWN-Y_12-150x150.png",150,150,true],"medium":["https:\/\/turkishtrade.co\/wp-content\/uploads\/2026\/01\/2400EJOMN00138-BROWN-Y_12-300x166.png",300,166,true],"medium_large":["https:\/\/turkishtrade.co\/wp-content\/uploads\/2026\/01\/2400EJOMN00138-BROWN-Y_12.png",453,250,false],"large":["https:\/\/turkishtrade.co\/wp-content\/uploads\/2026\/01\/2400EJOMN00138-BROWN-Y_12.png",453,250,false],"1536x1536":["https:\/\/turkishtrade.co\/wp-content\/uploads\/2026\/01\/2400EJOMN00138-BROWN-Y_12.png",453,250,false],"2048x2048":["https:\/\/turkishtrade.co\/wp-content\/uploads\/2026\/01\/2400EJOMN00138-BROWN-Y_12.png",453,250,false],"trp-custom-language-flag":["https:\/\/turkishtrade.co\/wp-content\/uploads\/2026\/01\/2400EJOMN00138-BROWN-Y_12-18x10.png",18,10,true],"woocommerce_thumbnail":["https:\/\/turkishtrade.co\/wp-content\/uploads\/2026\/01\/2400EJOMN00138-BROWN-Y_12-400x250.png",400,250,true],"woocommerce_single":["https:\/\/turkishtrade.co\/wp-content\/uploads\/2026\/01\/2400EJOMN00138-BROWN-Y_12.png",453,250,false],"woocommerce_gallery_thumbnail":["https:\/\/turkishtrade.co\/wp-content\/uploads\/2026\/01\/2400EJOMN00138-BROWN-Y_12-100x100.png",100,100,true]},"uagb_author_info":{"display_name":"yaser olabi","author_link":"https:\/\/turkishtrade.co\/tr\/author\/"},"uagb_comment_info":0,"uagb_excerpt":"Exquisitely crafted from premium Calf Leather for the exterior Luxurious Goat Leather lining ensures superior comfort and breathability Features a lightweight and flexible Microlight Sole for all-day wear Subtle 1-3 cm heel provides a touch of elegance without compromising comfort Available in EU Sizes 39, 40, 41, 42, 43, 44, 45 Offered in classic Black&hellip;","_links":{"self":[{"href":"https:\/\/turkishtrade.co\/tr\/wp-json\/wp\/v2\/product\/5264","targetHints":{"allow":["GET"]}}],"collection":[{"href":"https:\/\/turkishtrade.co\/tr\/wp-json\/wp\/v2\/product"}],"about":[{"href":"https:\/\/turkishtrade.co\/tr\/wp-json\/wp\/v2\/types\/product"}],"wp:featuredmedia":[{"embeddable":true,"href":"https:\/\/turkishtrade.co\/tr\/wp-json\/wp\/v2\/media\/3547"}],"wp:attachment":[{"href":"https:\/\/turkishtrade.co\/tr\/wp-json\/wp\/v2\/media?parent=5264"}],"wp:term":[{"taxonomy":"product_brand","embeddable":true,"href":"https:\/\/turkishtrade.co\/tr\/wp-json\/wp\/v2\/product_brand?post=5264"},{"taxonomy":"product_cat","embeddable":true,"href":"https:\/\/turkishtrade.co\/tr\/wp-json\/wp\/v2\/product_cat?post=5264"},{"taxonomy":"product_tag","embeddable":true,"href":"https:\/\/turkishtrade.co\/tr\/wp-json\/wp\/v2\/product_tag?post=5264"}],"curies":[{"name":"wp","href":"https:\/\/api.w.org\/{rel}","templated":true}]}}