{"id":5258,"date":"2026-01-14T11:34:33","date_gmt":"2026-01-14T11:34:33","guid":{"rendered":"https:\/\/turkishtrade.co\/product\/mens-leather-derby-shoes-2\/"},"modified":"2026-04-09T19:39:38","modified_gmt":"2026-04-09T19:39:38","slug":"mens-leather-derby-shoes-2","status":"publish","type":"product","link":"https:\/\/turkishtrade.co\/tr\/shop\/mens-leather-derby-shoes-2\/","title":{"rendered":"Microlight Tabanl\u0131 Premium Erkek Dana Derisi Derby Ayakkab\u0131"},"content":{"rendered":"<p><strong>Erkek Deri Derby Ayakkab\u0131<\/strong><\/p>\n<p>Enfes koleksiyonumuzla benzersiz bir sofistike ve rahatl\u0131\u011fa ad\u0131m at\u0131n <strong>Erkek Deri Derby Ayakkab\u0131<\/strong>. Se\u00e7kin beyefendiler i\u00e7in tasarlanan bu birinci s\u0131n\u0131f Derby ayakkab\u0131lar, zamans\u0131z stilin ve ola\u011fan\u00fcst\u00fc i\u015f\u00e7ili\u011fin \u00f6z\u00fcd\u00fcr. \u0130ster \u00f6nemli bir i\u015f toplant\u0131s\u0131na, ister resmi bir etkinli\u011fe haz\u0131rlan\u0131yor olun, ister sadece g\u00fcnl\u00fck \u015f\u0131k k\u0131yafetlerinizi y\u00fckseltmek istiyor olun, bu Erkek Deri Derby Ayakkab\u0131lar m\u00fckemmel arkada\u015f\u0131n\u0131zd\u0131r. Klasik siyah ve zengin kahverengi renkleri bulunan her bir \u00e7ift, hem estetik \u00e7ekicilik hem de uzun s\u00fcreli dayan\u0131kl\u0131l\u0131k sa\u011flamak i\u00e7in titizlikle \u00fcretilmi\u015ftir.<\/p>\n<h3>Her \u00c7iftte Rakipsiz Kalite ve Konfor<\/h3>\n<p>Bizim <strong>Erkek Deri Derby Ayakkab\u0131<\/strong> hem l\u00fcks\u00fc hem de giyilebilirli\u011fi \u00f6n planda tutan \u00fcst\u00fcn bir yap\u0131ya sahiptir. D\u0131\u015f y\u00fczeyi, p\u00fcr\u00fczs\u00fcz dokusu, esnekli\u011fi ve zarif y\u00fczeyiyle tan\u0131nan y\u00fcksek kaliteli dana derisinden \u00fcretilmi\u015ftir. Bu birinci s\u0131n\u0131f deri sadece muhte\u015fem g\u00f6r\u00fcnmekle kalmaz, ayn\u0131 zamanda zamanla aya\u011f\u0131n\u0131za uyum sa\u011flayarak ki\u015fiye \u00f6zel bir uyum sa\u011flar. \u0130\u00e7 k\u0131s\u0131mda, ayaklar\u0131n\u0131z hakiki ke\u00e7i derisi astar\u0131n yumu\u015fak kuca\u011f\u0131nda nefes alabilen bir konfor ve g\u00fcn boyu s\u00fcren pel\u00fc\u015f bir hisle sar\u0131l\u0131r. 1-3 cm aras\u0131nda de\u011fi\u015fen ince topuk y\u00fcksekli\u011fi, dengeden \u00f6d\u00fcn vermeden do\u011fru miktarda y\u00fckselme sa\u011flayarak bu ayakkab\u0131lar\u0131 erkek resmi ayakkab\u0131lar\u0131 aras\u0131nda m\u00fckemmel bir se\u00e7im haline getirir.<\/p>\n<h3>Zahmetsiz Y\u00fcr\u00fcy\u00fc\u015f i\u00e7in Yenilik\u00e7i Microlight Taban<\/h3>\n<p>\u00d6zenle tasarlanm\u0131\u015f bir taban\u0131n yaratt\u0131\u011f\u0131 fark\u0131 deneyimleyin. Bu ola\u011fan\u00fcst\u00fc ayakkab\u0131lar\u0131n her bir \u00e7ifti <strong>Erkek Deri Derby Ayakkab\u0131<\/strong> geli\u015fmi\u015f Microlight tabana sahiptir. Bu yenilik\u00e7i taban teknolojisi m\u00fckemmel kavrama, esneklik ve ola\u011fan\u00fcst\u00fc hafiflik sa\u011flayarak her ad\u0131m\u0131n zahmetsizce at\u0131lmas\u0131n\u0131 sa\u011flar. Geleneksel a\u011f\u0131r tabanlardan farkl\u0131 olarak, Microlight taban ayak yorgunlu\u011funu \u00f6nemli \u00f6l\u00e7\u00fcde azaltarak sabahtan ak\u015fama kadar rahat ve \u00f6zg\u00fcvenli kalman\u0131z\u0131 sa\u011flar. Sa\u011flam deri yap\u0131s\u0131yla e\u015fle\u015ftirilen bu taban, bu ayakkab\u0131lar\u0131n sadece \u015f\u0131k de\u011fil ayn\u0131 zamanda uzun s\u00fcreli kullan\u0131m i\u00e7in inan\u0131lmaz derecede dayan\u0131kl\u0131 olmas\u0131n\u0131 sa\u011flayarak temel elbise ayakkab\u0131s\u0131 stat\u00fcs\u00fcn\u00fc peki\u015ftirir.<\/p>\n<h3>Her Durum ve Toplu Sipari\u015fler i\u00e7in M\u00fckemmel<\/h3>\n<p>Erkek Deri Derby Ayakkab\u0131lar\u0131m\u0131z, temel i\u015f k\u0131yafetlerinden hafta sonu sofistikeli\u011fine kadar e\u015fsiz bir \u00e7ok y\u00f6nl\u00fcl\u00fck sunar. Klasik ba\u011fc\u0131klar\u0131 ve sade \u00e7izgileri, resmi tak\u0131m elbiselerden \u00f6zel pantolonlara ve chino pantolonlara sorunsuz bir \u015fekilde ge\u00e7i\u015f yaparak onlar\u0131 \u00e7ok \u00e7e\u015fitli k\u0131yafetler i\u00e7in uygun hale getirir. EU 39'dan 45'e kadar geni\u015f bir beden yelpazesi sunarak her beyefendinin m\u00fckemmel uyumunu bulabilmesini sa\u011fl\u0131yoruz. Y\u00fcksek kaliteli ayakkab\u0131lar stoklamak isteyen perakendeciler ve i\u015fletmeler i\u00e7in bu premium <strong>Erkek Deri Derby Ayakkab\u0131<\/strong> minimum 8 \u00e7ift sipari\u015fle toplu olarak sat\u0131n al\u0131nabilir, m\u00fckemmel de\u011fer ve g\u00fcvenilir tedarik sunar. Bu kusursuz tasar\u0131ml\u0131 deri Derby ayakkab\u0131larla ayakkab\u0131 koleksiyonunuzu geli\u015ftirin veya envanterinizi geni\u015fletin.<\/p>","protected":false},"excerpt":{"rendered":"<ul>\n<li>\u00dcst\u00fcn konfor i\u00e7in l\u00fcks Dana Derisi d\u0131\u015f y\u00fczey ve yumu\u015fak Ke\u00e7i Derisi i\u00e7 k\u0131s\u0131mdan \u00fcretilmi\u015ftir.<\/li>\n<li>T\u00fcm g\u00fcn giyilebilirlik sa\u011flayan hafif ama dayan\u0131kl\u0131 Microlight tabana sahiptir.<\/li>\n<li>Klasik Derby tasar\u0131m\u0131, sofistike siyah ve zengin kahverengi renklerde mevcuttur.<\/li>\n<li>M\u00fckemmel bir uyum sa\u011flamak i\u00e7in AB 39 ila 45 aras\u0131nda geni\u015f beden aral\u0131\u011f\u0131.<\/li>\n<li>Minimum 8 \u00e7ift miktar\u0131yla toplu sipari\u015fler i\u00e7in mevcuttur.<\/li>\n<li>Tahmini teslim s\u00fcresi: 12 g\u00fcn art\u0131 nakliye.<\/li>\n<\/ul>","protected":false},"featured_media":3543,"template":"","meta":{"_acf_changed":false,"_uag_custom_page_level_css":"","site-sidebar-layout":"default","site-content-layout":"","ast-site-content-layout":"default","site-content-style":"default","site-sidebar-style":"default","ast-global-header-display":"","ast-banner-title-visibility":"","ast-main-header-display":"","ast-hfb-above-header-display":"","ast-hfb-below-header-display":"","ast-hfb-mobile-header-display":"","site-post-title":"","ast-breadcrumbs-content":"","ast-featured-img":"","footer-sml-layout":"","ast-disable-related-posts":"","theme-transparent-header-meta":"default","adv-header-id-meta":"","stick-header-meta":"","header-above-stick-meta":"","header-main-stick-meta":"","header-below-stick-meta":"","astra-migrate-meta-layouts":"set","ast-page-background-enabled":"default","ast-page-background-meta":{"desktop":{"background-color":"var(--ast-global-color-4)","background-image":"","background-repeat":"repeat","background-position":"center center","background-size":"auto","background-attachment":"scroll","background-type":"","background-media":"","overlay-type":"","overlay-color":"","overlay-opacity":"","overlay-gradient":""},"tablet":{"background-color":"","background-image":"","background-repeat":"repeat","background-position":"center center","background-size":"auto","background-attachment":"scroll","background-type":"","background-media":"","overlay-type":"","overlay-color":"","overlay-opacity":"","overlay-gradient":""},"mobile":{"background-color":"","background-image":"","background-repeat":"repeat","background-position":"center center","background-size":"auto","background-attachment":"scroll","background-type":"","background-media":"","overlay-type":"","overlay-color":"","overlay-opacity":"","overlay-gradient":""}},"ast-content-background-meta":{"desktop":{"background-color":"var(--ast-global-color-5)","background-image":"","background-repeat":"repeat","background-position":"center center","background-size":"auto","background-attachment":"scroll","background-type":"","background-media":"","overlay-type":"","overlay-color":"","overlay-opacity":"","overlay-gradient":""},"tablet":{"background-color":"var(--ast-global-color-5)","background-image":"","background-repeat":"repeat","background-position":"center center","background-size":"auto","background-attachment":"scroll","background-type":"","background-media":"","overlay-type":"","overlay-color":"","overlay-opacity":"","overlay-gradient":""},"mobile":{"background-color":"var(--ast-global-color-5)","background-image":"","background-repeat":"repeat","background-position":"center center","background-size":"auto","background-attachment":"scroll","background-type":"","background-media":"","overlay-type":"","overlay-color":"","overlay-opacity":"","overlay-gradient":""}}},"product_brand":[],"product_cat":[47,430,40],"product_tag":[407,613,405,185,212,284,756,201,189,219,227,612,466,632,280],"class_list":{"0":"post-5258","1":"product","2":"type-product","3":"status-publish","4":"has-post-thumbnail","6":"product_cat-classic","7":"product_cat-men","8":"product_cat-mens-shoes","9":"product_tag-black-derby-shoes","10":"product_tag-brown-derby-shoes","11":"product_tag-business-shoes","12":"product_tag-calf-leather-shoes","13":"product_tag-derby-shoes","14":"product_tag-dress-shoes","15":"product_tag-european-sizes","16":"product_tag-formal-footwear","17":"product_tag-goat-leather-lining","18":"product_tag-handmade-shoes","19":"product_tag-leather-shoes","20":"product_tag-mens-leather-derby-shoes","21":"product_tag-microlight-sole","22":"product_tag-premium-leather-shoes","23":"product_tag-smart-casual-shoes","24":"desktop-align-center","25":"tablet-align-center","26":"mobile-align-center","28":"first","29":"instock","30":"shipping-taxable","31":"purchasable","32":"product-type-variable","33":"has-default-attributes"},"acf":[],"uagb_featured_image_src":{"full":["https:\/\/turkishtrade.co\/wp-content\/uploads\/2026\/01\/2400EJOMN00136-DARK-BROWN-11024_1.png",453,250,false],"thumbnail":["https:\/\/turkishtrade.co\/wp-content\/uploads\/2026\/01\/2400EJOMN00136-DARK-BROWN-11024_1-150x150.png",150,150,true],"medium":["https:\/\/turkishtrade.co\/wp-content\/uploads\/2026\/01\/2400EJOMN00136-DARK-BROWN-11024_1-300x166.png",300,166,true],"medium_large":["https:\/\/turkishtrade.co\/wp-content\/uploads\/2026\/01\/2400EJOMN00136-DARK-BROWN-11024_1.png",453,250,false],"large":["https:\/\/turkishtrade.co\/wp-content\/uploads\/2026\/01\/2400EJOMN00136-DARK-BROWN-11024_1.png",453,250,false],"1536x1536":["https:\/\/turkishtrade.co\/wp-content\/uploads\/2026\/01\/2400EJOMN00136-DARK-BROWN-11024_1.png",453,250,false],"2048x2048":["https:\/\/turkishtrade.co\/wp-content\/uploads\/2026\/01\/2400EJOMN00136-DARK-BROWN-11024_1.png",453,250,false],"trp-custom-language-flag":["https:\/\/turkishtrade.co\/wp-content\/uploads\/2026\/01\/2400EJOMN00136-DARK-BROWN-11024_1-18x10.png",18,10,true],"woocommerce_thumbnail":["https:\/\/turkishtrade.co\/wp-content\/uploads\/2026\/01\/2400EJOMN00136-DARK-BROWN-11024_1-400x250.png",400,250,true],"woocommerce_single":["https:\/\/turkishtrade.co\/wp-content\/uploads\/2026\/01\/2400EJOMN00136-DARK-BROWN-11024_1.png",453,250,false],"woocommerce_gallery_thumbnail":["https:\/\/turkishtrade.co\/wp-content\/uploads\/2026\/01\/2400EJOMN00136-DARK-BROWN-11024_1-100x100.png",100,100,true]},"uagb_author_info":{"display_name":"yaser olabi","author_link":"https:\/\/turkishtrade.co\/tr\/author\/"},"uagb_comment_info":0,"uagb_excerpt":"Crafted from luxurious Calf Leather exterior and soft Goat Leather interior for supreme comfort. Features a lightweight yet durable Microlight sole, ensuring all-day wearability. Classic Derby design, available in sophisticated black and rich brown colors. Wide size range from EU 39 to 45 to ensure a perfect fit. Available for bulk orders with a minimum&hellip;","_links":{"self":[{"href":"https:\/\/turkishtrade.co\/tr\/wp-json\/wp\/v2\/product\/5258","targetHints":{"allow":["GET"]}}],"collection":[{"href":"https:\/\/turkishtrade.co\/tr\/wp-json\/wp\/v2\/product"}],"about":[{"href":"https:\/\/turkishtrade.co\/tr\/wp-json\/wp\/v2\/types\/product"}],"wp:featuredmedia":[{"embeddable":true,"href":"https:\/\/turkishtrade.co\/tr\/wp-json\/wp\/v2\/media\/3543"}],"wp:attachment":[{"href":"https:\/\/turkishtrade.co\/tr\/wp-json\/wp\/v2\/media?parent=5258"}],"wp:term":[{"taxonomy":"product_brand","embeddable":true,"href":"https:\/\/turkishtrade.co\/tr\/wp-json\/wp\/v2\/product_brand?post=5258"},{"taxonomy":"product_cat","embeddable":true,"href":"https:\/\/turkishtrade.co\/tr\/wp-json\/wp\/v2\/product_cat?post=5258"},{"taxonomy":"product_tag","embeddable":true,"href":"https:\/\/turkishtrade.co\/tr\/wp-json\/wp\/v2\/product_tag?post=5258"}],"curies":[{"name":"wp","href":"https:\/\/api.w.org\/{rel}","templated":true}]}}