{"id":5255,"date":"2026-01-14T11:33:53","date_gmt":"2026-01-14T11:33:53","guid":{"rendered":"https:\/\/turkishtrade.co\/product\/men-woven-leather-loafers\/"},"modified":"2026-04-09T19:39:43","modified_gmt":"2026-04-09T19:39:43","slug":"elevate-style-mens-woven-leather-loafers","status":"publish","type":"product","link":"https:\/\/turkishtrade.co\/tr\/shop\/elevate-style-mens-woven-leather-loafers\/","title":{"rendered":"Erkek L\u00fcks Dokuma Deri Loafer"},"content":{"rendered":"<p><strong>Erkek Dokuma Deri Loafer<\/strong><\/p>\n<p>Enfes koleksiyonumuzla benzersiz bir sofistikeli\u011fe ad\u0131m at\u0131n <b>Erkek Dokuma Deri Loafer<\/b>. Hem stil hem de konfora de\u011fer veren se\u00e7ici beyefendiler i\u00e7in tasarlanan bu birinci s\u0131n\u0131f mokasen ayakkab\u0131lar, \u00fcst\u00fcn i\u015f\u00e7ili\u011fin ve zamans\u0131z zarafetin bir kan\u0131t\u0131d\u0131r. Her bir \u00e7ift, geleneksel sanat ve modern tasar\u0131m\u0131n m\u00fckemmel bir kar\u0131\u015f\u0131m\u0131n\u0131 temsil eder ve onlar\u0131 her gard\u0131robun vazge\u00e7ilmez bir par\u00e7as\u0131 haline getirir.<\/p>\n<p>En iyi hakiki dana derisinden \u00fcretilen bu ola\u011fan\u00fcst\u00fc ayakkab\u0131n\u0131n d\u0131\u015f y\u00fczeyi <b>Erkek Dokuma Deri Loafer<\/b> l\u00fcks bir his ve ola\u011fan\u00fcst\u00fc dayan\u0131kl\u0131l\u0131k sunar. S\u0131rt k\u0131sm\u0131ndaki ay\u0131rt edici dokuma detay\u0131 sadece benzersiz bir doku ve g\u00f6rsel \u00e7ekicilik katmakla kalmaz, ayn\u0131 zamanda her diki\u015fte detaylara g\u00f6sterilen titiz \u00f6zeni de sergiler. Bu karma\u015f\u0131k tasar\u0131m \u00f6\u011fesi, bu mokasen ayakkab\u0131lar\u0131 di\u011ferlerinden ay\u0131rarak gitti\u011finiz her yerde unutulmaz bir izlenim b\u0131rakman\u0131z\u0131 sa\u011flar.<\/p>\n<h3>Microlight Taban ile Rakipsiz Konfor ve Kalite<\/h3>\n<p>Tamamen yumu\u015fak ke\u00e7i derisiyle astarlanm\u0131\u015f i\u00e7 k\u0131sm\u0131 ile \u00fcst\u00fcn konforu ya\u015fay\u0131n. Esnek dokusu ve nefes alabilirli\u011fi ile tan\u0131nan ke\u00e7i derisi, aya\u011f\u0131n\u0131za nazik\u00e7e uyum sa\u011flayarak ilk giyimden itibaren ki\u015fiye \u00f6zel bir uyum sunar. Bu \u00f6zenli malzeme se\u00e7imi, ister \u015fehir sokaklar\u0131nda geziniyor ister \u00f6zel bir etkinli\u011fe kat\u0131l\u0131yor olun, g\u00fcn boyunca maksimum konfor sa\u011flar. \u0130nce 1-3 cm topuk y\u00fcksekli\u011fi, y\u00fcr\u00fcnebilirlikten \u00f6d\u00fcn vermeden klasik bir zarafet dokunu\u015fu katarak bu ayakkab\u0131lar\u0131 <b>Erkek Dokuma Deri Loafer<\/b> uzun s\u00fcreli kullan\u0131m i\u00e7in idealdir.<\/p>\n<p>Yenilik, geli\u015fmi\u015f microlight taban ile konforla bulu\u015fuyor. Hafif esneklik ve \u00fcst\u00fcn \u015fok emilimi i\u00e7in tasarlanan microlight taban, bu ayakkab\u0131lar\u0131n <b>Erkek Dokuma Deri Loafer<\/b> aya\u011f\u0131n\u0131zda inan\u0131lmaz derecede hafif hissetmenizi sa\u011flar. Bu yenilik\u00e7i taban teknolojisi ayak yorgunlu\u011funu azaltarak sabahtan ak\u015fama kadar rahat ve \u00f6zg\u00fcvenli kalman\u0131z\u0131 sa\u011flar. G\u00fcnl\u00fck l\u00fcks ve uzun \u00f6m\u00fcrl\u00fc performans i\u00e7in tasarlanm\u0131\u015f bir ayakkab\u0131 i\u00e7in m\u00fckemmel bir temeldir.<\/p>\n<h3>Her Durum i\u00e7in \u00c7ok Y\u00f6nl\u00fc Stil ve Toptan Sat\u0131\u015f F\u0131rsatlar\u0131<\/h3>\n<p>Bizim <b>Erkek Dokuma Deri Loafer<\/b> inan\u0131lmaz derecede \u00e7ok y\u00f6nl\u00fcd\u00fcr, resmi i\u015f k\u0131yafetlerinden sofistike g\u00fcndelik topluluklara sorunsuz bir \u015fekilde ge\u00e7i\u015f yapar. G\u00f6steri\u015fli bir g\u00f6r\u00fcn\u00fcm i\u00e7in \u00f6zel dikim tak\u0131m elbiselerle e\u015fle\u015ftirin veya zahmetsizce \u015f\u0131k bir g\u00fcndelik hava i\u00e7in chino pantolon ve blazer ceketle giydirin. 39'dan 45'e kadar kapsaml\u0131 bir beden yelpazesinde mevcut oldu\u011fundan, m\u00fckemmel uyumunuzu bulmak \u00e7ok kolay. Bu s\u0131ra d\u0131\u015f\u0131 loafer'lar\u0131, farkl\u0131 stil tercihlerini tamamlamak i\u00e7in klasik siyah ve zengin kahverengi (ekteki resimlerde g\u00f6r\u00fcld\u00fc\u011f\u00fc gibi) renklerde sunuyoruz.<\/p>\n<p>Perakendeciler ve i\u015fletmeler i\u00e7in bu premium <b>Erkek Dokuma Deri Loafer<\/b> minimum 8 \u00e7ift sipari\u015f ile toptan sat\u0131n al\u0131nabilir. \u00c7ift ba\u015f\u0131na sadece USD olan rekabet\u00e7i fiyatland\u0131rmam\u0131zdan yararlanarak l\u00fcks\u00fc eri\u015filebilir hale getirin. Tahmini teslimat s\u00fcresi 12 g\u00fcn art\u0131 nakliye ile h\u0131zl\u0131 hizmet sa\u011flayarak raflar\u0131n\u0131z\u0131 y\u00fcksek talep g\u00f6ren, y\u00fcksek kaliteli ayakkab\u0131larla verimli bir \u015fekilde stoklaman\u0131za olanak tan\u0131yoruz. Zamana ve trendlere meydan okuyan ayakkab\u0131lara yat\u0131r\u0131m yap\u0131n - se\u00e7ici m\u00fc\u015fterileriniz i\u00e7in birinci s\u0131n\u0131f dokuma deri mokasen ayakkab\u0131lar\u0131m\u0131z\u0131 se\u00e7in.<\/p>","protected":false},"excerpt":{"rendered":"<ul>\n<li><b>\u00dcst\u00fcn Malzemeler:<\/b> Hakiki dana derisi d\u0131\u015f y\u00fczey ve yumu\u015fak, nefes alabilen ke\u00e7i derisi astar ile \u00fcretilmi\u015ftir.<\/li>\n<li><b>Hafif Konfor:<\/b> Ola\u011fan\u00fcst\u00fc y\u00fcr\u00fcy\u00fc\u015f deneyimi ve daha az yorgunluk i\u00e7in Microlight taban ile donat\u0131lm\u0131\u015ft\u0131r.<\/li>\n<li><b>Zarif Tasar\u0131m:<\/b> Kendine \u00f6zg\u00fc dokuma vampir detay\u0131 ve \u015f\u0131k, sofistike bir profile sahiptir.<\/li>\n<li><b>Optimal Topuk Y\u00fcksekli\u011fi:<\/b> Rahat y\u00fckseklik ve klasik stil i\u00e7in 1-3 cm'lik ince topuk.<\/li>\n<li><b>Kapsay\u0131c\u0131 Boyutland\u0131rma:<\/b> Kapsaml\u0131 bir boyut yelpazesinde mevcuttur: 39, 40, 41, 42, 43, 44, 45.<\/li>\n<li><b>Toptan Sat\u0131\u015f:<\/b> Toplu al\u0131mlar i\u00e7in minimum sipari\u015f miktar\u0131 8 \u00e7ifttir.<\/li>\n<li><b>Etkili Teslimat:<\/b> Sipari\u015fler 12 g\u00fcn art\u0131 standart nakliye s\u00fcresi i\u00e7inde teslim edilir.<\/li>\n<li><b>Rekabet\u00e7i Fiyatland\u0131rma:<\/b> Toptan sipari\u015fler i\u00e7in \u00e7ift ba\u015f\u0131na USD olarak fiyatland\u0131r\u0131l\u0131r.<\/li>\n<\/ul>","protected":false},"featured_media":3541,"template":"","meta":{"_acf_changed":false,"_uag_custom_page_level_css":"","site-sidebar-layout":"default","site-content-layout":"","ast-site-content-layout":"default","site-content-style":"default","site-sidebar-style":"default","ast-global-header-display":"","ast-banner-title-visibility":"","ast-main-header-display":"","ast-hfb-above-header-display":"","ast-hfb-below-header-display":"","ast-hfb-mobile-header-display":"","site-post-title":"","ast-breadcrumbs-content":"","ast-featured-img":"","footer-sml-layout":"","ast-disable-related-posts":"","theme-transparent-header-meta":"default","adv-header-id-meta":"","stick-header-meta":"","header-above-stick-meta":"","header-main-stick-meta":"","header-below-stick-meta":"","astra-migrate-meta-layouts":"set","ast-page-background-enabled":"default","ast-page-background-meta":{"desktop":{"background-color":"var(--ast-global-color-4)","background-image":"","background-repeat":"repeat","background-position":"center center","background-size":"auto","background-attachment":"scroll","background-type":"","background-media":"","overlay-type":"","overlay-color":"","overlay-opacity":"","overlay-gradient":""},"tablet":{"background-color":"","background-image":"","background-repeat":"repeat","background-position":"center center","background-size":"auto","background-attachment":"scroll","background-type":"","background-media":"","overlay-type":"","overlay-color":"","overlay-opacity":"","overlay-gradient":""},"mobile":{"background-color":"","background-image":"","background-repeat":"repeat","background-position":"center center","background-size":"auto","background-attachment":"scroll","background-type":"","background-media":"","overlay-type":"","overlay-color":"","overlay-opacity":"","overlay-gradient":""}},"ast-content-background-meta":{"desktop":{"background-color":"var(--ast-global-color-5)","background-image":"","background-repeat":"repeat","background-position":"center center","background-size":"auto","background-attachment":"scroll","background-type":"","background-media":"","overlay-type":"","overlay-color":"","overlay-opacity":"","overlay-gradient":""},"tablet":{"background-color":"var(--ast-global-color-5)","background-image":"","background-repeat":"repeat","background-position":"center center","background-size":"auto","background-attachment":"scroll","background-type":"","background-media":"","overlay-type":"","overlay-color":"","overlay-opacity":"","overlay-gradient":""},"mobile":{"background-color":"var(--ast-global-color-5)","background-image":"","background-repeat":"repeat","background-position":"center center","background-size":"auto","background-attachment":"scroll","background-type":"","background-media":"","overlay-type":"","overlay-color":"","overlay-opacity":"","overlay-gradient":""}}},"product_brand":[],"product_cat":[47,430,40],"product_tag":[566,512,284,544,189,219,215,416,198,186,466,362,184,826],"class_list":{"0":"post-5255","1":"product","2":"type-product","3":"status-publish","4":"has-post-thumbnail","6":"product_cat-classic","7":"product_cat-men","8":"product_cat-mens-shoes","9":"product_tag-calfskin-shoes","10":"product_tag-casual-loafers","11":"product_tag-dress-shoes","12":"product_tag-elegant-loafers","13":"product_tag-goat-leather-lining","14":"product_tag-handmade-shoes","15":"product_tag-leather-loafers","16":"product_tag-luxury-shoes","17":"product_tag-mens-fashion","18":"product_tag-mens-loafers","19":"product_tag-microlight-sole","20":"product_tag-premium-footwear","21":"product_tag-slip-on-shoes","22":"product_tag-woven-loafers","23":"desktop-align-center","24":"tablet-align-center","25":"mobile-align-center","27":"first","28":"instock","29":"shipping-taxable","30":"purchasable","31":"product-type-variable","32":"has-default-attributes"},"acf":[],"uagb_featured_image_src":{"full":["https:\/\/turkishtrade.co\/wp-content\/uploads\/2026\/01\/2400EJOMN00135-BROWN-X_6591.png",453,250,false],"thumbnail":["https:\/\/turkishtrade.co\/wp-content\/uploads\/2026\/01\/2400EJOMN00135-BROWN-X_6591-150x150.png",150,150,true],"medium":["https:\/\/turkishtrade.co\/wp-content\/uploads\/2026\/01\/2400EJOMN00135-BROWN-X_6591-300x166.png",300,166,true],"medium_large":["https:\/\/turkishtrade.co\/wp-content\/uploads\/2026\/01\/2400EJOMN00135-BROWN-X_6591.png",453,250,false],"large":["https:\/\/turkishtrade.co\/wp-content\/uploads\/2026\/01\/2400EJOMN00135-BROWN-X_6591.png",453,250,false],"1536x1536":["https:\/\/turkishtrade.co\/wp-content\/uploads\/2026\/01\/2400EJOMN00135-BROWN-X_6591.png",453,250,false],"2048x2048":["https:\/\/turkishtrade.co\/wp-content\/uploads\/2026\/01\/2400EJOMN00135-BROWN-X_6591.png",453,250,false],"trp-custom-language-flag":["https:\/\/turkishtrade.co\/wp-content\/uploads\/2026\/01\/2400EJOMN00135-BROWN-X_6591-18x10.png",18,10,true],"woocommerce_thumbnail":["https:\/\/turkishtrade.co\/wp-content\/uploads\/2026\/01\/2400EJOMN00135-BROWN-X_6591-400x250.png",400,250,true],"woocommerce_single":["https:\/\/turkishtrade.co\/wp-content\/uploads\/2026\/01\/2400EJOMN00135-BROWN-X_6591.png",453,250,false],"woocommerce_gallery_thumbnail":["https:\/\/turkishtrade.co\/wp-content\/uploads\/2026\/01\/2400EJOMN00135-BROWN-X_6591-100x100.png",100,100,true]},"uagb_author_info":{"display_name":"yaser olabi","author_link":"https:\/\/turkishtrade.co\/tr\/author\/"},"uagb_comment_info":0,"uagb_excerpt":"Superior Materials: Crafted with a genuine Calfskin outer and soft, breathable Goat Leather lining. Lightweight Comfort: Equipped with a Microlight sole for exceptional walking experience and reduced fatigue. Elegant Design: Features a distinctive woven vamp detail and a sleek, sophisticated profile. Optimal Heel Height: Subtle 1-3 cm heel for comfortable elevation and classic style. Inclusive&hellip;","_links":{"self":[{"href":"https:\/\/turkishtrade.co\/tr\/wp-json\/wp\/v2\/product\/5255","targetHints":{"allow":["GET"]}}],"collection":[{"href":"https:\/\/turkishtrade.co\/tr\/wp-json\/wp\/v2\/product"}],"about":[{"href":"https:\/\/turkishtrade.co\/tr\/wp-json\/wp\/v2\/types\/product"}],"wp:featuredmedia":[{"embeddable":true,"href":"https:\/\/turkishtrade.co\/tr\/wp-json\/wp\/v2\/media\/3541"}],"wp:attachment":[{"href":"https:\/\/turkishtrade.co\/tr\/wp-json\/wp\/v2\/media?parent=5255"}],"wp:term":[{"taxonomy":"product_brand","embeddable":true,"href":"https:\/\/turkishtrade.co\/tr\/wp-json\/wp\/v2\/product_brand?post=5255"},{"taxonomy":"product_cat","embeddable":true,"href":"https:\/\/turkishtrade.co\/tr\/wp-json\/wp\/v2\/product_cat?post=5255"},{"taxonomy":"product_tag","embeddable":true,"href":"https:\/\/turkishtrade.co\/tr\/wp-json\/wp\/v2\/product_tag?post=5255"}],"curies":[{"name":"wp","href":"https:\/\/api.w.org\/{rel}","templated":true}]}}