{"id":5251,"date":"2026-01-14T11:33:35","date_gmt":"2026-01-14T11:33:35","guid":{"rendered":"https:\/\/turkishtrade.co\/product\/men-leather-loafers\/"},"modified":"2026-04-09T19:39:51","modified_gmt":"2026-04-09T19:39:51","slug":"rare-mens-leather-loafers-premium-footwear","status":"publish","type":"product","link":"https:\/\/turkishtrade.co\/tr\/shop\/rare-mens-leather-loafers-premium-footwear\/","title":{"rendered":"Microlight Tabanl\u0131 Premium Dana Derisi Erkek Loafer"},"content":{"rendered":"<p><strong>Erkek Deri Loaferlar<\/strong><\/p>\n<p>Ayakkab\u0131 koleksiyonunuzu se\u00e7kin Premium Dana Derisi Erkek Loafer'lar\u0131m\u0131zla geli\u015ftirin. Se\u00e7kin beyefendiler i\u00e7in tasarlanan bu sofistike loaferlar, zamans\u0131z \u015f\u0131kl\u0131\u011f\u0131 modern konforla kusursuz bir \u015fekilde harmanl\u0131yor. En iyi malzemelerden \u00fcretilen bu ayakkab\u0131lar, bir ayakkab\u0131dan \u00e7ok daha fazlas\u0131d\u0131r; se\u00e7kin bir tarz\u0131n ve benzersiz bir kalitenin ifadesidir. Bizimkileri se\u00e7ti\u011finizde <b>erkek deri\u0307 mokasen<\/b>, \u00f6ne \u00e7\u0131kan kal\u0131c\u0131 i\u015f\u00e7ili\u011fe yat\u0131r\u0131m yap\u0131yorsunuz.<\/p>\n<h3>\u00dcst\u00fcn \u0130\u015f\u00e7ilik ve Birinci S\u0131n\u0131f Malzemeler<\/h3>\n<p>Bu zarif \u00e7iftlerin her biri <b>erkek deri\u0307 mokasen<\/b> hem ola\u011fan\u00fcst\u00fc dayan\u0131kl\u0131l\u0131k hem de l\u00fcks a\u015f\u0131nma sunmak i\u00e7in titizlikle \u00fcretilmi\u015ftir. D\u0131\u015f y\u00fczeyi, p\u00fcr\u00fczs\u00fcz dokusu, esnekli\u011fi ve zaman i\u00e7inde g\u00fczel bir patine geli\u015ftirme yetene\u011fi ile tan\u0131nan birinci s\u0131n\u0131f dana derisine sahiptir. Bunu tamamlayan i\u00e7 k\u0131s\u0131m, yumu\u015fak ke\u00e7i derisiyle c\u00f6mert\u00e7e astarlanm\u0131\u015ft\u0131r ve giydi\u011finiz andan itibaren nefes alabilen ve inan\u0131lmaz rahat bir deneyim sa\u011flar. Bu \u00f6zenli malzeme kombinasyonu, g\u00fcn boyunca ola\u011fan\u00fcst\u00fc destek ve pel\u00fc\u015f bir his sa\u011flayarak bu ayakkab\u0131lar\u0131 ideal hale getirir. <b>erkek deri\u0307 mokasen<\/b> her durum i\u00e7in.<\/p>\n<h3>Microlight Taban Teknolojisi ile E\u015fsiz Konfor<\/h3>\n<p>Y\u00fcksek kaliteli bir taban\u0131n yaratt\u0131\u011f\u0131 devrim niteli\u011findeki fark\u0131 deneyimleyin. Bizim ola\u011fan\u00fcst\u00fc <b>erkek deri\u0307 mokasen<\/b> inan\u0131lmaz hafifli\u011fi ve esnekli\u011fi ile \u00fcnl\u00fc yenilik\u00e7i Microlight tabana sahiptir. Bu geli\u015fmi\u015f taban teknolojisi m\u00fckemmel yast\u0131klama ve \u00fcst\u00fcn \u015fok emilimi sa\u011flayarak, ister \u015fehrin kalabal\u0131k caddelerinde geziniyor ister resmi bir etkinli\u011fe kat\u0131l\u0131yor olun, bu mokasen ayakkab\u0131lar\u0131 uzun s\u00fcreli kullan\u0131m i\u00e7in m\u00fckemmel hale getirir. \u0130nce 1-3 cm topuk, konfordan \u00f6d\u00fcn vermeden zarif bir siluet i\u00e7in do\u011fru miktarda kald\u0131rma sa\u011flar. Devrim niteli\u011findeki Microlight tasar\u0131m\u0131 sayesinde bu ayakkab\u0131lar\u0131 giydi\u011finizi fark etmeyeceksiniz, bu da onlar\u0131 ger\u00e7ekten rahat k\u0131l\u0131yor <b>erkek deri\u0307 mokasen<\/b>.<\/p>\n<h3>Her Durum i\u00e7in \u00c7ok Y\u00f6nl\u00fc Stil<\/h3>\n<p>Klasik Siyah, sofistike Mavi ve zengin Kahverengi renkleri bulunan bu \u00e7ok y\u00f6nl\u00fc <b>erkek deri\u0307 mokasen<\/b> her gard\u0131robu tamamlamak i\u00e7in sonsuz stil olanaklar\u0131 sunar. Sade \u00e7izgileri ve zarif profili, profesyonel i\u015f ortamlar\u0131ndan \u015f\u0131k hafta sonu toplant\u0131lar\u0131na ve hatta yar\u0131 resmi etkinliklere kadar \u00e7ok \u00e7e\u015fitli durumlar i\u00e7in uygun olmas\u0131n\u0131 sa\u011flar. Bu kusursuz ayakkab\u0131lar\u0131 <b>erkek deri\u0307 mokasen<\/b> Keskin, g\u00f6steri\u015fli bir g\u00f6r\u00fcn\u00fcm i\u00e7in \u00f6zel dikim pantolonlarla kombinleyin ya da smart-casual \u00e7ekicilik i\u00e7in chino pantolonlarla zahmetsizce giyin. 39'dan 45'e kadar Avrupa bedenlerinde mevcut olup, \u00fcst\u00fcn kalite arayan her beyefendi i\u00e7in m\u00fckemmel bir uyum sa\u011fl\u0131yoruz. <b>erkek deri\u0307 mokasen<\/b>.<\/p>\n<h3>Toptan Sat\u0131\u015f F\u0131rsatlar\u0131 ve G\u00fcvenilir Teslimat<\/h3>\n<p>Perakendeciler veya birinci s\u0131n\u0131f ayakkab\u0131 stoklamak isteyenler i\u00e7in se\u00e7kin <b>erkek deri\u0307 mokasen<\/b> toptan al\u0131m i\u00e7in haz\u0131rd\u0131r. Sadece 8 \u00e7iftlik uygun bir minimum sipari\u015f gereksinimi ile \u00e7ift ba\u015f\u0131na cazip USD fiyatland\u0131rmas\u0131ndan yararlan\u0131n. Verimli hizmet sunmay\u0131 taahh\u00fct ediyoruz; sipari\u015fler genellikle 12 g\u00fcn i\u00e7inde g\u00f6nderilir ve ard\u0131ndan standart nakliye s\u00fcreleri gelir. Kaliteye yat\u0131r\u0131m yap\u0131n ve m\u00fc\u015fterilerinize en iyi sofistike \u00fcr\u00fcnleri sunun <b>erkek deri\u0307 mokasen<\/b> koleksiyonlar\u0131 i\u00e7in.<\/p>","protected":false},"excerpt":{"rendered":"<ul>\n<li>D\u0131\u015f y\u00fczeyi hakiki dana derisinden, i\u00e7 k\u0131sm\u0131 ise l\u00fcks ve yumu\u015fak ke\u00e7i derisinden \u00fcretilmi\u015ftir.<\/li>\n<li>\u00dcst\u00fcn konfor ve dayan\u0131kl\u0131l\u0131k i\u00e7in ultra hafif Microlight tabana ve 1-3 cm'lik ince bir topu\u011fa sahiptir.<\/li>\n<li>Zarif slip-on tasar\u0131m\u0131 \u00e7ok y\u00f6nl\u00fc Siyah, sofistike Mavi ve zengin Kahverengi renklerde mevcuttur.<\/li>\n<li>M\u00fckemmel bir uyum sa\u011flamak i\u00e7in 39, 40, 41, 42, 43, 44, 45 Avrupa bedenlerinde mevcuttur.<\/li>\n<li><strong>Toptan Sat\u0131\u015f:<\/strong> Minimum 8 \u00e7ift sipari\u015f ile \u00e7ift ba\u015f\u0131na USD olarak fiyatland\u0131r\u0131l\u0131r.<\/li>\n<li><strong>Teslimat:<\/strong> Sipari\u015fler, nakliye s\u00fcresi dahil olmak \u00fczere 12 g\u00fcn i\u00e7inde g\u00f6nderilir.<\/li>\n<\/ul>","protected":false},"featured_media":3539,"template":"","meta":{"_acf_changed":false,"_uag_custom_page_level_css":"","site-sidebar-layout":"default","site-content-layout":"","ast-site-content-layout":"default","site-content-style":"default","site-sidebar-style":"default","ast-global-header-display":"","ast-banner-title-visibility":"","ast-main-header-display":"","ast-hfb-above-header-display":"","ast-hfb-below-header-display":"","ast-hfb-mobile-header-display":"","site-post-title":"","ast-breadcrumbs-content":"","ast-featured-img":"","footer-sml-layout":"","ast-disable-related-posts":"","theme-transparent-header-meta":"default","adv-header-id-meta":"","stick-header-meta":"","header-above-stick-meta":"","header-main-stick-meta":"","header-below-stick-meta":"","astra-migrate-meta-layouts":"set","ast-page-background-enabled":"default","ast-page-background-meta":{"desktop":{"background-color":"var(--ast-global-color-4)","background-image":"","background-repeat":"repeat","background-position":"center center","background-size":"auto","background-attachment":"scroll","background-type":"","background-media":"","overlay-type":"","overlay-color":"","overlay-opacity":"","overlay-gradient":""},"tablet":{"background-color":"","background-image":"","background-repeat":"repeat","background-position":"center center","background-size":"auto","background-attachment":"scroll","background-type":"","background-media":"","overlay-type":"","overlay-color":"","overlay-opacity":"","overlay-gradient":""},"mobile":{"background-color":"","background-image":"","background-repeat":"repeat","background-position":"center center","background-size":"auto","background-attachment":"scroll","background-type":"","background-media":"","overlay-type":"","overlay-color":"","overlay-opacity":"","overlay-gradient":""}},"ast-content-background-meta":{"desktop":{"background-color":"var(--ast-global-color-5)","background-image":"","background-repeat":"repeat","background-position":"center center","background-size":"auto","background-attachment":"scroll","background-type":"","background-media":"","overlay-type":"","overlay-color":"","overlay-opacity":"","overlay-gradient":""},"tablet":{"background-color":"var(--ast-global-color-5)","background-image":"","background-repeat":"repeat","background-position":"center center","background-size":"auto","background-attachment":"scroll","background-type":"","background-media":"","overlay-type":"","overlay-color":"","overlay-opacity":"","overlay-gradient":""},"mobile":{"background-color":"var(--ast-global-color-5)","background-image":"","background-repeat":"repeat","background-position":"center center","background-size":"auto","background-attachment":"scroll","background-type":"","background-media":"","overlay-type":"","overlay-color":"","overlay-opacity":"","overlay-gradient":""}}},"product_brand":[],"product_cat":[47,430,40],"product_tag":[370,635,147,513,185,222,480,756,189,219,215,324,186,466,362,709,184,281],"class_list":{"0":"post-5251","1":"product","2":"type-product","3":"status-publish","4":"has-post-thumbnail","6":"product_cat-classic","7":"product_cat-men","8":"product_cat-mens-shoes","9":"product_tag-black-loafers","10":"product_tag-blue-loafers","11":"product_tag-brown-loafers","12":"product_tag-business-casual-shoes","13":"product_tag-calf-leather-shoes","14":"product_tag-comfortable-shoes","15":"product_tag-elegant-shoes","16":"product_tag-european-sizes","17":"product_tag-goat-leather-lining","18":"product_tag-handmade-shoes","19":"product_tag-leather-loafers","20":"product_tag-mens-dress-shoes","21":"product_tag-mens-loafers","22":"product_tag-microlight-sole","23":"product_tag-premium-footwear","24":"product_tag-quality-footwear","25":"product_tag-slip-on-shoes","26":"product_tag-wholesale-shoes","27":"desktop-align-center","28":"tablet-align-center","29":"mobile-align-center","31":"first","32":"instock","33":"shipping-taxable","34":"purchasable","35":"product-type-variable","36":"has-default-attributes"},"acf":[],"uagb_featured_image_src":{"full":["https:\/\/turkishtrade.co\/wp-content\/uploads\/2026\/01\/2400EJOMN00134-DARK-BROWN-ZL_200.png",453,250,false],"thumbnail":["https:\/\/turkishtrade.co\/wp-content\/uploads\/2026\/01\/2400EJOMN00134-DARK-BROWN-ZL_200-150x150.png",150,150,true],"medium":["https:\/\/turkishtrade.co\/wp-content\/uploads\/2026\/01\/2400EJOMN00134-DARK-BROWN-ZL_200-300x166.png",300,166,true],"medium_large":["https:\/\/turkishtrade.co\/wp-content\/uploads\/2026\/01\/2400EJOMN00134-DARK-BROWN-ZL_200.png",453,250,false],"large":["https:\/\/turkishtrade.co\/wp-content\/uploads\/2026\/01\/2400EJOMN00134-DARK-BROWN-ZL_200.png",453,250,false],"1536x1536":["https:\/\/turkishtrade.co\/wp-content\/uploads\/2026\/01\/2400EJOMN00134-DARK-BROWN-ZL_200.png",453,250,false],"2048x2048":["https:\/\/turkishtrade.co\/wp-content\/uploads\/2026\/01\/2400EJOMN00134-DARK-BROWN-ZL_200.png",453,250,false],"trp-custom-language-flag":["https:\/\/turkishtrade.co\/wp-content\/uploads\/2026\/01\/2400EJOMN00134-DARK-BROWN-ZL_200-18x10.png",18,10,true],"woocommerce_thumbnail":["https:\/\/turkishtrade.co\/wp-content\/uploads\/2026\/01\/2400EJOMN00134-DARK-BROWN-ZL_200-400x250.png",400,250,true],"woocommerce_single":["https:\/\/turkishtrade.co\/wp-content\/uploads\/2026\/01\/2400EJOMN00134-DARK-BROWN-ZL_200.png",453,250,false],"woocommerce_gallery_thumbnail":["https:\/\/turkishtrade.co\/wp-content\/uploads\/2026\/01\/2400EJOMN00134-DARK-BROWN-ZL_200-100x100.png",100,100,true]},"uagb_author_info":{"display_name":"yaser olabi","author_link":"https:\/\/turkishtrade.co\/tr\/author\/"},"uagb_comment_info":0,"uagb_excerpt":"Crafted from genuine calf leather exterior and luxuriously soft goat leather interior. Features an ultra-light Microlight sole for superior comfort and durability, with a subtle 1-3 cm heel. Elegant slip-on design available in versatile Black, sophisticated Blue, and rich Brown. Available in European sizes 39, 40, 41, 42, 43, 44, 45 to ensure a perfect&hellip;","_links":{"self":[{"href":"https:\/\/turkishtrade.co\/tr\/wp-json\/wp\/v2\/product\/5251","targetHints":{"allow":["GET"]}}],"collection":[{"href":"https:\/\/turkishtrade.co\/tr\/wp-json\/wp\/v2\/product"}],"about":[{"href":"https:\/\/turkishtrade.co\/tr\/wp-json\/wp\/v2\/types\/product"}],"wp:featuredmedia":[{"embeddable":true,"href":"https:\/\/turkishtrade.co\/tr\/wp-json\/wp\/v2\/media\/3539"}],"wp:attachment":[{"href":"https:\/\/turkishtrade.co\/tr\/wp-json\/wp\/v2\/media?parent=5251"}],"wp:term":[{"taxonomy":"product_brand","embeddable":true,"href":"https:\/\/turkishtrade.co\/tr\/wp-json\/wp\/v2\/product_brand?post=5251"},{"taxonomy":"product_cat","embeddable":true,"href":"https:\/\/turkishtrade.co\/tr\/wp-json\/wp\/v2\/product_cat?post=5251"},{"taxonomy":"product_tag","embeddable":true,"href":"https:\/\/turkishtrade.co\/tr\/wp-json\/wp\/v2\/product_tag?post=5251"}],"curies":[{"name":"wp","href":"https:\/\/api.w.org\/{rel}","templated":true}]}}