{"id":5248,"date":"2026-01-14T11:33:17","date_gmt":"2026-01-14T11:33:17","guid":{"rendered":"https:\/\/turkishtrade.co\/product\/mens-leather-oxford-shoes-2\/"},"modified":"2026-04-09T19:39:57","modified_gmt":"2026-04-09T19:39:57","slug":"mens-leather-oxford-shoes-2","status":"publish","type":"product","link":"https:\/\/turkishtrade.co\/tr\/shop\/mens-leather-oxford-shoes-2\/","title":{"rendered":"Erkek Premium Cap-Toe Deri Oxford Elbise Ayakkab\u0131s\u0131"},"content":{"rendered":"<p><strong>Erkek Deri Oxford Ayakkab\u0131<\/strong><\/p>\n<p>Profesyonel ve resmi k\u0131yafetlerinizi zarif k\u0131yafetlerimizle y\u00fckseltin <strong>Erkek Deri Oxford Ayakkab\u0131<\/strong>. Titizlikle el i\u015f\u00e7ili\u011fiyle \u00fcretilen bu klasik burnu a\u00e7\u0131k elbise ayakkab\u0131lar\u0131, modern konforla birle\u015fen geleneksel ayakkab\u0131c\u0131l\u0131\u011f\u0131n zirvesini temsil ediyor. Se\u00e7ici beyefendiler i\u00e7in tasarlanan <strong>Erkek Deri Oxford Ayakkab\u0131<\/strong> bir ayakkab\u0131dan \u00e7ok daha fazlas\u0131d\u0131r; zamans\u0131z stil ve benzersiz kaliteye yap\u0131lan bir yat\u0131r\u0131md\u0131r. \u0130\u015f toplant\u0131lar\u0131, \u015f\u0131k etkinlikler veya sofistike g\u00fcnl\u00fck giyim i\u00e7in m\u00fckemmel olan bu oxfordlar \u015f\u00fcphesiz gard\u0131robunuzu zenginle\u015ftirecek.<\/p>\n<p>&nbsp;<\/p>\n<h3>Her Durum \u0130\u00e7in Bir Stil \u0130fadesi<\/h3>\n<p>\u0130ster \u00f6nemli bir i\u015f toplant\u0131s\u0131na, ister resmi bir d\u00fc\u011f\u00fcne veya sofistike bir ak\u015fam etkinli\u011fine kat\u0131l\u0131yor olun, bu \u00e7ok y\u00f6nl\u00fc <strong>Erkek Deri Oxford Ayakkab\u0131<\/strong> tak\u0131m\u0131n\u0131z i\u00e7in m\u00fckemmel bir tamamlay\u0131c\u0131d\u0131r. Klasik siyah ve zengin kahverengi (\u00fcr\u00fcn g\u00f6rsellerinde g\u00f6sterildi\u011fi gibi) renk se\u00e7enekleriyle sunulan bu zamans\u0131z tasar\u0131m, her erke\u011fin gard\u0131robunun vazge\u00e7ilmez bir par\u00e7as\u0131d\u0131r. Hakim bir duru\u015f i\u00e7in keskin bir tak\u0131m elbiseyle, smart-casual \u015f\u0131kl\u0131k i\u00e7in \u00f6zel dikim pantolonlarla zahmetsizce e\u015fle\u015ftirin ya da kusursuz bir \u015fekilde g\u00f6steri\u015fli bir g\u00f6r\u00fcn\u00fcm i\u00e7in daha rahat bir k\u0131yafeti y\u00fckseltin. Bunlar <strong>Erkek Deri Oxford Ayakkab\u0131<\/strong> ger\u00e7ekten kal\u0131c\u0131 bir etki b\u0131rakmak i\u00e7in tasarlanm\u0131\u015ft\u0131r.<\/p>\n<h3>Toptan Sat\u0131\u015f F\u0131rsatlar\u0131 ve G\u00fcvenilir Teslimat<\/h3>\n<p>Y\u00fcksek kaliteli ayakkab\u0131 arayan perakendecilerin ve i\u015fletmelerin ihtiya\u00e7lar\u0131n\u0131 anl\u0131yoruz, i\u015fte bu y\u00fczden bu premium ayakkab\u0131lar <strong>Erkek Deri Oxford Ayakkab\u0131<\/strong> toplu al\u0131m i\u00e7in mevcuttur. Yaln\u0131zca 8 \u00e7iftlik minimum sipari\u015f miktar\u0131yla, en se\u00e7ici m\u00fc\u015fterilerinizi etkileyecek ola\u011fan\u00fcst\u00fc ayakkab\u0131lar\u0131 stoklayabilirsiniz. Rekabet\u00e7i toptan fiyatland\u0131rmam\u0131z \u00e7ift ba\u015f\u0131na cazip bir USD'den ba\u015flar ve l\u00fcks\u00fc i\u015fletmeniz i\u00e7in eri\u015filebilir hale getirir. Sipari\u015finizin h\u0131zl\u0131 ve verimli bir \u015fekilde ula\u015fmas\u0131n\u0131 sa\u011flamak i\u00e7in 12 g\u00fcn art\u0131 nakliye gibi verimli bir teslimat s\u00fcresi taahh\u00fct ediyoruz. 39'dan 45 EUR'ya kadar kapsaml\u0131 bir beden aral\u0131\u011f\u0131nda mevcut olan bu <strong>Erkek Deri Oxford Ayakkab\u0131<\/strong> geni\u015f bir m\u00fc\u015fteri kitlesine hitap ediyor. Bug\u00fcn ola\u011fan\u00fcst\u00fc oxford ayakkab\u0131lar\u0131m\u0131zla kaliteye, konfora ve klasik stile yat\u0131r\u0131m yap\u0131n.<\/p>","protected":false},"excerpt":{"rendered":"<ul>\n<li>L\u00fcks dana derisi d\u0131\u015f y\u00fczey ile el yap\u0131m\u0131<\/li>\n<li>\u00dcst\u00fcn nefes alabilirlik ve konfor i\u00e7in pel\u00fc\u015f ke\u00e7i derisi i\u00e7 astar<\/li>\n<li>Zarif 1-3 cm topuk y\u00fcksekli\u011fi ile tamamlanan dayan\u0131kl\u0131 Microlight taban<\/li>\n<li>Resmi ve i\u015f ortamlar\u0131 i\u00e7in m\u00fckemmel olan klasik \u015fapka burun tasar\u0131m\u0131<\/li>\n<li>Kapsaml\u0131 bir beden aral\u0131\u011f\u0131nda mevcuttur: 39, 40, 41, 42, 43, 44, 45 EURO<\/li>\n<li>Minimum sipari\u015f miktar\u0131: 8 \u00e7ift<\/li>\n<li>Toplu sipari\u015fler i\u00e7in \u00e7ift ba\u015f\u0131na USD'den ba\u015flayan rekabet\u00e7i toptan fiyatland\u0131rma<\/li>\n<li>Standart nakliye s\u00fcresi art\u0131 12 g\u00fcn i\u00e7inde verimli teslimat<\/li>\n<\/ul>","protected":false},"featured_media":3536,"template":"","meta":{"_acf_changed":false,"_uag_custom_page_level_css":"","site-sidebar-layout":"default","site-content-layout":"","ast-site-content-layout":"default","site-content-style":"default","site-sidebar-style":"default","ast-global-header-display":"","ast-banner-title-visibility":"","ast-main-header-display":"","ast-hfb-above-header-display":"","ast-hfb-below-header-display":"","ast-hfb-mobile-header-display":"","site-post-title":"","ast-breadcrumbs-content":"","ast-featured-img":"","footer-sml-layout":"","ast-disable-related-posts":"","theme-transparent-header-meta":"default","adv-header-id-meta":"","stick-header-meta":"","header-above-stick-meta":"","header-main-stick-meta":"","header-below-stick-meta":"","astra-migrate-meta-layouts":"set","ast-page-background-enabled":"default","ast-page-background-meta":{"desktop":{"background-color":"var(--ast-global-color-4)","background-image":"","background-repeat":"repeat","background-position":"center center","background-size":"auto","background-attachment":"scroll","background-type":"","background-media":"","overlay-type":"","overlay-color":"","overlay-opacity":"","overlay-gradient":""},"tablet":{"background-color":"","background-image":"","background-repeat":"repeat","background-position":"center center","background-size":"auto","background-attachment":"scroll","background-type":"","background-media":"","overlay-type":"","overlay-color":"","overlay-opacity":"","overlay-gradient":""},"mobile":{"background-color":"","background-image":"","background-repeat":"repeat","background-position":"center center","background-size":"auto","background-attachment":"scroll","background-type":"","background-media":"","overlay-type":"","overlay-color":"","overlay-opacity":"","overlay-gradient":""}},"ast-content-background-meta":{"desktop":{"background-color":"var(--ast-global-color-5)","background-image":"","background-repeat":"repeat","background-position":"center center","background-size":"auto","background-attachment":"scroll","background-type":"","background-media":"","overlay-type":"","overlay-color":"","overlay-opacity":"","overlay-gradient":""},"tablet":{"background-color":"var(--ast-global-color-5)","background-image":"","background-repeat":"repeat","background-position":"center center","background-size":"auto","background-attachment":"scroll","background-type":"","background-media":"","overlay-type":"","overlay-color":"","overlay-opacity":"","overlay-gradient":""},"mobile":{"background-color":"var(--ast-global-color-5)","background-image":"","background-repeat":"repeat","background-position":"center center","background-size":"auto","background-attachment":"scroll","background-type":"","background-media":"","overlay-type":"","overlay-color":"","overlay-opacity":"","overlay-gradient":""}}},"product_brand":[],"product_cat":[47,430,40],"product_tag":[653,768,405,451,541,551,284,822,251,821,556,219,820,286,204,362,281],"class_list":{"0":"post-5248","1":"product","2":"type-product","3":"status-publish","4":"has-post-thumbnail","6":"product_cat-classic","7":"product_cat-men","8":"product_cat-mens-shoes","9":"product_tag-black-oxfords","10":"product_tag-brown-oxfords","11":"product_tag-business-shoes","12":"product_tag-calfskin-leather","13":"product_tag-cap-toe-oxfords","14":"product_tag-classic-style","15":"product_tag-dress-shoes","16":"product_tag-event-shoes","17":"product_tag-formal-shoes","18":"product_tag-gentlemans-shoes","19":"product_tag-goatskin-lining","20":"product_tag-handmade-shoes","21":"product_tag-mens-formal-wear","22":"product_tag-mens-leather-shoes","23":"product_tag-oxford-shoes","24":"product_tag-premium-footwear","25":"product_tag-wholesale-shoes","26":"desktop-align-center","27":"tablet-align-center","28":"mobile-align-center","30":"first","31":"instock","32":"shipping-taxable","33":"purchasable","34":"product-type-variable","35":"has-default-attributes"},"acf":[],"uagb_featured_image_src":{"full":["https:\/\/turkishtrade.co\/wp-content\/uploads\/2026\/01\/2400EJOMN00133-BROWN-B_250.png",453,250,false],"thumbnail":["https:\/\/turkishtrade.co\/wp-content\/uploads\/2026\/01\/2400EJOMN00133-BROWN-B_250-150x150.png",150,150,true],"medium":["https:\/\/turkishtrade.co\/wp-content\/uploads\/2026\/01\/2400EJOMN00133-BROWN-B_250-300x166.png",300,166,true],"medium_large":["https:\/\/turkishtrade.co\/wp-content\/uploads\/2026\/01\/2400EJOMN00133-BROWN-B_250.png",453,250,false],"large":["https:\/\/turkishtrade.co\/wp-content\/uploads\/2026\/01\/2400EJOMN00133-BROWN-B_250.png",453,250,false],"1536x1536":["https:\/\/turkishtrade.co\/wp-content\/uploads\/2026\/01\/2400EJOMN00133-BROWN-B_250.png",453,250,false],"2048x2048":["https:\/\/turkishtrade.co\/wp-content\/uploads\/2026\/01\/2400EJOMN00133-BROWN-B_250.png",453,250,false],"trp-custom-language-flag":["https:\/\/turkishtrade.co\/wp-content\/uploads\/2026\/01\/2400EJOMN00133-BROWN-B_250-18x10.png",18,10,true],"woocommerce_thumbnail":["https:\/\/turkishtrade.co\/wp-content\/uploads\/2026\/01\/2400EJOMN00133-BROWN-B_250-400x250.png",400,250,true],"woocommerce_single":["https:\/\/turkishtrade.co\/wp-content\/uploads\/2026\/01\/2400EJOMN00133-BROWN-B_250.png",453,250,false],"woocommerce_gallery_thumbnail":["https:\/\/turkishtrade.co\/wp-content\/uploads\/2026\/01\/2400EJOMN00133-BROWN-B_250-100x100.png",100,100,true]},"uagb_author_info":{"display_name":"yaser olabi","author_link":"https:\/\/turkishtrade.co\/tr\/author\/"},"uagb_comment_info":0,"uagb_excerpt":"Handcrafted with a luxurious Calfskin Leather exterior Plush Goatskin Leather interior lining for superior breathability and comfort Durable Microlight sole complemented by a refined 1-3 cm heel height Classic cap-toe design, perfect for formal and business occasions Available in a comprehensive size range: 39, 40, 41, 42, 43, 44, 45 EUR Minimum order quantity: 8&hellip;","_links":{"self":[{"href":"https:\/\/turkishtrade.co\/tr\/wp-json\/wp\/v2\/product\/5248","targetHints":{"allow":["GET"]}}],"collection":[{"href":"https:\/\/turkishtrade.co\/tr\/wp-json\/wp\/v2\/product"}],"about":[{"href":"https:\/\/turkishtrade.co\/tr\/wp-json\/wp\/v2\/types\/product"}],"wp:featuredmedia":[{"embeddable":true,"href":"https:\/\/turkishtrade.co\/tr\/wp-json\/wp\/v2\/media\/3536"}],"wp:attachment":[{"href":"https:\/\/turkishtrade.co\/tr\/wp-json\/wp\/v2\/media?parent=5248"}],"wp:term":[{"taxonomy":"product_brand","embeddable":true,"href":"https:\/\/turkishtrade.co\/tr\/wp-json\/wp\/v2\/product_brand?post=5248"},{"taxonomy":"product_cat","embeddable":true,"href":"https:\/\/turkishtrade.co\/tr\/wp-json\/wp\/v2\/product_cat?post=5248"},{"taxonomy":"product_tag","embeddable":true,"href":"https:\/\/turkishtrade.co\/tr\/wp-json\/wp\/v2\/product_tag?post=5248"}],"curies":[{"name":"wp","href":"https:\/\/api.w.org\/{rel}","templated":true}]}}